{"id":3,"date":"2025-03-27T06:03:53","date_gmt":"2025-03-27T06:03:53","guid":{"rendered":"http:\/\/ultrabreakfluids.com\/?page_id=3"},"modified":"2025-06-12T17:01:10","modified_gmt":"2025-06-12T17:01:10","slug":"gizlilik-politikasi","status":"publish","type":"page","link":"https:\/\/ultrabreakfluids.com\/tr\/gizlilik-politikasi\/","title":{"rendered":"Gizlilik Politikas\u0131"},"content":{"rendered":"<div data-elementor-type=\"wp-page\" data-elementor-id=\"3\" class=\"elementor elementor-3\" data-elementor-post-type=\"page\">\n\t\t\t\t<div class=\"elementor-element elementor-element-68a22edc e-flex e-con-boxed e-con e-parent\" data-id=\"68a22edc\" data-element_type=\"container\" data-e-type=\"container\">\r\n\t\t\t\t\t<div class=\"e-con-inner\">\r\n\t\t\t\t<div class=\"elementor-element elementor-element-5ad1d309 elementor-widget elementor-widget-text-editor\" data-id=\"5ad1d309\" data-element_type=\"widget\" data-e-type=\"widget\" data-widget_type=\"text-editor.default\">\n\t\t\t\t<div class=\"elementor-widget-container\">\n\t\t\t\t\t\t\t\t\t<h4 data-start=\"343\" data-end=\"365\"><strong data-start=\"345\" data-end=\"363\">Gizlilik Politikas\u0131<\/strong><\/h4>\n<h5 data-start=\"343\" data-end=\"365\"><strong data-start=\"402\" data-end=\"474\">UltraBreakFluids.com, UltraBreakFluids Inc. \u015firketine aittir ve onun taraf\u0131ndan i\u015fletilmektedir.<\/strong><\/h5>\n<h5 data-start=\"476\" data-end=\"794\">At <strong data-start=\"479\" data-end=\"505\">UltraBreakFluids Inc.<\/strong> Gizlili\u011finiz bizim \u00f6nceli\u011fimizdir. Bu Gizlilik Politikas\u0131, a\u015fa\u011f\u0131dakileri ziyaret etti\u011finizde ki\u015fisel bilgilerinizi nas\u0131l toplad\u0131\u011f\u0131m\u0131z\u0131, kulland\u0131\u011f\u0131m\u0131z\u0131, if\u015fa etti\u011fimizi ve korudu\u011fumuzu \u00f6zetlemektedir <strong data-start=\"672\" data-end=\"708\"><a class=\"\" href=\"https:\/\/ultrabreakfluids.com\/tr\/\" target=\"_new\" rel=\"noopener\" data-start=\"674\" data-end=\"706\">https:\/\/www.ultrabreakfluids.com<\/a><\/strong>\u00a0veya a\u015fa\u011f\u0131dakiler de dahil olmak \u00fczere \u00fcr\u00fcnlerimizden herhangi birini sat\u0131n al\u0131n <strong data-start=\"765\" data-end=\"793\">Caluanie Muelear Oksitlenme<\/strong>.<\/h5>\n<h5 data-start=\"796\" data-end=\"930\">Sitemizi veya hizmetlerimizi kullanarak, bu Gizlilik Politikas\u0131n\u0131n \u015fartlar\u0131n\u0131 kabul etmi\u015f olursunuz. Kabul etmiyorsan\u0131z, l\u00fctfen Sitemizi kullanmaktan ka\u00e7\u0131n\u0131n.<\/h5>\n<hr class=\"\" data-start=\"932\" data-end=\"935\" \/>\n<h5 data-start=\"937\" data-end=\"969\">1. <strong data-start=\"943\" data-end=\"969\">Toplad\u0131\u011f\u0131m\u0131z Bilgiler<\/strong><\/h5>\n<h5 data-start=\"971\" data-end=\"1058\">Sitemizle etkile\u015fime ge\u00e7ti\u011finizde a\u015fa\u011f\u0131daki ki\u015fisel bilgi t\u00fcrlerini toplar\u0131z:<\/h5>\n<h5 data-start=\"1060\" data-end=\"1090\">a. <strong>Sa\u011flad\u0131\u011f\u0131n\u0131z Bilgiler<\/strong><\/h5>\n<ul data-start=\"1091\" data-end=\"1314\">\n<li class=\"\" data-start=\"1091\" data-end=\"1131\">\n<h5 data-start=\"1093\" data-end=\"1131\">\u0130sim, fatura ve sevkiyat adresleri<\/h5>\n<\/li>\n<li class=\"\" data-start=\"1132\" data-end=\"1166\">\n<h5 data-start=\"1134\" data-end=\"1166\">E-posta adresi ve telefon numaras\u0131<\/h5>\n<\/li>\n<li class=\"\" data-start=\"1167\" data-end=\"1233\">\n<h5 data-start=\"1169\" data-end=\"1233\">\u00d6deme detaylar\u0131\u00a0<\/h5>\n<\/li>\n<li class=\"\" data-start=\"1234\" data-end=\"1277\">\n<h5 data-start=\"1236\" data-end=\"1277\">\u015eirket ad\u0131 ve Vergi Kimli\u011fi (varsa)<\/h5>\n<\/li>\n<li class=\"\" data-start=\"1278\" data-end=\"1314\">\n<h5 data-start=\"1280\" data-end=\"1314\">Sipari\u015f ge\u00e7mi\u015fi ve sat\u0131n alma ayr\u0131nt\u0131lar\u0131<\/h5>\n<\/li>\n<\/ul>\n<h5 data-start=\"1316\" data-end=\"1358\">b. Otomatik Olarak Toplanan Bilgiler<\/h5>\n<ul data-start=\"1359\" data-end=\"1478\">\n<li class=\"\" data-start=\"1359\" data-end=\"1400\">\n<h5 data-start=\"1361\" data-end=\"1400\">IP adresi, taray\u0131c\u0131 t\u00fcr\u00fc, cihaz verileri<\/h5>\n<\/li>\n<li class=\"\" data-start=\"1401\" data-end=\"1433\">\n<h5 data-start=\"1403\" data-end=\"1433\">Y\u00f6nlendirme\/\u00e7\u0131k\u0131\u015f sayfalar\u0131 ve URL<\/h5>\n<\/li>\n<li class=\"\" data-start=\"1434\" data-end=\"1478\">\n<h5 data-start=\"1436\" data-end=\"1478\">\u00c7erezler ve analiz ara\u00e7lar\u0131 arac\u0131l\u0131\u011f\u0131yla kullan\u0131m verileri<\/h5>\n<\/li>\n<\/ul>\n<h5 data-start=\"1480\" data-end=\"1510\">c. \u00dc\u00e7\u00fcnc\u00fc Taraf Bilgileri<\/h5>\n<ul data-start=\"1511\" data-end=\"1669\">\n<li class=\"\" data-start=\"1511\" data-end=\"1598\">\n<h5 data-start=\"1513\" data-end=\"1598\">\u00d6deme i\u015flemcileri (\u00f6rne\u011fin ApplePay, PayPal, Crypto) i\u015flem onaylar\u0131n\u0131 bizimle payla\u015fabilir<\/h5>\n<\/li>\n<li class=\"\" data-start=\"1599\" data-end=\"1669\">\n<h5 data-start=\"1601\" data-end=\"1669\">Kargo \u015firketleri teslimat onay\u0131 ve durum g\u00fcncellemelerini payla\u015fabilir<\/h5>\n<\/li>\n<\/ul>\n<hr class=\"\" data-start=\"1671\" data-end=\"1674\" \/>\n<h5 data-start=\"1676\" data-end=\"1713\">2. <strong data-start=\"1682\" data-end=\"1713\">Bilgilerinizi Nas\u0131l Kullan\u0131yoruz<\/strong><\/h5>\n<h5 data-start=\"1715\" data-end=\"1742\">Bilgilerinizi \u015fu ama\u00e7larla kullan\u0131r\u0131z:<\/h5>\n<ul data-start=\"1744\" data-end=\"2032\">\n<li class=\"\" data-start=\"1744\" data-end=\"1796\">\n<h5 data-start=\"1746\" data-end=\"1796\">Sipari\u015fleri i\u015fleyin ve nakliye ve lojisti\u011fi y\u00f6netin<\/h5>\n<\/li>\n<li class=\"\" data-start=\"1797\" data-end=\"1853\">\n<h5 data-start=\"1799\" data-end=\"1853\">Sipari\u015finiz veya sorunuzla ilgili olarak sizinle ileti\u015fim kurmak<\/h5>\n<\/li>\n<li class=\"\" data-start=\"1854\" data-end=\"1907\">\n<h5 data-start=\"1856\" data-end=\"1907\">Doland\u0131r\u0131c\u0131l\u0131\u011f\u0131 \u00f6nlemek ve platformumuzun g\u00fcvenli\u011fini sa\u011flamak<\/h5>\n<\/li>\n<li class=\"\" data-start=\"1908\" data-end=\"1966\">\n<h5 data-start=\"1910\" data-end=\"1966\">\u00dcr\u00fcnlerimizi, hizmetlerimizi ve web sitesi deneyimimizi iyile\u015ftirmek<\/h5>\n<\/li>\n<li class=\"\" data-start=\"1967\" data-end=\"2032\">\n<h5 data-start=\"1969\" data-end=\"2032\">ABD federal ve eyalet yasalar\u0131 kapsam\u0131ndaki yasal y\u00fck\u00fcml\u00fcl\u00fcklere uymak<\/h5>\n<\/li>\n<\/ul>\n<h5 data-start=\"2034\" data-end=\"2127\">Yap\u0131yoruz <strong data-start=\"2040\" data-end=\"2047\">de\u011fil<\/strong> ki\u015fisel bilgilerinizi pazarlama amac\u0131yla \u00fc\u00e7\u00fcnc\u00fc taraflara satmak veya kiralamak.<\/h5>\n<hr class=\"\" data-start=\"2129\" data-end=\"2132\" \/>\n<h5 data-start=\"2134\" data-end=\"2175\">3. <strong data-start=\"2140\" data-end=\"2175\">\u00c7erezler ve \u0130zleme Teknolojileri<\/strong><\/h5>\n<h5 data-start=\"2177\" data-end=\"2243\">\u00c7erezler, web i\u015faret\u00e7ileri ve benzer izleme teknolojilerini \u015fu ama\u00e7larla kullan\u0131r\u0131z:<\/h5>\n<ul data-start=\"2245\" data-end=\"2363\">\n<li class=\"\" data-start=\"2245\" data-end=\"2276\">\n<h5 data-start=\"2247\" data-end=\"2276\">Deneyiminizi ki\u015fiselle\u015ftirin<\/h5>\n<\/li>\n<li class=\"\" data-start=\"2277\" data-end=\"2306\">\n<h5 data-start=\"2279\" data-end=\"2306\">Al\u0131\u015fveri\u015f sepeti i\u015flevselli\u011fini etkinle\u015ftirin<\/h5>\n<\/li>\n<li class=\"\" data-start=\"2307\" data-end=\"2363\">\n<h5 data-start=\"2309\" data-end=\"2363\">Google Analytics gibi ara\u00e7lar\u0131 kullanarak site trafi\u011fini analiz edin<\/h5>\n<\/li>\n<\/ul>\n<h5 data-start=\"2365\" data-end=\"2425\">Taray\u0131c\u0131n\u0131zdaki \u00e7erez ayarlar\u0131n\u0131 istedi\u011finiz zaman kontrol edebilirsiniz.<\/h5>\n<hr class=\"\" data-start=\"2427\" data-end=\"2430\" \/>\n<h5 data-start=\"2432\" data-end=\"2467\">4. <strong data-start=\"2438\" data-end=\"2467\">Veri Payla\u015f\u0131m\u0131 ve \u0130f\u015fas\u0131<\/strong><\/h5>\n<h5 data-start=\"2469\" data-end=\"2506\">Ki\u015fisel verilerinizi \u015fu ki\u015filerle payla\u015fabiliriz:<\/h5>\n<ul data-start=\"2508\" data-end=\"2852\">\n<li class=\"\" data-start=\"2508\" data-end=\"2589\">\n<h5 data-start=\"2510\" data-end=\"2589\"><strong data-start=\"2510\" data-end=\"2532\">Hizmet sa\u011flay\u0131c\u0131lar:<\/strong> \u00f6deme i\u015flemcileri, nakliye \u015firketleri, e-posta hizmetleri<\/h5>\n<\/li>\n<li class=\"\" data-start=\"2590\" data-end=\"2671\">\n<h5 data-start=\"2592\" data-end=\"2671\"><strong data-start=\"2592\" data-end=\"2619\">D\u00fczenleyici makamlar:<\/strong> yasalar gerektiriyorsa veya yasal s\u00fcrece yan\u0131t vermek i\u00e7in<\/h5>\n<\/li>\n<li class=\"\" data-start=\"2672\" data-end=\"2771\">\n<h5 data-start=\"2674\" data-end=\"2771\"><strong data-start=\"2674\" data-end=\"2701\">Ba\u011fl\u0131 kurulu\u015flar veya ortaklar:<\/strong> gizlilik anla\u015fmalar\u0131 kapsam\u0131nda i\u015f operasyonlar\u0131 veya destek i\u00e7in<\/h5>\n<\/li>\n<li class=\"\" data-start=\"2772\" data-end=\"2852\">\n<h5 data-start=\"2774\" data-end=\"2852\"><strong data-start=\"2774\" data-end=\"2796\">Yasal yapt\u0131r\u0131m:<\/strong> doland\u0131r\u0131c\u0131l\u0131k, siber su\u00e7lar veya yasa ihlalleri durumunda<\/h5>\n<\/li>\n<\/ul>\n<h5 data-start=\"2854\" data-end=\"2937\">T\u00fcm \u00fc\u00e7\u00fcnc\u00fc taraflar bilgilerinizin gizlili\u011fini korumakla y\u00fck\u00fcml\u00fcd\u00fcr.<\/h5>\n<hr class=\"\" data-start=\"2939\" data-end=\"2942\" \/>\n<h5 data-start=\"2944\" data-end=\"2968\">5. <strong data-start=\"2950\" data-end=\"2968\">Veri Saklama<\/strong><\/h5>\n<h5 data-start=\"2970\" data-end=\"3036\">Ki\u015fisel bilgilerinizi yaln\u0131zca gerekli oldu\u011fu s\u00fcrece saklar\u0131z:<\/h5>\n<ul data-start=\"3038\" data-end=\"3173\">\n<li class=\"\" data-start=\"3038\" data-end=\"3084\">\n<h5 data-start=\"3040\" data-end=\"3084\">Sipari\u015f kar\u015f\u0131lama ve vergi\/yasal uyumluluk<\/h5>\n<\/li>\n<li class=\"\" data-start=\"3085\" data-end=\"3128\">\n<h5 data-start=\"3087\" data-end=\"3128\">M\u00fc\u015fteri hizmetleri ve anla\u015fmazl\u0131klar\u0131n \u00e7\u00f6z\u00fcm\u00fc<\/h5>\n<\/li>\n<li class=\"\" data-start=\"3129\" data-end=\"3173\">\n<h5 data-start=\"3131\" data-end=\"3173\">Operasyonlar\u0131m\u0131z\u0131 iyile\u015ftirmek (\u00f6rn. analitik)<\/h5>\n<\/li>\n<\/ul>\n<h5 data-start=\"3175\" data-end=\"3250\">Bilgileriniz art\u0131k gerekli olmad\u0131\u011f\u0131nda g\u00fcvenli bir \u015fekilde silinir veya anonim hale getirilir.<\/h5>\n<hr class=\"\" data-start=\"3252\" data-end=\"3255\" \/>\n<h5 data-start=\"3257\" data-end=\"3286\">6. <strong data-start=\"3263\" data-end=\"3286\">Uluslararas\u0131 Kullan\u0131c\u0131lar<\/strong><\/h5>\n<h5 data-start=\"3288\" data-end=\"3503\">Siteye Amerika Birle\u015fik Devletleri d\u0131\u015f\u0131ndan eri\u015fiyorsan\u0131z, veri koruma yasalar\u0131n\u0131n \u00fclkenizdekilerden farkl\u0131 olabilece\u011fi Amerika Birle\u015fik Devletleri'nde verilerinizin aktar\u0131lmas\u0131na, saklanmas\u0131na ve i\u015flenmesine izin vermi\u015f olursunuz.<\/h5>\n<hr class=\"\" data-start=\"3505\" data-end=\"3508\" \/>\n<h5 data-start=\"3510\" data-end=\"3543\">7. <strong data-start=\"3516\" data-end=\"3543\">Haklar\u0131n\u0131z ve Se\u00e7enekleriniz<\/strong><\/h5>\n<h5 data-start=\"3545\" data-end=\"3553\">Yapabilirsin:<\/h5>\n<ul data-start=\"3555\" data-end=\"3830\">\n<li class=\"\" data-start=\"3555\" data-end=\"3605\">\n<h5 data-start=\"3557\" data-end=\"3605\"><strong data-start=\"3557\" data-end=\"3567\">Eri\u015fim<\/strong> hakk\u0131n\u0131zda tuttu\u011fumuz ki\u015fisel veriler<\/h5>\n<\/li>\n<li class=\"\" data-start=\"3606\" data-end=\"3673\">\n<h5 data-start=\"3608\" data-end=\"3673\"><strong data-start=\"3608\" data-end=\"3631\">D\u00fczeltme talep edin<\/strong> yanl\u0131\u015f veya eksik bilgilere<\/h5>\n<\/li>\n<li class=\"\" data-start=\"3674\" data-end=\"3745\">\n<h5 data-start=\"3676\" data-end=\"3745\"><strong data-start=\"3676\" data-end=\"3696\">Silme talebinde bulunun<\/strong> yasal olarak izin verildi\u011fi durumlarda ki\u015fisel verilerinizin<\/h5>\n<\/li>\n<li class=\"\" data-start=\"3746\" data-end=\"3830\">\n<h5 data-start=\"3748\" data-end=\"3830\"><strong data-start=\"3748\" data-end=\"3759\">Opt-out<\/strong> pazarlama ileti\u015fimlerinin (abonelikten \u00e7\u0131kma ba\u011flant\u0131lar\u0131 e-postalara dahil edilmi\u015ftir)<\/h5>\n<\/li>\n<\/ul>\n<h5 data-start=\"3832\" data-end=\"3917\">Bu haklar\u0131 kullanmak i\u00e7in l\u00fctfen bizimle ileti\u015fime ge\u00e7in:<br data-start=\"3879\" data-end=\"3882\" \/>\ud83d\udce7 <strong data-start=\"3885\" data-end=\"3917\"><a rel=\"noopener\" data-start=\"3887\" data-end=\"3915\">sales@ultrabreakfluids.com<\/a><\/strong><\/h5>\n<hr class=\"\" data-start=\"3919\" data-end=\"3922\" \/>\n<h5 data-start=\"3924\" data-end=\"3962\">8. <strong data-start=\"3930\" data-end=\"3962\">Bilgilerinizin G\u00fcvenli\u011fi<\/strong><\/h5>\n<h5 data-start=\"3964\" data-end=\"4061\">Ki\u015fisel verilerinizi korumak i\u00e7in a\u015fa\u011f\u0131dakiler de dahil olmak \u00fczere g\u00fcvenli teknolojiler ve kurumsal uygulamalar kullan\u0131yoruz:<\/h5>\n<ul data-start=\"4063\" data-end=\"4187\">\n<li class=\"\" data-start=\"4063\" data-end=\"4081\">\n<h5 data-start=\"4065\" data-end=\"4081\">SSL \u015fifreleme<\/h5>\n<\/li>\n<li class=\"\" data-start=\"4082\" data-end=\"4109\">\n<h5 data-start=\"4084\" data-end=\"4109\">G\u00fcvenli \u00f6deme a\u011f ge\u00e7itleri<\/h5>\n<\/li>\n<li class=\"\" data-start=\"4110\" data-end=\"4151\">\n<h5 data-start=\"4112\" data-end=\"4151\">Eri\u015fim kontrol ve izleme sistemleri<\/h5>\n<\/li>\n<li class=\"\" data-start=\"4152\" data-end=\"4187\">\n<h5 data-start=\"4154\" data-end=\"4187\">\u00c7al\u0131\u015fan gizlili\u011fi e\u011fitimi<\/h5>\n<\/li>\n<\/ul>\n<h5 data-start=\"4189\" data-end=\"4263\">Hi\u00e7bir sistem 100% g\u00fcvenli de\u011fildir, ancak sekt\u00f6rdeki en iyi uygulamalar\u0131 a\u015fmak i\u00e7in \u00e7al\u0131\u015f\u0131yoruz.<\/h5>\n<hr class=\"\" data-start=\"4265\" data-end=\"4268\" \/>\n<h5 data-start=\"4270\" data-end=\"4298\">9. <strong data-start=\"4276\" data-end=\"4298\">\u00c7ocuklar\u0131n Gizlili\u011fi<\/strong><\/h5>\n<h5 data-start=\"4300\" data-end=\"4553\">UltraBreakFluids.com 18 ya\u015f\u0131n alt\u0131ndaki bireyler taraf\u0131ndan kullan\u0131lmak \u00fczere tasarlanmam\u0131\u015ft\u0131r. \u00c7ocuklardan bilerek ki\u015fisel veri toplam\u0131yoruz. Bir \u00e7ocu\u011fun bize bilgi g\u00f6nderdi\u011fini d\u00fc\u015f\u00fcn\u00fcyorsan\u0131z, derhal \u015fu adresten bizimle ileti\u015fime ge\u00e7in <strong data-start=\"4520\" data-end=\"4552\"><a rel=\"noopener\" data-start=\"4522\" data-end=\"4550\">sales@ultrabreakfluids.com<\/a><\/strong>.<\/h5>\n<hr class=\"\" data-start=\"4555\" data-end=\"4558\" \/>\n<h5 data-start=\"4560\" data-end=\"4593\">10. <strong data-start=\"4567\" data-end=\"4593\">Bu Politikadaki De\u011fi\u015fiklikler<\/strong><\/h5>\n<h5 data-start=\"4595\" data-end=\"4835\">Bu Gizlilik Politikas\u0131n\u0131 istedi\u011fimiz zaman g\u00fcncelleme hakk\u0131m\u0131z sakl\u0131d\u0131r. De\u011fi\u015fiklikler, g\u00fcncellenmi\u015f bir y\u00fcr\u00fcrl\u00fck tarihi ile bu sayfada yay\u0131nlanacakt\u0131r. Bu t\u00fcr de\u011fi\u015fikliklerden sonra Siteyi kullanmaya devam etmeniz, revize edilmi\u015f Gizlilik Politikas\u0131n\u0131 kabul etti\u011finiz anlam\u0131na gelir.<\/h5>\n<hr class=\"\" data-start=\"4837\" data-end=\"4840\" \/>\n<h5 data-start=\"4842\" data-end=\"4863\">11. <strong data-start=\"4849\" data-end=\"4863\">Bize Ula\u015f\u0131n<\/strong><\/h5>\n<h5 data-start=\"4865\" data-end=\"4955\">Bu Gizlilik Politikas\u0131 veya ki\u015fisel verilerinizle ilgili sorular\u0131n\u0131z veya endi\u015feleriniz i\u00e7in l\u00fctfen ileti\u015fime ge\u00e7in:<\/h5>\n<h5 data-start=\"4957\" data-end=\"5086\"><strong data-start=\"4957\" data-end=\"4983\">UltraBreak S\u0131v\u0131lar\u0131 A.\u015e.<\/strong><br data-start=\"4983\" data-end=\"4986\" \/>\ud83d\udccd<\/h5>\n<ul class=\"list list-unstyled pe-5 mb-md-0\">\n<li class=\"mb-0\"><strong>Las Vegas , Nevada<\/strong><\/li>\n<\/ul>\n<h5 data-start=\"4957\" data-end=\"5086\">\ud83d\udce7 <a rel=\"noopener\" data-start=\"5020\" data-end=\"5048\">sales@ultrabreakfluids.com<\/a><br data-start=\"5048\" data-end=\"5051\" \/>\ud83c\udf10 <a class=\"\" href=\"https:\/\/ultrabreakfluids.com\/tr\/\" target=\"_new\" rel=\"noopener\" data-start=\"5054\" data-end=\"5086\">https:\/\/www.ultrabreakfluids.com<\/a><\/h5>\t\t\t\t\t\t\t\t<\/div>\n\t\t\t\t<\/div>\n\t\t\t\t\t<\/div>\n\t\t\t\t<\/div>\n\t\t\t\t<\/div>","protected":false},"excerpt":{"rendered":"<p>Privacy Policy UltraBreakFluids.com is owned and operated by UltraBreakFluids Inc. At UltraBreakFluids Inc. Your privacy is our priority. This Privacy Policy outlines how we collect, use, disclose, and safeguard your personal information when you visit https:\/\/www.ultrabreakfluids.com\u00a0or purchase any of our products, including Caluanie Muelear Oxidize. By using our Site or services, you agree to the [&hellip;]<\/p>\n","protected":false},"author":1,"featured_media":0,"parent":0,"menu_order":0,"comment_status":"closed","ping_status":"open","template":"","meta":{"_acf_changed":false,"rs_blank_template":"","rs_page_bg_color":"","slide_template_v7":"","_monsterinsights_skip_tracking":false,"_monsterinsights_sitenote_active":false,"_monsterinsights_sitenote_note":"","_monsterinsights_sitenote_category":0,"footnotes":""},"class_list":["post-3","page","type-page","status-publish","hentry"],"acf":[],"_hostinger_reach_plugin_has_subscription_block":false,"_hostinger_reach_plugin_is_elementor":false,"jetpack_sharing_enabled":true,"_links":{"self":[{"href":"https:\/\/ultrabreakfluids.com\/tr\/wp-json\/wp\/v2\/pages\/3","targetHints":{"allow":["GET"]}}],"collection":[{"href":"https:\/\/ultrabreakfluids.com\/tr\/wp-json\/wp\/v2\/pages"}],"about":[{"href":"https:\/\/ultrabreakfluids.com\/tr\/wp-json\/wp\/v2\/types\/page"}],"author":[{"embeddable":true,"href":"https:\/\/ultrabreakfluids.com\/tr\/wp-json\/wp\/v2\/users\/1"}],"replies":[{"embeddable":true,"href":"https:\/\/ultrabreakfluids.com\/tr\/wp-json\/wp\/v2\/comments?post=3"}],"version-history":[{"count":8,"href":"https:\/\/ultrabreakfluids.com\/tr\/wp-json\/wp\/v2\/pages\/3\/revisions"}],"predecessor-version":[{"id":2334,"href":"https:\/\/ultrabreakfluids.com\/tr\/wp-json\/wp\/v2\/pages\/3\/revisions\/2334"}],"wp:attachment":[{"href":"https:\/\/ultrabreakfluids.com\/tr\/wp-json\/wp\/v2\/media?parent=3"}],"curies":[{"name":"wp","href":"https:\/\/api.w.org\/{rel}","templated":true}]}}