{"id":2163,"date":"2025-05-05T08:21:16","date_gmt":"2025-05-05T08:21:16","guid":{"rendered":"https:\/\/ultrabreakfluids.com\/?page_id=2163"},"modified":"2025-06-12T16:54:59","modified_gmt":"2025-06-12T16:54:59","slug":"kargo-odeme-secenekleri%cc%87","status":"publish","type":"page","link":"https:\/\/ultrabreakfluids.com\/tr\/kargo-odeme-secenekleri%cc%87\/","title":{"rendered":"Nakliye ve \u00d6deme Se\u00e7enekleri"},"content":{"rendered":"<div data-elementor-type=\"wp-page\" data-elementor-id=\"2163\" class=\"elementor elementor-2163\" data-elementor-post-type=\"page\">\n\t\t\t\t<div class=\"elementor-element elementor-element-253c53a e-flex e-con-boxed e-con e-parent\" data-id=\"253c53a\" data-element_type=\"container\" data-e-type=\"container\">\r\n\t\t\t\t\t<div class=\"e-con-inner\">\r\n\t\t\t\t<div class=\"elementor-element elementor-element-1ecd6f5 elementor-headline--style-highlight elementor-widget elementor-widget-animated-headline\" data-id=\"1ecd6f5\" data-element_type=\"widget\" data-e-type=\"widget\" data-settings=\"{&quot;highlighted_text&quot;:&quot;Shipping &amp; Payment Options&quot;,&quot;headline_style&quot;:&quot;highlight&quot;,&quot;marker&quot;:&quot;circle&quot;,&quot;loop&quot;:&quot;yes&quot;,&quot;highlight_animation_duration&quot;:1200,&quot;highlight_iteration_delay&quot;:8000}\" data-widget_type=\"animated-headline.default\">\n\t\t\t\t<div class=\"elementor-widget-container\">\n\t\t\t\t\t\t\t<h3 class=\"elementor-headline\">\n\t\t\t\t<span class=\"elementor-headline-dynamic-wrapper elementor-headline-text-wrapper\">\n\t\t\t\t\t<span class=\"elementor-headline-dynamic-text elementor-headline-text-active\">Shipping &amp; Payment Options<\/span>\n\t\t\t\t<\/span>\n\t\t\t\t<\/h3>\n\t\t\t\t\t\t<\/div>\n\t\t\t\t<\/div>\n\t\t\t\t\t<\/div>\n\t\t\t\t<\/div>\n\t\t<div class=\"elementor-element elementor-element-593978e e-flex e-con-boxed e-con e-parent\" data-id=\"593978e\" data-element_type=\"container\" data-e-type=\"container\">\r\n\t\t\t\t\t<div class=\"e-con-inner\">\r\n\t\t\t\t<div class=\"elementor-element elementor-element-9c4fe0e elementor-widget elementor-widget-text-editor\" data-id=\"9c4fe0e\" data-element_type=\"widget\" data-e-type=\"widget\" data-widget_type=\"text-editor.default\">\n\t\t\t\t<div class=\"elementor-widget-container\">\n\t\t\t\t\t\t\t\t\t<h4 data-start=\"425\" data-end=\"518\"><strong data-start=\"425\" data-end=\"451\">UltraBreak S\u0131v\u0131lar\u0131 A.\u015e.<\/strong><br data-start=\"451\" data-end=\"454\" \/><em data-start=\"454\" data-end=\"518\">Premium Caluanie Muelear Oxidize'\u0131n ABD Merkezli K\u00fcresel Tedarik\u00e7isi<\/em><\/h4><p class=\"\" data-start=\"520\" data-end=\"750\">Yurti\u00e7i ve uluslararas\u0131 m\u00fc\u015fterilerimize hizmet vermek i\u00e7in g\u00fcvenli, izlenebilir ve y\u00f6netmeliklere uygun nakliye ve \u00f6deme se\u00e7enekleri sunuyoruz. T\u00fcm s\u00fcre\u00e7ler ABD yasalar\u0131na tabidir ve uluslararas\u0131 kimyasal ta\u015f\u0131ma standartlar\u0131yla uyumludur.<\/p>\t\t\t\t\t\t\t\t<\/div>\n\t\t\t\t<\/div>\n\t\t\t\t\t<\/div>\n\t\t\t\t<\/div>\n\t\t<div class=\"elementor-element elementor-element-5af6c88 e-flex e-con-boxed e-con e-parent\" data-id=\"5af6c88\" data-element_type=\"container\" data-e-type=\"container\">\r\n\t\t\t\t\t<div class=\"e-con-inner\">\r\n\t\t\t\t<div class=\"elementor-element elementor-element-ecfbb46 elementor-widget elementor-widget-heading\" data-id=\"ecfbb46\" data-element_type=\"widget\" data-e-type=\"widget\" data-widget_type=\"heading.default\">\n\t\t\t\t<div class=\"elementor-widget-container\">\n\t\t\t\t\t<h3 class=\"elementor-heading-title elementor-size-default\">Nakliye Bilgileri<\/h3>\t\t\t\t<\/div>\n\t\t\t\t<\/div>\n\t\t\t\t\t<\/div>\n\t\t\t\t<\/div>\n\t\t<div class=\"elementor-element elementor-element-5cd48dd e-flex e-con-boxed e-con e-parent\" data-id=\"5cd48dd\" data-element_type=\"container\" data-e-type=\"container\">\r\n\t\t\t\t\t<div class=\"e-con-inner\">\r\n\t\t\t\t<div class=\"elementor-element elementor-element-d3876ec elementor-widget elementor-widget-text-editor\" data-id=\"d3876ec\" data-element_type=\"widget\" data-e-type=\"widget\" data-widget_type=\"text-editor.default\">\n\t\t\t\t<div class=\"elementor-widget-container\">\n\t\t\t\t\t\t\t\t\t<h4 class=\"\" data-start=\"786\" data-end=\"828\">K\u00fcresel Teslimat - Hazmat Sertifikal\u0131<\/h4><p class=\"\" data-start=\"829\" data-end=\"1020\">Caluanie Muelear Oxidize'\u0131 d\u00fcnya \u00e7ap\u0131nda kullanarak g\u00f6nderiyoruz <strong data-start=\"878\" data-end=\"919\">li\u0307sansli tehli\u0307keli\u0307 madde ta\u015fiyicilari<\/strong>. Her g\u00f6nderi en y\u00fcksek g\u00fcvenlik, dok\u00fcmantasyon ve yasal uygunluk standartlar\u0131yla ele al\u0131n\u0131r.<\/p><p class=\"\" data-start=\"1022\" data-end=\"1044\"><strong data-start=\"1022\" data-end=\"1044\">Nakliye \u00d6zellikleri:<\/strong><\/p><ul data-start=\"1045\" data-end=\"1249\"><li class=\"\" data-start=\"1045\" data-end=\"1104\"><p class=\"\" data-start=\"1047\" data-end=\"1104\">Uluslararas\u0131 tehlikeli madde ta\u015f\u0131mac\u0131l\u0131\u011f\u0131 (IATA, DOT, IMDG uyumlu)<\/p><\/li><li class=\"\" data-start=\"1105\" data-end=\"1139\"><p class=\"\" data-start=\"1107\" data-end=\"1139\">G\u00fcvenli, kurcalanmaya kar\u015f\u0131 korumal\u0131 ambalaj<\/p><\/li><li class=\"\" data-start=\"1140\" data-end=\"1184\"><p class=\"\" data-start=\"1142\" data-end=\"1184\">G\u00f6nderi takibi 48 saat i\u00e7inde sa\u011flan\u0131r<\/p><\/li><li class=\"\" data-start=\"1185\" data-end=\"1249\"><p class=\"\" data-start=\"1187\" data-end=\"1249\">Teslimat s\u00fcresi: D\u00fcnya genelinde 5-12 i\u015f g\u00fcn\u00fc (\u00fclkeye g\u00f6re de\u011fi\u015fir)<\/p><\/li><\/ul><blockquote data-start=\"1434\" data-end=\"1579\"><p class=\"\" data-start=\"1436\" data-end=\"1579\"><strong data-start=\"1439\" data-end=\"1448\">Not:<\/strong> T\u00fcm g\u00f6nderiler sigortal\u0131d\u0131r. G\u00fcmr\u00fck i\u015flemlerinden veya al\u0131c\u0131 taraf\u0131ndan sa\u011flanan yanl\u0131\u015f belgelerden kaynaklanan gecikmelerden sorumlu de\u011filiz.<\/p><\/blockquote>\t\t\t\t\t\t\t\t<\/div>\n\t\t\t\t<\/div>\n\t\t\t\t\t<\/div>\n\t\t\t\t<\/div>\n\t\t<div class=\"elementor-element elementor-element-d9e31f3 e-flex e-con-boxed e-con e-parent\" data-id=\"d9e31f3\" data-element_type=\"container\" data-e-type=\"container\">\r\n\t\t\t\t\t<div class=\"e-con-inner\">\r\n\t\t\t\t<div class=\"elementor-element elementor-element-c71a98d elementor-widget elementor-widget-text-editor\" data-id=\"c71a98d\" data-element_type=\"widget\" data-e-type=\"widget\" data-widget_type=\"text-editor.default\">\n\t\t\t\t<div class=\"elementor-widget-container\">\n\t\t\t\t\t\t\t\t\t<h4 class=\"\" data-start=\"1586\" data-end=\"1616\"><strong>Yurti\u00e7i ABD Nakliye<\/strong><\/h4><p class=\"\" data-start=\"1617\" data-end=\"1766\">ABD merkezli t\u00fcm sipari\u015fler DOT uyumlu tehlikeli madde kuryeleri arac\u0131l\u0131\u011f\u0131yla g\u00f6nderilir. Sevkiyattan \u00f6nce i\u015f veya mesleki yeterlilik belgesi gerekebilir.<\/p><p class=\"\" data-start=\"1768\" data-end=\"1869\"><strong data-start=\"1768\" data-end=\"1790\">Teslimat Zaman \u00c7izelgesi:<\/strong> 3-7 i\u015f g\u00fcn\u00fc<br data-start=\"1808\" data-end=\"1811\" \/><strong data-start=\"1811\" data-end=\"1825\">Sigorta:<\/strong> Dahil<br data-start=\"1834\" data-end=\"1837\" \/><strong data-start=\"1837\" data-end=\"1850\">Takip:<\/strong> E-posta yoluyla sa\u011fland\u0131<\/p>\t\t\t\t\t\t\t\t<\/div>\n\t\t\t\t<\/div>\n\t\t\t\t\t<\/div>\n\t\t\t\t<\/div>\n\t\t<div class=\"elementor-element elementor-element-1bcd5f0 e-flex e-con-boxed e-con e-parent\" data-id=\"1bcd5f0\" data-element_type=\"container\" data-e-type=\"container\">\r\n\t\t\t\t\t<div class=\"e-con-inner\">\r\n\t\t\t\t<div class=\"elementor-element elementor-element-563ea0e elementor-widget elementor-widget-text-editor\" data-id=\"563ea0e\" data-element_type=\"widget\" data-e-type=\"widget\" data-widget_type=\"text-editor.default\">\n\t\t\t\t<div class=\"elementor-widget-container\">\n\t\t\t\t\t\t\t\t\t<h3 class=\"\" data-start=\"2246\" data-end=\"2268\">\u00d6DEME SE\u00c7ENEKLERI\u0307<\/h3><p class=\"\" data-start=\"2270\" data-end=\"2482\">T\u00fcm i\u015flemler <strong data-start=\"2291\" data-end=\"2323\">do\u011frulanm\u0131\u015f, yasal olarak belgelenmi\u015f<\/strong>ve alt\u0131nda yay\u0131nlanm\u0131\u015ft\u0131r <strong data-start=\"2342\" data-end=\"2373\">UltraBreakFluids Inc., ABD<\/strong>. Y\u00fcksek de\u011ferli, kullan\u0131m\u0131 k\u0131s\u0131tl\u0131 end\u00fcstriyel \u00fcr\u00fcnlere \u00f6zel g\u00fcvenli ve \u015feffaf \u00f6deme y\u00f6ntemleri sunuyoruz.<\/p><hr class=\"\" data-start=\"2484\" data-end=\"2487\" \/><h4 class=\"\" data-start=\"2489\" data-end=\"2540\">Banka Havalesi\u00a0<\/h4><hr class=\"\" data-start=\"2708\" data-end=\"2711\" \/><h4 class=\"\" data-start=\"2713\" data-end=\"2746\">Zelle\u00ae (Yaln\u0131zca ABD M\u00fc\u015fterileri)<\/h4><hr class=\"\" data-start=\"2891\" data-end=\"2894\" \/><h4>USDT (TRC20) \/ USDC\u00a0<\/h4><h4><strong>ETH (Ethereum)<\/strong><\/h4><h4><strong>BTC (Bitcoin)<\/strong><\/h4><h4><strong>BNB (Binance Coin)<\/strong><\/h4><h4><strong>Litecoin<\/strong><\/h4><h4><strong>Di\u011fer Kripto Para Birimleri<\/strong><\/h4><hr class=\"\" data-start=\"3115\" data-end=\"3118\" \/><h4>\u00a0Bilge\u00a0<\/h4><h4>Apple Pay<\/h4><h4>Zil<\/h4><h4>Vemno<\/h4><h4>PayPal<\/h4><h4>E-Transfer\u00a0<\/h4>\t\t\t\t\t\t\t\t<\/div>\n\t\t\t\t<\/div>\n\t\t\t\t\t<\/div>\n\t\t\t\t<\/div>\n\t\t<div class=\"elementor-element elementor-element-f3a6bb5 e-flex e-con-boxed e-con e-parent\" data-id=\"f3a6bb5\" data-element_type=\"container\" data-e-type=\"container\">\r\n\t\t\t\t\t<div class=\"e-con-inner\">\r\n\t\t\t\t<div class=\"elementor-element elementor-element-7112076 elementor-widget elementor-widget-text-editor\" data-id=\"7112076\" data-element_type=\"widget\" data-e-type=\"widget\" data-widget_type=\"text-editor.default\">\n\t\t\t\t<div class=\"elementor-widget-container\">\n\t\t\t\t\t\t\t\t\t<h3 class=\"\" data-start=\"3437\" data-end=\"3483\">\u0130\u015flem G\u00fcvenli\u011fi ve Yasal Uyumluluk<\/h3><p class=\"\" data-start=\"3485\" data-end=\"3528\">UltraBreakFluids Inc. \u015firketine yap\u0131lan her \u00f6deme:<\/p><ul data-start=\"3529\" data-end=\"3723\"><li class=\"\" data-start=\"3529\" data-end=\"3569\"><p class=\"\" data-start=\"3531\" data-end=\"3569\">256 bit SSL \u015fifreleme ile korunmaktad\u0131r<\/p><\/li><li class=\"\" data-start=\"3570\" data-end=\"3617\"><p class=\"\" data-start=\"3572\" data-end=\"3617\">Dijital fatura ve makbuz ile belgelenmi\u015ftir<\/p><\/li><\/ul><hr class=\"\" data-start=\"3868\" data-end=\"3871\" \/><h3 class=\"\" data-start=\"3873\" data-end=\"3890\">Yard\u0131ma m\u0131 ihtiyac\u0131n\u0131z var?<\/h3><p class=\"\" data-start=\"3891\" data-end=\"3948\">Nakliye, g\u00fcmr\u00fck yard\u0131m\u0131 veya faturalama ile ilgili sorular\u0131n\u0131z i\u00e7in:<\/p><p class=\"\" data-start=\"3950\" data-end=\"4067\"><strong data-start=\"3953\" data-end=\"3985\"><a rel=\"noopener\" data-start=\"3955\" data-end=\"3983\">sales@ultrabreakfluids.com<\/a><\/strong><br data-start=\"4033\" data-end=\"4036\" \/><strong data-start=\"4039\" data-end=\"4067\"><a class=\"\" href=\"https:\/\/ultrabreakfluids.com\/tr\/\" target=\"_new\" rel=\"noopener\" data-start=\"4041\" data-end=\"4065\">www.ultrabreakfluids.com<\/a><\/strong><\/p><h3 class=\"\" data-start=\"4074\" data-end=\"4096\">Yasal A\u00e7\u0131klama<\/h3><p class=\"\" data-start=\"4097\" data-end=\"4397\">UltraBreakFluids Inc. Caluanie Muelear Oxidize'\u0131n sevkiyat\u0131 ve sat\u0131\u015f\u0131 ile ilgili y\u00fcr\u00fcrl\u00fckteki t\u00fcm yasalara uygun olarak faaliyet g\u00f6steren ABD'de kay\u0131tl\u0131 bir tedarik\u00e7idir.<\/p>\t\t\t\t\t\t\t\t<\/div>\n\t\t\t\t<\/div>\n\t\t\t\t\t<\/div>\n\t\t\t\t<\/div>\n\t\t\t\t<\/div>","protected":false},"excerpt":{"rendered":"<p>Shipping &#038; Payment Options UltraBreak Fluids Inc.U.S.-Based Global Supplier of Premium Caluanie Muelear Oxidize We offer secure, traceable, and regulation-compliant shipping and payment options to serve our domestic and international clients. All processes are governed by U.S. law and aligned with international chemical transport standards. Shipping Information Global Delivery \u2013 Hazmat Certified We ship Caluanie [&hellip;]<\/p>\n","protected":false},"author":1,"featured_media":0,"parent":0,"menu_order":0,"comment_status":"closed","ping_status":"closed","template":"","meta":{"_acf_changed":false,"rs_blank_template":"","rs_page_bg_color":"","slide_template_v7":"","_monsterinsights_skip_tracking":false,"_monsterinsights_sitenote_active":false,"_monsterinsights_sitenote_note":"","_monsterinsights_sitenote_category":0,"footnotes":""},"class_list":["post-2163","page","type-page","status-publish","hentry"],"acf":[],"_hostinger_reach_plugin_has_subscription_block":false,"_hostinger_reach_plugin_is_elementor":false,"jetpack_sharing_enabled":true,"_links":{"self":[{"href":"https:\/\/ultrabreakfluids.com\/tr\/wp-json\/wp\/v2\/pages\/2163","targetHints":{"allow":["GET"]}}],"collection":[{"href":"https:\/\/ultrabreakfluids.com\/tr\/wp-json\/wp\/v2\/pages"}],"about":[{"href":"https:\/\/ultrabreakfluids.com\/tr\/wp-json\/wp\/v2\/types\/page"}],"author":[{"embeddable":true,"href":"https:\/\/ultrabreakfluids.com\/tr\/wp-json\/wp\/v2\/users\/1"}],"replies":[{"embeddable":true,"href":"https:\/\/ultrabreakfluids.com\/tr\/wp-json\/wp\/v2\/comments?post=2163"}],"version-history":[{"count":5,"href":"https:\/\/ultrabreakfluids.com\/tr\/wp-json\/wp\/v2\/pages\/2163\/revisions"}],"predecessor-version":[{"id":2326,"href":"https:\/\/ultrabreakfluids.com\/tr\/wp-json\/wp\/v2\/pages\/2163\/revisions\/2326"}],"wp:attachment":[{"href":"https:\/\/ultrabreakfluids.com\/tr\/wp-json\/wp\/v2\/media?parent=2163"}],"curies":[{"name":"wp","href":"https:\/\/api.w.org\/{rel}","templated":true}]}}