{"id":2121,"date":"2025-05-02T03:35:10","date_gmt":"2025-05-02T03:35:10","guid":{"rendered":"https:\/\/ultrabreakfluids.com\/?page_id=2121"},"modified":"2025-06-12T16:41:01","modified_gmt":"2025-06-12T16:41:01","slug":"garantilerimiz","status":"publish","type":"page","link":"https:\/\/ultrabreakfluids.com\/tr\/garantilerimiz\/","title":{"rendered":"Garantilerimiz"},"content":{"rendered":"<div data-elementor-type=\"wp-page\" data-elementor-id=\"2121\" class=\"elementor elementor-2121\" data-elementor-post-type=\"page\">\n\t\t\t\t<div class=\"elementor-element elementor-element-5778096 e-flex e-con-boxed e-con e-parent\" data-id=\"5778096\" data-element_type=\"container\" data-e-type=\"container\">\r\n\t\t\t\t\t<div class=\"e-con-inner\">\r\n\t\t\t\t<div class=\"elementor-element elementor-element-b82984d elementor-headline--style-highlight elementor-widget elementor-widget-animated-headline\" data-id=\"b82984d\" data-element_type=\"widget\" data-e-type=\"widget\" data-settings=\"{&quot;marker&quot;:&quot;curly&quot;,&quot;highlighted_text&quot;:&quot;Our Guarantees&quot;,&quot;headline_style&quot;:&quot;highlight&quot;,&quot;loop&quot;:&quot;yes&quot;,&quot;highlight_animation_duration&quot;:1200,&quot;highlight_iteration_delay&quot;:8000}\" data-widget_type=\"animated-headline.default\">\n\t\t\t\t<div class=\"elementor-widget-container\">\n\t\t\t\t\t\t\t<h3 class=\"elementor-headline\">\n\t\t\t\t<span class=\"elementor-headline-dynamic-wrapper elementor-headline-text-wrapper\">\n\t\t\t\t\t<span class=\"elementor-headline-dynamic-text elementor-headline-text-active\">Garantilerimiz<\/span>\n\t\t\t\t<\/span>\n\t\t\t\t<\/h3>\n\t\t\t\t\t\t<\/div>\n\t\t\t\t<\/div>\n\t\t\t\t\t<\/div>\n\t\t\t\t<\/div>\n\t\t<div class=\"elementor-element elementor-element-bd3ff43 e-flex e-con-boxed e-con e-parent\" data-id=\"bd3ff43\" data-element_type=\"container\" data-e-type=\"container\">\r\n\t\t\t\t\t<div class=\"e-con-inner\">\r\n\t\t\t\t<div class=\"elementor-element elementor-element-122906f elementor-widget elementor-widget-text-editor\" data-id=\"122906f\" data-element_type=\"widget\" data-e-type=\"widget\" data-widget_type=\"text-editor.default\">\n\t\t\t\t<div class=\"elementor-widget-container\">\n\t\t\t\t\t\t\t\t\t<p class=\"\" data-start=\"404\" data-end=\"459\"><strong data-start=\"404\" data-end=\"459\">UltraBreakFluids.com | UltraBreakFluids Inc. - ABD<\/strong><\/p><p class=\"\" data-start=\"461\" data-end=\"831\">At <strong data-start=\"464\" data-end=\"490\">UltraBreakFluids Inc.<\/strong>..., biz sadece teslim etmekten gurur duyuyoruz <strong data-start=\"529\" data-end=\"588\">d\u00fcnyadaki en y\u00fcksek dereceli Caluanie Muelear Oxidize<\/strong>ayn\u0131 zamanda tam \u015feffafl\u0131k, yasal uyumluluk ve sa\u011flam m\u00fc\u015fteri g\u00fcveni. \u0130ster ABD i\u00e7inden ister uluslararas\u0131 sipari\u015f veriyor olun, garantilerimiz yat\u0131r\u0131m\u0131n\u0131z\u0131, operasyonunuzu ve g\u00f6n\u00fcl rahatl\u0131\u011f\u0131n\u0131z\u0131 korumak i\u00e7in tasarlanm\u0131\u015ft\u0131r.<\/p><hr class=\"\" data-start=\"833\" data-end=\"836\" \/><h2 class=\"\" data-start=\"838\" data-end=\"874\"><strong data-start=\"843\" data-end=\"874\">1. \u00dcr\u00fcn Safl\u0131k Garantisi<\/strong><\/h2><p class=\"\" data-start=\"876\" data-end=\"1057\">Her \u015fi\u015fe, varil veya konteyner <strong data-start=\"912\" data-end=\"940\">Caluanie Muelear Oksitlenme<\/strong> 'den sevk edilen UltraBreakFluids Inc. uluslararas\u0131 kabul g\u00f6rm\u00fc\u015f standartlar\u0131 kar\u015f\u0131lar veya a\u015far <strong data-start=\"1019\" data-end=\"1056\">end\u00fcstriyel s\u0131n\u0131f safl\u0131k standartlar\u0131<\/strong>.<\/p><ul data-start=\"1059\" data-end=\"1274\"><li class=\"\" data-start=\"1059\" data-end=\"1126\"><p class=\"\" data-start=\"1061\" data-end=\"1126\">Kurum i\u00e7i ve \u00fc\u00e7\u00fcnc\u00fc taraflarca desteklenir <strong data-start=\"1096\" data-end=\"1124\">kali\u0307te kontrol anali\u0307zi\u0307<\/strong><\/p><\/li><li class=\"\" data-start=\"1127\" data-end=\"1204\"><p class=\"\" data-start=\"1129\" data-end=\"1204\">Tam dok\u00fcmantasyon i\u00e7erir: <strong data-start=\"1158\" data-end=\"1166\">MSDS<\/strong>, <strong data-start=\"1168\" data-end=\"1175\">COA<\/strong>ve <strong data-start=\"1181\" data-end=\"1202\">parti izleme kimli\u011fi<\/strong><\/p><\/li><li class=\"\" data-start=\"1205\" data-end=\"1274\"><p class=\"\" data-start=\"1207\" data-end=\"1274\">Ta\u015f\u0131ma s\u0131ras\u0131nda \u00fcr\u00fcn b\u00fct\u00fcnl\u00fc\u011f\u00fcn\u00fc sa\u011flamak i\u00e7in kurcalamaya dayan\u0131kl\u0131 ambalaj<\/p><\/li><\/ul><blockquote data-start=\"1276\" data-end=\"1420\"><p class=\"\" data-start=\"1278\" data-end=\"1420\">\u00a0\u00dcr\u00fcn\u00fcn\u00fcz ilan edilen \u00f6zelliklere uymuyorsa, ara\u015ft\u0131raca\u011f\u0131z ve onaylan\u0131rsa bir <strong data-start=\"1389\" data-end=\"1419\">tam de\u011fi\u015fim veya para iadesi<\/strong>.<\/p><\/blockquote><hr class=\"\" data-start=\"1422\" data-end=\"1425\" \/><h2 class=\"\" data-start=\"1427\" data-end=\"1487\">\u00a0<strong data-start=\"1433\" data-end=\"1487\">2. G\u00fcvenli ve Uyumlu D\u00fcnya \u00c7ap\u0131nda Nakliye Garantisi<\/strong><\/h2><p class=\"\" data-start=\"1489\" data-end=\"1602\">Bulundu\u011funuz yer neresi olursa olsun, \u00fcr\u00fcn\u00fcn\u00fcz\u00fcn g\u00fcvenli ve yasal bir \u015fekilde profesyonel d\u00fczeyde ta\u015f\u0131nmas\u0131n\u0131 ve teslim edilmesini garanti ediyoruz.<\/p><ul data-start=\"1604\" data-end=\"1863\"><li class=\"\" data-start=\"1604\" data-end=\"1689\"><p class=\"\" data-start=\"1606\" data-end=\"1689\">\u0130le tam uyumlu <strong data-start=\"1627\" data-end=\"1645\">U.S. DOT, IATA<\/strong>ve <strong data-start=\"1651\" data-end=\"1687\">uluslararasi hazmat d\u00fczenlemeleri\u0307<\/strong><\/p><\/li><li class=\"\" data-start=\"1690\" data-end=\"1777\"><p class=\"\" data-start=\"1692\" data-end=\"1777\">\u00dclkenizin ithalat gereksinimlerini kar\u015f\u0131lamak i\u00e7in eksiksiz ihracat belgeleri sa\u011fl\u0131yoruz<\/p><\/li><li class=\"\" data-start=\"1778\" data-end=\"1863\"><p class=\"\" data-start=\"1780\" data-end=\"1863\">T\u00fcm g\u00f6nderiler <strong data-start=\"1798\" data-end=\"1809\">izlendi<\/strong>, <strong data-start=\"1811\" data-end=\"1822\">sigortal\u0131<\/strong>ve <strong data-start=\"1828\" data-end=\"1847\">\u00e7i\u0307ft do\u011frulamali<\/strong> sevkiyattan \u00f6nce<\/p><\/li><\/ul><blockquote data-start=\"1865\" data-end=\"2018\"><p class=\"\" data-start=\"1867\" data-end=\"2018\">Taraf\u0131m\u0131zdan kaynaklanan kan\u0131tlanm\u0131\u015f bir nakliye hatas\u0131 nedeniyle sipari\u015finiz teslim edilemezse <strong data-start=\"1953\" data-end=\"1973\">yeniden g\u00f6nderme veya para iadesi<\/strong> uygun olarak <a class=\"\" href=\"https:\/\/ultrabreakfluids.com\/tr\/shipping-policy\/\" rel=\"noopener\" data-start=\"1997\" data-end=\"2017\">Nakliye Politikas\u0131<\/a>.<\/p><\/blockquote><hr class=\"\" data-start=\"2020\" data-end=\"2023\" \/><h2 class=\"\" data-start=\"2025\" data-end=\"2076\">\u00a0<strong data-start=\"2031\" data-end=\"2076\">3. Gizlilik ve Gizlilik Garantisi<\/strong><\/h2><p class=\"\" data-start=\"2078\" data-end=\"2216\">UltraBreak Fluids Inc. \u00f6zellikle uzmanla\u015fm\u0131\u015f sekt\u00f6rlerdeki al\u0131c\u0131lar\u0131m\u0131z\u0131n ticari hassasiyetlerine ve yasal d\u00fc\u015f\u00fcncelerine sayg\u0131 duyar.<\/p><ul data-start=\"2218\" data-end=\"2459\"><li class=\"\" data-start=\"2218\" data-end=\"2288\"><p class=\"\" data-start=\"2220\" data-end=\"2288\">T\u00fcm sipari\u015fler ve m\u00fc\u015fteri detaylar\u0131 ele al\u0131n\u0131r <strong data-start=\"2262\" data-end=\"2286\">tam bir gizlilik i\u00e7inde<\/strong><\/p><\/li><li class=\"\" data-start=\"2289\" data-end=\"2375\"><p class=\"\" data-start=\"2291\" data-end=\"2375\">Verileriniz taraf\u0131m\u0131zca korunmaktad\u0131r <a class=\"\" href=\"https:\/\/ultrabreakfluids.com\/tr\/gizlilik-politikasi\/\" rel=\"noopener\" data-start=\"2324\" data-end=\"2343\">Gizlilik Politikas\u0131<\/a> ve ABD veri koruma yasalar\u0131<\/p><\/li><li class=\"\" data-start=\"2376\" data-end=\"2459\"><p class=\"\" data-start=\"2378\" data-end=\"2459\">Yasal zorunluluk olmadan hi\u00e7bir bilgi sat\u0131lmaz veya \u00fc\u00e7\u00fcnc\u00fc taraflarla payla\u015f\u0131lmaz<\/p><\/li><\/ul><blockquote data-start=\"2461\" data-end=\"2557\"><p class=\"\" data-start=\"2463\" data-end=\"2557\">\u00a0Platformumuz her i\u015flemin g\u00fcvenli\u011fini sa\u011flamak i\u00e7in SSL \u015fifreleme ve do\u011frulanm\u0131\u015f \u00f6deme a\u011f ge\u00e7itleri kullan\u0131r.<\/p><\/blockquote><h2 class=\"\" data-start=\"2564\" data-end=\"2613\">\u00a0<strong data-start=\"2570\" data-end=\"2613\">4. Dok\u00fcmantasyon ve Uyum Garantisi<\/strong><\/h2><p class=\"\" data-start=\"2615\" data-end=\"2702\">Sat\u0131n ald\u0131ktan sonra her sipari\u015fle birlikte yasal olarak ba\u011flay\u0131c\u0131, ihracata uygun belgeler sa\u011fl\u0131yoruz:<\/p><ul data-start=\"2704\" data-end=\"2919\"><li class=\"\" data-start=\"2704\" data-end=\"2746\"><p class=\"\" data-start=\"2706\" data-end=\"2746\"><strong data-start=\"2706\" data-end=\"2744\">Malzeme G\u00fcvenlik Bilgi Formlar\u0131 (MSDS)<\/strong><\/p><\/li><li class=\"\" data-start=\"2747\" data-end=\"2784\"><p class=\"\" data-start=\"2749\" data-end=\"2784\"><strong data-start=\"2749\" data-end=\"2782\">Analiz Sertifikas\u0131 (COA)<\/strong><\/p><\/li><li class=\"\" data-start=\"2785\" data-end=\"2832\"><p class=\"\" data-start=\"2787\" data-end=\"2832\"><strong data-start=\"2787\" data-end=\"2830\">Ticari Fatura ve Tehlikeli Madde Beyannamesi<\/strong><\/p><\/li><li class=\"\" data-start=\"2833\" data-end=\"2919\"><p class=\"\" data-start=\"2835\" data-end=\"2919\">Talep \u00fczerine ek uygunluk belgeleri (\u00f6rn. SDS, ithalat onay mektuplar\u0131)<\/p><\/li><\/ul><blockquote data-start=\"2921\" data-end=\"3008\"><p class=\"\" data-start=\"2923\" data-end=\"3008\">\u00a0Gerekli bir belgenin eksik olmas\u0131 durumunda <strong data-start=\"2969\" data-end=\"3007\">24 saat i\u00e7inde dijital olarak yay\u0131nlay\u0131n<\/strong>.<\/p><\/blockquote><hr class=\"\" data-start=\"3010\" data-end=\"3013\" \/><h2 class=\"\" data-start=\"3015\" data-end=\"3063\">\u00a0<strong data-start=\"3021\" data-end=\"3063\">5. Memnuniyet ve \u00c7\u00f6z\u00fcm Garantisi<\/strong><\/h2><p class=\"\" data-start=\"3065\" data-end=\"3146\">Sipari\u015finizle ilgili her t\u00fcrl\u00fc sorunun zaman\u0131nda ve profesyonel bir \u015fekilde \u00e7\u00f6z\u00fclmesini garanti ediyoruz.<\/p><ul data-start=\"3148\" data-end=\"3356\"><li class=\"\" data-start=\"3148\" data-end=\"3210\"><p class=\"\" data-start=\"3150\" data-end=\"3210\"><strong data-start=\"3150\" data-end=\"3178\">7 g\u00fcnl\u00fck iade uygunlu\u011fu<\/strong> Hasarl\u0131 veya yanl\u0131\u015f \u00fcr\u00fcnlerde<\/p><\/li><li class=\"\" data-start=\"3211\" data-end=\"3284\"><p class=\"\" data-start=\"3213\" data-end=\"3284\"><strong data-start=\"3213\" data-end=\"3244\">Uyu\u015fmazl\u0131klar\u0131n h\u0131zl\u0131ca ele al\u0131nmas\u0131<\/strong> uyum ve lojistik ekibimiz arac\u0131l\u0131\u011f\u0131yla<\/p><\/li><li class=\"\" data-start=\"3285\" data-end=\"3356\"><p class=\"\" data-start=\"3287\" data-end=\"3356\">Ki\u015fiselle\u015ftirilmi\u015f m\u00fc\u015fteri hizmetleri - otomatik sistemler yok, sadece ger\u00e7ek uzmanlar<\/p><\/li><\/ul><blockquote data-start=\"3358\" data-end=\"3485\"><p class=\"\" data-start=\"3360\" data-end=\"3485\">\u00a0Sizin memnuniyetiniz bizim itibar\u0131m\u0131zd\u0131r. Beklentileri kar\u015f\u0131layamazsak, bunu d\u00fczeltmek i\u00e7in adil ve yasal olan\u0131 yapaca\u011f\u0131z.<\/p><\/blockquote><hr class=\"\" data-start=\"3487\" data-end=\"3490\" \/><h2 class=\"\" data-start=\"3492\" data-end=\"3522\">\u00a0<strong data-start=\"3498\" data-end=\"3522\">Yasal Taahh\u00fcd\u00fcm\u00fcz<\/strong><\/h2><p class=\"\" data-start=\"3524\" data-end=\"3580\">UltraBreak Fluids Inc. ile tam uyum i\u00e7inde \u00e7al\u0131\u015fmaktad\u0131r:<\/p><ul data-start=\"3581\" data-end=\"3819\"><li class=\"\" data-start=\"3581\" data-end=\"3637\"><p class=\"\" data-start=\"3583\" data-end=\"3637\"><strong data-start=\"3583\" data-end=\"3635\">Amerika Birle\u015fik Devletleri Federal Kimyasal Da\u011f\u0131t\u0131m Yasalar\u0131<\/strong><\/p><\/li><li class=\"\" data-start=\"3638\" data-end=\"3685\"><p class=\"\" data-start=\"3640\" data-end=\"3685\"><strong data-start=\"3640\" data-end=\"3683\">\u0130hracat \u0130daresi D\u00fczenlemeleri (EAR)<\/strong><\/p><\/li><li class=\"\" data-start=\"3686\" data-end=\"3744\"><p class=\"\" data-start=\"3688\" data-end=\"3744\"><strong data-start=\"3688\" data-end=\"3712\">EPA ve OSHA Standartlar\u0131<\/strong> i\u015fyeri kimyasal g\u00fcvenli\u011fi i\u00e7in<\/p><\/li><li class=\"\" data-start=\"3745\" data-end=\"3819\"><p class=\"\" data-start=\"3747\" data-end=\"3819\">\u0130lgili <strong data-start=\"3756\" data-end=\"3785\">eyalet d\u00fczeyindeki ticaret yasalar\u0131<\/strong> tehlikeli maddeler i\u00e7in ge\u00e7erli<\/p><\/li><\/ul><p class=\"\" data-start=\"3821\" data-end=\"3909\">Garanti ediyoruz <strong data-start=\"3834\" data-end=\"3850\">yasal ticaret<\/strong> ve <strong data-start=\"3855\" data-end=\"3887\">eti\u0307k ki\u0307myasal y\u00f6neti\u0307m<\/strong> her i\u015flemde.<\/p>\t\t\t\t\t\t\t\t<\/div>\n\t\t\t\t<\/div>\n\t\t\t\t\t<\/div>\n\t\t\t\t<\/div>\n\t\t\t\t<\/div>","protected":false},"excerpt":{"rendered":"<p>Our Guarantees UltraBreakFluids.com | UltraBreakFluids Inc. \u2013 USA At UltraBreakFluids Inc., we take pride in delivering not only the highest-grade Caluanie Muelear Oxidize in the world, but also total transparency, legal compliance, and ironclad customer confidence. Whether you&#8217;re ordering from within the U.S. or internationally, our guarantees are designed to protect your investment, your operation, [&hellip;]<\/p>\n","protected":false},"author":1,"featured_media":0,"parent":0,"menu_order":0,"comment_status":"closed","ping_status":"closed","template":"","meta":{"_acf_changed":false,"rs_blank_template":"","rs_page_bg_color":"","slide_template_v7":"","_monsterinsights_skip_tracking":false,"_monsterinsights_sitenote_active":false,"_monsterinsights_sitenote_note":"","_monsterinsights_sitenote_category":0,"footnotes":""},"class_list":["post-2121","page","type-page","status-publish","hentry"],"acf":[],"_hostinger_reach_plugin_has_subscription_block":false,"_hostinger_reach_plugin_is_elementor":false,"jetpack_sharing_enabled":true,"_links":{"self":[{"href":"https:\/\/ultrabreakfluids.com\/tr\/wp-json\/wp\/v2\/pages\/2121","targetHints":{"allow":["GET"]}}],"collection":[{"href":"https:\/\/ultrabreakfluids.com\/tr\/wp-json\/wp\/v2\/pages"}],"about":[{"href":"https:\/\/ultrabreakfluids.com\/tr\/wp-json\/wp\/v2\/types\/page"}],"author":[{"embeddable":true,"href":"https:\/\/ultrabreakfluids.com\/tr\/wp-json\/wp\/v2\/users\/1"}],"replies":[{"embeddable":true,"href":"https:\/\/ultrabreakfluids.com\/tr\/wp-json\/wp\/v2\/comments?post=2121"}],"version-history":[{"count":5,"href":"https:\/\/ultrabreakfluids.com\/tr\/wp-json\/wp\/v2\/pages\/2121\/revisions"}],"predecessor-version":[{"id":2321,"href":"https:\/\/ultrabreakfluids.com\/tr\/wp-json\/wp\/v2\/pages\/2121\/revisions\/2321"}],"wp:attachment":[{"href":"https:\/\/ultrabreakfluids.com\/tr\/wp-json\/wp\/v2\/media?parent=2121"}],"curies":[{"name":"wp","href":"https:\/\/api.w.org\/{rel}","templated":true}]}}