{"id":2098,"date":"2025-05-02T02:35:45","date_gmt":"2025-05-02T02:35:45","guid":{"rendered":"https:\/\/ultrabreakfluids.com\/?page_id=2098"},"modified":"2025-06-12T16:55:47","modified_gmt":"2025-06-12T16:55:47","slug":"sartlar-kosullar-yasal-uygunluk-bi%cc%87ldi%cc%87ri%cc%87mi%cc%87","status":"publish","type":"page","link":"https:\/\/ultrabreakfluids.com\/tr\/sartlar-kosullar-yasal-uygunluk-bi%cc%87ldi%cc%87ri%cc%87mi%cc%87\/","title":{"rendered":"\u015eartlar ve Ko\u015fullar + Yasal Uygunluk Bildirimi"},"content":{"rendered":"<div data-elementor-type=\"wp-page\" data-elementor-id=\"2098\" class=\"elementor elementor-2098\" data-elementor-post-type=\"page\">\n\t\t\t\t<div class=\"elementor-element elementor-element-1f9081c e-flex e-con-boxed e-con e-parent\" data-id=\"1f9081c\" data-element_type=\"container\" data-e-type=\"container\">\r\n\t\t\t\t\t<div class=\"e-con-inner\">\r\n\t\t\t\t<div class=\"elementor-element elementor-element-1d16746 elementor-widget elementor-widget-porto_ultimate_heading\" data-id=\"1d16746\" data-element_type=\"widget\" data-e-type=\"widget\" data-widget_type=\"porto_ultimate_heading.default\">\n\t\t\t\t<div class=\"elementor-widget-container\">\n\t\t\t\t\t<div class=\"porto-u-heading  porto-u-55ca8359258f9a412be7e73af65d2aac\"><div class=\"porto-u-main-heading\"><h2   >\u015eartlar ve Ko\u015fullar + Yasal Uygunluk Bildirimi<\/h2><\/div><style>.porto-u-55ca8359258f9a412be7e73af65d2aac.porto-u-heading{text-align:center}<\/style><\/div>\t\t\t\t<\/div>\n\t\t\t\t<\/div>\n\t\t\t\t\t<\/div>\n\t\t\t\t<\/div>\n\t\t<div class=\"elementor-element elementor-element-19ffa79 e-flex e-con-boxed e-con e-parent\" data-id=\"19ffa79\" data-element_type=\"container\" data-e-type=\"container\">\r\n\t\t\t\t\t<div class=\"e-con-inner\">\r\n\t\t\t\t<div class=\"elementor-element elementor-element-c9b9907 elementor-widget elementor-widget-text-editor\" data-id=\"c9b9907\" data-element_type=\"widget\" data-e-type=\"widget\" data-widget_type=\"text-editor.default\">\n\t\t\t\t<div class=\"elementor-widget-container\">\n\t\t\t\t\t\t\t\t\t<p class=\"\" data-start=\"371\" data-end=\"510\"><strong data-start=\"455\" data-end=\"510\">Sahibi ve \u0130\u015fletmecisi: UltraBreak Fluids Inc. (ABD)<\/strong><\/p><p class=\"\" data-start=\"512\" data-end=\"770\">Bu H\u00fck\u00fcm ve Ko\u015fullar, UltraBreakFluids.com web sitesine eri\u015fiminizi ve kullan\u0131m\u0131n\u0131z\u0131 ve UltraBreak Fluids Inc. \u015firketinden Caluanie Muelear Oxidize dahil olmak \u00fczere herhangi bir \u00fcr\u00fcn\u00fc sat\u0131n alman\u0131z\u0131 y\u00f6netir.\u00a0<\/p><p class=\"\" data-start=\"772\" data-end=\"948\">Bu Siteye eri\u015ferek veya Siteyi kullanarak ya da bir sipari\u015f vererek, <strong data-start=\"826\" data-end=\"859\">yasal olarak ba\u011fl\u0131 olmay\u0131 kabul ediyorsunuz<\/strong> bu \u015eartlara g\u00f6re, bizim <a class=\"\" href=\"https:\/\/ultrabreakfluids.com\/tr\/gizlilik-politikasi\/\" rel=\"noopener\" data-start=\"880\" data-end=\"899\">Gizlilik Politikas\u0131<\/a>ve y\u00fcr\u00fcrl\u00fckteki t\u00fcm ABD yasalar\u0131 ve uluslararas\u0131 yasalar.<\/p><hr class=\"\" data-start=\"950\" data-end=\"953\" \/><h2 class=\"\" data-start=\"955\" data-end=\"976\">1. <strong data-start=\"961\" data-end=\"976\">Uygunluk<\/strong><\/h2><p class=\"\" data-start=\"978\" data-end=\"1206\">En az \u015fu ya\u015fta olmal\u0131s\u0131n\u0131z <strong data-start=\"999\" data-end=\"1018\">18 ya\u015f\u0131ndan b\u00fcy\u00fck<\/strong> ve Sitemizi kullanmak veya \u00fcr\u00fcnlerimizi sat\u0131n almak i\u00e7in yasal olarak ba\u011flay\u0131c\u0131 bir anla\u015fma yapabilecek durumda olmak. Re\u015fit olmayanlara veya \u00fcr\u00fcn\u00fcm\u00fcz\u00fcn k\u0131s\u0131tl\u0131 veya yasa d\u0131\u015f\u0131 oldu\u011fu yarg\u0131 b\u00f6lgelerine sat\u0131\u015f yapm\u0131yoruz.<\/p><hr class=\"\" data-start=\"1208\" data-end=\"1211\" \/><h2 class=\"\" data-start=\"1213\" data-end=\"1238\">2. <strong data-start=\"1219\" data-end=\"1238\">\u00dcr\u00fcnlerin Kullan\u0131m\u0131<\/strong><\/h2><p class=\"\" data-start=\"1240\" data-end=\"1411\">UltraBreakFluids.com \u00fczerinden sat\u0131lan t\u00fcm \u00fcr\u00fcnler <strong data-start=\"1291\" data-end=\"1352\">sadece yasal end\u00fcstriyel, laboratuvar veya ticari kullan\u0131m i\u00e7in<\/strong>. Al\u0131c\u0131, Caluanie Muelear Oxidize'\u0131 a\u015fa\u011f\u0131dakiler i\u00e7in kullanmamay\u0131 kabul eder:<\/p><ul data-start=\"1412\" data-end=\"1543\"><li class=\"\" data-start=\"1412\" data-end=\"1451\"><p class=\"\" data-start=\"1414\" data-end=\"1451\">Herhangi bir yasa d\u0131\u015f\u0131 veya yetkisiz ama\u00e7<\/p><\/li><li class=\"\" data-start=\"1452\" data-end=\"1507\"><p class=\"\" data-start=\"1454\" data-end=\"1507\">Kontroll\u00fc madde veya silah \u00fcretimi<\/p><\/li><li class=\"\" data-start=\"1508\" data-end=\"1543\"><p class=\"\" data-start=\"1510\" data-end=\"1543\">Ki\u015fisel veya e\u011flence ama\u00e7l\u0131 k\u00f6t\u00fcye kullan\u0131m<\/p><\/li><\/ul><p class=\"\" data-start=\"1545\" data-end=\"1626\"><strong data-start=\"1545\" data-end=\"1626\">\u00dcr\u00fcnlerimizin k\u00f6t\u00fcye kullan\u0131m\u0131 kesinlikle yasakt\u0131r ve yasal i\u015flemle sonu\u00e7lanabilir.<\/strong><\/p><hr class=\"\" data-start=\"1628\" data-end=\"1631\" \/><h2 class=\"\" data-start=\"1633\" data-end=\"1669\">3. <strong data-start=\"1639\" data-end=\"1669\">\u0130hracat ve \u0130thalat Uyumlulu\u011fu<\/strong><\/h2><p class=\"\" data-start=\"1671\" data-end=\"1756\">ABD ihracat y\u00f6netmeliklerine tamamen uyuyoruz ve m\u00fc\u015fterilerimizden de ayn\u0131s\u0131n\u0131 yapmalar\u0131n\u0131 bekliyoruz.<\/p><h3 class=\"\" data-start=\"1758\" data-end=\"1785\">Al\u0131c\u0131 Sorumluluklar\u0131:<\/h3><ul data-start=\"1786\" data-end=\"2037\"><li class=\"\" data-start=\"1786\" data-end=\"1861\"><p class=\"\" data-start=\"1788\" data-end=\"1861\">Caluanie Muelear Oxidize ithalat\u0131n\u0131n \u00fclkenizde yasal oldu\u011fundan emin olun<\/p><\/li><li class=\"\" data-start=\"1862\" data-end=\"1926\"><p class=\"\" data-start=\"1864\" data-end=\"1926\">Gerekli t\u00fcm izinlerin, ruhsatlar\u0131n veya g\u00fcmr\u00fck i\u015flemlerinin al\u0131nmas\u0131<\/p><\/li><li class=\"\" data-start=\"1927\" data-end=\"1982\"><p class=\"\" data-start=\"1929\" data-end=\"1982\">Do\u011fru sevkiyat ve dok\u00fcmantasyon detaylar\u0131 sa\u011flay\u0131n<\/p><\/li><li class=\"\" data-start=\"1983\" data-end=\"2037\"><p class=\"\" data-start=\"1985\" data-end=\"2037\">G\u00fcmr\u00fck gecikmeleri veya retleri i\u00e7in t\u00fcm sorumlulu\u011fu \u00fcstlenin<\/p><\/li><\/ul><p class=\"\" data-start=\"2039\" data-end=\"2070\">Biz <strong data-start=\"2046\" data-end=\"2065\">sorumlu de\u011fil<\/strong> i\u00e7in:<\/p><ul data-start=\"2071\" data-end=\"2244\"><li class=\"\" data-start=\"2071\" data-end=\"2123\"><p class=\"\" data-start=\"2073\" data-end=\"2123\">\u00dclkenizin g\u00fcmr\u00fc\u011f\u00fc taraf\u0131ndan el konulmas\u0131 veya reddedilmesi<\/p><\/li><li class=\"\" data-start=\"2124\" data-end=\"2184\"><p class=\"\" data-start=\"2126\" data-end=\"2184\">\u0130thalat makamlar\u0131 taraf\u0131ndan uygulanan para cezalar\u0131, har\u00e7lar veya vergiler<\/p><\/li><li class=\"\" data-start=\"2185\" data-end=\"2244\"><p class=\"\" data-start=\"2187\" data-end=\"2244\">Belge talepleri veya yasal kontrollerden kaynaklanan gecikmeler<\/p><\/li><\/ul><hr class=\"\" data-start=\"2246\" data-end=\"2249\" \/><h2 class=\"\" data-start=\"2251\" data-end=\"2282\">4. <strong data-start=\"2257\" data-end=\"2282\">Fikri M\u00fclkiyet<\/strong><\/h2><p class=\"\" data-start=\"2284\" data-end=\"2536\">Logolar, ticari markalar, \u00fcr\u00fcn a\u00e7\u0131klamalar\u0131, resimler ve belgeler de dahil olmak \u00fczere Sitedeki t\u00fcm i\u00e7erik <strong data-start=\"2392\" data-end=\"2443\">UltraBreakFluids Inc. \u015firketinin fikri m\u00fclkiyetidir.<\/strong> A\u00e7\u0131k yaz\u0131l\u0131 izin olmadan materyallerimizi kopyalayamaz, yeniden yay\u0131nlayamaz veya da\u011f\u0131tamazs\u0131n\u0131z.<\/p><hr class=\"\" data-start=\"2538\" data-end=\"2541\" \/><h2 class=\"\" data-start=\"2543\" data-end=\"2575\">5. <strong data-start=\"2549\" data-end=\"2575\">Fiyatland\u0131rma &amp; M\u00fcsaitlik<\/strong><\/h2><p class=\"\" data-start=\"2577\" data-end=\"2687\">T\u00fcm fiyatlar ABD dolar\u0131 (USD) cinsinden listelenmi\u015ftir ve \u00f6nceden haber verilmeksizin de\u011fi\u015ftirilebilir. De\u011fi\u015fiklik yapma hakk\u0131m\u0131z sakl\u0131d\u0131r:<\/p><ul data-start=\"2688\" data-end=\"2819\"><li class=\"\" data-start=\"2688\" data-end=\"2737\"><p class=\"\" data-start=\"2690\" data-end=\"2737\">Fiyatland\u0131rma hatalar\u0131 nedeniyle sipari\u015fleri iptal etme veya reddetme<\/p><\/li><li class=\"\" data-start=\"2738\" data-end=\"2781\"><p class=\"\" data-start=\"2740\" data-end=\"2781\">M\u00fc\u015fteri ba\u015f\u0131na mevcut miktarlar\u0131 s\u0131n\u0131rlay\u0131n<\/p><\/li><li class=\"\" data-start=\"2782\" data-end=\"2819\"><p class=\"\" data-start=\"2784\" data-end=\"2819\">Herhangi bir \u00fcr\u00fcn\u00fc istedi\u011finiz zaman durdurma<\/p><\/li><\/ul><hr class=\"\" data-start=\"2821\" data-end=\"2824\" \/><h2 class=\"\" data-start=\"2826\" data-end=\"2859\">6. <strong data-start=\"2832\" data-end=\"2859\">Sorumlulu\u011fun S\u0131n\u0131rland\u0131r\u0131lmas\u0131<\/strong><\/h2><p class=\"\" data-start=\"2861\" data-end=\"3014\">Yasalar\u0131n izin verdi\u011fi en geni\u015f \u00f6l\u00e7\u00fcde, UltraBreakFluids Inc. a\u015fa\u011f\u0131dakilerden kaynaklanan herhangi bir dolayl\u0131, ar\u0131zi veya sonu\u00e7 olarak ortaya \u00e7\u0131kan zararlardan sorumlu olmayacakt\u0131r:<\/p><ul data-start=\"3015\" data-end=\"3123\"><li class=\"\" data-start=\"3015\" data-end=\"3033\"><p class=\"\" data-start=\"3017\" data-end=\"3033\">\u00dcr\u00fcn\u00fcn yanl\u0131\u015f kullan\u0131m\u0131<\/p><\/li><li class=\"\" data-start=\"3034\" data-end=\"3053\"><p class=\"\" data-start=\"3036\" data-end=\"3053\">Nakliye gecikmeleri<\/p><\/li><li class=\"\" data-start=\"3054\" data-end=\"3081\"><p class=\"\" data-start=\"3056\" data-end=\"3081\">D\u00fczenleyici k\u0131s\u0131tlamalar<\/p><\/li><li class=\"\" data-start=\"3082\" data-end=\"3123\"><p class=\"\" data-start=\"3084\" data-end=\"3123\">Kay\u0131p kar veya i\u015f kesintisi<\/p><\/li><\/ul><p class=\"\" data-start=\"3125\" data-end=\"3220\">T\u00fcm \u00fcr\u00fcnler sat\u0131lmaktad\u0131r <strong data-start=\"3147\" data-end=\"3158\">\"oldu\u011fu gibi\"<\/strong> ve <strong data-start=\"3163\" data-end=\"3185\">garanti olmaks\u0131z\u0131n<\/strong>\u00f6zel olarak belirtilmedi\u011fi s\u00fcrece.<\/p><hr class=\"\" data-start=\"3222\" data-end=\"3225\" \/><h2 class=\"\" data-start=\"3227\" data-end=\"3250\">7. <strong data-start=\"3233\" data-end=\"3250\">Ge\u00e7erli Kanun<\/strong><\/h2><p class=\"\" data-start=\"3252\" data-end=\"3508\">Bu Ko\u015fullar, T\u00fcrkiye Cumhuriyeti yasalar\u0131na tabi olacak ve bu yasalar uyar\u0131nca yorumlanacakt\u0131r. <strong data-start=\"3321\" data-end=\"3373\">Nevada Eyaleti<\/strong>ABD'de, kanunlar ihtilaf\u0131 ilkelerine bak\u0131lmaks\u0131z\u0131n ge\u00e7erlidir. Her t\u00fcrl\u00fc yasal anla\u015fmazl\u0131k Amerika Birle\u015fik Devletleri'nin yetkili mahkemelerinde \u00e7\u00f6z\u00fclecektir.<\/p><hr class=\"\" data-start=\"3510\" data-end=\"3513\" \/><h2 class=\"\" data-start=\"3515\" data-end=\"3547\">8. <strong data-start=\"3521\" data-end=\"3547\">Hesap Sorumlulu\u011fu<\/strong><\/h2><p class=\"\" data-start=\"3549\" data-end=\"3761\">Hesab\u0131n\u0131z\u0131n ve \u015fifrenizin gizlili\u011fini korumaktan ve cihaz\u0131n\u0131za eri\u015fimi k\u0131s\u0131tlamaktan siz sorumlusunuz. Hesab\u0131n\u0131z alt\u0131nda ger\u00e7ekle\u015fen t\u00fcm faaliyetlerin sorumlulu\u011funu kabul edersiniz.<\/p><hr class=\"\" data-start=\"3763\" data-end=\"3766\" \/><h2 class=\"\" data-start=\"3768\" data-end=\"3794\">9. <strong data-start=\"3774\" data-end=\"3794\">\u015eartlarda Yap\u0131lan De\u011fi\u015fiklikler<\/strong><\/h2><p class=\"\" data-start=\"3796\" data-end=\"3996\">Bu \u015eartlar\u0131 istedi\u011fimiz zaman g\u00fcncelleme veya de\u011fi\u015ftirme hakk\u0131m\u0131z sakl\u0131d\u0131r. G\u00fcncellemeler, g\u00fcncellenmi\u015f bir y\u00fcr\u00fcrl\u00fck tarihi ile bu sayfada yay\u0131nlanacakt\u0131r. Sitenin kullan\u0131lmaya devam edilmesi, revize edilen \u015fartlar\u0131n kabul edildi\u011fi anlam\u0131na gelir.<\/p><hr class=\"\" data-start=\"3998\" data-end=\"4001\" \/><h2 class=\"\" data-start=\"4003\" data-end=\"4024\">10. <strong data-start=\"4010\" data-end=\"4024\">Bize Ula\u015f\u0131n<\/strong><\/h2><p class=\"\" data-start=\"4026\" data-end=\"4101\">Bu \u015eartlar veya yasal politikalar\u0131m\u0131zla ilgili sorular\u0131n\u0131z varsa, ileti\u015fime ge\u00e7in:<\/p><p class=\"\" data-start=\"4103\" data-end=\"4229\"><strong data-start=\"4103\" data-end=\"4129\">UltraBreak S\u0131v\u0131lar\u0131 A.\u015e.<\/strong><br data-start=\"4129\" data-end=\"4132\" \/>\ud83d\udce7 <a rel=\"noopener\" data-start=\"4135\" data-end=\"4161\">sales@ultrabreakfluids.com<\/a><br data-start=\"4161\" data-end=\"4164\" \/>\ud83d\udccd Las Vegas , Nevada<br data-start=\"4191\" data-end=\"4194\" \/>\ud83c\udf10 <a class=\"\" href=\"https:\/\/ultrabreakfluids.com\/tr\/\" target=\"_new\" rel=\"noopener\" data-start=\"4197\" data-end=\"4229\">https:\/\/www.ultrabreakfluids.com<\/a><\/p>\t\t\t\t\t\t\t\t<\/div>\n\t\t\t\t<\/div>\n\t\t\t\t\t<\/div>\n\t\t\t\t<\/div>\n\t\t\t\t<\/div>","protected":false},"excerpt":{"rendered":"<p>Terms &#038; Conditions + Legal Compliance Notice Owned and Operated by: UltraBreak Fluids Inc. (USA) These Terms &amp; Conditions govern your access to and use of the website UltraBreakFluids.com and the purchase of any products, including Caluanie Muelear Oxidize from UltraBreak Fluids Inc.\u00a0 By accessing or using this Site, or placing an order, you agree [&hellip;]<\/p>\n","protected":false},"author":1,"featured_media":0,"parent":0,"menu_order":0,"comment_status":"closed","ping_status":"closed","template":"","meta":{"_acf_changed":false,"rs_blank_template":"","rs_page_bg_color":"","slide_template_v7":"","_monsterinsights_skip_tracking":false,"_monsterinsights_sitenote_active":false,"_monsterinsights_sitenote_note":"","_monsterinsights_sitenote_category":0,"footnotes":""},"class_list":["post-2098","page","type-page","status-publish","hentry"],"acf":[],"_hostinger_reach_plugin_has_subscription_block":false,"_hostinger_reach_plugin_is_elementor":false,"jetpack_sharing_enabled":true,"_links":{"self":[{"href":"https:\/\/ultrabreakfluids.com\/tr\/wp-json\/wp\/v2\/pages\/2098","targetHints":{"allow":["GET"]}}],"collection":[{"href":"https:\/\/ultrabreakfluids.com\/tr\/wp-json\/wp\/v2\/pages"}],"about":[{"href":"https:\/\/ultrabreakfluids.com\/tr\/wp-json\/wp\/v2\/types\/page"}],"author":[{"embeddable":true,"href":"https:\/\/ultrabreakfluids.com\/tr\/wp-json\/wp\/v2\/users\/1"}],"replies":[{"embeddable":true,"href":"https:\/\/ultrabreakfluids.com\/tr\/wp-json\/wp\/v2\/comments?post=2098"}],"version-history":[{"count":8,"href":"https:\/\/ultrabreakfluids.com\/tr\/wp-json\/wp\/v2\/pages\/2098\/revisions"}],"predecessor-version":[{"id":2327,"href":"https:\/\/ultrabreakfluids.com\/tr\/wp-json\/wp\/v2\/pages\/2098\/revisions\/2327"}],"wp:attachment":[{"href":"https:\/\/ultrabreakfluids.com\/tr\/wp-json\/wp\/v2\/media?parent=2098"}],"curies":[{"name":"wp","href":"https:\/\/api.w.org\/{rel}","templated":true}]}}