{"id":3,"date":"2025-03-27T06:03:53","date_gmt":"2025-03-27T06:03:53","guid":{"rendered":"http:\/\/ultrabreakfluids.com\/?page_id=3"},"modified":"2025-06-12T17:01:10","modified_gmt":"2025-06-12T17:01:10","slug":"politika-zasebnosti","status":"publish","type":"page","link":"https:\/\/ultrabreakfluids.com\/sl\/politika-zasebnosti\/","title":{"rendered":"Politika zasebnosti"},"content":{"rendered":"<div data-elementor-type=\"wp-page\" data-elementor-id=\"3\" class=\"elementor elementor-3\" data-elementor-post-type=\"page\">\n\t\t\t\t<div class=\"elementor-element elementor-element-68a22edc e-flex e-con-boxed e-con e-parent\" data-id=\"68a22edc\" data-element_type=\"container\" data-e-type=\"container\">\r\n\t\t\t\t\t<div class=\"e-con-inner\">\r\n\t\t\t\t<div class=\"elementor-element elementor-element-5ad1d309 elementor-widget elementor-widget-text-editor\" data-id=\"5ad1d309\" data-element_type=\"widget\" data-e-type=\"widget\" data-widget_type=\"text-editor.default\">\n\t\t\t\t<div class=\"elementor-widget-container\">\n\t\t\t\t\t\t\t\t\t<h4 data-start=\"343\" data-end=\"365\"><strong data-start=\"345\" data-end=\"363\">Politika zasebnosti<\/strong><\/h4>\n<h5 data-start=\"343\" data-end=\"365\"><strong data-start=\"402\" data-end=\"474\">UltraBreakFluids.com je v lasti in upravljanju dru\u017ebe UltraBreakFluids Inc.<\/strong><\/h5>\n<h5 data-start=\"476\" data-end=\"794\">Na spletni strani <strong data-start=\"479\" data-end=\"505\">UltraBreakFluids Inc.<\/strong> Va\u0161a zasebnost je na\u0161a prednostna naloga. Ta pravilnik o zasebnosti opisuje, kako zbiramo, uporabljamo, razkrivamo in varujemo va\u0161e osebne podatke, ko obi\u0161\u010dete <strong data-start=\"672\" data-end=\"708\"><a class=\"\" href=\"https:\/\/ultrabreakfluids.com\/sl\/\" target=\"_new\" rel=\"noopener\" data-start=\"674\" data-end=\"706\">https:\/\/www.ultrabreakfluids.com<\/a><\/strong>\u00a0ali kupiti katerega koli od na\u0161ih izdelkov, vklju\u010dno z <strong data-start=\"765\" data-end=\"793\">Caluanie Muelear Oxidize<\/strong>.<\/h5>\n<h5 data-start=\"796\" data-end=\"930\">Z uporabo na\u0161ega spletnega mesta ali storitev se strinjate s pogoji tega pravilnika o zasebnosti. \u010ce se s tem ne strinjate, ne uporabljajte na\u0161ega spletnega mesta.<\/h5>\n<hr class=\"\" data-start=\"932\" data-end=\"935\" \/>\n<h5 data-start=\"937\" data-end=\"969\">1. <strong data-start=\"943\" data-end=\"969\">Podatki, ki jih zbiramo<\/strong><\/h5>\n<h5 data-start=\"971\" data-end=\"1058\">Ko sodelujete z na\u0161im spletnim mestom, zbiramo naslednje vrste osebnih podatkov:<\/h5>\n<h5 data-start=\"1060\" data-end=\"1090\">a. <strong>Informacije, ki jih posredujete<\/strong><\/h5>\n<ul data-start=\"1091\" data-end=\"1314\">\n<li class=\"\" data-start=\"1091\" data-end=\"1131\">\n<h5 data-start=\"1093\" data-end=\"1131\">Ime in priimek ter naslovi za obra\u010dunavanje in po\u0161iljanje<\/h5>\n<\/li>\n<li class=\"\" data-start=\"1132\" data-end=\"1166\">\n<h5 data-start=\"1134\" data-end=\"1166\">e-po\u0161tni naslov in telefonska \u0161tevilka<\/h5>\n<\/li>\n<li class=\"\" data-start=\"1167\" data-end=\"1233\">\n<h5 data-start=\"1169\" data-end=\"1233\">Podatki o pla\u010dilu\u00a0<\/h5>\n<\/li>\n<li class=\"\" data-start=\"1234\" data-end=\"1277\">\n<h5 data-start=\"1236\" data-end=\"1277\">Ime podjetja in dav\u010dna \u0161tevilka (\u010de je primerno)<\/h5>\n<\/li>\n<li class=\"\" data-start=\"1278\" data-end=\"1314\">\n<h5 data-start=\"1280\" data-end=\"1314\">Zgodovina naro\u010dil in podrobnosti o nakupu<\/h5>\n<\/li>\n<\/ul>\n<h5 data-start=\"1316\" data-end=\"1358\">b. Samodejno zbrane informacije<\/h5>\n<ul data-start=\"1359\" data-end=\"1478\">\n<li class=\"\" data-start=\"1359\" data-end=\"1400\">\n<h5 data-start=\"1361\" data-end=\"1400\">naslov IP, vrsta brskalnika, podatki o napravi<\/h5>\n<\/li>\n<li class=\"\" data-start=\"1401\" data-end=\"1433\">\n<h5 data-start=\"1403\" data-end=\"1433\">Napotitvene\/izhodne strani in URL<\/h5>\n<\/li>\n<li class=\"\" data-start=\"1434\" data-end=\"1478\">\n<h5 data-start=\"1436\" data-end=\"1478\">Podatki o uporabi prek pi\u0161kotkov in analiti\u010dnih orodij<\/h5>\n<\/li>\n<\/ul>\n<h5 data-start=\"1480\" data-end=\"1510\">c. Informacije tretjih oseb<\/h5>\n<ul data-start=\"1511\" data-end=\"1669\">\n<li class=\"\" data-start=\"1511\" data-end=\"1598\">\n<h5 data-start=\"1513\" data-end=\"1598\">Obdelovalci pla\u010dil (npr. ApplePay, PayPal, Crypto) lahko z nami delijo potrditve transakcij.<\/h5>\n<\/li>\n<li class=\"\" data-start=\"1599\" data-end=\"1669\">\n<h5 data-start=\"1601\" data-end=\"1669\">Prevozniki lahko delijo potrditev dostave in posodobitve stanja.<\/h5>\n<\/li>\n<\/ul>\n<hr class=\"\" data-start=\"1671\" data-end=\"1674\" \/>\n<h5 data-start=\"1676\" data-end=\"1713\">2. <strong data-start=\"1682\" data-end=\"1713\">Kako uporabljamo va\u0161e podatke<\/strong><\/h5>\n<h5 data-start=\"1715\" data-end=\"1742\">Va\u0161e podatke uporabljamo za:<\/h5>\n<ul data-start=\"1744\" data-end=\"2032\">\n<li class=\"\" data-start=\"1744\" data-end=\"1796\">\n<h5 data-start=\"1746\" data-end=\"1796\">Obdelava naro\u010dil ter upravljanje odpreme in logistike<\/h5>\n<\/li>\n<li class=\"\" data-start=\"1797\" data-end=\"1853\">\n<h5 data-start=\"1799\" data-end=\"1853\">komuniciranje z vami glede va\u0161ega naro\u010dila ali poizvedbe.<\/h5>\n<\/li>\n<li class=\"\" data-start=\"1854\" data-end=\"1907\">\n<h5 data-start=\"1856\" data-end=\"1907\">prepre\u010devanje goljufij in zagotavljanje varnosti na\u0161e platforme.<\/h5>\n<\/li>\n<li class=\"\" data-start=\"1908\" data-end=\"1966\">\n<h5 data-start=\"1910\" data-end=\"1966\">Izbolj\u0161anje na\u0161ih izdelkov, storitev in izku\u0161enj na spletnem mestu.<\/h5>\n<\/li>\n<li class=\"\" data-start=\"1967\" data-end=\"2032\">\n<h5 data-start=\"1969\" data-end=\"2032\">izpolnjevanje pravnih obveznosti v skladu z zveznimi in dr\u017eavnimi zakoni ZDA.<\/h5>\n<\/li>\n<\/ul>\n<h5 data-start=\"2034\" data-end=\"2127\">Opravljamo <strong data-start=\"2040\" data-end=\"2047\">ne<\/strong> prodajali ali dajali v najem va\u0161e osebne podatke tretjim osebam za namene tr\u017eenja.<\/h5>\n<hr class=\"\" data-start=\"2129\" data-end=\"2132\" \/>\n<h5 data-start=\"2134\" data-end=\"2175\">3. <strong data-start=\"2140\" data-end=\"2175\">Pi\u0161kotki in tehnologije sledenja<\/strong><\/h5>\n<h5 data-start=\"2177\" data-end=\"2243\">Pi\u0161kotke, spletne svetilnike in podobne tehnologije za sledenje uporabljamo za:<\/h5>\n<ul data-start=\"2245\" data-end=\"2363\">\n<li class=\"\" data-start=\"2245\" data-end=\"2276\">\n<h5 data-start=\"2247\" data-end=\"2276\">Prilagodite svojo izku\u0161njo<\/h5>\n<\/li>\n<li class=\"\" data-start=\"2277\" data-end=\"2306\">\n<h5 data-start=\"2279\" data-end=\"2306\">Omogo\u010dite funkcionalnost ko\u0161arice<\/h5>\n<\/li>\n<li class=\"\" data-start=\"2307\" data-end=\"2363\">\n<h5 data-start=\"2309\" data-end=\"2363\">Analiza prometa na spletnem mestu z orodji, kot je Google Analytics.<\/h5>\n<\/li>\n<\/ul>\n<h5 data-start=\"2365\" data-end=\"2425\">Nastavitve pi\u0161kotkov lahko kadar koli spremenite v svojem brskalniku.<\/h5>\n<hr class=\"\" data-start=\"2427\" data-end=\"2430\" \/>\n<h5 data-start=\"2432\" data-end=\"2467\">4. <strong data-start=\"2438\" data-end=\"2467\">Souporaba in razkritje podatkov<\/strong><\/h5>\n<h5 data-start=\"2469\" data-end=\"2506\">Va\u0161e osebne podatke lahko delimo z:<\/h5>\n<ul data-start=\"2508\" data-end=\"2852\">\n<li class=\"\" data-start=\"2508\" data-end=\"2589\">\n<h5 data-start=\"2510\" data-end=\"2589\"><strong data-start=\"2510\" data-end=\"2532\">Ponudniki storitev:<\/strong> obdelovalci pla\u010dil, podjetja za po\u0161iljanje, e-po\u0161tne storitve.<\/h5>\n<\/li>\n<li class=\"\" data-start=\"2590\" data-end=\"2671\">\n<h5 data-start=\"2592\" data-end=\"2671\"><strong data-start=\"2592\" data-end=\"2619\">Regulativni organi:<\/strong> \u010de to zahteva zakon ali \u010de se moramo odzvati na pravni postopek.<\/h5>\n<\/li>\n<li class=\"\" data-start=\"2672\" data-end=\"2771\">\n<h5 data-start=\"2674\" data-end=\"2771\"><strong data-start=\"2674\" data-end=\"2701\">Povezane osebe ali partnerji:<\/strong> za poslovne operacije ali podporo v skladu s sporazumi o zaupnosti.<\/h5>\n<\/li>\n<li class=\"\" data-start=\"2772\" data-end=\"2852\">\n<h5 data-start=\"2774\" data-end=\"2852\"><strong data-start=\"2774\" data-end=\"2796\">Pravno izvr\u0161evanje:<\/strong> v primeru goljufije, kibernetskega kriminala ali kr\u0161itev zakonodaje.<\/h5>\n<\/li>\n<\/ul>\n<h5 data-start=\"2854\" data-end=\"2937\">Vse tretje osebe morajo ohraniti zaupnost va\u0161ih podatkov.<\/h5>\n<hr class=\"\" data-start=\"2939\" data-end=\"2942\" \/>\n<h5 data-start=\"2944\" data-end=\"2968\">5. <strong data-start=\"2950\" data-end=\"2968\">Hramba podatkov<\/strong><\/h5>\n<h5 data-start=\"2970\" data-end=\"3036\">Va\u0161e osebne podatke hranimo le toliko \u010dasa, kolikor je potrebno za:<\/h5>\n<ul data-start=\"3038\" data-end=\"3173\">\n<li class=\"\" data-start=\"3038\" data-end=\"3084\">\n<h5 data-start=\"3040\" data-end=\"3084\">Izpolnjevanje naro\u010dil in skladnost z dav\u010dnimi\/pravnimi predpisi<\/h5>\n<\/li>\n<li class=\"\" data-start=\"3085\" data-end=\"3128\">\n<h5 data-start=\"3087\" data-end=\"3128\">Storitve za stranke in re\u0161evanje sporov<\/h5>\n<\/li>\n<li class=\"\" data-start=\"3129\" data-end=\"3173\">\n<h5 data-start=\"3131\" data-end=\"3173\">Izbolj\u0161anje na\u0161ega delovanja (npr. analitika).<\/h5>\n<\/li>\n<\/ul>\n<h5 data-start=\"3175\" data-end=\"3250\">Va\u0161e podatke varno izbri\u0161emo ali anonimiziramo, ko jih ne potrebujemo ve\u010d.<\/h5>\n<hr class=\"\" data-start=\"3252\" data-end=\"3255\" \/>\n<h5 data-start=\"3257\" data-end=\"3286\">6. <strong data-start=\"3263\" data-end=\"3286\">Mednarodni uporabniki<\/strong><\/h5>\n<h5 data-start=\"3288\" data-end=\"3503\">\u010ce do spletnega mesta dostopate zunaj Zdru\u017eenih dr\u017eav, se strinjate s prenosom, shranjevanjem in obdelavo svojih podatkov v Zdru\u017eenih dr\u017eavah, kjer se zakoni o varstvu podatkov lahko razlikujejo od zakonov v va\u0161i dr\u017eavi.<\/h5>\n<hr class=\"\" data-start=\"3505\" data-end=\"3508\" \/>\n<h5 data-start=\"3510\" data-end=\"3543\">7. <strong data-start=\"3516\" data-end=\"3543\">Va\u0161e pravice in izbire<\/strong><\/h5>\n<h5 data-start=\"3545\" data-end=\"3553\">Lahko:<\/h5>\n<ul data-start=\"3555\" data-end=\"3830\">\n<li class=\"\" data-start=\"3555\" data-end=\"3605\">\n<h5 data-start=\"3557\" data-end=\"3605\"><strong data-start=\"3557\" data-end=\"3567\">Dostop<\/strong> osebne podatke, ki jih hranimo o vas.<\/h5>\n<\/li>\n<li class=\"\" data-start=\"3606\" data-end=\"3673\">\n<h5 data-start=\"3608\" data-end=\"3673\"><strong data-start=\"3608\" data-end=\"3631\">Zahteva za popravke<\/strong> na neto\u010dne ali nepopolne informacije.<\/h5>\n<\/li>\n<li class=\"\" data-start=\"3674\" data-end=\"3745\">\n<h5 data-start=\"3676\" data-end=\"3745\"><strong data-start=\"3676\" data-end=\"3696\">Zahteva za izbris<\/strong> va\u0161ih osebnih podatkov, \u010de je to zakonsko dovoljeno.<\/h5>\n<\/li>\n<li class=\"\" data-start=\"3746\" data-end=\"3830\">\n<h5 data-start=\"3748\" data-end=\"3830\"><strong data-start=\"3748\" data-end=\"3759\">Odjava<\/strong> tr\u017enih sporo\u010dil (v e-po\u0161tnih sporo\u010dilih so vklju\u010dene povezave za odjavo).<\/h5>\n<\/li>\n<\/ul>\n<h5 data-start=\"3832\" data-end=\"3917\">\u010ce \u017eelite uveljavljati te pravice, se obrnite na nas na:<br data-start=\"3879\" data-end=\"3882\" \/>\ud83d\udce7 <strong data-start=\"3885\" data-end=\"3917\"><a rel=\"noopener\" data-start=\"3887\" data-end=\"3915\">sales@ultrabreakfluids.com<\/a><\/strong><\/h5>\n<hr class=\"\" data-start=\"3919\" data-end=\"3922\" \/>\n<h5 data-start=\"3924\" data-end=\"3962\">8. <strong data-start=\"3930\" data-end=\"3962\">Varnost va\u0161ih podatkov<\/strong><\/h5>\n<h5 data-start=\"3964\" data-end=\"4061\">Za za\u0161\u010dito va\u0161ih osebnih podatkov uporabljamo varne tehnologije in organizacijske prakse, vklju\u010dno z:<\/h5>\n<ul data-start=\"4063\" data-end=\"4187\">\n<li class=\"\" data-start=\"4063\" data-end=\"4081\">\n<h5 data-start=\"4065\" data-end=\"4081\">\u0161ifriranje SSL<\/h5>\n<\/li>\n<li class=\"\" data-start=\"4082\" data-end=\"4109\">\n<h5 data-start=\"4084\" data-end=\"4109\">Varni pla\u010dilni prehodi<\/h5>\n<\/li>\n<li class=\"\" data-start=\"4110\" data-end=\"4151\">\n<h5 data-start=\"4112\" data-end=\"4151\">Sistemi za nadzor dostopa in spremljanje<\/h5>\n<\/li>\n<li class=\"\" data-start=\"4152\" data-end=\"4187\">\n<h5 data-start=\"4154\" data-end=\"4187\">Usposabljanje zaposlenih o zaupnosti<\/h5>\n<\/li>\n<\/ul>\n<h5 data-start=\"4189\" data-end=\"4263\">Noben sistem ni 100% varen, vendar si prizadevamo prese\u010di najbolj\u0161e prakse v panogi.<\/h5>\n<hr class=\"\" data-start=\"4265\" data-end=\"4268\" \/>\n<h5 data-start=\"4270\" data-end=\"4298\">9. <strong data-start=\"4276\" data-end=\"4298\">Zasebnost otrok<\/strong><\/h5>\n<h5 data-start=\"4300\" data-end=\"4553\">Spletna stran UltraBreakFluids.com ni namenjena za uporabo osebam, mlaj\u0161im od 18 let. Zavestno ne zbiramo osebnih podatkov otrok. \u010ce menite, da nam je podatke posredoval otrok, se nemudoma obrnite na nas na naslov <strong data-start=\"4520\" data-end=\"4552\"><a rel=\"noopener\" data-start=\"4522\" data-end=\"4550\">sales@ultrabreakfluids.com<\/a><\/strong>.<\/h5>\n<hr class=\"\" data-start=\"4555\" data-end=\"4558\" \/>\n<h5 data-start=\"4560\" data-end=\"4593\">10. <strong data-start=\"4567\" data-end=\"4593\">Spremembe tega pravilnika<\/strong><\/h5>\n<h5 data-start=\"4595\" data-end=\"4835\">Pridr\u017eujemo si pravico, da ta pravilnik o zasebnosti kadar koli posodobimo. Spremembe bodo objavljene na tej strani s posodobljenim datumom veljavnosti. Va\u0161a nadaljnja uporaba spletnega mesta po tak\u0161nih spremembah pomeni, da se strinjate s spremenjenim pravilnikom o zasebnosti.<\/h5>\n<hr class=\"\" data-start=\"4837\" data-end=\"4840\" \/>\n<h5 data-start=\"4842\" data-end=\"4863\">11. <strong data-start=\"4849\" data-end=\"4863\">Pi\u0161ite na<\/strong><\/h5>\n<h5 data-start=\"4865\" data-end=\"4955\">Za vpra\u0161anja ali pomisleke v zvezi s tem pravilnikom o zasebnosti ali va\u0161imi osebnimi podatki se obrnite na:<\/h5>\n<h5 data-start=\"4957\" data-end=\"5086\"><strong data-start=\"4957\" data-end=\"4983\">UltraBreak Fluids Inc.<\/strong><br data-start=\"4983\" data-end=\"4986\" \/>\ud83d\udccd<\/h5>\n<ul class=\"list list-unstyled pe-5 mb-md-0\">\n<li class=\"mb-0\"><strong>Las Vegas , Nevada<\/strong><\/li>\n<\/ul>\n<h5 data-start=\"4957\" data-end=\"5086\">\ud83d\udce7 <a rel=\"noopener\" data-start=\"5020\" data-end=\"5048\">sales@ultrabreakfluids.com<\/a><br data-start=\"5048\" data-end=\"5051\" \/>\ud83c\udf10 <a class=\"\" href=\"https:\/\/ultrabreakfluids.com\/sl\/\" target=\"_new\" rel=\"noopener\" data-start=\"5054\" data-end=\"5086\">https:\/\/www.ultrabreakfluids.com<\/a><\/h5>\t\t\t\t\t\t\t\t<\/div>\n\t\t\t\t<\/div>\n\t\t\t\t\t<\/div>\n\t\t\t\t<\/div>\n\t\t\t\t<\/div>","protected":false},"excerpt":{"rendered":"<p>Privacy Policy UltraBreakFluids.com is owned and operated by UltraBreakFluids Inc. At UltraBreakFluids Inc. Your privacy is our priority. This Privacy Policy outlines how we collect, use, disclose, and safeguard your personal information when you visit https:\/\/www.ultrabreakfluids.com\u00a0or purchase any of our products, including Caluanie Muelear Oxidize. By using our Site or services, you agree to the [&hellip;]<\/p>\n","protected":false},"author":1,"featured_media":0,"parent":0,"menu_order":0,"comment_status":"closed","ping_status":"open","template":"","meta":{"_acf_changed":false,"rs_blank_template":"","rs_page_bg_color":"","slide_template_v7":"","_monsterinsights_skip_tracking":false,"_monsterinsights_sitenote_active":false,"_monsterinsights_sitenote_note":"","_monsterinsights_sitenote_category":0,"footnotes":""},"class_list":["post-3","page","type-page","status-publish","hentry"],"acf":[],"_hostinger_reach_plugin_has_subscription_block":false,"_hostinger_reach_plugin_is_elementor":false,"jetpack_sharing_enabled":true,"_links":{"self":[{"href":"https:\/\/ultrabreakfluids.com\/sl\/wp-json\/wp\/v2\/pages\/3","targetHints":{"allow":["GET"]}}],"collection":[{"href":"https:\/\/ultrabreakfluids.com\/sl\/wp-json\/wp\/v2\/pages"}],"about":[{"href":"https:\/\/ultrabreakfluids.com\/sl\/wp-json\/wp\/v2\/types\/page"}],"author":[{"embeddable":true,"href":"https:\/\/ultrabreakfluids.com\/sl\/wp-json\/wp\/v2\/users\/1"}],"replies":[{"embeddable":true,"href":"https:\/\/ultrabreakfluids.com\/sl\/wp-json\/wp\/v2\/comments?post=3"}],"version-history":[{"count":8,"href":"https:\/\/ultrabreakfluids.com\/sl\/wp-json\/wp\/v2\/pages\/3\/revisions"}],"predecessor-version":[{"id":2334,"href":"https:\/\/ultrabreakfluids.com\/sl\/wp-json\/wp\/v2\/pages\/3\/revisions\/2334"}],"wp:attachment":[{"href":"https:\/\/ultrabreakfluids.com\/sl\/wp-json\/wp\/v2\/media?parent=3"}],"curies":[{"name":"wp","href":"https:\/\/api.w.org\/{rel}","templated":true}]}}