{"id":2154,"date":"2025-05-04T04:56:17","date_gmt":"2025-05-04T04:56:17","guid":{"rendered":"https:\/\/ultrabreakfluids.com\/?page_id=2154"},"modified":"2025-06-12T16:36:08","modified_gmt":"2025-06-12T16:36:08","slug":"pogosto-zastavljena-vprasanja-faqs","status":"publish","type":"page","link":"https:\/\/ultrabreakfluids.com\/sl\/pogosto-zastavljena-vprasanja-faqs\/","title":{"rendered":"Pogosto zastavljena vpra\u0161anja (FAQ)"},"content":{"rendered":"<div data-elementor-type=\"wp-page\" data-elementor-id=\"2154\" class=\"elementor elementor-2154\" data-elementor-post-type=\"page\">\n\t\t\t\t<div class=\"elementor-element elementor-element-9ce9cbf e-flex e-con-boxed e-con e-parent\" data-id=\"9ce9cbf\" data-element_type=\"container\" data-e-type=\"container\">\r\n\t\t\t\t\t<div class=\"e-con-inner\">\r\n\t\t\t\t<div data-plugin=\"mouse-parallax\" data-options=\"{&quot;invertX&quot;:false,&quot;invertY&quot;:false}\" data-floating-depth=\"0.5\" class=\"elementor-element elementor-element-d23e023 elementor-headline--style-highlight elementor-widget elementor-widget-animated-headline\" data-id=\"d23e023\" data-element_type=\"widget\" data-e-type=\"widget\" data-settings=\"{&quot;marker&quot;:&quot;underline_zigzag&quot;,&quot;highlighted_text&quot;:&quot;Frequently Asked Questions (FAQs)&quot;,&quot;headline_style&quot;:&quot;highlight&quot;,&quot;loop&quot;:&quot;yes&quot;,&quot;highlight_animation_duration&quot;:1200,&quot;highlight_iteration_delay&quot;:8000}\" data-widget_type=\"animated-headline.default\">\n\t\t\t\t<div class=\"elementor-widget-container\">\n\t\t\t\t\t\t\t<h3 class=\"elementor-headline\">\n\t\t\t\t<span class=\"elementor-headline-dynamic-wrapper elementor-headline-text-wrapper\">\n\t\t\t\t\t<span class=\"elementor-headline-dynamic-text elementor-headline-text-active\">Pogosto zastavljena vpra\u0161anja (FAQ)<\/span>\n\t\t\t\t<\/span>\n\t\t\t\t<\/h3>\n\t\t\t\t\t\t<\/div>\n\t\t\t\t<\/div>\n\t\t\t\t\t<\/div>\n\t\t\t\t<\/div>\n\t\t<div class=\"elementor-element elementor-element-5cba8fd e-flex e-con-boxed e-con e-parent\" data-id=\"5cba8fd\" data-element_type=\"container\" data-e-type=\"container\">\r\n\t\t\t\t\t<div class=\"e-con-inner\">\r\n\t\t\t\t<div class=\"elementor-element elementor-element-72f997d elementor-widget elementor-widget-text-editor\" data-id=\"72f997d\" data-element_type=\"widget\" data-e-type=\"widget\" data-widget_type=\"text-editor.default\">\n\t\t\t\t<div class=\"elementor-widget-container\">\n\t\t\t\t\t\t\t\t\t<h4 data-start=\"405\" data-end=\"497\"><strong data-start=\"405\" data-end=\"497\">UltraBreak Fluids Inc. - zaupanja vreden ameri\u0161ki dobavitelj vrhunskih kalupov Muelear Oxidize<\/strong><\/h4><p class=\"\" data-start=\"499\" data-end=\"677\">Na\u0161 cilj je zagotoviti varen, zakonit in pregleden dostop do industrijskega zdravila Caluanie Muelear Oxidize. V nadaljevanju so navedena najpogosteje zastavljena vpra\u0161anja, ki vam bodo v pomo\u010d pri nakupu.<\/p>\t\t\t\t\t\t\t\t<\/div>\n\t\t\t\t<\/div>\n\t\t\t\t\t<\/div>\n\t\t\t\t<\/div>\n\t\t<div class=\"elementor-element elementor-element-29fcd00 e-flex e-con-boxed e-con e-parent\" data-id=\"29fcd00\" data-element_type=\"container\" data-e-type=\"container\">\r\n\t\t\t\t\t<div class=\"e-con-inner\">\r\n\t\t\t\t<div class=\"elementor-element elementor-element-f6e9035 elementor-widget elementor-widget-text-editor\" data-id=\"f6e9035\" data-element_type=\"widget\" data-e-type=\"widget\" data-widget_type=\"text-editor.default\">\n\t\t\t\t<div class=\"elementor-widget-container\">\n\t\t\t\t\t\t\t\t\t<h3 class=\"\" data-start=\"684\" data-end=\"770\">Kdo lahko zakonito kupi zdravilo Caluanie Muelear Oxidize od podjetja UltraBreakfluids Inc.?<\/h3><p class=\"\" data-start=\"771\" data-end=\"1137\"><strong data-start=\"771\" data-end=\"777\">A:<\/strong> Caluanie Muelear Oxidize dobavljamo samo kvalificiranim kupcem, vklju\u010dno z <strong data-start=\"849\" data-end=\"917\">industrijska podjetja, raziskovalne ustanove, licencirani laboratoriji<\/strong>in drugimi preverjenimi strokovnjaki. Opravljamo <strong data-start=\"959\" data-end=\"971\">ne prodati<\/strong> zasebnikom ali nepreverjenim uporabnikom. Za vse nakupe veljajo <strong data-start=\"1045\" data-end=\"1097\">pregled skladnosti in preverjanje dokumentacije<\/strong> v skladu z ameri\u0161kim in mednarodnim trgovinskim pravom.<\/p><hr class=\"\" data-start=\"1139\" data-end=\"1142\" \/><h3 class=\"\" data-start=\"1144\" data-end=\"1219\">Ali je nakup zdravila Caluanie Muelear Oxidize na va\u0161i spletni strani zakonit?<\/h3><p class=\"\" data-start=\"1220\" data-end=\"1592\"><strong data-start=\"1220\" data-end=\"1226\">A:<\/strong> Da - dru\u017eba UltraBreakfluids Inc. deluje v popolni skladnosti z vsemi <strong data-start=\"1293\" data-end=\"1321\">Zvezni predpisi ZDA<\/strong> ki urejajo prodajo in izvoz kemikalij z omejeno uporabo. Vendar so kupci odgovorni za zagotavljanje skladnosti s svojimi <strong data-start=\"1452\" data-end=\"1466\">lokalni zakoni<\/strong> in . <strong data-start=\"1471\" data-end=\"1493\">uvozni predpisi<\/strong>. Pridr\u017eujemo si pravico, da zavrnemo ali prekli\u010demo naro\u010dila, ki kr\u0161ijo pravne, eti\u010dne ali varnostne standarde.<\/p><hr class=\"\" data-start=\"1594\" data-end=\"1597\" \/><hr class=\"\" data-start=\"2010\" data-end=\"2013\" \/><h3 class=\"\" data-start=\"2015\" data-end=\"2051\">Ali po\u0161iljate mednarodno?<\/h3><p class=\"\" data-start=\"2052\" data-end=\"2244\"><strong data-start=\"2052\" data-end=\"2058\">A:<\/strong> Da. Po\u0161iljamo Caluanie Muelear Oxidize po vsem svetu. <strong data-start=\"2129\" data-end=\"2176\">mednarodni predpisi o prevozu kemikalij<\/strong> vklju\u010dno s spletno stranjo . <strong data-start=\"2187\" data-end=\"2210\">IATA, DOT in IMDG<\/strong> standardi. Vsi izvozi vklju\u010dujejo:<\/p><ul data-start=\"2245\" data-end=\"2392\"><li class=\"\" data-start=\"2245\" data-end=\"2286\"><p class=\"\" data-start=\"2247\" data-end=\"2286\"><strong data-start=\"2247\" data-end=\"2284\">Varnostni list materiala (MSDS)<\/strong><\/p><\/li><li class=\"\" data-start=\"2287\" data-end=\"2324\"><p class=\"\" data-start=\"2289\" data-end=\"2324\"><strong data-start=\"2289\" data-end=\"2322\">Potrdilo o analizi (COA)<\/strong><\/p><\/li><li class=\"\" data-start=\"2325\" data-end=\"2363\"><p class=\"\" data-start=\"2327\" data-end=\"2363\"><strong data-start=\"2327\" data-end=\"2361\">Izvozna deklaracija in ra\u010dun<\/strong><\/p><\/li><li class=\"\" data-start=\"2364\" data-end=\"2392\"><p class=\"\" data-start=\"2366\" data-end=\"2392\"><strong data-start=\"2366\" data-end=\"2392\">Sledenje in zavarovanje<\/strong><\/p><\/li><\/ul><p class=\"\" data-start=\"2394\" data-end=\"2448\">Po potrebi vam bomo pomagali pri izpolnjevanju carinskih zahtev.<\/p><hr class=\"\" data-start=\"2450\" data-end=\"2453\" \/><h3 class=\"\" data-start=\"2455\" data-end=\"2503\">Kako je izdelek pakiran in ozna\u010den?<\/h3><p class=\"\" data-start=\"2504\" data-end=\"2858\"><strong data-start=\"2504\" data-end=\"2510\">A:<\/strong> Vsi izdelki so varno zaprti v <strong data-start=\"2547\" data-end=\"2598\">kemi\u010dno odporne posode, ki jih je mogo\u010de po\u0161kodovati.<\/strong>, ozna\u010denih v skladu z <strong data-start=\"2621\" data-end=\"2648\">Standardi GHS ameri\u0161ke agencije OSHA<\/strong>. Vsako pakiranje vsebuje varnostna opozorila, navodila za ravnanje in informacije o sledenju serije. Velike po\u0161iljke (10L, 20L, 50L, 200L) so pakirane v <strong data-start=\"2793\" data-end=\"2825\">Industrijski bobni, odobreni s strani ZN<\/strong> z okrepljeno zunanjo embala\u017eo.<\/p><hr class=\"\" data-start=\"2860\" data-end=\"2863\" \/><h3 class=\"\" data-start=\"2865\" data-end=\"2922\">Kaj storiti, \u010de je po\u0161iljka zadr\u017eana, zamujena ali po\u0161kodovana?<\/h3><p class=\"\" data-start=\"2923\" data-end=\"3028\"><strong data-start=\"2923\" data-end=\"2929\">A:<\/strong> Vsa naro\u010dila spremljamo od odpreme do dostave. \u010ce po\u0161iljka zamuja ali je po\u0161kodovana med prevozom:<\/p><ul data-start=\"3029\" data-end=\"3189\"><li class=\"\" data-start=\"3029\" data-end=\"3065\"><p class=\"\" data-start=\"3031\" data-end=\"3065\">Odprli bomo <strong data-start=\"3046\" data-end=\"3063\">zahtevek prevoznika<\/strong><\/p><\/li><li class=\"\" data-start=\"3066\" data-end=\"3111\"><p class=\"\" data-start=\"3068\" data-end=\"3111\">Preiskava z dokazno dokumentacijo<\/p><\/li><li class=\"\" data-start=\"3112\" data-end=\"3189\"><p class=\"\" data-start=\"3114\" data-end=\"3189\">Ponudite <strong data-start=\"3122\" data-end=\"3147\">zamenjava ali vra\u010dilo<\/strong> kjer je to primerno (glej Smernice za po\u0161iljanje).<\/p><\/li><\/ul><p class=\"\" data-start=\"3191\" data-end=\"3272\">Vsi paketi so zavarovani. Kontaktirajte podporo znotraj <strong data-start=\"3240\" data-end=\"3252\">72 ur<\/strong> o te\u017eavah z dostavo.<\/p><hr class=\"\" data-start=\"3274\" data-end=\"3277\" \/><h3 class=\"\" data-start=\"3279\" data-end=\"3352\">\u00a0Kako sem lahko prepri\u010dan, da prejemam pristno zdravilo Caluanie Muelear Oxidize?<\/h3><p class=\"\" data-start=\"3353\" data-end=\"3384\"><strong data-start=\"3353\" data-end=\"3359\">A:<\/strong> Vsako naro\u010dilo vsebuje:<\/p><ul data-start=\"3385\" data-end=\"3557\"><li class=\"\" data-start=\"3385\" data-end=\"3424\"><p class=\"\" data-start=\"3387\" data-end=\"3424\">A <strong data-start=\"3389\" data-end=\"3422\">Potrdilo o analizi (COA)<\/strong><\/p><\/li><li class=\"\" data-start=\"3425\" data-end=\"3454\"><p class=\"\" data-start=\"3427\" data-end=\"3454\">A <strong data-start=\"3429\" data-end=\"3452\">enotna \u0161tevilka serije<\/strong><\/p><\/li><li class=\"\" data-start=\"3455\" data-end=\"3501\"><p class=\"\" data-start=\"3457\" data-end=\"3501\">Celoten <strong data-start=\"3462\" data-end=\"3499\">Varnostni list materiala (MSDS)<\/strong><\/p><\/li><li class=\"\" data-start=\"3502\" data-end=\"3530\"><p class=\"\" data-start=\"3504\" data-end=\"3530\">Embala\u017ea, ki jo je mogo\u010de za\u0161\u010dititi pred nepoobla\u0161\u010denimi posegi<\/p><\/li><li class=\"\" data-start=\"3531\" data-end=\"3557\"><p class=\"\" data-start=\"3533\" data-end=\"3557\">Sledenje po\u0161iljkam v ZDA<\/p><\/li><\/ul><p class=\"\" data-start=\"3559\" data-end=\"3723\">Smo registrirani ameri\u0161ki dobavitelj in izvajamo popoln nadzor kakovosti vseh serij. Verodostojnost naro\u010dila lahko preverite prek <strong data-start=\"3690\" data-end=\"3722\"><a rel=\"noopener\" data-start=\"3692\" data-end=\"3720\">sales@ultrabreakfluids.com<\/a><\/strong>.<\/p><hr class=\"\" data-start=\"3725\" data-end=\"3728\" \/><h3 class=\"\" data-start=\"3730\" data-end=\"3789\">Ali lahko prekli\u010dem ali spremenim svoje naro\u010dilo po oddaji?<\/h3><p class=\"\" data-start=\"3790\" data-end=\"4017\"><strong data-start=\"3790\" data-end=\"3796\">A:<\/strong> Da - vendar le <strong data-start=\"3812\" data-end=\"3846\">preden je bil izdelek poslan.<\/strong>. Ko se za\u010dne odprema in carinska obdelava, so odpovedi <strong data-start=\"3911\" data-end=\"3928\">ni dovoljeno<\/strong> zaradi zakonskih in varnostnih predpisov. Pred odpremo skrbno preglejte vse podrobnosti.<\/p><hr class=\"\" data-start=\"4019\" data-end=\"4022\" \/><h3 class=\"\" data-start=\"4024\" data-end=\"4093\">Ali ponujate veleprodajne cene ali ponavljajo\u010de se pogodbe o dobavi?<\/h3><p class=\"\" data-start=\"4094\" data-end=\"4276\"><strong data-start=\"4094\" data-end=\"4100\">A:<\/strong> Da. Ponujamo <strong data-start=\"4115\" data-end=\"4135\">koli\u010dinski popusti<\/strong>, <strong data-start=\"4137\" data-end=\"4160\">veleprodajne pogodbe<\/strong>in <strong data-start=\"4166\" data-end=\"4191\">na\u010drtovana javna naro\u010dila<\/strong> za kvalificirane stranke B2B. Za sklenitev podjetni\u0161kega sporazuma se obrnite neposredno na nas.<\/p><p class=\"\" data-start=\"4278\" data-end=\"4311\"><strong data-start=\"4281\" data-end=\"4311\"><a rel=\"noopener\" data-start=\"4283\" data-end=\"4309\">sales@ultrabreakfluids.com<\/a><\/strong><\/p><hr class=\"\" data-start=\"4313\" data-end=\"4316\" \/><h3 class=\"\" data-start=\"4318\" data-end=\"4365\">\u00a0Kateri so va\u0161i sprejeti na\u010dini pla\u010dila?<\/h3><p class=\"\" data-start=\"4366\" data-end=\"4385\"><strong data-start=\"4366\" data-end=\"4372\">A:<\/strong> Sprejemamo:<\/p><ul data-start=\"4386\" data-end=\"4592\"><li class=\"\" data-start=\"4386\" data-end=\"4442\"><p class=\"\" data-start=\"4388\" data-end=\"4442\"><strong data-start=\"4388\" data-end=\"4411\">Ban\u010dna nakazila<\/strong> (doma\u010di in mednarodni)<\/p><\/li><li class=\"\" data-start=\"4443\" data-end=\"4480\"><p class=\"\" data-start=\"4445\" data-end=\"4480\"><strong data-start=\"4445\" data-end=\"4455\">Zelle\u00ae\u00a0<\/strong><\/p><\/li><li data-start=\"4443\" data-end=\"4480\"><strong>cashapp<\/strong><\/li><li data-start=\"4443\" data-end=\"4480\"><strong>e-transfer<\/strong><\/li><li data-start=\"4443\" data-end=\"4480\"><strong>Apple Pay<\/strong><\/li><li data-start=\"4443\" data-end=\"4480\"><strong>gong<\/strong><\/li><li data-start=\"4443\" data-end=\"4480\"><strong>Bitcoin<\/strong><\/li><li data-start=\"4443\" data-end=\"4480\"><strong>Ethereum<\/strong><\/li><li data-start=\"4443\" data-end=\"4480\"><strong>Litecoin<\/strong><\/li><li class=\"\" data-start=\"4481\" data-end=\"4540\"><p class=\"\" data-start=\"4483\" data-end=\"4540\"><strong data-start=\"4483\" data-end=\"4504\">USDT (TRC20\/USDC)<\/strong> - na zahtevo za odobrene stranke<\/p><\/li><li data-start=\"4481\" data-end=\"4540\"><strong data-start=\"4543\" data-end=\"4562\">Wise \/ Payoneer<\/strong><\/li><\/ul><p class=\"\" data-start=\"4594\" data-end=\"4733\">Vsa pla\u010dila so zakonito zara\u010dunana in preverjena. Mi <strong data-start=\"4645\" data-end=\"4707\">ne sprejemajo gotovine <\/strong>ali pla\u010dila tretjih oseb.<\/p><hr class=\"\" data-start=\"4735\" data-end=\"4738\" \/><h3 class=\"\" data-start=\"4740\" data-end=\"4769\">\u00a0\u0160e vedno imate vpra\u0161anja?<\/h3><p class=\"\" data-start=\"4770\" data-end=\"4898\">Obrnite se na na\u0161o ekipo za pravno podporo in podporo skladnosti:<br data-start=\"4816\" data-end=\"4819\" \/><strong><a rel=\"noopener\" data-start=\"4824\" data-end=\"4855\">sales@ultrabreakfluids.com<\/a><\/strong><\/p><hr class=\"\" data-start=\"4900\" data-end=\"4903\" \/><h3 class=\"\" data-start=\"4905\" data-end=\"4930\">\u00a0Pravna izjava o omejitvi odgovornosti<\/h3><p class=\"\" data-start=\"4931\" data-end=\"5238\">Dru\u017eba UltraBreakfluids Inc. si pridr\u017euje pravico, da zavrne storitev, zahteva dodatno dokumentacijo ali prekli\u010de transakcije, ki niso v skladu z ameri\u0161ko zvezno zakonodajo ali mednarodnimi standardi. Caluanie Muelear Oxidize je razvr\u0161\u010den kot <strong data-start=\"5162\" data-end=\"5185\">nevarna snov<\/strong> z njim lahko ravnajo le usposobljeni strokovnjaki.<\/p>\t\t\t\t\t\t\t\t<\/div>\n\t\t\t\t<\/div>\n\t\t\t\t\t<\/div>\n\t\t\t\t<\/div>\n\t\t\t\t<\/div>","protected":false},"excerpt":{"rendered":"<p>Frequently Asked Questions (FAQs) UltraBreak Fluids Inc. \u2014 Trusted U.S.-Based Supplier of Premium Caluanie Muelear Oxidize Our goal is to ensure safe, legal, and transparent access to industrial-grade Caluanie Muelear Oxidize. Below are our most frequently asked questions to help guide your purchase. Who can legally purchase Caluanie Muelear Oxidize from UltraBreakfluids Inc.? A: We [&hellip;]<\/p>\n","protected":false},"author":1,"featured_media":0,"parent":0,"menu_order":0,"comment_status":"closed","ping_status":"closed","template":"","meta":{"_acf_changed":false,"rs_blank_template":"","rs_page_bg_color":"","slide_template_v7":"","_monsterinsights_skip_tracking":false,"_monsterinsights_sitenote_active":false,"_monsterinsights_sitenote_note":"","_monsterinsights_sitenote_category":0,"footnotes":""},"class_list":["post-2154","page","type-page","status-publish","hentry"],"acf":[],"_hostinger_reach_plugin_has_subscription_block":false,"_hostinger_reach_plugin_is_elementor":false,"jetpack_sharing_enabled":true,"_links":{"self":[{"href":"https:\/\/ultrabreakfluids.com\/sl\/wp-json\/wp\/v2\/pages\/2154","targetHints":{"allow":["GET"]}}],"collection":[{"href":"https:\/\/ultrabreakfluids.com\/sl\/wp-json\/wp\/v2\/pages"}],"about":[{"href":"https:\/\/ultrabreakfluids.com\/sl\/wp-json\/wp\/v2\/types\/page"}],"author":[{"embeddable":true,"href":"https:\/\/ultrabreakfluids.com\/sl\/wp-json\/wp\/v2\/users\/1"}],"replies":[{"embeddable":true,"href":"https:\/\/ultrabreakfluids.com\/sl\/wp-json\/wp\/v2\/comments?post=2154"}],"version-history":[{"count":5,"href":"https:\/\/ultrabreakfluids.com\/sl\/wp-json\/wp\/v2\/pages\/2154\/revisions"}],"predecessor-version":[{"id":2318,"href":"https:\/\/ultrabreakfluids.com\/sl\/wp-json\/wp\/v2\/pages\/2154\/revisions\/2318"}],"wp:attachment":[{"href":"https:\/\/ultrabreakfluids.com\/sl\/wp-json\/wp\/v2\/media?parent=2154"}],"curies":[{"name":"wp","href":"https:\/\/api.w.org\/{rel}","templated":true}]}}