{"id":2129,"date":"2025-05-03T02:37:31","date_gmt":"2025-05-03T02:37:31","guid":{"rendered":"https:\/\/ultrabreakfluids.com\/?page_id=2129"},"modified":"2025-06-12T16:41:41","modified_gmt":"2025-06-12T16:41:41","slug":"nase-storitve","status":"publish","type":"page","link":"https:\/\/ultrabreakfluids.com\/sl\/nase-storitve\/","title":{"rendered":"Na\u0161e storitve"},"content":{"rendered":"<div data-elementor-type=\"wp-page\" data-elementor-id=\"2129\" class=\"elementor elementor-2129\" data-elementor-post-type=\"page\">\n\t\t\t\t<div class=\"elementor-element elementor-element-f6e8409 e-flex e-con-boxed e-con e-parent\" data-id=\"f6e8409\" data-element_type=\"container\" data-e-type=\"container\">\r\n\t\t\t\t\t<div class=\"e-con-inner\">\r\n\t\t\t\t<div class=\"elementor-element elementor-element-def0f3a elementor-headline--style-highlight elementor-widget elementor-widget-animated-headline\" data-id=\"def0f3a\" data-element_type=\"widget\" data-e-type=\"widget\" data-settings=\"{&quot;marker&quot;:&quot;double_underline&quot;,&quot;highlighted_text&quot;:&quot;Our Services&quot;,&quot;headline_style&quot;:&quot;highlight&quot;,&quot;loop&quot;:&quot;yes&quot;,&quot;highlight_animation_duration&quot;:1200,&quot;highlight_iteration_delay&quot;:8000}\" data-widget_type=\"animated-headline.default\">\n\t\t\t\t<div class=\"elementor-widget-container\">\n\t\t\t\t\t\t\t<h3 class=\"elementor-headline\">\n\t\t\t\t<span class=\"elementor-headline-dynamic-wrapper elementor-headline-text-wrapper\">\n\t\t\t\t\t<span class=\"elementor-headline-dynamic-text elementor-headline-text-active\">Na\u0161e storitve<\/span>\n\t\t\t\t<\/span>\n\t\t\t\t<\/h3>\n\t\t\t\t\t\t<\/div>\n\t\t\t\t<\/div>\n\t\t\t\t\t<\/div>\n\t\t\t\t<\/div>\n\t\t<div class=\"elementor-element elementor-element-e91bb44 e-flex e-con-boxed e-con e-parent\" data-id=\"e91bb44\" data-element_type=\"container\" data-e-type=\"container\">\r\n\t\t\t\t\t<div class=\"e-con-inner\">\r\n\t\t\t\t<div class=\"elementor-element elementor-element-a740189 elementor-widget elementor-widget-text-editor\" data-id=\"a740189\" data-element_type=\"widget\" data-e-type=\"widget\" data-widget_type=\"text-editor.default\">\n\t\t\t\t<div class=\"elementor-widget-container\">\n\t\t\t\t\t\t\t\t\t<h4 data-start=\"385\" data-end=\"469\"><strong data-start=\"385\" data-end=\"469\">UltraBreak Fluids Inc. - ameri\u0161ki dobavitelj vrhunskega kaluija Muelear Oxidize<\/strong><\/h4><p class=\"\" data-start=\"471\" data-end=\"690\">Ponosno slu\u017eimo reguliranim industrijam, laboratorijem in strokovnjakom za mednarodno trgovino z vrhunskimi <strong data-start=\"568\" data-end=\"596\">Caluanie Muelear Oxidize<\/strong>, ki ga podpirajo popolna skladnost s predpisi in zagotovilo za stranke. \u010ce \u017eelite izvedeti ve\u010d, tapnite kateri koli spodnji razdelek.<\/p>\t\t\t\t\t\t\t\t<\/div>\n\t\t\t\t<\/div>\n\t\t\t\t\t<\/div>\n\t\t\t\t<\/div>\n\t\t<div class=\"elementor-element elementor-element-0989718 e-flex e-con-boxed e-con e-parent\" data-id=\"0989718\" data-element_type=\"container\" data-e-type=\"container\">\r\n\t\t\t\t\t<div class=\"e-con-inner\">\r\n\t\t\t\t<div class=\"elementor-element elementor-element-0aa345e elementor-widget elementor-widget-text-editor\" data-id=\"0aa345e\" data-element_type=\"widget\" data-e-type=\"widget\" data-widget_type=\"text-editor.default\">\n\t\t\t\t<div class=\"elementor-widget-container\">\n\t\t\t\t\t\t\t\t\t<h3 class=\"\" data-start=\"697\" data-end=\"734\">1. Certificirana oskrba s kemikalijami<\/h3><p class=\"\" data-start=\"735\" data-end=\"800\"><strong data-start=\"735\" data-end=\"754\">Razpolo\u017eljive velikosti<\/strong>: 1L | 5L | 10L | 20L | 50L | 100L<\/p><p>Na\u0161 Caluanie Muelear Oxidize je laboratorijsko preizku\u0161en za industrijsko \u010distost.<\/p><ul><li><em data-start=\"885\" data-end=\"925\">Potrjen COA (potrdilo o analizi)<\/em><\/li><li><em data-start=\"930\" data-end=\"971\">Skladen z MSDS v skladu s standardi ameri\u0161ke agencije OSHA<\/em><\/li><li><em data-start=\"976\" data-end=\"1010\">Zape\u010datena embala\u017ea, ki jo je mogo\u010de za\u0161\u010dititi pred nepoobla\u0161\u010denimi posegi<\/em><\/li><\/ul><blockquote data-start=\"1012\" data-end=\"1097\"><p class=\"\" data-start=\"1014\" data-end=\"1097\"><strong data-start=\"1014\" data-end=\"1026\">Primer uporabe<\/strong>: Obdelava kovin, razgradnja topil, postopki industrijske oksidacije.<\/p><\/blockquote><hr class=\"\" data-start=\"1099\" data-end=\"1102\" \/><h3 class=\"\" data-start=\"1104\" data-end=\"1138\">\u00a02. Global Hazmat Shipping<\/h3><p>Po vsem svetu dostavljamo v skladu s standardi IATA in ameri\u0161kimi standardi hazmat.<\/p><ul><li>Spremljana in zavarovana dostava<\/li><li>Vklju\u010dena izvozna dokumentacija<\/li><li>Pomo\u010d pri carinjenju<\/li><\/ul><blockquote data-start=\"1296\" data-end=\"1361\"><p class=\"\" data-start=\"1298\" data-end=\"1361\"><em data-start=\"1298\" data-end=\"1359\">Obravnava vse dr\u017eave z dokumentiranim izvozom kemikalij.<\/em><\/p><\/blockquote>\t\t\t\t\t\t\t\t<\/div>\n\t\t\t\t<\/div>\n\t\t\t\t\t<\/div>\n\t\t\t\t<\/div>\n\t\t<div class=\"elementor-element elementor-element-e17e42a e-flex e-con-boxed e-con e-parent\" data-id=\"e17e42a\" data-element_type=\"container\" data-e-type=\"container\">\r\n\t\t\t\t\t<div class=\"e-con-inner\">\r\n\t\t\t\t<div class=\"elementor-element elementor-element-9680110 elementor-widget elementor-widget-text-editor\" data-id=\"9680110\" data-element_type=\"widget\" data-e-type=\"widget\" data-widget_type=\"text-editor.default\">\n\t\t\t\t<div class=\"elementor-widget-container\">\n\t\t\t\t\t\t\t\t\t<h3 class=\"\" data-start=\"1368\" data-end=\"1411\">Regulativna podpora in podpora skladnosti<\/h3><p class=\"\" data-start=\"1412\" data-end=\"1453\">Popolna pravna podpora z vsako po\u0161iljko:<\/p><ul data-start=\"1454\" data-end=\"1581\"><li class=\"\" data-start=\"1454\" data-end=\"1468\"><p class=\"\" data-start=\"1456\" data-end=\"1468\">MSDS IN COA<\/p><\/li><li class=\"\" data-start=\"1469\" data-end=\"1492\"><p class=\"\" data-start=\"1471\" data-end=\"1492\">izjave o nevarnosti<\/p><\/li><li class=\"\" data-start=\"1493\" data-end=\"1534\"><p class=\"\" data-start=\"1495\" data-end=\"1534\">Skladnost ra\u010duna in embala\u017ee po meri<\/p><\/li><li class=\"\" data-start=\"1535\" data-end=\"1581\"><p class=\"\" data-start=\"1537\" data-end=\"1581\">Dovoljenje za nakup za poslovne kupce<\/p><\/li><\/ul><blockquote data-start=\"1583\" data-end=\"1658\"><p class=\"\" data-start=\"1585\" data-end=\"1658\">Potrebujete lokalno dokumentacijo? Samo vpra\u0161ajte - na\u0161a ekipa za skladnost vas bo poskrbela.<\/p><\/blockquote><hr class=\"\" data-start=\"1660\" data-end=\"1663\" \/><h3 class=\"\" data-start=\"1665\" data-end=\"1715\">4. Industrijska javna naro\u010dila in pogodbe B2B<\/h3><p class=\"\" data-start=\"1716\" data-end=\"1774\">Za rafinerije, tovarne, laboratorije za raziskave in razvoj ter trgovce na debelo:<\/p><ul data-start=\"1775\" data-end=\"1863\"><li class=\"\" data-start=\"1775\" data-end=\"1799\"><p class=\"\" data-start=\"1777\" data-end=\"1799\">Oblikovanje cen na podlagi obsega<\/p><\/li><li class=\"\" data-start=\"1800\" data-end=\"1828\"><p class=\"\" data-start=\"1802\" data-end=\"1828\">Sporazumi o dobavi po meri<\/p><\/li><li class=\"\" data-start=\"1829\" data-end=\"1863\"><p class=\"\" data-start=\"1831\" data-end=\"1863\">Zaupne mno\u017ei\u010dne transakcije<\/p><\/li><\/ul><blockquote data-start=\"1865\" data-end=\"1959\"><p class=\"\" data-start=\"1867\" data-end=\"1959\">Ponujamo <strong data-start=\"1876\" data-end=\"1909\">dolgoro\u010dna partnerstva za dobavo<\/strong> pod varnimi pogoji in sledljivimi dobavnimi verigami.<\/p><\/blockquote><hr class=\"\" data-start=\"1961\" data-end=\"1964\" \/><h3 class=\"\" data-start=\"1966\" data-end=\"1999\">\u00a05. Strokovna podpora (24\/7)<\/h3><p class=\"\" data-start=\"2000\" data-end=\"2157\">Pravi ljudje. Hitro odzivanje. Globalni doseg.<br data-start=\"2041\" data-end=\"2044\" \/>\u2705 Tehni\u010dne poizvedbe o izdelkih<br data-start=\"2073\" data-end=\"2076\" \/>\u2705 Pomo\u010d za dokumentacijo<br data-start=\"2096\" data-end=\"2099\" \/>\u2705 Pomo\u010d pri ponavljanju naro\u010dil<br data-start=\"2124\" data-end=\"2127\" \/>\u2705 Primeri uvoza\/izvoza po meri<\/p><p class=\"\" data-start=\"2159\" data-end=\"2236\"><a rel=\"noopener\" data-start=\"2162\" data-end=\"2190\">sales@ultrabreakfluids.com<\/a><br data-start=\"2190\" data-end=\"2193\" \/>Lokacija : Las Vegas , Nevada\u00a0<\/p><p class=\"\" data-start=\"2159\" data-end=\"2236\"><a class=\"\" href=\"https:\/\/ultrabreakfluids.com\/sl\/\" target=\"_new\" rel=\"noopener\" data-start=\"2212\" data-end=\"2236\">www.ultrabreakfluids.com<\/a><\/p>\t\t\t\t\t\t\t\t<\/div>\n\t\t\t\t<\/div>\n\t\t\t\t\t<\/div>\n\t\t\t\t<\/div>\n\t\t<div class=\"elementor-element elementor-element-386845b e-flex e-con-boxed e-con e-parent\" data-id=\"386845b\" data-element_type=\"container\" data-e-type=\"container\">\r\n\t\t\t\t\t<div class=\"e-con-inner\">\r\n\t\t\t\t<div class=\"elementor-element elementor-element-7f21b94 elementor-widget elementor-widget-spacer\" data-id=\"7f21b94\" data-element_type=\"widget\" data-e-type=\"widget\" data-widget_type=\"spacer.default\">\n\t\t\t\t<div class=\"elementor-widget-container\">\n\t\t\t\t\t\t\t<div class=\"elementor-spacer\">\n\t\t\t<div class=\"elementor-spacer-inner\"><\/div>\n\t\t<\/div>\n\t\t\t\t\t\t<\/div>\n\t\t\t\t<\/div>\n\t\t\t\t\t<\/div>\n\t\t\t\t<\/div>\n\t\t<div class=\"elementor-element elementor-element-f3911d6 e-flex e-con-boxed e-con e-parent\" data-id=\"f3911d6\" data-element_type=\"container\" data-e-type=\"container\">\r\n\t\t\t\t\t<div class=\"e-con-inner\">\r\n\t\t\t\t<div class=\"elementor-element elementor-element-6860efd elementor-headline--style-highlight elementor-widget elementor-widget-animated-headline\" data-id=\"6860efd\" data-element_type=\"widget\" data-e-type=\"widget\" data-settings=\"{&quot;marker&quot;:&quot;underline&quot;,&quot;highlighted_text&quot;:&quot;Legal Notice&quot;,&quot;headline_style&quot;:&quot;highlight&quot;,&quot;loop&quot;:&quot;yes&quot;,&quot;highlight_animation_duration&quot;:1200,&quot;highlight_iteration_delay&quot;:8000}\" data-widget_type=\"animated-headline.default\">\n\t\t\t\t<div class=\"elementor-widget-container\">\n\t\t\t\t\t\t\t<h3 class=\"elementor-headline\">\n\t\t\t\t<span class=\"elementor-headline-dynamic-wrapper elementor-headline-text-wrapper\">\n\t\t\t\t\t<span class=\"elementor-headline-dynamic-text elementor-headline-text-active\">Pravno obvestilo<\/span>\n\t\t\t\t<\/span>\n\t\t\t\t<\/h3>\n\t\t\t\t\t\t<\/div>\n\t\t\t\t<\/div>\n\t\t\t\t\t<\/div>\n\t\t\t\t<\/div>\n\t\t<div class=\"elementor-element elementor-element-9407981 e-flex e-con-boxed e-con e-parent\" data-id=\"9407981\" data-element_type=\"container\" data-e-type=\"container\">\r\n\t\t\t\t\t<div class=\"e-con-inner\">\r\n\t\t\t\t<div class=\"elementor-element elementor-element-3a89b38 elementor-widget elementor-widget-text-editor\" data-id=\"3a89b38\" data-element_type=\"widget\" data-e-type=\"widget\" data-widget_type=\"text-editor.default\">\n\t\t\t\t<div class=\"elementor-widget-container\">\n\t\t\t\t\t\t\t\t\t<p class=\"\" data-start=\"2265\" data-end=\"2477\">Dobavljamo samo v jurisdikcije, kjer je zdravilo Caluanie Muelear Oxidize <strong data-start=\"2331\" data-end=\"2341\">zakonito<\/strong>.<br data-start=\"2342\" data-end=\"2345\" \/>Nadaljnja prodaja, prepakiranje ali nedovoljena uporaba niso dovoljeni. Vsa naro\u010dila morajo biti pregledana in odobrena v skladu z izvoznimi predpisi ZDA.<\/p><hr class=\"\" data-start=\"2479\" data-end=\"2482\" \/><h5 data-start=\"2484\" data-end=\"2578\"><strong data-start=\"2484\" data-end=\"2510\">UltraBreak Fluids Inc.<\/strong><br data-start=\"2510\" data-end=\"2513\" \/><em data-start=\"2513\" data-end=\"2576\">Premium Chemicals. International Trust. Pravna odgovornost.<\/em><\/h5>\t\t\t\t\t\t\t\t<\/div>\n\t\t\t\t<\/div>\n\t\t\t\t\t<\/div>\n\t\t\t\t<\/div>\n\t\t\t\t<\/div>","protected":false},"excerpt":{"rendered":"<p>Our Services UltraBreak Fluids Inc. \u2013 U.S.-Based Supplier of Premium Caluanie Muelear Oxidize We proudly serve regulated industries, labs, and international trade professionals with top-tier Caluanie Muelear Oxidize, backed by full legal compliance and customer assurance. Tap any section below to learn more. 1. Certified Chemical Supply Available Sizes: 1L | 5L | 10L | [&hellip;]<\/p>\n","protected":false},"author":1,"featured_media":0,"parent":0,"menu_order":0,"comment_status":"closed","ping_status":"closed","template":"","meta":{"_acf_changed":false,"rs_blank_template":"","rs_page_bg_color":"","slide_template_v7":"","_monsterinsights_skip_tracking":false,"_monsterinsights_sitenote_active":false,"_monsterinsights_sitenote_note":"","_monsterinsights_sitenote_category":0,"footnotes":""},"class_list":["post-2129","page","type-page","status-publish","hentry"],"acf":[],"jetpack_sharing_enabled":true,"_links":{"self":[{"href":"https:\/\/ultrabreakfluids.com\/sl\/wp-json\/wp\/v2\/pages\/2129","targetHints":{"allow":["GET"]}}],"collection":[{"href":"https:\/\/ultrabreakfluids.com\/sl\/wp-json\/wp\/v2\/pages"}],"about":[{"href":"https:\/\/ultrabreakfluids.com\/sl\/wp-json\/wp\/v2\/types\/page"}],"author":[{"embeddable":true,"href":"https:\/\/ultrabreakfluids.com\/sl\/wp-json\/wp\/v2\/users\/1"}],"replies":[{"embeddable":true,"href":"https:\/\/ultrabreakfluids.com\/sl\/wp-json\/wp\/v2\/comments?post=2129"}],"version-history":[{"count":5,"href":"https:\/\/ultrabreakfluids.com\/sl\/wp-json\/wp\/v2\/pages\/2129\/revisions"}],"predecessor-version":[{"id":2322,"href":"https:\/\/ultrabreakfluids.com\/sl\/wp-json\/wp\/v2\/pages\/2129\/revisions\/2322"}],"wp:attachment":[{"href":"https:\/\/ultrabreakfluids.com\/sl\/wp-json\/wp\/v2\/media?parent=2129"}],"curies":[{"name":"wp","href":"https:\/\/api.w.org\/{rel}","templated":true}]}}