{"id":2098,"date":"2025-05-02T02:35:45","date_gmt":"2025-05-02T02:35:45","guid":{"rendered":"https:\/\/ultrabreakfluids.com\/?page_id=2098"},"modified":"2025-06-12T16:55:47","modified_gmt":"2025-06-12T16:55:47","slug":"pogoji-pogoji-obvestilo-o-skladnosti-s-predpisi","status":"publish","type":"page","link":"https:\/\/ultrabreakfluids.com\/sl\/pogoji-pogoji-obvestilo-o-skladnosti-s-predpisi\/","title":{"rendered":"Pogoji in dolo\u010dila + Obvestilo o pravni skladnosti"},"content":{"rendered":"<div data-elementor-type=\"wp-page\" data-elementor-id=\"2098\" class=\"elementor elementor-2098\" data-elementor-post-type=\"page\">\n\t\t\t\t<div class=\"elementor-element elementor-element-1f9081c e-flex e-con-boxed e-con e-parent\" data-id=\"1f9081c\" data-element_type=\"container\" data-e-type=\"container\">\r\n\t\t\t\t\t<div class=\"e-con-inner\">\r\n\t\t\t\t<div class=\"elementor-element elementor-element-1d16746 elementor-widget elementor-widget-porto_ultimate_heading\" data-id=\"1d16746\" data-element_type=\"widget\" data-e-type=\"widget\" data-widget_type=\"porto_ultimate_heading.default\">\n\t\t\t\t<div class=\"elementor-widget-container\">\n\t\t\t\t\t<div class=\"porto-u-heading  porto-u-55ca8359258f9a412be7e73af65d2aac\"><div class=\"porto-u-main-heading\"><h2   >Pogoji in dolo\u010dila + Obvestilo o pravni skladnosti<\/h2><\/div><style>.porto-u-55ca8359258f9a412be7e73af65d2aac.porto-u-heading{text-align:center}<\/style><\/div>\t\t\t\t<\/div>\n\t\t\t\t<\/div>\n\t\t\t\t\t<\/div>\n\t\t\t\t<\/div>\n\t\t<div class=\"elementor-element elementor-element-19ffa79 e-flex e-con-boxed e-con e-parent\" data-id=\"19ffa79\" data-element_type=\"container\" data-e-type=\"container\">\r\n\t\t\t\t\t<div class=\"e-con-inner\">\r\n\t\t\t\t<div class=\"elementor-element elementor-element-c9b9907 elementor-widget elementor-widget-text-editor\" data-id=\"c9b9907\" data-element_type=\"widget\" data-e-type=\"widget\" data-widget_type=\"text-editor.default\">\n\t\t\t\t<div class=\"elementor-widget-container\">\n\t\t\t\t\t\t\t\t\t<p class=\"\" data-start=\"371\" data-end=\"510\"><strong data-start=\"455\" data-end=\"510\">V lasti in upravljanju: (ZDA)<\/strong><\/p><p class=\"\" data-start=\"512\" data-end=\"770\">Ti pogoji urejajo va\u0161 dostop do spletnega mesta UltraBreakFluids.com in njegovo uporabo ter nakup kakr\u0161nih koli izdelkov, vklju\u010dno z izdelkom Caluanie Muelear Oxidize dru\u017ebe UltraBreak Fluids Inc.\u00a0<\/p><p class=\"\" data-start=\"772\" data-end=\"948\">Z dostopom do tega spletnega mesta, njegovo uporabo ali oddajo naro\u010dila, <strong data-start=\"826\" data-end=\"859\">se strinjate, da boste pravno zavezani.<\/strong> s temi pogoji, na\u0161imi <a class=\"\" href=\"https:\/\/ultrabreakfluids.com\/sl\/politika-zasebnosti\/\" rel=\"noopener\" data-start=\"880\" data-end=\"899\">Politika zasebnosti<\/a>ter vsi veljavni ameri\u0161ki in mednarodni zakoni.<\/p><hr class=\"\" data-start=\"950\" data-end=\"953\" \/><h2 class=\"\" data-start=\"955\" data-end=\"976\">1. <strong data-start=\"961\" data-end=\"976\">Upravi\u010denost<\/strong><\/h2><p class=\"\" data-start=\"978\" data-end=\"1206\">Biti morate vsaj <strong data-start=\"999\" data-end=\"1018\">18 let<\/strong> in sposobni skleniti pravno zavezujo\u010do pogodbo o uporabi na\u0161ega spletnega mesta ali nakupu na\u0161ih izdelkov. Ne prodajamo mladoletnim osebam ali v jurisdikcije, kjer je na\u0161 izdelek omejen ali nezakonit.<\/p><hr class=\"\" data-start=\"1208\" data-end=\"1211\" \/><h2 class=\"\" data-start=\"1213\" data-end=\"1238\">2. <strong data-start=\"1219\" data-end=\"1238\">Uporaba izdelkov<\/strong><\/h2><p class=\"\" data-start=\"1240\" data-end=\"1411\">Vsi izdelki, ki se prodajajo prek UltraBreakFluids.com, so <strong data-start=\"1291\" data-end=\"1352\">samo za zakonito industrijsko, laboratorijsko ali komercialno uporabo.<\/strong>. Kupec se strinja, da izdelka Caluanie Muelear Oxidize ne bo uporabljal za:<\/p><ul data-start=\"1412\" data-end=\"1543\"><li class=\"\" data-start=\"1412\" data-end=\"1451\"><p class=\"\" data-start=\"1414\" data-end=\"1451\">Kakr\u0161en koli nezakonit ali nepoobla\u0161\u010den namen.<\/p><\/li><li class=\"\" data-start=\"1452\" data-end=\"1507\"><p class=\"\" data-start=\"1454\" data-end=\"1507\">proizvodnja nadzorovanih snovi ali oro\u017eja.<\/p><\/li><li class=\"\" data-start=\"1508\" data-end=\"1543\"><p class=\"\" data-start=\"1510\" data-end=\"1543\">Osebna ali rekreativna zloraba<\/p><\/li><\/ul><p class=\"\" data-start=\"1545\" data-end=\"1626\"><strong data-start=\"1545\" data-end=\"1626\">Zloraba na\u0161ih izdelkov je strogo prepovedana in lahko povzro\u010di sodne postopke.<\/strong><\/p><hr class=\"\" data-start=\"1628\" data-end=\"1631\" \/><h2 class=\"\" data-start=\"1633\" data-end=\"1669\">3. <strong data-start=\"1639\" data-end=\"1669\">Skladnost z izvozom in uvozom<\/strong><\/h2><p class=\"\" data-start=\"1671\" data-end=\"1756\">V celoti spo\u0161tujemo ameri\u0161ke izvozne predpise in pri\u010dakujemo, da bodo enako ravnale tudi na\u0161e stranke.<\/p><h3 class=\"\" data-start=\"1758\" data-end=\"1785\">Odgovornosti kupca:<\/h3><ul data-start=\"1786\" data-end=\"2037\"><li class=\"\" data-start=\"1786\" data-end=\"1861\"><p class=\"\" data-start=\"1788\" data-end=\"1861\">Prepri\u010dajte se, da je uvoz izdelka Caluanie Muelear Oxidize zakonit v va\u0161i dr\u017eavi<\/p><\/li><li class=\"\" data-start=\"1862\" data-end=\"1926\"><p class=\"\" data-start=\"1864\" data-end=\"1926\">pridobite vsa potrebna dovoljenja, licence ali carinske formalnosti.<\/p><\/li><li class=\"\" data-start=\"1927\" data-end=\"1982\"><p class=\"\" data-start=\"1929\" data-end=\"1982\">Zagotovite natan\u010dne podatke o odpremi in dokumentaciji.<\/p><\/li><li class=\"\" data-start=\"1983\" data-end=\"2037\"><p class=\"\" data-start=\"1985\" data-end=\"2037\">prevzemanje polne odgovornosti za carinske zamude ali zavrnitve<\/p><\/li><\/ul><p class=\"\" data-start=\"2039\" data-end=\"2070\">Mi smo <strong data-start=\"2046\" data-end=\"2065\">ni odgovoren<\/strong> za:<\/p><ul data-start=\"2071\" data-end=\"2244\"><li class=\"\" data-start=\"2071\" data-end=\"2123\"><p class=\"\" data-start=\"2073\" data-end=\"2123\">zasegi ali zavrnitve s strani carine v va\u0161i dr\u017eavi.<\/p><\/li><li class=\"\" data-start=\"2124\" data-end=\"2184\"><p class=\"\" data-start=\"2126\" data-end=\"2184\">Globe, dajatve ali davki, ki jih nalo\u017eijo uvozni organi<\/p><\/li><li class=\"\" data-start=\"2185\" data-end=\"2244\"><p class=\"\" data-start=\"2187\" data-end=\"2244\">Zamude zaradi zahtev po dokumentaciji ali regulativnih pregledov<\/p><\/li><\/ul><hr class=\"\" data-start=\"2246\" data-end=\"2249\" \/><h2 class=\"\" data-start=\"2251\" data-end=\"2282\">4. <strong data-start=\"2257\" data-end=\"2282\">Intelektualna lastnina<\/strong><\/h2><p class=\"\" data-start=\"2284\" data-end=\"2536\">Vsa vsebina na spletnem mestu - vklju\u010dno z logotipi, blagovnimi znamkami, opisi izdelkov, slikami in dokumentacijo - je <strong data-start=\"2392\" data-end=\"2443\">intelektualna lastnina dru\u017ebe UltraBreakFluids Inc.<\/strong> Brez izrecnega pisnega dovoljenja na\u0161ega gradiva ne smete kopirati, ponovno objavljati ali raz\u0161irjati.<\/p><hr class=\"\" data-start=\"2538\" data-end=\"2541\" \/><h2 class=\"\" data-start=\"2543\" data-end=\"2575\">5. <strong data-start=\"2549\" data-end=\"2575\">Cene in razpolo\u017eljivost<\/strong><\/h2><p class=\"\" data-start=\"2577\" data-end=\"2687\">Vse cene so navedene v ameri\u0161kih dolarjih (USD) in se lahko spremenijo brez predhodnega obvestila. Pridr\u017eujemo si pravico do:<\/p><ul data-start=\"2688\" data-end=\"2819\"><li class=\"\" data-start=\"2688\" data-end=\"2737\"><p class=\"\" data-start=\"2690\" data-end=\"2737\">preklicati ali zavrniti naro\u010dila zaradi napak pri dolo\u010danju cen.<\/p><\/li><li class=\"\" data-start=\"2738\" data-end=\"2781\"><p class=\"\" data-start=\"2740\" data-end=\"2781\">Omejitev razpolo\u017eljivih koli\u010din na stranko<\/p><\/li><li class=\"\" data-start=\"2782\" data-end=\"2819\"><p class=\"\" data-start=\"2784\" data-end=\"2819\">kadar koli prenehati s prodajo katerega koli izdelka.<\/p><\/li><\/ul><hr class=\"\" data-start=\"2821\" data-end=\"2824\" \/><h2 class=\"\" data-start=\"2826\" data-end=\"2859\">6. <strong data-start=\"2832\" data-end=\"2859\">Omejitev odgovornosti<\/strong><\/h2><p class=\"\" data-start=\"2861\" data-end=\"3014\">Dru\u017eba UltraBreakFluids Inc. ni odgovorna za nobeno posredno, naklju\u010dno ali posledi\u010dno \u0161kodo, ki izhaja iz:<\/p><ul data-start=\"3015\" data-end=\"3123\"><li class=\"\" data-start=\"3015\" data-end=\"3033\"><p class=\"\" data-start=\"3017\" data-end=\"3033\">Zloraba izdelka<\/p><\/li><li class=\"\" data-start=\"3034\" data-end=\"3053\"><p class=\"\" data-start=\"3036\" data-end=\"3053\">Zamude pri po\u0161iljanju<\/p><\/li><li class=\"\" data-start=\"3054\" data-end=\"3081\"><p class=\"\" data-start=\"3056\" data-end=\"3081\">Regulativne omejitve<\/p><\/li><li class=\"\" data-start=\"3082\" data-end=\"3123\"><p class=\"\" data-start=\"3084\" data-end=\"3123\">Izgubljeni dobi\u010dek ali prekinitev poslovanja<\/p><\/li><\/ul><p class=\"\" data-start=\"3125\" data-end=\"3220\">Vsi izdelki se prodajajo <strong data-start=\"3147\" data-end=\"3158\">\"kot je\"<\/strong> in . <strong data-start=\"3163\" data-end=\"3185\">brez jamstev<\/strong>, razen \u010de je to posebej navedeno.<\/p><hr class=\"\" data-start=\"3222\" data-end=\"3225\" \/><h2 class=\"\" data-start=\"3227\" data-end=\"3250\">7. <strong data-start=\"3233\" data-end=\"3250\">Pristojno pravo<\/strong><\/h2><p class=\"\" data-start=\"3252\" data-end=\"3508\">Ti pogoji se urejajo in razlagajo v skladu z zakoni <strong data-start=\"3321\" data-end=\"3373\">Zvezna dr\u017eava Nevada<\/strong>, ZDA, brez upo\u0161tevanja na\u010del kolizije zakonov. Morebitne pravne spore re\u0161ujejo pristojna sodi\u0161\u010da Zdru\u017eenih dr\u017eav Amerike.<\/p><hr class=\"\" data-start=\"3510\" data-end=\"3513\" \/><h2 class=\"\" data-start=\"3515\" data-end=\"3547\">8. <strong data-start=\"3521\" data-end=\"3547\">Odgovornost za ra\u010dun<\/strong><\/h2><p class=\"\" data-start=\"3549\" data-end=\"3761\">Odgovorni ste za ohranjanje zaupnosti svojega ra\u010duna in gesla ter za omejevanje dostopa do svoje naprave. Strinjate se, da boste prevzeli odgovornost za vse dejavnosti, ki se izvajajo v va\u0161em ra\u010dunu.<\/p><hr class=\"\" data-start=\"3763\" data-end=\"3766\" \/><h2 class=\"\" data-start=\"3768\" data-end=\"3794\">9. <strong data-start=\"3774\" data-end=\"3794\">Spremembe pogojev<\/strong><\/h2><p class=\"\" data-start=\"3796\" data-end=\"3996\">Pridr\u017eujemo si pravico, da te pogoje kadar koli posodobimo ali spremenimo. Posodobitve bodo objavljene na tej strani s posodobljenim datumom veljavnosti. Nadaljnja uporaba spletnega mesta pomeni, da se strinjate s spremenjenimi pogoji.<\/p><hr class=\"\" data-start=\"3998\" data-end=\"4001\" \/><h2 class=\"\" data-start=\"4003\" data-end=\"4024\">10. <strong data-start=\"4010\" data-end=\"4024\">Pi\u0161ite na<\/strong><\/h2><p class=\"\" data-start=\"4026\" data-end=\"4101\">\u010ce imate vpra\u0161anja v zvezi s temi pogoji ali na\u0161imi pravnimi pravili, se obrnite na:<\/p><p class=\"\" data-start=\"4103\" data-end=\"4229\"><strong data-start=\"4103\" data-end=\"4129\">UltraBreak Fluids Inc.<\/strong><br data-start=\"4129\" data-end=\"4132\" \/>\ud83d\udce7 <a rel=\"noopener\" data-start=\"4135\" data-end=\"4161\">sales@ultrabreakfluids.com<\/a><br data-start=\"4161\" data-end=\"4164\" \/>\ud83d\udccd Las Vegas , Nevada<br data-start=\"4191\" data-end=\"4194\" \/>\ud83c\udf10 <a class=\"\" href=\"https:\/\/ultrabreakfluids.com\/sl\/\" target=\"_new\" rel=\"noopener\" data-start=\"4197\" data-end=\"4229\">https:\/\/www.ultrabreakfluids.com<\/a><\/p>\t\t\t\t\t\t\t\t<\/div>\n\t\t\t\t<\/div>\n\t\t\t\t\t<\/div>\n\t\t\t\t<\/div>\n\t\t\t\t<\/div>","protected":false},"excerpt":{"rendered":"<p>Terms &#038; Conditions + Legal Compliance Notice Owned and Operated by: UltraBreak Fluids Inc. (USA) These Terms &amp; Conditions govern your access to and use of the website UltraBreakFluids.com and the purchase of any products, including Caluanie Muelear Oxidize from UltraBreak Fluids Inc.\u00a0 By accessing or using this Site, or placing an order, you agree [&hellip;]<\/p>\n","protected":false},"author":1,"featured_media":0,"parent":0,"menu_order":0,"comment_status":"closed","ping_status":"closed","template":"","meta":{"_acf_changed":false,"rs_blank_template":"","rs_page_bg_color":"","slide_template_v7":"","_monsterinsights_skip_tracking":false,"_monsterinsights_sitenote_active":false,"_monsterinsights_sitenote_note":"","_monsterinsights_sitenote_category":0,"footnotes":""},"class_list":["post-2098","page","type-page","status-publish","hentry"],"acf":[],"_hostinger_reach_plugin_has_subscription_block":false,"_hostinger_reach_plugin_is_elementor":false,"jetpack_sharing_enabled":true,"_links":{"self":[{"href":"https:\/\/ultrabreakfluids.com\/sl\/wp-json\/wp\/v2\/pages\/2098","targetHints":{"allow":["GET"]}}],"collection":[{"href":"https:\/\/ultrabreakfluids.com\/sl\/wp-json\/wp\/v2\/pages"}],"about":[{"href":"https:\/\/ultrabreakfluids.com\/sl\/wp-json\/wp\/v2\/types\/page"}],"author":[{"embeddable":true,"href":"https:\/\/ultrabreakfluids.com\/sl\/wp-json\/wp\/v2\/users\/1"}],"replies":[{"embeddable":true,"href":"https:\/\/ultrabreakfluids.com\/sl\/wp-json\/wp\/v2\/comments?post=2098"}],"version-history":[{"count":8,"href":"https:\/\/ultrabreakfluids.com\/sl\/wp-json\/wp\/v2\/pages\/2098\/revisions"}],"predecessor-version":[{"id":2327,"href":"https:\/\/ultrabreakfluids.com\/sl\/wp-json\/wp\/v2\/pages\/2098\/revisions\/2327"}],"wp:attachment":[{"href":"https:\/\/ultrabreakfluids.com\/sl\/wp-json\/wp\/v2\/media?parent=2098"}],"curies":[{"name":"wp","href":"https:\/\/api.w.org\/{rel}","templated":true}]}}