{"id":2129,"date":"2025-05-03T02:37:31","date_gmt":"2025-05-03T02:37:31","guid":{"rendered":"https:\/\/ultrabreakfluids.com\/?page_id=2129"},"modified":"2025-06-12T16:41:41","modified_gmt":"2025-06-12T16:41:41","slug":"serviciile-noastre","status":"publish","type":"page","link":"https:\/\/ultrabreakfluids.com\/ro\/serviciile-noastre\/","title":{"rendered":"Serviciile noastre"},"content":{"rendered":"<div data-elementor-type=\"wp-page\" data-elementor-id=\"2129\" class=\"elementor elementor-2129\" data-elementor-post-type=\"page\">\n\t\t\t\t<div class=\"elementor-element elementor-element-f6e8409 e-flex e-con-boxed e-con e-parent\" data-id=\"f6e8409\" data-element_type=\"container\" data-e-type=\"container\">\r\n\t\t\t\t\t<div class=\"e-con-inner\">\r\n\t\t\t\t<div class=\"elementor-element elementor-element-def0f3a elementor-headline--style-highlight elementor-widget elementor-widget-animated-headline\" data-id=\"def0f3a\" data-element_type=\"widget\" data-e-type=\"widget\" data-settings=\"{&quot;marker&quot;:&quot;double_underline&quot;,&quot;highlighted_text&quot;:&quot;Our Services&quot;,&quot;headline_style&quot;:&quot;highlight&quot;,&quot;loop&quot;:&quot;yes&quot;,&quot;highlight_animation_duration&quot;:1200,&quot;highlight_iteration_delay&quot;:8000}\" data-widget_type=\"animated-headline.default\">\n\t\t\t\t<div class=\"elementor-widget-container\">\n\t\t\t\t\t\t\t<h3 class=\"elementor-headline\">\n\t\t\t\t<span class=\"elementor-headline-dynamic-wrapper elementor-headline-text-wrapper\">\n\t\t\t\t\t<span class=\"elementor-headline-dynamic-text elementor-headline-text-active\">Serviciile noastre<\/span>\n\t\t\t\t<\/span>\n\t\t\t\t<\/h3>\n\t\t\t\t\t\t<\/div>\n\t\t\t\t<\/div>\n\t\t\t\t\t<\/div>\n\t\t\t\t<\/div>\n\t\t<div class=\"elementor-element elementor-element-e91bb44 e-flex e-con-boxed e-con e-parent\" data-id=\"e91bb44\" data-element_type=\"container\" data-e-type=\"container\">\r\n\t\t\t\t\t<div class=\"e-con-inner\">\r\n\t\t\t\t<div class=\"elementor-element elementor-element-a740189 elementor-widget elementor-widget-text-editor\" data-id=\"a740189\" data-element_type=\"widget\" data-e-type=\"widget\" data-widget_type=\"text-editor.default\">\n\t\t\t\t<div class=\"elementor-widget-container\">\n\t\t\t\t\t\t\t\t\t<h4 data-start=\"385\" data-end=\"469\"><strong data-start=\"385\" data-end=\"469\">UltraBreak Fluids Inc. - Furnizor cu sediul \u00een S.U.A. de Caluanie Muelear Oxidize Premium<\/strong><\/h4><p class=\"\" data-start=\"471\" data-end=\"690\">Deservim cu m\u00e2ndrie industriile reglementate, laboratoarele \u0219i profesioni\u0219tii din comer\u021bul interna\u021bional cu produse de top <strong data-start=\"568\" data-end=\"596\">Caluanie Muelear Oxidize<\/strong>, sus\u021binute de conformitatea juridic\u0103 deplin\u0103 \u0219i de asigurarea clien\u021bilor. Atinge\u021bi orice sec\u021biune de mai jos pentru a afla mai multe.<\/p>\t\t\t\t\t\t\t\t<\/div>\n\t\t\t\t<\/div>\n\t\t\t\t\t<\/div>\n\t\t\t\t<\/div>\n\t\t<div class=\"elementor-element elementor-element-0989718 e-flex e-con-boxed e-con e-parent\" data-id=\"0989718\" data-element_type=\"container\" data-e-type=\"container\">\r\n\t\t\t\t\t<div class=\"e-con-inner\">\r\n\t\t\t\t<div class=\"elementor-element elementor-element-0aa345e elementor-widget elementor-widget-text-editor\" data-id=\"0aa345e\" data-element_type=\"widget\" data-e-type=\"widget\" data-widget_type=\"text-editor.default\">\n\t\t\t\t<div class=\"elementor-widget-container\">\n\t\t\t\t\t\t\t\t\t<h3 class=\"\" data-start=\"697\" data-end=\"734\">1. Furnizare de produse chimice certificate<\/h3><p class=\"\" data-start=\"735\" data-end=\"800\"><strong data-start=\"735\" data-end=\"754\">M\u0103rimi disponibile<\/strong>: 1L | 5L | 10L | 20L | 50L | 100L<\/p><p>Caluanie Muelear Oxidize este testat \u00een laborator pentru puritate industrial\u0103.<\/p><ul><li><em data-start=\"885\" data-end=\"925\">Verificat COA (certificat de analiz\u0103)<\/em><\/li><li><em data-start=\"930\" data-end=\"971\">MSDS \u00een conformitate cu standardele OSHA din S.U.A.<\/em><\/li><li><em data-start=\"976\" data-end=\"1010\">Ambalaj sigilat, cu siguran\u021b\u0103 \u00eempotriva falsific\u0103rii<\/em><\/li><\/ul><blockquote data-start=\"1012\" data-end=\"1097\"><p class=\"\" data-start=\"1014\" data-end=\"1097\"><strong data-start=\"1014\" data-end=\"1026\">Caz de utilizare<\/strong>: Prelucrarea metalelor, degradarea solven\u021bilor, proceduri de oxidare industrial\u0103.<\/p><\/blockquote><hr class=\"\" data-start=\"1099\" data-end=\"1102\" \/><h3 class=\"\" data-start=\"1104\" data-end=\"1138\">\u00a02. Transport maritim global Hazmat<\/h3><p>Livr\u0103m la nivel global \u00een conformitate cu standardele IATA \u0219i U.S. Hazmat.<\/p><ul><li>Transport cu urm\u0103rire \u0219i asigurat<\/li><li>Documente de export incluse<\/li><li>Asisten\u021b\u0103 la v\u0103muire<\/li><\/ul><blockquote data-start=\"1296\" data-end=\"1361\"><p class=\"\" data-start=\"1298\" data-end=\"1361\"><em data-start=\"1298\" data-end=\"1359\">Deservirea tuturor \u021b\u0103rilor cu exporturi de produse chimice documentate.<\/em><\/p><\/blockquote>\t\t\t\t\t\t\t\t<\/div>\n\t\t\t\t<\/div>\n\t\t\t\t\t<\/div>\n\t\t\t\t<\/div>\n\t\t<div class=\"elementor-element elementor-element-e17e42a e-flex e-con-boxed e-con e-parent\" data-id=\"e17e42a\" data-element_type=\"container\" data-e-type=\"container\">\r\n\t\t\t\t\t<div class=\"e-con-inner\">\r\n\t\t\t\t<div class=\"elementor-element elementor-element-9680110 elementor-widget elementor-widget-text-editor\" data-id=\"9680110\" data-element_type=\"widget\" data-e-type=\"widget\" data-widget_type=\"text-editor.default\">\n\t\t\t\t<div class=\"elementor-widget-container\">\n\t\t\t\t\t\t\t\t\t<h3 class=\"\" data-start=\"1368\" data-end=\"1411\">Sprijin pentru reglementare \u0219i conformitate<\/h3><p class=\"\" data-start=\"1412\" data-end=\"1453\">Suport legal complet cu fiecare expediere:<\/p><ul data-start=\"1454\" data-end=\"1581\"><li class=\"\" data-start=\"1454\" data-end=\"1468\"><p class=\"\" data-start=\"1456\" data-end=\"1468\">MSDS &amp; COA<\/p><\/li><li class=\"\" data-start=\"1469\" data-end=\"1492\"><p class=\"\" data-start=\"1471\" data-end=\"1492\">Declara\u021bii Hazmat<\/p><\/li><li class=\"\" data-start=\"1493\" data-end=\"1534\"><p class=\"\" data-start=\"1495\" data-end=\"1534\">Factura personalizat\u0103 \u0219i conformitatea ambalajului<\/p><\/li><li class=\"\" data-start=\"1535\" data-end=\"1581\"><p class=\"\" data-start=\"1537\" data-end=\"1581\">Autoriza\u021bie de achizi\u021bie pentru cump\u0103r\u0103torii de \u00eentreprinderi<\/p><\/li><\/ul><blockquote data-start=\"1583\" data-end=\"1658\"><p class=\"\" data-start=\"1585\" data-end=\"1658\">Ave\u021bi nevoie de documenta\u021bie local\u0103? Doar \u00eentreba\u021bi - echipa noastr\u0103 de conformitate v\u0103 poate ajuta.<\/p><\/blockquote><hr class=\"\" data-start=\"1660\" data-end=\"1663\" \/><h3 class=\"\" data-start=\"1665\" data-end=\"1715\">4. Achizi\u021bii industriale \u0219i contracte B2B<\/h3><p class=\"\" data-start=\"1716\" data-end=\"1774\">Pentru rafin\u0103rii, fabrici, laboratoare de cercetare \u0219i dezvoltare \u0219i rev\u00e2nz\u0103tori \u00een vrac:<\/p><ul data-start=\"1775\" data-end=\"1863\"><li class=\"\" data-start=\"1775\" data-end=\"1799\"><p class=\"\" data-start=\"1777\" data-end=\"1799\">Pre\u021buri bazate pe volum<\/p><\/li><li class=\"\" data-start=\"1800\" data-end=\"1828\"><p class=\"\" data-start=\"1802\" data-end=\"1828\">Acorduri de furnizare personalizate<\/p><\/li><li class=\"\" data-start=\"1829\" data-end=\"1863\"><p class=\"\" data-start=\"1831\" data-end=\"1863\">Tranzac\u021bii \u00een vrac confiden\u021biale<\/p><\/li><\/ul><blockquote data-start=\"1865\" data-end=\"1959\"><p class=\"\" data-start=\"1867\" data-end=\"1959\">Noi oferim <strong data-start=\"1876\" data-end=\"1909\">parteneriate de aprovizionare pe termen lung<\/strong> \u00een condi\u021bii de siguran\u021b\u0103 \u0219i lan\u021buri de livrare trasabile.<\/p><\/blockquote><hr class=\"\" data-start=\"1961\" data-end=\"1964\" \/><h3 class=\"\" data-start=\"1966\" data-end=\"1999\">\u00a05. Asisten\u021b\u0103 de specialitate (24\/7)<\/h3><p class=\"\" data-start=\"2000\" data-end=\"2157\">Oameni adev\u0103ra\u021bi. R\u0103spuns rapid. Acoperire global\u0103.<br data-start=\"2041\" data-end=\"2044\" \/>\u2705 Cereri tehnice privind produsele<br data-start=\"2073\" data-end=\"2076\" \/>\u2705 Ajutor pentru documenta\u021bie<br data-start=\"2096\" data-end=\"2099\" \/>\u2705 Asisten\u021b\u0103 pentru comenzile repetate<br data-start=\"2124\" data-end=\"2127\" \/>\u2705 Cazuri personalizate de import\/export<\/p><p class=\"\" data-start=\"2159\" data-end=\"2236\"><a rel=\"noopener\" data-start=\"2162\" data-end=\"2190\">sales@ultrabreakfluids.com<\/a><br data-start=\"2190\" data-end=\"2193\" \/>Loca\u021bie : Las Vegas , Nevada\u00a0<\/p><p class=\"\" data-start=\"2159\" data-end=\"2236\"><a class=\"\" href=\"https:\/\/ultrabreakfluids.com\/ro\/\" target=\"_new\" rel=\"noopener\" data-start=\"2212\" data-end=\"2236\">www.ultrabreakfluids.com<\/a><\/p>\t\t\t\t\t\t\t\t<\/div>\n\t\t\t\t<\/div>\n\t\t\t\t\t<\/div>\n\t\t\t\t<\/div>\n\t\t<div class=\"elementor-element elementor-element-386845b e-flex e-con-boxed e-con e-parent\" data-id=\"386845b\" data-element_type=\"container\" data-e-type=\"container\">\r\n\t\t\t\t\t<div class=\"e-con-inner\">\r\n\t\t\t\t<div class=\"elementor-element elementor-element-7f21b94 elementor-widget elementor-widget-spacer\" data-id=\"7f21b94\" data-element_type=\"widget\" data-e-type=\"widget\" data-widget_type=\"spacer.default\">\n\t\t\t\t<div class=\"elementor-widget-container\">\n\t\t\t\t\t\t\t<div class=\"elementor-spacer\">\n\t\t\t<div class=\"elementor-spacer-inner\"><\/div>\n\t\t<\/div>\n\t\t\t\t\t\t<\/div>\n\t\t\t\t<\/div>\n\t\t\t\t\t<\/div>\n\t\t\t\t<\/div>\n\t\t<div class=\"elementor-element elementor-element-f3911d6 e-flex e-con-boxed e-con e-parent\" data-id=\"f3911d6\" data-element_type=\"container\" data-e-type=\"container\">\r\n\t\t\t\t\t<div class=\"e-con-inner\">\r\n\t\t\t\t<div class=\"elementor-element elementor-element-6860efd elementor-headline--style-highlight elementor-widget elementor-widget-animated-headline\" data-id=\"6860efd\" data-element_type=\"widget\" data-e-type=\"widget\" data-settings=\"{&quot;marker&quot;:&quot;underline&quot;,&quot;highlighted_text&quot;:&quot;Legal Notice&quot;,&quot;headline_style&quot;:&quot;highlight&quot;,&quot;loop&quot;:&quot;yes&quot;,&quot;highlight_animation_duration&quot;:1200,&quot;highlight_iteration_delay&quot;:8000}\" data-widget_type=\"animated-headline.default\">\n\t\t\t\t<div class=\"elementor-widget-container\">\n\t\t\t\t\t\t\t<h3 class=\"elementor-headline\">\n\t\t\t\t<span class=\"elementor-headline-dynamic-wrapper elementor-headline-text-wrapper\">\n\t\t\t\t\t<span class=\"elementor-headline-dynamic-text elementor-headline-text-active\">Notificare legal\u0103<\/span>\n\t\t\t\t<\/span>\n\t\t\t\t<\/h3>\n\t\t\t\t\t\t<\/div>\n\t\t\t\t<\/div>\n\t\t\t\t\t<\/div>\n\t\t\t\t<\/div>\n\t\t<div class=\"elementor-element elementor-element-9407981 e-flex e-con-boxed e-con e-parent\" data-id=\"9407981\" data-element_type=\"container\" data-e-type=\"container\">\r\n\t\t\t\t\t<div class=\"e-con-inner\">\r\n\t\t\t\t<div class=\"elementor-element elementor-element-3a89b38 elementor-widget elementor-widget-text-editor\" data-id=\"3a89b38\" data-element_type=\"widget\" data-e-type=\"widget\" data-widget_type=\"text-editor.default\">\n\t\t\t\t<div class=\"elementor-widget-container\">\n\t\t\t\t\t\t\t\t\t<p class=\"\" data-start=\"2265\" data-end=\"2477\">Noi furniz\u0103m numai \u00een jurisdic\u021biile \u00een care Caluanie Muelear Oxidize este <strong data-start=\"2331\" data-end=\"2341\">legal<\/strong>.<br data-start=\"2342\" data-end=\"2345\" \/>Nu este permis\u0103 rev\u00e2nzarea, reambalarea sau utilizarea neaprobat\u0103. Toate comenzile sunt supuse revizuirii \u0219i aprob\u0103rii \u00een conformitate cu reglement\u0103rile SUA privind exporturile.<\/p><hr class=\"\" data-start=\"2479\" data-end=\"2482\" \/><h5 data-start=\"2484\" data-end=\"2578\"><strong data-start=\"2484\" data-end=\"2510\">UltraBreak Fluids Inc.<\/strong><br data-start=\"2510\" data-end=\"2513\" \/><em data-start=\"2513\" data-end=\"2576\">Produse chimice premium. \u00cencredere interna\u021bional\u0103. R\u0103spundere juridic\u0103.<\/em><\/h5>\t\t\t\t\t\t\t\t<\/div>\n\t\t\t\t<\/div>\n\t\t\t\t\t<\/div>\n\t\t\t\t<\/div>\n\t\t\t\t<\/div>","protected":false},"excerpt":{"rendered":"<p>Our Services UltraBreak Fluids Inc. \u2013 U.S.-Based Supplier of Premium Caluanie Muelear Oxidize We proudly serve regulated industries, labs, and international trade professionals with top-tier Caluanie Muelear Oxidize, backed by full legal compliance and customer assurance. Tap any section below to learn more. 1. Certified Chemical Supply Available Sizes: 1L | 5L | 10L | [&hellip;]<\/p>\n","protected":false},"author":1,"featured_media":0,"parent":0,"menu_order":0,"comment_status":"closed","ping_status":"closed","template":"","meta":{"_acf_changed":false,"rs_blank_template":"","rs_page_bg_color":"","slide_template_v7":"","_monsterinsights_skip_tracking":false,"_monsterinsights_sitenote_active":false,"_monsterinsights_sitenote_note":"","_monsterinsights_sitenote_category":0,"footnotes":""},"class_list":["post-2129","page","type-page","status-publish","hentry"],"acf":[],"jetpack_sharing_enabled":true,"_links":{"self":[{"href":"https:\/\/ultrabreakfluids.com\/ro\/wp-json\/wp\/v2\/pages\/2129","targetHints":{"allow":["GET"]}}],"collection":[{"href":"https:\/\/ultrabreakfluids.com\/ro\/wp-json\/wp\/v2\/pages"}],"about":[{"href":"https:\/\/ultrabreakfluids.com\/ro\/wp-json\/wp\/v2\/types\/page"}],"author":[{"embeddable":true,"href":"https:\/\/ultrabreakfluids.com\/ro\/wp-json\/wp\/v2\/users\/1"}],"replies":[{"embeddable":true,"href":"https:\/\/ultrabreakfluids.com\/ro\/wp-json\/wp\/v2\/comments?post=2129"}],"version-history":[{"count":5,"href":"https:\/\/ultrabreakfluids.com\/ro\/wp-json\/wp\/v2\/pages\/2129\/revisions"}],"predecessor-version":[{"id":2322,"href":"https:\/\/ultrabreakfluids.com\/ro\/wp-json\/wp\/v2\/pages\/2129\/revisions\/2322"}],"wp:attachment":[{"href":"https:\/\/ultrabreakfluids.com\/ro\/wp-json\/wp\/v2\/media?parent=2129"}],"curies":[{"name":"wp","href":"https:\/\/api.w.org\/{rel}","templated":true}]}}