{"id":2121,"date":"2025-05-02T03:35:10","date_gmt":"2025-05-02T03:35:10","guid":{"rendered":"https:\/\/ultrabreakfluids.com\/?page_id=2121"},"modified":"2025-06-12T16:41:01","modified_gmt":"2025-06-12T16:41:01","slug":"garantiile-noastre","status":"publish","type":"page","link":"https:\/\/ultrabreakfluids.com\/ro\/garantiile-noastre\/","title":{"rendered":"Garan\u021biile noastre"},"content":{"rendered":"<div data-elementor-type=\"wp-page\" data-elementor-id=\"2121\" class=\"elementor elementor-2121\" data-elementor-post-type=\"page\">\n\t\t\t\t<div class=\"elementor-element elementor-element-5778096 e-flex e-con-boxed e-con e-parent\" data-id=\"5778096\" data-element_type=\"container\" data-e-type=\"container\">\r\n\t\t\t\t\t<div class=\"e-con-inner\">\r\n\t\t\t\t<div class=\"elementor-element elementor-element-b82984d elementor-headline--style-highlight elementor-widget elementor-widget-animated-headline\" data-id=\"b82984d\" data-element_type=\"widget\" data-e-type=\"widget\" data-settings=\"{&quot;marker&quot;:&quot;curly&quot;,&quot;highlighted_text&quot;:&quot;Our Guarantees&quot;,&quot;headline_style&quot;:&quot;highlight&quot;,&quot;loop&quot;:&quot;yes&quot;,&quot;highlight_animation_duration&quot;:1200,&quot;highlight_iteration_delay&quot;:8000}\" data-widget_type=\"animated-headline.default\">\n\t\t\t\t<div class=\"elementor-widget-container\">\n\t\t\t\t\t\t\t<h3 class=\"elementor-headline\">\n\t\t\t\t<span class=\"elementor-headline-dynamic-wrapper elementor-headline-text-wrapper\">\n\t\t\t\t\t<span class=\"elementor-headline-dynamic-text elementor-headline-text-active\">Garan\u021biile noastre<\/span>\n\t\t\t\t<\/span>\n\t\t\t\t<\/h3>\n\t\t\t\t\t\t<\/div>\n\t\t\t\t<\/div>\n\t\t\t\t\t<\/div>\n\t\t\t\t<\/div>\n\t\t<div class=\"elementor-element elementor-element-bd3ff43 e-flex e-con-boxed e-con e-parent\" data-id=\"bd3ff43\" data-element_type=\"container\" data-e-type=\"container\">\r\n\t\t\t\t\t<div class=\"e-con-inner\">\r\n\t\t\t\t<div class=\"elementor-element elementor-element-122906f elementor-widget elementor-widget-text-editor\" data-id=\"122906f\" data-element_type=\"widget\" data-e-type=\"widget\" data-widget_type=\"text-editor.default\">\n\t\t\t\t<div class=\"elementor-widget-container\">\n\t\t\t\t\t\t\t\t\t<p class=\"\" data-start=\"404\" data-end=\"459\"><strong data-start=\"404\" data-end=\"459\">UltraBreakFluids.com | UltraBreakFluids Inc. - SUA<\/strong><\/p><p class=\"\" data-start=\"461\" data-end=\"831\">La <strong data-start=\"464\" data-end=\"490\">UltraBreakFluids Inc.<\/strong>, ne m\u00e2ndrim c\u0103 livr\u0103m nu numai <strong data-start=\"529\" data-end=\"588\">cel mai \u00eenalt grad de Caluanie Muelear Oxidize din lume<\/strong>, dar \u0219i transparen\u021b\u0103 total\u0103, conformitate legal\u0103 \u0219i \u00eencredere ferm\u0103 a clien\u021bilor. Indiferent dac\u0103 comanda\u021bi din SUA sau de la nivel interna\u021bional, garan\u021biile noastre sunt concepute pentru a v\u0103 proteja investi\u021bia, activitatea \u0219i lini\u0219tea dumneavoastr\u0103.<\/p><hr class=\"\" data-start=\"833\" data-end=\"836\" \/><h2 class=\"\" data-start=\"838\" data-end=\"874\"><strong data-start=\"843\" data-end=\"874\">1. Garan\u021bia purit\u0103\u021bii produsului<\/strong><\/h2><p class=\"\" data-start=\"876\" data-end=\"1057\">Fiecare sticl\u0103, butoi sau recipient de <strong data-start=\"912\" data-end=\"940\">Caluanie Muelear Oxidize<\/strong> expediate de UltraBreakFluids Inc. \u00eendepline\u0219te sau dep\u0103\u0219e\u0219te cerin\u021bele interna\u021bionale acceptate <strong data-start=\"1019\" data-end=\"1056\">standarde de puritate de grad industrial<\/strong>.<\/p><ul data-start=\"1059\" data-end=\"1274\"><li class=\"\" data-start=\"1059\" data-end=\"1126\"><p class=\"\" data-start=\"1061\" data-end=\"1126\">Sus\u021binute de servicii interne \u0219i ter\u021be <strong data-start=\"1096\" data-end=\"1124\">analiza controlului calit\u0103\u021bii<\/strong><\/p><\/li><li class=\"\" data-start=\"1127\" data-end=\"1204\"><p class=\"\" data-start=\"1129\" data-end=\"1204\">Include documenta\u021bie complet\u0103: <strong data-start=\"1158\" data-end=\"1166\">FDS<\/strong>, <strong data-start=\"1168\" data-end=\"1175\">COA<\/strong>, \u0219i <strong data-start=\"1181\" data-end=\"1202\">ID de urm\u0103rire a loturilor<\/strong><\/p><\/li><li class=\"\" data-start=\"1205\" data-end=\"1274\"><p class=\"\" data-start=\"1207\" data-end=\"1274\">Ambalaj inviolabil pentru a asigura integritatea produsului \u00een timpul transportului<\/p><\/li><\/ul><blockquote data-start=\"1276\" data-end=\"1420\"><p class=\"\" data-start=\"1278\" data-end=\"1420\">\u00a0Dac\u0103 produsul dvs. nu corespunde specifica\u021biilor anun\u021bate, vom investiga \u0219i, dac\u0103 se confirm\u0103, vom oferi o <strong data-start=\"1389\" data-end=\"1419\">\u00eenlocuire complet\u0103 sau rambursare<\/strong>.<\/p><\/blockquote><hr class=\"\" data-start=\"1422\" data-end=\"1425\" \/><h2 class=\"\" data-start=\"1427\" data-end=\"1487\">\u00a0<strong data-start=\"1433\" data-end=\"1487\">2. Garan\u021bie de expediere sigur\u0103 \u0219i conform\u0103 la nivel mondial<\/strong><\/h2><p class=\"\" data-start=\"1489\" data-end=\"1602\">Garant\u0103m manipularea \u0219i livrarea de calitate profesional\u0103 a produsului dvs. \u00een condi\u021bii de siguran\u021b\u0103 \u0219i legalitate, indiferent de loca\u021bia dvs.<\/p><ul data-start=\"1604\" data-end=\"1863\"><li class=\"\" data-start=\"1604\" data-end=\"1689\"><p class=\"\" data-start=\"1606\" data-end=\"1689\">\u00cen deplin\u0103 conformitate cu <strong data-start=\"1627\" data-end=\"1645\">U.S. DOT, IATA<\/strong>, \u0219i <strong data-start=\"1651\" data-end=\"1687\">reglement\u0103ri interna\u021bionale privind materialele periculoase<\/strong><\/p><\/li><li class=\"\" data-start=\"1690\" data-end=\"1777\"><p class=\"\" data-start=\"1692\" data-end=\"1777\">Oferim documenta\u021bie de export complet\u0103 pentru a \u00eendeplini cerin\u021bele de import ale \u021b\u0103rii dumneavoastr\u0103<\/p><\/li><li class=\"\" data-start=\"1778\" data-end=\"1863\"><p class=\"\" data-start=\"1780\" data-end=\"1863\">Toate expedierile sunt <strong data-start=\"1798\" data-end=\"1809\">urm\u0103rit<\/strong>, <strong data-start=\"1811\" data-end=\"1822\">asigurat<\/strong>, \u0219i <strong data-start=\"1828\" data-end=\"1847\">dublu-verificat<\/strong> \u00eenainte de expediere<\/p><\/li><\/ul><blockquote data-start=\"1865\" data-end=\"2018\"><p class=\"\" data-start=\"1867\" data-end=\"2018\">Dac\u0103 comanda dvs. nu poate fi livrat\u0103 din cauza unei erori de expediere dovedite din partea noastr\u0103, vom <strong data-start=\"1953\" data-end=\"1973\">retrimitere sau rambursare<\/strong> \u00een conformitate cu <a class=\"\" href=\"https:\/\/ultrabreakfluids.com\/ro\/shipping-policy\/\" rel=\"noopener\" data-start=\"1997\" data-end=\"2017\">Politica de expediere<\/a>.<\/p><\/blockquote><hr class=\"\" data-start=\"2020\" data-end=\"2023\" \/><h2 class=\"\" data-start=\"2025\" data-end=\"2076\">\u00a0<strong data-start=\"2031\" data-end=\"2076\">3. Garan\u021bia de confiden\u021bialitate \u0219i discre\u021bie<\/strong><\/h2><p class=\"\" data-start=\"2078\" data-end=\"2216\">UltraBreak Fluids Inc. respect\u0103 sensibilitatea comercial\u0103 \u0219i considerentele legale ale cump\u0103r\u0103torilor no\u0219tri, \u00een special \u00een industriile specializate.<\/p><ul data-start=\"2218\" data-end=\"2459\"><li class=\"\" data-start=\"2218\" data-end=\"2288\"><p class=\"\" data-start=\"2220\" data-end=\"2288\">Toate comenzile \u0219i detaliile clien\u021bilor sunt gestionate <strong data-start=\"2262\" data-end=\"2286\">\u00een strict\u0103 confiden\u021bialitate<\/strong><\/p><\/li><li class=\"\" data-start=\"2289\" data-end=\"2375\"><p class=\"\" data-start=\"2291\" data-end=\"2375\">Datele dumneavoastr\u0103 sunt protejate de <a class=\"\" href=\"https:\/\/ultrabreakfluids.com\/ro\/politica-de-confidentialitate\/\" rel=\"noopener\" data-start=\"2324\" data-end=\"2343\">Politica de confiden\u021bialitate<\/a> \u0219i legile privind protec\u021bia datelor din S.U.A.<\/p><\/li><li class=\"\" data-start=\"2376\" data-end=\"2459\"><p class=\"\" data-start=\"2378\" data-end=\"2459\">Nicio informa\u021bie nu este v\u00e2ndut\u0103 sau partajat\u0103 cu ter\u021be p\u0103r\u021bi f\u0103r\u0103 obliga\u021bii legale<\/p><\/li><\/ul><blockquote data-start=\"2461\" data-end=\"2557\"><p class=\"\" data-start=\"2463\" data-end=\"2557\">\u00a0Platforma noastr\u0103 utilizeaz\u0103 criptarea SSL \u0219i gateway-uri de plat\u0103 verificate pentru a securiza fiecare tranzac\u021bie.<\/p><\/blockquote><h2 class=\"\" data-start=\"2564\" data-end=\"2613\">\u00a0<strong data-start=\"2570\" data-end=\"2613\">4. Documenta\u021bie \u0219i garan\u021bie de conformitate<\/strong><\/h2><p class=\"\" data-start=\"2615\" data-end=\"2702\">Oferim documenta\u021bie obligatorie din punct de vedere juridic, conform\u0103 cu normele de export, cu fiecare comand\u0103 dup\u0103 cump\u0103rare, inclusiv:<\/p><ul data-start=\"2704\" data-end=\"2919\"><li class=\"\" data-start=\"2704\" data-end=\"2746\"><p class=\"\" data-start=\"2706\" data-end=\"2746\"><strong data-start=\"2706\" data-end=\"2744\">Fi\u0219e cu date privind siguran\u021ba materialelor (MSDS)<\/strong><\/p><\/li><li class=\"\" data-start=\"2747\" data-end=\"2784\"><p class=\"\" data-start=\"2749\" data-end=\"2784\"><strong data-start=\"2749\" data-end=\"2782\">Certificat de analiz\u0103 (COA)<\/strong><\/p><\/li><li class=\"\" data-start=\"2785\" data-end=\"2832\"><p class=\"\" data-start=\"2787\" data-end=\"2832\"><strong data-start=\"2787\" data-end=\"2830\">Factur\u0103 comercial\u0103 \u0219i declara\u021bie Hazmat<\/strong><\/p><\/li><li class=\"\" data-start=\"2833\" data-end=\"2919\"><p class=\"\" data-start=\"2835\" data-end=\"2919\">Documente de conformitate suplimentare la cerere (de exemplu, FDS, scrisori de aprobare a importului)<\/p><\/li><\/ul><blockquote data-start=\"2921\" data-end=\"3008\"><p class=\"\" data-start=\"2923\" data-end=\"3008\">\u00a0Dac\u0103 lipse\u0219te un document obligatoriu, vom <strong data-start=\"2969\" data-end=\"3007\">emiterea digital\u0103 \u00een termen de 24 de ore<\/strong>.<\/p><\/blockquote><hr class=\"\" data-start=\"3010\" data-end=\"3013\" \/><h2 class=\"\" data-start=\"3015\" data-end=\"3063\">\u00a0<strong data-start=\"3021\" data-end=\"3063\">5. Garan\u021bia de satisfac\u021bie \u0219i rezolu\u021bie<\/strong><\/h2><p class=\"\" data-start=\"3065\" data-end=\"3146\">Garant\u0103m rezolvarea prompt\u0103 \u0219i profesional\u0103 a oric\u0103ror probleme legate de comanda dvs.<\/p><ul data-start=\"3148\" data-end=\"3356\"><li class=\"\" data-start=\"3148\" data-end=\"3210\"><p class=\"\" data-start=\"3150\" data-end=\"3210\"><strong data-start=\"3150\" data-end=\"3178\">7 zile de eligibilitate pentru returnare<\/strong> pentru articolele deteriorate sau incorecte<\/p><\/li><li class=\"\" data-start=\"3211\" data-end=\"3284\"><p class=\"\" data-start=\"3213\" data-end=\"3284\"><strong data-start=\"3213\" data-end=\"3244\">Solu\u021bionarea rapid\u0103 a litigiilor<\/strong> prin intermediul echipei noastre de conformitate \u0219i logistic\u0103<\/p><\/li><li class=\"\" data-start=\"3285\" data-end=\"3356\"><p class=\"\" data-start=\"3287\" data-end=\"3356\">Servicii personalizate pentru clien\u021bi - f\u0103r\u0103 sisteme automate, doar exper\u021bi adev\u0103ra\u021bi<\/p><\/li><\/ul><blockquote data-start=\"3358\" data-end=\"3485\"><p class=\"\" data-start=\"3360\" data-end=\"3485\">\u00a0Satisfac\u021bia dvs. este reputa\u021bia noastr\u0103. Dac\u0103 nu \u00eendeplinim a\u0219tept\u0103rile, vom face tot ceea ce este corect \u0219i legal pentru a remedia situa\u021bia.<\/p><\/blockquote><hr class=\"\" data-start=\"3487\" data-end=\"3490\" \/><h2 class=\"\" data-start=\"3492\" data-end=\"3522\">\u00a0<strong data-start=\"3498\" data-end=\"3522\">Angajamentul nostru juridic<\/strong><\/h2><p class=\"\" data-start=\"3524\" data-end=\"3580\">UltraBreak Fluids Inc. func\u021bioneaz\u0103 \u00een deplin\u0103 conformitate cu:<\/p><ul data-start=\"3581\" data-end=\"3819\"><li class=\"\" data-start=\"3581\" data-end=\"3637\"><p class=\"\" data-start=\"3583\" data-end=\"3637\"><strong data-start=\"3583\" data-end=\"3635\">Legile federale din Statele Unite privind distribu\u021bia substan\u021belor chimice<\/strong><\/p><\/li><li class=\"\" data-start=\"3638\" data-end=\"3685\"><p class=\"\" data-start=\"3640\" data-end=\"3685\"><strong data-start=\"3640\" data-end=\"3683\">Regulamentele privind administrarea exporturilor (EAR)<\/strong><\/p><\/li><li class=\"\" data-start=\"3686\" data-end=\"3744\"><p class=\"\" data-start=\"3688\" data-end=\"3744\"><strong data-start=\"3688\" data-end=\"3712\">Standardele EPA \u0219i OSHA<\/strong> pentru siguran\u021ba chimic\u0103 la locul de munc\u0103<\/p><\/li><li class=\"\" data-start=\"3745\" data-end=\"3819\"><p class=\"\" data-start=\"3747\" data-end=\"3819\">Relevant <strong data-start=\"3756\" data-end=\"3785\">legisla\u021bie comercial\u0103 la nivel de stat<\/strong> aplicabile materialelor periculoase<\/p><\/li><\/ul><p class=\"\" data-start=\"3821\" data-end=\"3909\">Noi garant\u0103m <strong data-start=\"3834\" data-end=\"3850\">comer\u021b licit<\/strong> \u0219i <strong data-start=\"3855\" data-end=\"3887\">administrarea etic\u0103 a substan\u021belor chimice<\/strong> \u00een fiecare tranzac\u021bie.<\/p>\t\t\t\t\t\t\t\t<\/div>\n\t\t\t\t<\/div>\n\t\t\t\t\t<\/div>\n\t\t\t\t<\/div>\n\t\t\t\t<\/div>","protected":false},"excerpt":{"rendered":"<p>Our Guarantees UltraBreakFluids.com | UltraBreakFluids Inc. \u2013 USA At UltraBreakFluids Inc., we take pride in delivering not only the highest-grade Caluanie Muelear Oxidize in the world, but also total transparency, legal compliance, and ironclad customer confidence. Whether you&#8217;re ordering from within the U.S. or internationally, our guarantees are designed to protect your investment, your operation, [&hellip;]<\/p>\n","protected":false},"author":1,"featured_media":0,"parent":0,"menu_order":0,"comment_status":"closed","ping_status":"closed","template":"","meta":{"_acf_changed":false,"rs_blank_template":"","rs_page_bg_color":"","slide_template_v7":"","_monsterinsights_skip_tracking":false,"_monsterinsights_sitenote_active":false,"_monsterinsights_sitenote_note":"","_monsterinsights_sitenote_category":0,"footnotes":""},"class_list":["post-2121","page","type-page","status-publish","hentry"],"acf":[],"jetpack_sharing_enabled":true,"_links":{"self":[{"href":"https:\/\/ultrabreakfluids.com\/ro\/wp-json\/wp\/v2\/pages\/2121","targetHints":{"allow":["GET"]}}],"collection":[{"href":"https:\/\/ultrabreakfluids.com\/ro\/wp-json\/wp\/v2\/pages"}],"about":[{"href":"https:\/\/ultrabreakfluids.com\/ro\/wp-json\/wp\/v2\/types\/page"}],"author":[{"embeddable":true,"href":"https:\/\/ultrabreakfluids.com\/ro\/wp-json\/wp\/v2\/users\/1"}],"replies":[{"embeddable":true,"href":"https:\/\/ultrabreakfluids.com\/ro\/wp-json\/wp\/v2\/comments?post=2121"}],"version-history":[{"count":5,"href":"https:\/\/ultrabreakfluids.com\/ro\/wp-json\/wp\/v2\/pages\/2121\/revisions"}],"predecessor-version":[{"id":2321,"href":"https:\/\/ultrabreakfluids.com\/ro\/wp-json\/wp\/v2\/pages\/2121\/revisions\/2321"}],"wp:attachment":[{"href":"https:\/\/ultrabreakfluids.com\/ro\/wp-json\/wp\/v2\/media?parent=2121"}],"curies":[{"name":"wp","href":"https:\/\/api.w.org\/{rel}","templated":true}]}}