{"id":2098,"date":"2025-05-02T02:35:45","date_gmt":"2025-05-02T02:35:45","guid":{"rendered":"https:\/\/ultrabreakfluids.com\/?page_id=2098"},"modified":"2025-06-12T16:55:47","modified_gmt":"2025-06-12T16:55:47","slug":"termeni-conditii-aviz-de-conformitate-juridica","status":"publish","type":"page","link":"https:\/\/ultrabreakfluids.com\/ro\/termeni-conditii-aviz-de-conformitate-juridica\/","title":{"rendered":"Termeni \u0219i condi\u021bii + Notificare privind conformitatea juridic\u0103"},"content":{"rendered":"<div data-elementor-type=\"wp-page\" data-elementor-id=\"2098\" class=\"elementor elementor-2098\" data-elementor-post-type=\"page\">\n\t\t\t\t<div class=\"elementor-element elementor-element-1f9081c e-flex e-con-boxed e-con e-parent\" data-id=\"1f9081c\" data-element_type=\"container\" data-e-type=\"container\">\r\n\t\t\t\t\t<div class=\"e-con-inner\">\r\n\t\t\t\t<div class=\"elementor-element elementor-element-1d16746 elementor-widget elementor-widget-porto_ultimate_heading\" data-id=\"1d16746\" data-element_type=\"widget\" data-e-type=\"widget\" data-widget_type=\"porto_ultimate_heading.default\">\n\t\t\t\t<div class=\"elementor-widget-container\">\n\t\t\t\t\t<div class=\"porto-u-heading  porto-u-55ca8359258f9a412be7e73af65d2aac\"><div class=\"porto-u-main-heading\"><h2   >Termeni \u0219i condi\u021bii + Notificare privind conformitatea juridic\u0103<\/h2><\/div><style>.porto-u-55ca8359258f9a412be7e73af65d2aac.porto-u-heading{text-align:center}<\/style><\/div>\t\t\t\t<\/div>\n\t\t\t\t<\/div>\n\t\t\t\t\t<\/div>\n\t\t\t\t<\/div>\n\t\t<div class=\"elementor-element elementor-element-19ffa79 e-flex e-con-boxed e-con e-parent\" data-id=\"19ffa79\" data-element_type=\"container\" data-e-type=\"container\">\r\n\t\t\t\t\t<div class=\"e-con-inner\">\r\n\t\t\t\t<div class=\"elementor-element elementor-element-c9b9907 elementor-widget elementor-widget-text-editor\" data-id=\"c9b9907\" data-element_type=\"widget\" data-e-type=\"widget\" data-widget_type=\"text-editor.default\">\n\t\t\t\t<div class=\"elementor-widget-container\">\n\t\t\t\t\t\t\t\t\t<p class=\"\" data-start=\"371\" data-end=\"510\"><strong data-start=\"455\" data-end=\"510\">De\u021binut\u0103 \u0219i operat\u0103 de: UltraBreak Fluids Inc. (SUA)<\/strong><\/p><p class=\"\" data-start=\"512\" data-end=\"770\">Ace\u0219ti termeni \u0219i condi\u021bii reglementeaz\u0103 accesul \u0219i utilizarea de c\u0103tre dvs. a site-ului UltraBreakFluids.com \u0219i achizi\u021bionarea oric\u0103ror produse, inclusiv Caluanie Muelear Oxidize de la UltraBreak Fluids Inc.\u00a0<\/p><p class=\"\" data-start=\"772\" data-end=\"948\">Prin accesarea sau utilizarea acestui site, sau prin plasarea unei comenzi, <strong data-start=\"826\" data-end=\"859\">sunte\u021bi de acord s\u0103 fi\u021bi legat legal<\/strong> de ace\u0219ti Termeni, de <a class=\"\" href=\"https:\/\/ultrabreakfluids.com\/ro\/politica-de-confidentialitate\/\" rel=\"noopener\" data-start=\"880\" data-end=\"899\">Politica de confiden\u021bialitate<\/a>\u0219i toate legile americane \u0219i interna\u021bionale aplicabile.<\/p><hr class=\"\" data-start=\"950\" data-end=\"953\" \/><h2 class=\"\" data-start=\"955\" data-end=\"976\">1. <strong data-start=\"961\" data-end=\"976\">Eligibilitate<\/strong><\/h2><p class=\"\" data-start=\"978\" data-end=\"1206\">Trebuie s\u0103 fi\u021bi cel pu\u021bin <strong data-start=\"999\" data-end=\"1018\">v\u00e2rsta de 18 ani<\/strong> \u0219i capabili s\u0103 \u00eencheie un acord obligatoriu din punct de vedere juridic pentru a utiliza site-ul nostru sau pentru a achizi\u021biona produsele noastre. Nu vindem minorilor sau jurisdic\u021biilor \u00een care produsul nostru este restric\u021bionat sau ilegal.<\/p><hr class=\"\" data-start=\"1208\" data-end=\"1211\" \/><h2 class=\"\" data-start=\"1213\" data-end=\"1238\">2. <strong data-start=\"1219\" data-end=\"1238\">Utilizarea produselor<\/strong><\/h2><p class=\"\" data-start=\"1240\" data-end=\"1411\">Toate produsele v\u00e2ndute prin UltraBreakFluids.com sunt <strong data-start=\"1291\" data-end=\"1352\">numai pentru uz industrial, de laborator sau comercial legal<\/strong>. Cump\u0103r\u0103torul este de acord s\u0103 nu utilizeze Caluanie Muelear Oxidize pentru:<\/p><ul data-start=\"1412\" data-end=\"1543\"><li class=\"\" data-start=\"1412\" data-end=\"1451\"><p class=\"\" data-start=\"1414\" data-end=\"1451\">Orice scop ilegal sau neautorizat<\/p><\/li><li class=\"\" data-start=\"1452\" data-end=\"1507\"><p class=\"\" data-start=\"1454\" data-end=\"1507\">Fabricarea de substan\u021be controlate sau de arme<\/p><\/li><li class=\"\" data-start=\"1508\" data-end=\"1543\"><p class=\"\" data-start=\"1510\" data-end=\"1543\">Abuzul personal sau recrea\u021bional<\/p><\/li><\/ul><p class=\"\" data-start=\"1545\" data-end=\"1626\"><strong data-start=\"1545\" data-end=\"1626\">Utilizarea abuziv\u0103 a produselor noastre este strict interzis\u0103 \u0219i poate duce la ac\u021biuni \u00een justi\u021bie.<\/strong><\/p><hr class=\"\" data-start=\"1628\" data-end=\"1631\" \/><h2 class=\"\" data-start=\"1633\" data-end=\"1669\">3. <strong data-start=\"1639\" data-end=\"1669\">Conformitatea privind exporturile \u0219i importurile<\/strong><\/h2><p class=\"\" data-start=\"1671\" data-end=\"1756\">Respect\u0103m pe deplin reglement\u0103rile americane privind exporturile \u0219i ne a\u0219tept\u0103m ca \u0219i clien\u021bii no\u0219tri s\u0103 fac\u0103 acela\u0219i lucru.<\/p><h3 class=\"\" data-start=\"1758\" data-end=\"1785\">Responsabilit\u0103\u021bile cump\u0103r\u0103torului:<\/h3><ul data-start=\"1786\" data-end=\"2037\"><li class=\"\" data-start=\"1786\" data-end=\"1861\"><p class=\"\" data-start=\"1788\" data-end=\"1861\">Asigura\u021bi-v\u0103 c\u0103 importul de Caluanie Muelear Oxidize este legal \u00een \u021bara dumneavoastr\u0103<\/p><\/li><li class=\"\" data-start=\"1862\" data-end=\"1926\"><p class=\"\" data-start=\"1864\" data-end=\"1926\">Ob\u021bine\u021bi toate autoriza\u021biile, licen\u021bele sau v\u0103mile necesare<\/p><\/li><li class=\"\" data-start=\"1927\" data-end=\"1982\"><p class=\"\" data-start=\"1929\" data-end=\"1982\">Furniza\u021bi detalii exacte privind expedierea \u0219i documenta\u021bia<\/p><\/li><li class=\"\" data-start=\"1983\" data-end=\"2037\"><p class=\"\" data-start=\"1985\" data-end=\"2037\">Asuma\u021bi-v\u0103 \u00eentreaga r\u0103spundere pentru \u00eent\u00e2rzierile sau refuzurile vamale<\/p><\/li><\/ul><p class=\"\" data-start=\"2039\" data-end=\"2070\">Noi suntem <strong data-start=\"2046\" data-end=\"2065\">nu este responsabil<\/strong> pentru:<\/p><ul data-start=\"2071\" data-end=\"2244\"><li class=\"\" data-start=\"2071\" data-end=\"2123\"><p class=\"\" data-start=\"2073\" data-end=\"2123\">Confisc\u0103ri sau respingeri de c\u0103tre vama \u021b\u0103rii dumneavoastr\u0103<\/p><\/li><li class=\"\" data-start=\"2124\" data-end=\"2184\"><p class=\"\" data-start=\"2126\" data-end=\"2184\">Amenzi, taxe sau impozite impuse de autorit\u0103\u021bile importatoare<\/p><\/li><li class=\"\" data-start=\"2185\" data-end=\"2244\"><p class=\"\" data-start=\"2187\" data-end=\"2244\">\u00cent\u00e2rzieri datorate cererilor de documente sau verific\u0103rilor de reglementare<\/p><\/li><\/ul><hr class=\"\" data-start=\"2246\" data-end=\"2249\" \/><h2 class=\"\" data-start=\"2251\" data-end=\"2282\">4. <strong data-start=\"2257\" data-end=\"2282\">Proprietate intelectual\u0103<\/strong><\/h2><p class=\"\" data-start=\"2284\" data-end=\"2536\">Tot con\u021binutul de pe Site - inclusiv logo-uri, m\u0103rci comerciale, descrieri de produse, imagini \u0219i documenta\u021bie - este <strong data-start=\"2392\" data-end=\"2443\">proprietatea intelectual\u0103 a UltraBreakFluids Inc.<\/strong> Nu pute\u021bi copia, republica sau distribui materialele noastre f\u0103r\u0103 permisiune scris\u0103 expres\u0103.<\/p><hr class=\"\" data-start=\"2538\" data-end=\"2541\" \/><h2 class=\"\" data-start=\"2543\" data-end=\"2575\">5. <strong data-start=\"2549\" data-end=\"2575\">Pre\u021buri \u0219i disponibilitate<\/strong><\/h2><p class=\"\" data-start=\"2577\" data-end=\"2687\">Toate pre\u021burile sunt afi\u0219ate \u00een dolari SUA (USD) \u0219i se pot modifica f\u0103r\u0103 notificare prealabil\u0103. Ne rezerv\u0103m dreptul de a:<\/p><ul data-start=\"2688\" data-end=\"2819\"><li class=\"\" data-start=\"2688\" data-end=\"2737\"><p class=\"\" data-start=\"2690\" data-end=\"2737\">Anularea sau refuzul comenzilor din cauza unor erori de stabilire a pre\u021burilor<\/p><\/li><li class=\"\" data-start=\"2738\" data-end=\"2781\"><p class=\"\" data-start=\"2740\" data-end=\"2781\">Limitarea cantit\u0103\u021bilor disponibile per client<\/p><\/li><li class=\"\" data-start=\"2782\" data-end=\"2819\"><p class=\"\" data-start=\"2784\" data-end=\"2819\">\u00centreruperea oric\u0103rui produs \u00een orice moment<\/p><\/li><\/ul><hr class=\"\" data-start=\"2821\" data-end=\"2824\" \/><h2 class=\"\" data-start=\"2826\" data-end=\"2859\">6. <strong data-start=\"2832\" data-end=\"2859\">Limitarea r\u0103spunderii<\/strong><\/h2><p class=\"\" data-start=\"2861\" data-end=\"3014\">\u00cen cea mai mare m\u0103sur\u0103 permis\u0103 de lege, UltraBreakFluids Inc. nu va fi r\u0103spunz\u0103toare pentru niciun prejudiciu indirect, incidental sau subsecvent care rezult\u0103 din:<\/p><ul data-start=\"3015\" data-end=\"3123\"><li class=\"\" data-start=\"3015\" data-end=\"3033\"><p class=\"\" data-start=\"3017\" data-end=\"3033\">Utilizarea necorespunz\u0103toare a produsului<\/p><\/li><li class=\"\" data-start=\"3034\" data-end=\"3053\"><p class=\"\" data-start=\"3036\" data-end=\"3053\">\u00cent\u00e2rzieri de expediere<\/p><\/li><li class=\"\" data-start=\"3054\" data-end=\"3081\"><p class=\"\" data-start=\"3056\" data-end=\"3081\">Restric\u021bii de reglementare<\/p><\/li><li class=\"\" data-start=\"3082\" data-end=\"3123\"><p class=\"\" data-start=\"3084\" data-end=\"3123\">pierderi de profit sau \u00eentreruperea activit\u0103\u021bii<\/p><\/li><\/ul><p class=\"\" data-start=\"3125\" data-end=\"3220\">Toate produsele sunt v\u00e2ndute <strong data-start=\"3147\" data-end=\"3158\">\"a\u0219a cum este\"<\/strong> \u0219i <strong data-start=\"3163\" data-end=\"3185\">f\u0103r\u0103 garan\u021bii<\/strong>, cu excep\u021bia cazului \u00een care se men\u021bioneaz\u0103 \u00een mod expres.<\/p><hr class=\"\" data-start=\"3222\" data-end=\"3225\" \/><h2 class=\"\" data-start=\"3227\" data-end=\"3250\">7. <strong data-start=\"3233\" data-end=\"3250\">Legea aplicabil\u0103<\/strong><\/h2><p class=\"\" data-start=\"3252\" data-end=\"3508\">Ace\u0219ti Termeni sunt reglementa\u021bi \u0219i interpreta\u021bi \u00een conformitate cu legisla\u021bia din <strong data-start=\"3321\" data-end=\"3373\">Statul Nevada<\/strong>, SUA, f\u0103r\u0103 a \u021bine seama de conflictul de principii juridice. Eventualele litigii juridice vor fi solu\u021bionate de instan\u021bele competente din Statele Unite ale Americii.<\/p><hr class=\"\" data-start=\"3510\" data-end=\"3513\" \/><h2 class=\"\" data-start=\"3515\" data-end=\"3547\">8. <strong data-start=\"3521\" data-end=\"3547\">Responsabilitatea contului<\/strong><\/h2><p class=\"\" data-start=\"3549\" data-end=\"3761\">Sunte\u021bi responsabil pentru p\u0103strarea confiden\u021bialit\u0103\u021bii contului \u0219i parolei dvs. \u0219i pentru restric\u021bionarea accesului la dispozitivul dvs. Sunte\u021bi de acord s\u0103 v\u0103 asuma\u021bi responsabilitatea pentru toate activit\u0103\u021bile care au loc sub contul dvs.<\/p><hr class=\"\" data-start=\"3763\" data-end=\"3766\" \/><h2 class=\"\" data-start=\"3768\" data-end=\"3794\">9. <strong data-start=\"3774\" data-end=\"3794\">Modific\u0103ri ale termenilor<\/strong><\/h2><p class=\"\" data-start=\"3796\" data-end=\"3996\">Ne rezerv\u0103m dreptul de a actualiza sau modifica ace\u0219ti Termeni \u00een orice moment. Actualiz\u0103rile vor fi postate pe aceast\u0103 pagin\u0103 cu o dat\u0103 efectiv\u0103 actualizat\u0103. Utilizarea \u00een continuare a site-ului implic\u0103 acceptarea termenilor revizui\u021bi.<\/p><hr class=\"\" data-start=\"3998\" data-end=\"4001\" \/><h2 class=\"\" data-start=\"4003\" data-end=\"4024\">10. <strong data-start=\"4010\" data-end=\"4024\">Persoan\u0103 de contact<\/strong><\/h2><p class=\"\" data-start=\"4026\" data-end=\"4101\">Dac\u0103 ave\u021bi \u00eentreb\u0103ri cu privire la ace\u0219ti Termeni sau la politicile noastre juridice, contacta\u021bi:<\/p><p class=\"\" data-start=\"4103\" data-end=\"4229\"><strong data-start=\"4103\" data-end=\"4129\">UltraBreak Fluids Inc.<\/strong><br data-start=\"4129\" data-end=\"4132\" \/>\ud83d\udce7 <a rel=\"noopener\" data-start=\"4135\" data-end=\"4161\">sales@ultrabreakfluids.com<\/a><br data-start=\"4161\" data-end=\"4164\" \/>\ud83d\udccd Las Vegas , Nevada<br data-start=\"4191\" data-end=\"4194\" \/>\ud83c\udf10 <a class=\"\" href=\"https:\/\/ultrabreakfluids.com\/ro\/\" target=\"_new\" rel=\"noopener\" data-start=\"4197\" data-end=\"4229\">https:\/\/www.ultrabreakfluids.com<\/a><\/p>\t\t\t\t\t\t\t\t<\/div>\n\t\t\t\t<\/div>\n\t\t\t\t\t<\/div>\n\t\t\t\t<\/div>\n\t\t\t\t<\/div>","protected":false},"excerpt":{"rendered":"<p>Terms &#038; Conditions + Legal Compliance Notice Owned and Operated by: UltraBreak Fluids Inc. (USA) These Terms &amp; Conditions govern your access to and use of the website UltraBreakFluids.com and the purchase of any products, including Caluanie Muelear Oxidize from UltraBreak Fluids Inc.\u00a0 By accessing or using this Site, or placing an order, you agree [&hellip;]<\/p>\n","protected":false},"author":1,"featured_media":0,"parent":0,"menu_order":0,"comment_status":"closed","ping_status":"closed","template":"","meta":{"_acf_changed":false,"rs_blank_template":"","rs_page_bg_color":"","slide_template_v7":"","_monsterinsights_skip_tracking":false,"_monsterinsights_sitenote_active":false,"_monsterinsights_sitenote_note":"","_monsterinsights_sitenote_category":0,"footnotes":""},"class_list":["post-2098","page","type-page","status-publish","hentry"],"acf":[],"_hostinger_reach_plugin_has_subscription_block":false,"_hostinger_reach_plugin_is_elementor":false,"jetpack_sharing_enabled":true,"_links":{"self":[{"href":"https:\/\/ultrabreakfluids.com\/ro\/wp-json\/wp\/v2\/pages\/2098","targetHints":{"allow":["GET"]}}],"collection":[{"href":"https:\/\/ultrabreakfluids.com\/ro\/wp-json\/wp\/v2\/pages"}],"about":[{"href":"https:\/\/ultrabreakfluids.com\/ro\/wp-json\/wp\/v2\/types\/page"}],"author":[{"embeddable":true,"href":"https:\/\/ultrabreakfluids.com\/ro\/wp-json\/wp\/v2\/users\/1"}],"replies":[{"embeddable":true,"href":"https:\/\/ultrabreakfluids.com\/ro\/wp-json\/wp\/v2\/comments?post=2098"}],"version-history":[{"count":8,"href":"https:\/\/ultrabreakfluids.com\/ro\/wp-json\/wp\/v2\/pages\/2098\/revisions"}],"predecessor-version":[{"id":2327,"href":"https:\/\/ultrabreakfluids.com\/ro\/wp-json\/wp\/v2\/pages\/2098\/revisions\/2327"}],"wp:attachment":[{"href":"https:\/\/ultrabreakfluids.com\/ro\/wp-json\/wp\/v2\/media?parent=2098"}],"curies":[{"name":"wp","href":"https:\/\/api.w.org\/{rel}","templated":true}]}}