{"id":2154,"date":"2025-05-04T04:56:17","date_gmt":"2025-05-04T04:56:17","guid":{"rendered":"https:\/\/ultrabreakfluids.com\/?page_id=2154"},"modified":"2025-06-12T16:36:08","modified_gmt":"2025-06-12T16:36:08","slug":"perguntas-frequentes-faqs","status":"publish","type":"page","link":"https:\/\/ultrabreakfluids.com\/pt\/perguntas-frequentes-faqs\/","title":{"rendered":"Perguntas frequentes (FAQs)"},"content":{"rendered":"<div data-elementor-type=\"wp-page\" data-elementor-id=\"2154\" class=\"elementor elementor-2154\" data-elementor-post-type=\"page\">\n\t\t\t\t<div class=\"elementor-element elementor-element-9ce9cbf e-flex e-con-boxed e-con e-parent\" data-id=\"9ce9cbf\" data-element_type=\"container\" data-e-type=\"container\">\r\n\t\t\t\t\t<div class=\"e-con-inner\">\r\n\t\t\t\t<div data-plugin=\"mouse-parallax\" data-options=\"{&quot;invertX&quot;:false,&quot;invertY&quot;:false}\" data-floating-depth=\"0.5\" class=\"elementor-element elementor-element-d23e023 elementor-headline--style-highlight elementor-widget elementor-widget-animated-headline\" data-id=\"d23e023\" data-element_type=\"widget\" data-e-type=\"widget\" data-settings=\"{&quot;marker&quot;:&quot;underline_zigzag&quot;,&quot;highlighted_text&quot;:&quot;Frequently Asked Questions (FAQs)&quot;,&quot;headline_style&quot;:&quot;highlight&quot;,&quot;loop&quot;:&quot;yes&quot;,&quot;highlight_animation_duration&quot;:1200,&quot;highlight_iteration_delay&quot;:8000}\" data-widget_type=\"animated-headline.default\">\n\t\t\t\t<div class=\"elementor-widget-container\">\n\t\t\t\t\t\t\t<h3 class=\"elementor-headline\">\n\t\t\t\t<span class=\"elementor-headline-dynamic-wrapper elementor-headline-text-wrapper\">\n\t\t\t\t\t<span class=\"elementor-headline-dynamic-text elementor-headline-text-active\">Perguntas frequentes (FAQs)<\/span>\n\t\t\t\t<\/span>\n\t\t\t\t<\/h3>\n\t\t\t\t\t\t<\/div>\n\t\t\t\t<\/div>\n\t\t\t\t\t<\/div>\n\t\t\t\t<\/div>\n\t\t<div class=\"elementor-element elementor-element-5cba8fd e-flex e-con-boxed e-con e-parent\" data-id=\"5cba8fd\" data-element_type=\"container\" data-e-type=\"container\">\r\n\t\t\t\t\t<div class=\"e-con-inner\">\r\n\t\t\t\t<div class=\"elementor-element elementor-element-72f997d elementor-widget elementor-widget-text-editor\" data-id=\"72f997d\" data-element_type=\"widget\" data-e-type=\"widget\" data-widget_type=\"text-editor.default\">\n\t\t\t\t<div class=\"elementor-widget-container\">\n\t\t\t\t\t\t\t\t\t<h4 data-start=\"405\" data-end=\"497\"><strong data-start=\"405\" data-end=\"497\">UltraBreak Fluids Inc. - Fornecedor fi\u00e1vel de Caluanie Muelear Oxidize de primeira qualidade, sediado nos EUA<\/strong><\/h4><p class=\"\" data-start=\"499\" data-end=\"677\">O nosso objetivo \u00e9 garantir um acesso seguro, legal e transparente a Caluanie Muelear Oxidize de qualidade industrial. Abaixo est\u00e3o as nossas perguntas mais frequentes para ajudar a orientar a sua compra.<\/p>\t\t\t\t\t\t\t\t<\/div>\n\t\t\t\t<\/div>\n\t\t\t\t\t<\/div>\n\t\t\t\t<\/div>\n\t\t<div class=\"elementor-element elementor-element-29fcd00 e-flex e-con-boxed e-con e-parent\" data-id=\"29fcd00\" data-element_type=\"container\" data-e-type=\"container\">\r\n\t\t\t\t\t<div class=\"e-con-inner\">\r\n\t\t\t\t<div class=\"elementor-element elementor-element-f6e9035 elementor-widget elementor-widget-text-editor\" data-id=\"f6e9035\" data-element_type=\"widget\" data-e-type=\"widget\" data-widget_type=\"text-editor.default\">\n\t\t\t\t<div class=\"elementor-widget-container\">\n\t\t\t\t\t\t\t\t\t<h3 class=\"\" data-start=\"684\" data-end=\"770\">Quem pode comprar legalmente Caluanie Muelear Oxidize \u00e0 UltraBreakfluids Inc.?<\/h3><p class=\"\" data-start=\"771\" data-end=\"1137\"><strong data-start=\"771\" data-end=\"777\">A:<\/strong> Fornecemos Caluanie Muelear Oxidize apenas a compradores qualificados, incluindo <strong data-start=\"849\" data-end=\"917\">empresas industriais, instala\u00e7\u00f5es de investiga\u00e7\u00e3o, laborat\u00f3rios autorizados<\/strong>e outros profissionais verificados. N\u00f3s fazemos <strong data-start=\"959\" data-end=\"971\">n\u00e3o vender<\/strong> a particulares ou utilizadores n\u00e3o verificados. Todas as compras est\u00e3o sujeitas a <strong data-start=\"1045\" data-end=\"1097\">an\u00e1lise da conformidade e verifica\u00e7\u00e3o da documenta\u00e7\u00e3o<\/strong> ao abrigo do direito comercial dos EUA e internacional.<\/p><hr class=\"\" data-start=\"1139\" data-end=\"1142\" \/><h3 class=\"\" data-start=\"1144\" data-end=\"1219\">\u00c9 legal comprar Caluanie Muelear Oxidize no vosso s\u00edtio Web?<\/h3><p class=\"\" data-start=\"1220\" data-end=\"1592\"><strong data-start=\"1220\" data-end=\"1226\">A:<\/strong> Sim - A UltraBreakfluids Inc. opera em total conformidade com todos os <strong data-start=\"1293\" data-end=\"1321\">Regulamentos federais dos EUA<\/strong> que regem a venda e a exporta\u00e7\u00e3o de produtos qu\u00edmicos de utiliza\u00e7\u00e3o restrita. No entanto, os compradores s\u00e3o respons\u00e1veis por garantir o cumprimento dos seus pr\u00f3prios <strong data-start=\"1452\" data-end=\"1466\">leis locais<\/strong> e <strong data-start=\"1471\" data-end=\"1493\">regulamentos de importa\u00e7\u00e3o<\/strong>. Reservamo-nos o direito de recusar ou cancelar encomendas que violem normas legais, \u00e9ticas ou de seguran\u00e7a.<\/p><hr class=\"\" data-start=\"1594\" data-end=\"1597\" \/><hr class=\"\" data-start=\"2010\" data-end=\"2013\" \/><h3 class=\"\" data-start=\"2015\" data-end=\"2051\">Fazem envios internacionais?<\/h3><p class=\"\" data-start=\"2052\" data-end=\"2244\"><strong data-start=\"2052\" data-end=\"2058\">A:<\/strong> Sim. Enviamos Caluanie Muelear Oxidize para todo o mundo, da seguinte forma <strong data-start=\"2129\" data-end=\"2176\">regulamentos internacionais de transporte de produtos qu\u00edmicos<\/strong> incluindo <strong data-start=\"2187\" data-end=\"2210\">IATA, DOT e IMDG<\/strong> normas. Todas as exporta\u00e7\u00f5es incluem:<\/p><ul data-start=\"2245\" data-end=\"2392\"><li class=\"\" data-start=\"2245\" data-end=\"2286\"><p class=\"\" data-start=\"2247\" data-end=\"2286\"><strong data-start=\"2247\" data-end=\"2284\">Ficha de dados de seguran\u00e7a do material (MSDS)<\/strong><\/p><\/li><li class=\"\" data-start=\"2287\" data-end=\"2324\"><p class=\"\" data-start=\"2289\" data-end=\"2324\"><strong data-start=\"2289\" data-end=\"2322\">Certificado de An\u00e1lise (COA)<\/strong><\/p><\/li><li class=\"\" data-start=\"2325\" data-end=\"2363\"><p class=\"\" data-start=\"2327\" data-end=\"2363\"><strong data-start=\"2327\" data-end=\"2361\">Declara\u00e7\u00e3o de exporta\u00e7\u00e3o e fatura<\/strong><\/p><\/li><li class=\"\" data-start=\"2364\" data-end=\"2392\"><p class=\"\" data-start=\"2366\" data-end=\"2392\"><strong data-start=\"2366\" data-end=\"2392\">Rastreio e seguro<\/strong><\/p><\/li><\/ul><p class=\"\" data-start=\"2394\" data-end=\"2448\">Se necess\u00e1rio, prestaremos assist\u00eancia no que respeita aos requisitos aduaneiros.<\/p><hr class=\"\" data-start=\"2450\" data-end=\"2453\" \/><h3 class=\"\" data-start=\"2455\" data-end=\"2503\">Como \u00e9 que o produto \u00e9 embalado e rotulado?<\/h3><p class=\"\" data-start=\"2504\" data-end=\"2858\"><strong data-start=\"2504\" data-end=\"2510\">A:<\/strong> Todos os produtos s\u00e3o selados de forma segura em <strong data-start=\"2547\" data-end=\"2598\">recipientes resistentes a produtos qu\u00edmicos e inviol\u00e1veis<\/strong>rotulado de acordo com <strong data-start=\"2621\" data-end=\"2648\">Normas GHS da OSHA dos EUA<\/strong>. Cada embalagem inclui avisos de seguran\u00e7a, diretrizes de manuseamento e informa\u00e7\u00f5es de rastreio do lote. As remessas a granel (10L, 20L, 50L, 200L) s\u00e3o embaladas em <strong data-start=\"2793\" data-end=\"2825\">Tambores industriais aprovados pela ONU<\/strong> com embalagem exterior refor\u00e7ada.<\/p><hr class=\"\" data-start=\"2860\" data-end=\"2863\" \/><h3 class=\"\" data-start=\"2865\" data-end=\"2922\">E se o meu envio estiver atrasado, retido ou danificado?<\/h3><p class=\"\" data-start=\"2923\" data-end=\"3028\"><strong data-start=\"2923\" data-end=\"2929\">A:<\/strong> Monitorizamos todas as encomendas desde o envio at\u00e9 \u00e0 entrega. Se uma encomenda se atrasar ou ficar danificada durante o transporte:<\/p><ul data-start=\"3029\" data-end=\"3189\"><li class=\"\" data-start=\"3029\" data-end=\"3065\"><p class=\"\" data-start=\"3031\" data-end=\"3065\">Abriremos um <strong data-start=\"3046\" data-end=\"3063\">reclama\u00e7\u00e3o da transportadora<\/strong><\/p><\/li><li class=\"\" data-start=\"3066\" data-end=\"3111\"><p class=\"\" data-start=\"3068\" data-end=\"3111\">Investigar com documenta\u00e7\u00e3o de apoio<\/p><\/li><li class=\"\" data-start=\"3112\" data-end=\"3189\"><p class=\"\" data-start=\"3114\" data-end=\"3189\">Oferecer um <strong data-start=\"3122\" data-end=\"3147\">substitui\u00e7\u00e3o ou reembolso<\/strong> se aplic\u00e1vel (ver Diretrizes de expedi\u00e7\u00e3o)<\/p><\/li><\/ul><p class=\"\" data-start=\"3191\" data-end=\"3272\">Todas as encomendas est\u00e3o cobertas por um seguro. Contactar o suporte dentro de <strong data-start=\"3240\" data-end=\"3252\">72 horas<\/strong> de problemas de entrega.<\/p><hr class=\"\" data-start=\"3274\" data-end=\"3277\" \/><h3 class=\"\" data-start=\"3279\" data-end=\"3352\">\u00a0Como posso ter a certeza de que estou a receber Caluanie Muelear Oxidize genu\u00edno?<\/h3><p class=\"\" data-start=\"3353\" data-end=\"3384\"><strong data-start=\"3353\" data-end=\"3359\">A:<\/strong> Cada encomenda \u00e9 fornecida com:<\/p><ul data-start=\"3385\" data-end=\"3557\"><li class=\"\" data-start=\"3385\" data-end=\"3424\"><p class=\"\" data-start=\"3387\" data-end=\"3424\">A <strong data-start=\"3389\" data-end=\"3422\">Certificado de An\u00e1lise (COA)<\/strong><\/p><\/li><li class=\"\" data-start=\"3425\" data-end=\"3454\"><p class=\"\" data-start=\"3427\" data-end=\"3454\">A <strong data-start=\"3429\" data-end=\"3452\">n\u00famero de lote \u00fanico<\/strong><\/p><\/li><li class=\"\" data-start=\"3455\" data-end=\"3501\"><p class=\"\" data-start=\"3457\" data-end=\"3501\">Completo <strong data-start=\"3462\" data-end=\"3499\">Ficha de dados de seguran\u00e7a do material (MSDS)<\/strong><\/p><\/li><li class=\"\" data-start=\"3502\" data-end=\"3530\"><p class=\"\" data-start=\"3504\" data-end=\"3530\">Embalagem inviol\u00e1vel<\/p><\/li><li class=\"\" data-start=\"3531\" data-end=\"3557\"><p class=\"\" data-start=\"3533\" data-end=\"3557\">Seguimento de envios nos EUA<\/p><\/li><\/ul><p class=\"\" data-start=\"3559\" data-end=\"3723\">Somos um fornecedor registado nos EUA e mantemos um controlo de qualidade total em todos os lotes. Pode verificar a autenticidade da sua encomenda atrav\u00e9s de <strong data-start=\"3690\" data-end=\"3722\"><a rel=\"noopener\" data-start=\"3692\" data-end=\"3720\">sales@ultrabreakfluids.com<\/a><\/strong>.<\/p><hr class=\"\" data-start=\"3725\" data-end=\"3728\" \/><h3 class=\"\" data-start=\"3730\" data-end=\"3789\">Posso cancelar ou modificar a minha encomenda depois de a ter efectuado?<\/h3><p class=\"\" data-start=\"3790\" data-end=\"4017\"><strong data-start=\"3790\" data-end=\"3796\">A:<\/strong> Sim - mas apenas <strong data-start=\"3812\" data-end=\"3846\">antes de o produto ser expedido<\/strong>. Uma vez iniciada a expedi\u00e7\u00e3o e o tratamento aduaneiro, as anula\u00e7\u00f5es s\u00e3o <strong data-start=\"3911\" data-end=\"3928\">n\u00e3o permitido<\/strong> devido a normas legais e de seguran\u00e7a. Por favor, reveja todos os detalhes cuidadosamente antes do envio.<\/p><hr class=\"\" data-start=\"4019\" data-end=\"4022\" \/><h3 class=\"\" data-start=\"4024\" data-end=\"4093\">Oferecem pre\u00e7os por grosso ou contratos de fornecimento recorrentes?<\/h3><p class=\"\" data-start=\"4094\" data-end=\"4276\"><strong data-start=\"4094\" data-end=\"4100\">A:<\/strong> Sim. Oferecemos <strong data-start=\"4115\" data-end=\"4135\">descontos por volume<\/strong>, <strong data-start=\"4137\" data-end=\"4160\">contratos grossistas<\/strong>e <strong data-start=\"4166\" data-end=\"4191\">aquisi\u00e7\u00e3o programada<\/strong> para clientes B2B qualificados. Contacte-nos diretamente para estabelecer um acordo de empresa.<\/p><p class=\"\" data-start=\"4278\" data-end=\"4311\"><strong data-start=\"4281\" data-end=\"4311\"><a rel=\"noopener\" data-start=\"4283\" data-end=\"4309\">sales@ultrabreakfluids.com<\/a><\/strong><\/p><hr class=\"\" data-start=\"4313\" data-end=\"4316\" \/><h3 class=\"\" data-start=\"4318\" data-end=\"4365\">\u00a0Quais s\u00e3o os m\u00e9todos de pagamento aceites?<\/h3><p class=\"\" data-start=\"4366\" data-end=\"4385\"><strong data-start=\"4366\" data-end=\"4372\">A:<\/strong> Aceitamos:<\/p><ul data-start=\"4386\" data-end=\"4592\"><li class=\"\" data-start=\"4386\" data-end=\"4442\"><p class=\"\" data-start=\"4388\" data-end=\"4442\"><strong data-start=\"4388\" data-end=\"4411\">Transfer\u00eancias banc\u00e1rias<\/strong> (nacional e internacional)<\/p><\/li><li class=\"\" data-start=\"4443\" data-end=\"4480\"><p class=\"\" data-start=\"4445\" data-end=\"4480\"><strong data-start=\"4445\" data-end=\"4455\">Zelle\u00a0<\/strong><\/p><\/li><li data-start=\"4443\" data-end=\"4480\"><strong>cashapp<\/strong><\/li><li data-start=\"4443\" data-end=\"4480\"><strong>transfer\u00eancia eletr\u00f3nica<\/strong><\/li><li data-start=\"4443\" data-end=\"4480\"><strong>Apple Pay<\/strong><\/li><li data-start=\"4443\" data-end=\"4480\"><strong>toque<\/strong><\/li><li data-start=\"4443\" data-end=\"4480\"><strong>Bitcoin<\/strong><\/li><li data-start=\"4443\" data-end=\"4480\"><strong>Ethereum<\/strong><\/li><li data-start=\"4443\" data-end=\"4480\"><strong>Litecoin<\/strong><\/li><li class=\"\" data-start=\"4481\" data-end=\"4540\"><p class=\"\" data-start=\"4483\" data-end=\"4540\"><strong data-start=\"4483\" data-end=\"4504\">USDT (TRC20\/USDC)<\/strong> - a pedido de clientes autorizados<\/p><\/li><li data-start=\"4481\" data-end=\"4540\"><strong data-start=\"4543\" data-end=\"4562\">Wise \/ Payoneer<\/strong><\/li><\/ul><p class=\"\" data-start=\"4594\" data-end=\"4733\">Todos os pagamentos s\u00e3o legalmente facturados e verificados. N\u00f3s <strong data-start=\"4645\" data-end=\"4707\">n\u00e3o aceitar dinheiro <\/strong>ou pagamentos de terceiros.<\/p><hr class=\"\" data-start=\"4735\" data-end=\"4738\" \/><h3 class=\"\" data-start=\"4740\" data-end=\"4769\">\u00a0Ainda tem d\u00favidas?<\/h3><p class=\"\" data-start=\"4770\" data-end=\"4898\">Contacte a nossa equipa de apoio jur\u00eddico e de conformidade:<br data-start=\"4816\" data-end=\"4819\" \/><strong><a rel=\"noopener\" data-start=\"4824\" data-end=\"4855\">sales@ultrabreakfluids.com<\/a><\/strong><\/p><hr class=\"\" data-start=\"4900\" data-end=\"4903\" \/><h3 class=\"\" data-start=\"4905\" data-end=\"4930\">\u00a0Aviso legal<\/h3><p class=\"\" data-start=\"4931\" data-end=\"5238\">A UltraBreakfluids Inc. reserva-se o direito de recusar o servi\u00e7o, solicitar documenta\u00e7\u00e3o adicional ou cancelar transac\u00e7\u00f5es que n\u00e3o cumpram a legisla\u00e7\u00e3o federal dos EUA ou as normas internacionais. Caluanie Muelear Oxidize \u00e9 classificado como <strong data-start=\"5162\" data-end=\"5185\">subst\u00e2ncia perigosa<\/strong> e s\u00f3 deve ser manuseado por profissionais qualificados.<\/p>\t\t\t\t\t\t\t\t<\/div>\n\t\t\t\t<\/div>\n\t\t\t\t\t<\/div>\n\t\t\t\t<\/div>\n\t\t\t\t<\/div>","protected":false},"excerpt":{"rendered":"<p>Frequently Asked Questions (FAQs) UltraBreak Fluids Inc. \u2014 Trusted U.S.-Based Supplier of Premium Caluanie Muelear Oxidize Our goal is to ensure safe, legal, and transparent access to industrial-grade Caluanie Muelear Oxidize. Below are our most frequently asked questions to help guide your purchase. Who can legally purchase Caluanie Muelear Oxidize from UltraBreakfluids Inc.? A: We [&hellip;]<\/p>\n","protected":false},"author":1,"featured_media":0,"parent":0,"menu_order":0,"comment_status":"closed","ping_status":"closed","template":"","meta":{"_acf_changed":false,"rs_blank_template":"","rs_page_bg_color":"","slide_template_v7":"","_monsterinsights_skip_tracking":false,"_monsterinsights_sitenote_active":false,"_monsterinsights_sitenote_note":"","_monsterinsights_sitenote_category":0,"footnotes":""},"class_list":["post-2154","page","type-page","status-publish","hentry"],"acf":[],"_hostinger_reach_plugin_has_subscription_block":false,"_hostinger_reach_plugin_is_elementor":false,"jetpack_sharing_enabled":true,"_links":{"self":[{"href":"https:\/\/ultrabreakfluids.com\/pt\/wp-json\/wp\/v2\/pages\/2154","targetHints":{"allow":["GET"]}}],"collection":[{"href":"https:\/\/ultrabreakfluids.com\/pt\/wp-json\/wp\/v2\/pages"}],"about":[{"href":"https:\/\/ultrabreakfluids.com\/pt\/wp-json\/wp\/v2\/types\/page"}],"author":[{"embeddable":true,"href":"https:\/\/ultrabreakfluids.com\/pt\/wp-json\/wp\/v2\/users\/1"}],"replies":[{"embeddable":true,"href":"https:\/\/ultrabreakfluids.com\/pt\/wp-json\/wp\/v2\/comments?post=2154"}],"version-history":[{"count":5,"href":"https:\/\/ultrabreakfluids.com\/pt\/wp-json\/wp\/v2\/pages\/2154\/revisions"}],"predecessor-version":[{"id":2318,"href":"https:\/\/ultrabreakfluids.com\/pt\/wp-json\/wp\/v2\/pages\/2154\/revisions\/2318"}],"wp:attachment":[{"href":"https:\/\/ultrabreakfluids.com\/pt\/wp-json\/wp\/v2\/media?parent=2154"}],"curies":[{"name":"wp","href":"https:\/\/api.w.org\/{rel}","templated":true}]}}