{"id":2129,"date":"2025-05-03T02:37:31","date_gmt":"2025-05-03T02:37:31","guid":{"rendered":"https:\/\/ultrabreakfluids.com\/?page_id=2129"},"modified":"2025-06-12T16:41:41","modified_gmt":"2025-06-12T16:41:41","slug":"os-nossos-servicos","status":"publish","type":"page","link":"https:\/\/ultrabreakfluids.com\/pt\/os-nossos-servicos\/","title":{"rendered":"Os nossos servi\u00e7os"},"content":{"rendered":"<div data-elementor-type=\"wp-page\" data-elementor-id=\"2129\" class=\"elementor elementor-2129\" data-elementor-post-type=\"page\">\n\t\t\t\t<div class=\"elementor-element elementor-element-f6e8409 e-flex e-con-boxed e-con e-parent\" data-id=\"f6e8409\" data-element_type=\"container\" data-e-type=\"container\">\r\n\t\t\t\t\t<div class=\"e-con-inner\">\r\n\t\t\t\t<div class=\"elementor-element elementor-element-def0f3a elementor-headline--style-highlight elementor-widget elementor-widget-animated-headline\" data-id=\"def0f3a\" data-element_type=\"widget\" data-e-type=\"widget\" data-settings=\"{&quot;marker&quot;:&quot;double_underline&quot;,&quot;highlighted_text&quot;:&quot;Our Services&quot;,&quot;headline_style&quot;:&quot;highlight&quot;,&quot;loop&quot;:&quot;yes&quot;,&quot;highlight_animation_duration&quot;:1200,&quot;highlight_iteration_delay&quot;:8000}\" data-widget_type=\"animated-headline.default\">\n\t\t\t\t<div class=\"elementor-widget-container\">\n\t\t\t\t\t\t\t<h3 class=\"elementor-headline\">\n\t\t\t\t<span class=\"elementor-headline-dynamic-wrapper elementor-headline-text-wrapper\">\n\t\t\t\t\t<span class=\"elementor-headline-dynamic-text elementor-headline-text-active\">Os nossos servi\u00e7os<\/span>\n\t\t\t\t<\/span>\n\t\t\t\t<\/h3>\n\t\t\t\t\t\t<\/div>\n\t\t\t\t<\/div>\n\t\t\t\t\t<\/div>\n\t\t\t\t<\/div>\n\t\t<div class=\"elementor-element elementor-element-e91bb44 e-flex e-con-boxed e-con e-parent\" data-id=\"e91bb44\" data-element_type=\"container\" data-e-type=\"container\">\r\n\t\t\t\t\t<div class=\"e-con-inner\">\r\n\t\t\t\t<div class=\"elementor-element elementor-element-a740189 elementor-widget elementor-widget-text-editor\" data-id=\"a740189\" data-element_type=\"widget\" data-e-type=\"widget\" data-widget_type=\"text-editor.default\">\n\t\t\t\t<div class=\"elementor-widget-container\">\n\t\t\t\t\t\t\t\t\t<h4 data-start=\"385\" data-end=\"469\"><strong data-start=\"385\" data-end=\"469\">UltraBreak Fluids Inc. - Fornecedor de Caluanie Muelear Oxidize Premium com sede nos EUA<\/strong><\/h4><p class=\"\" data-start=\"471\" data-end=\"690\">Temos orgulho em servir ind\u00fastrias regulamentadas, laborat\u00f3rios e profissionais de com\u00e9rcio internacional com <strong data-start=\"568\" data-end=\"596\">Caluanie Muelear Oxidize<\/strong>O servi\u00e7o de vendas de produtos de telecomunica\u00e7\u00f5es \u00e9 um servi\u00e7o de vendas de produtos de telecomunica\u00e7\u00f5es que \u00e9 apoiado por uma total conformidade legal e garantia do cliente. Toque em qualquer sec\u00e7\u00e3o abaixo para saber mais.<\/p>\t\t\t\t\t\t\t\t<\/div>\n\t\t\t\t<\/div>\n\t\t\t\t\t<\/div>\n\t\t\t\t<\/div>\n\t\t<div class=\"elementor-element elementor-element-0989718 e-flex e-con-boxed e-con e-parent\" data-id=\"0989718\" data-element_type=\"container\" data-e-type=\"container\">\r\n\t\t\t\t\t<div class=\"e-con-inner\">\r\n\t\t\t\t<div class=\"elementor-element elementor-element-0aa345e elementor-widget elementor-widget-text-editor\" data-id=\"0aa345e\" data-element_type=\"widget\" data-e-type=\"widget\" data-widget_type=\"text-editor.default\">\n\t\t\t\t<div class=\"elementor-widget-container\">\n\t\t\t\t\t\t\t\t\t<h3 class=\"\" data-start=\"697\" data-end=\"734\">1. Fornecimento de produtos qu\u00edmicos certificados<\/h3><p class=\"\" data-start=\"735\" data-end=\"800\"><strong data-start=\"735\" data-end=\"754\">Tamanhos dispon\u00edveis<\/strong>: 1L | 5L | 10L | 20L | 50L | 100L<\/p><p>O nosso Caluanie Muelear Oxidize \u00e9 testado em laborat\u00f3rio para uma pureza de n\u00edvel industrial.<\/p><ul><li><em data-start=\"885\" data-end=\"925\">COA (Certificado de An\u00e1lise) verificado<\/em><\/li><li><em data-start=\"930\" data-end=\"971\">MSDS em conformidade com as normas OSHA dos EUA<\/em><\/li><li><em data-start=\"976\" data-end=\"1010\">Embalagem selada e inviol\u00e1vel<\/em><\/li><\/ul><blockquote data-start=\"1012\" data-end=\"1097\"><p class=\"\" data-start=\"1014\" data-end=\"1097\"><strong data-start=\"1014\" data-end=\"1026\">Caso de utiliza\u00e7\u00e3o<\/strong>: Processamento de metais, degrada\u00e7\u00e3o por solventes, processos de oxida\u00e7\u00e3o industrial.<\/p><\/blockquote><hr class=\"\" data-start=\"1099\" data-end=\"1102\" \/><h3 class=\"\" data-start=\"1104\" data-end=\"1138\">\u00a02. Transporte global de materiais perigosos<\/h3><p>Efectuamos entregas a n\u00edvel mundial de acordo com as normas da IATA e da U.S. hazmat.<\/p><ul><li>Envio rastreado e com seguro<\/li><li>Documenta\u00e7\u00e3o de exporta\u00e7\u00e3o inclu\u00edda<\/li><li>Assist\u00eancia no desalfandegamento<\/li><\/ul><blockquote data-start=\"1296\" data-end=\"1361\"><p class=\"\" data-start=\"1298\" data-end=\"1361\"><em data-start=\"1298\" data-end=\"1359\">Serve todos os pa\u00edses com exporta\u00e7\u00f5es documentadas de produtos qu\u00edmicos.<\/em><\/p><\/blockquote>\t\t\t\t\t\t\t\t<\/div>\n\t\t\t\t<\/div>\n\t\t\t\t\t<\/div>\n\t\t\t\t<\/div>\n\t\t<div class=\"elementor-element elementor-element-e17e42a e-flex e-con-boxed e-con e-parent\" data-id=\"e17e42a\" data-element_type=\"container\" data-e-type=\"container\">\r\n\t\t\t\t\t<div class=\"e-con-inner\">\r\n\t\t\t\t<div class=\"elementor-element elementor-element-9680110 elementor-widget elementor-widget-text-editor\" data-id=\"9680110\" data-element_type=\"widget\" data-e-type=\"widget\" data-widget_type=\"text-editor.default\">\n\t\t\t\t<div class=\"elementor-widget-container\">\n\t\t\t\t\t\t\t\t\t<h3 class=\"\" data-start=\"1368\" data-end=\"1411\">Apoio regulamentar e de conformidade<\/h3><p class=\"\" data-start=\"1412\" data-end=\"1453\">Garantia legal completa em cada envio:<\/p><ul data-start=\"1454\" data-end=\"1581\"><li class=\"\" data-start=\"1454\" data-end=\"1468\"><p class=\"\" data-start=\"1456\" data-end=\"1468\">MSDS E COA<\/p><\/li><li class=\"\" data-start=\"1469\" data-end=\"1492\"><p class=\"\" data-start=\"1471\" data-end=\"1492\">Declara\u00e7\u00f5es de materiais perigosos<\/p><\/li><li class=\"\" data-start=\"1493\" data-end=\"1534\"><p class=\"\" data-start=\"1495\" data-end=\"1534\">Conformidade com facturas e embalagens personalizadas<\/p><\/li><li class=\"\" data-start=\"1535\" data-end=\"1581\"><p class=\"\" data-start=\"1537\" data-end=\"1581\">Autoriza\u00e7\u00e3o de compra para compradores de empresas<\/p><\/li><\/ul><blockquote data-start=\"1583\" data-end=\"1658\"><p class=\"\" data-start=\"1585\" data-end=\"1658\">Precisa de documenta\u00e7\u00e3o local? Basta pedir - a nossa equipa de conformidade tem tudo o que precisa.<\/p><\/blockquote><hr class=\"\" data-start=\"1660\" data-end=\"1663\" \/><h3 class=\"\" data-start=\"1665\" data-end=\"1715\">4. Contratos industriais e contratos B2B<\/h3><p class=\"\" data-start=\"1716\" data-end=\"1774\">Para refinarias, f\u00e1bricas, laborat\u00f3rios de I&amp;D e revendedores a granel:<\/p><ul data-start=\"1775\" data-end=\"1863\"><li class=\"\" data-start=\"1775\" data-end=\"1799\"><p class=\"\" data-start=\"1777\" data-end=\"1799\">Pre\u00e7os baseados no volume<\/p><\/li><li class=\"\" data-start=\"1800\" data-end=\"1828\"><p class=\"\" data-start=\"1802\" data-end=\"1828\">Acordos de fornecimento personalizados<\/p><\/li><li class=\"\" data-start=\"1829\" data-end=\"1863\"><p class=\"\" data-start=\"1831\" data-end=\"1863\">Transac\u00e7\u00f5es confidenciais por grosso<\/p><\/li><\/ul><blockquote data-start=\"1865\" data-end=\"1959\"><p class=\"\" data-start=\"1867\" data-end=\"1959\">Oferecemos <strong data-start=\"1876\" data-end=\"1909\">parcerias de fornecimento a longo prazo<\/strong> em condi\u00e7\u00f5es seguras e com cadeias de entrega rastre\u00e1veis.<\/p><\/blockquote><hr class=\"\" data-start=\"1961\" data-end=\"1964\" \/><h3 class=\"\" data-start=\"1966\" data-end=\"1999\">\u00a05. Apoio especializado (24\/7)<\/h3><p class=\"\" data-start=\"2000\" data-end=\"2157\">Pessoas reais. Resposta r\u00e1pida. Alcance global.<br data-start=\"2041\" data-end=\"2044\" \/>Pedidos de informa\u00e7\u00e3o sobre produtos t\u00e9cnicos<br data-start=\"2073\" data-end=\"2076\" \/>Ajuda de documenta\u00e7\u00e3o<br data-start=\"2096\" data-end=\"2099\" \/>Assist\u00eancia a encomendas repetidas<br data-start=\"2124\" data-end=\"2127\" \/>Caixas de importa\u00e7\u00e3o\/exporta\u00e7\u00e3o personalizadas<\/p><p class=\"\" data-start=\"2159\" data-end=\"2236\"><a rel=\"noopener\" data-start=\"2162\" data-end=\"2190\">sales@ultrabreakfluids.com<\/a><br data-start=\"2190\" data-end=\"2193\" \/>Localiza\u00e7\u00e3o : Las Vegas , Nevada\u00a0<\/p><p class=\"\" data-start=\"2159\" data-end=\"2236\"><a class=\"\" href=\"https:\/\/ultrabreakfluids.com\/pt\/\" target=\"_new\" rel=\"noopener\" data-start=\"2212\" data-end=\"2236\">www.ultrabreakfluids.com<\/a><\/p>\t\t\t\t\t\t\t\t<\/div>\n\t\t\t\t<\/div>\n\t\t\t\t\t<\/div>\n\t\t\t\t<\/div>\n\t\t<div class=\"elementor-element elementor-element-386845b e-flex e-con-boxed e-con e-parent\" data-id=\"386845b\" data-element_type=\"container\" data-e-type=\"container\">\r\n\t\t\t\t\t<div class=\"e-con-inner\">\r\n\t\t\t\t<div class=\"elementor-element elementor-element-7f21b94 elementor-widget elementor-widget-spacer\" data-id=\"7f21b94\" data-element_type=\"widget\" data-e-type=\"widget\" data-widget_type=\"spacer.default\">\n\t\t\t\t<div class=\"elementor-widget-container\">\n\t\t\t\t\t\t\t<div class=\"elementor-spacer\">\n\t\t\t<div class=\"elementor-spacer-inner\"><\/div>\n\t\t<\/div>\n\t\t\t\t\t\t<\/div>\n\t\t\t\t<\/div>\n\t\t\t\t\t<\/div>\n\t\t\t\t<\/div>\n\t\t<div class=\"elementor-element elementor-element-f3911d6 e-flex e-con-boxed e-con e-parent\" data-id=\"f3911d6\" data-element_type=\"container\" data-e-type=\"container\">\r\n\t\t\t\t\t<div class=\"e-con-inner\">\r\n\t\t\t\t<div class=\"elementor-element elementor-element-6860efd elementor-headline--style-highlight elementor-widget elementor-widget-animated-headline\" data-id=\"6860efd\" data-element_type=\"widget\" data-e-type=\"widget\" data-settings=\"{&quot;marker&quot;:&quot;underline&quot;,&quot;highlighted_text&quot;:&quot;Legal Notice&quot;,&quot;headline_style&quot;:&quot;highlight&quot;,&quot;loop&quot;:&quot;yes&quot;,&quot;highlight_animation_duration&quot;:1200,&quot;highlight_iteration_delay&quot;:8000}\" data-widget_type=\"animated-headline.default\">\n\t\t\t\t<div class=\"elementor-widget-container\">\n\t\t\t\t\t\t\t<h3 class=\"elementor-headline\">\n\t\t\t\t<span class=\"elementor-headline-dynamic-wrapper elementor-headline-text-wrapper\">\n\t\t\t\t\t<span class=\"elementor-headline-dynamic-text elementor-headline-text-active\">Aviso legal<\/span>\n\t\t\t\t<\/span>\n\t\t\t\t<\/h3>\n\t\t\t\t\t\t<\/div>\n\t\t\t\t<\/div>\n\t\t\t\t\t<\/div>\n\t\t\t\t<\/div>\n\t\t<div class=\"elementor-element elementor-element-9407981 e-flex e-con-boxed e-con e-parent\" data-id=\"9407981\" data-element_type=\"container\" data-e-type=\"container\">\r\n\t\t\t\t\t<div class=\"e-con-inner\">\r\n\t\t\t\t<div class=\"elementor-element elementor-element-3a89b38 elementor-widget elementor-widget-text-editor\" data-id=\"3a89b38\" data-element_type=\"widget\" data-e-type=\"widget\" data-widget_type=\"text-editor.default\">\n\t\t\t\t<div class=\"elementor-widget-container\">\n\t\t\t\t\t\t\t\t\t<p class=\"\" data-start=\"2265\" data-end=\"2477\">Apenas fornecemos para jurisdi\u00e7\u00f5es onde Caluanie Muelear Oxidize \u00e9 <strong data-start=\"2331\" data-end=\"2341\">legal<\/strong>.<br data-start=\"2342\" data-end=\"2345\" \/>N\u00e3o \u00e9 permitida a revenda, reembalagem ou utiliza\u00e7\u00e3o n\u00e3o aprovada. Todas as encomendas est\u00e3o sujeitas a revis\u00e3o e aprova\u00e7\u00e3o ao abrigo dos regulamentos de exporta\u00e7\u00e3o dos EUA.<\/p><hr class=\"\" data-start=\"2479\" data-end=\"2482\" \/><h5 data-start=\"2484\" data-end=\"2578\"><strong data-start=\"2484\" data-end=\"2510\">UltraBreak Fluids Inc.<\/strong><br data-start=\"2510\" data-end=\"2513\" \/><em data-start=\"2513\" data-end=\"2576\">Produtos qu\u00edmicos de primeira qualidade. Confian\u00e7a internacional. Responsabilidade legal.<\/em><\/h5>\t\t\t\t\t\t\t\t<\/div>\n\t\t\t\t<\/div>\n\t\t\t\t\t<\/div>\n\t\t\t\t<\/div>\n\t\t\t\t<\/div>","protected":false},"excerpt":{"rendered":"<p>Our Services UltraBreak Fluids Inc. \u2013 U.S.-Based Supplier of Premium Caluanie Muelear Oxidize We proudly serve regulated industries, labs, and international trade professionals with top-tier Caluanie Muelear Oxidize, backed by full legal compliance and customer assurance. Tap any section below to learn more. 1. Certified Chemical Supply Available Sizes: 1L | 5L | 10L | [&hellip;]<\/p>\n","protected":false},"author":1,"featured_media":0,"parent":0,"menu_order":0,"comment_status":"closed","ping_status":"closed","template":"","meta":{"_acf_changed":false,"rs_blank_template":"","rs_page_bg_color":"","slide_template_v7":"","_monsterinsights_skip_tracking":false,"_monsterinsights_sitenote_active":false,"_monsterinsights_sitenote_note":"","_monsterinsights_sitenote_category":0,"footnotes":""},"class_list":["post-2129","page","type-page","status-publish","hentry"],"acf":[],"jetpack_sharing_enabled":true,"_links":{"self":[{"href":"https:\/\/ultrabreakfluids.com\/pt\/wp-json\/wp\/v2\/pages\/2129","targetHints":{"allow":["GET"]}}],"collection":[{"href":"https:\/\/ultrabreakfluids.com\/pt\/wp-json\/wp\/v2\/pages"}],"about":[{"href":"https:\/\/ultrabreakfluids.com\/pt\/wp-json\/wp\/v2\/types\/page"}],"author":[{"embeddable":true,"href":"https:\/\/ultrabreakfluids.com\/pt\/wp-json\/wp\/v2\/users\/1"}],"replies":[{"embeddable":true,"href":"https:\/\/ultrabreakfluids.com\/pt\/wp-json\/wp\/v2\/comments?post=2129"}],"version-history":[{"count":5,"href":"https:\/\/ultrabreakfluids.com\/pt\/wp-json\/wp\/v2\/pages\/2129\/revisions"}],"predecessor-version":[{"id":2322,"href":"https:\/\/ultrabreakfluids.com\/pt\/wp-json\/wp\/v2\/pages\/2129\/revisions\/2322"}],"wp:attachment":[{"href":"https:\/\/ultrabreakfluids.com\/pt\/wp-json\/wp\/v2\/media?parent=2129"}],"curies":[{"name":"wp","href":"https:\/\/api.w.org\/{rel}","templated":true}]}}