{"id":3,"date":"2025-03-27T06:03:53","date_gmt":"2025-03-27T06:03:53","guid":{"rendered":"http:\/\/ultrabreakfluids.com\/?page_id=3"},"modified":"2025-06-12T17:01:10","modified_gmt":"2025-06-12T17:01:10","slug":"polityka-prywatnosci","status":"publish","type":"page","link":"https:\/\/ultrabreakfluids.com\/pl\/polityka-prywatnosci\/","title":{"rendered":"Polityka prywatno\u015bci"},"content":{"rendered":"<div data-elementor-type=\"wp-page\" data-elementor-id=\"3\" class=\"elementor elementor-3\" data-elementor-post-type=\"page\">\n\t\t\t\t<div class=\"elementor-element elementor-element-68a22edc e-flex e-con-boxed e-con e-parent\" data-id=\"68a22edc\" data-element_type=\"container\" data-e-type=\"container\">\r\n\t\t\t\t\t<div class=\"e-con-inner\">\r\n\t\t\t\t<div class=\"elementor-element elementor-element-5ad1d309 elementor-widget elementor-widget-text-editor\" data-id=\"5ad1d309\" data-element_type=\"widget\" data-e-type=\"widget\" data-widget_type=\"text-editor.default\">\n\t\t\t\t<div class=\"elementor-widget-container\">\n\t\t\t\t\t\t\t\t\t<h4 data-start=\"343\" data-end=\"365\"><strong data-start=\"345\" data-end=\"363\">Polityka prywatno\u015bci<\/strong><\/h4>\n<h5 data-start=\"343\" data-end=\"365\"><strong data-start=\"402\" data-end=\"474\">UltraBreakFluids.com jest w\u0142asno\u015bci\u0105 i jest zarz\u0105dzana przez UltraBreakFluids Inc.<\/strong><\/h5>\n<h5 data-start=\"476\" data-end=\"794\">Przy <strong data-start=\"479\" data-end=\"505\">UltraBreakFluids Inc.<\/strong> Prywatno\u015b\u0107 u\u017cytkownik\u00f3w jest naszym priorytetem. Niniejsza Polityka prywatno\u015bci okre\u015bla, w jaki spos\u00f3b gromadzimy, wykorzystujemy, ujawniamy i chronimy dane osobowe u\u017cytkownik\u00f3w odwiedzaj\u0105cych nasz\u0105 witryn\u0119 <strong data-start=\"672\" data-end=\"708\"><a class=\"\" href=\"https:\/\/ultrabreakfluids.com\/pl\/\" target=\"_new\" rel=\"noopener\" data-start=\"674\" data-end=\"706\">https:\/\/www.ultrabreakfluids.com<\/a><\/strong>\u00a0lub zakupi\u0107 kt\u00f3rykolwiek z naszych produkt\u00f3w, w tym <strong data-start=\"765\" data-end=\"793\">Caluanie Muelear Oxidize<\/strong>.<\/h5>\n<h5 data-start=\"796\" data-end=\"930\">Korzystaj\u0105c z naszej Witryny lub us\u0142ug, u\u017cytkownik wyra\u017ca zgod\u0119 na warunki niniejszej Polityki prywatno\u015bci. Je\u015bli nie wyra\u017casz zgody, prosimy o powstrzymanie si\u0119 od korzystania z naszej Witryny.<\/h5>\n<hr class=\"\" data-start=\"932\" data-end=\"935\" \/>\n<h5 data-start=\"937\" data-end=\"969\">1. <strong data-start=\"943\" data-end=\"969\">Gromadzone przez nas informacje<\/strong><\/h5>\n<h5 data-start=\"971\" data-end=\"1058\">Gromadzimy nast\u0119puj\u0105ce rodzaje danych osobowych podczas interakcji u\u017cytkownika z nasz\u0105 Witryn\u0105:<\/h5>\n<h5 data-start=\"1060\" data-end=\"1090\">a. <strong>Informacje podane przez u\u017cytkownika<\/strong><\/h5>\n<ul data-start=\"1091\" data-end=\"1314\">\n<li class=\"\" data-start=\"1091\" data-end=\"1131\">\n<h5 data-start=\"1093\" data-end=\"1131\">Imi\u0119 i nazwisko, adres rozliczeniowy i adres wysy\u0142ki<\/h5>\n<\/li>\n<li class=\"\" data-start=\"1132\" data-end=\"1166\">\n<h5 data-start=\"1134\" data-end=\"1166\">Adres e-mail i numer telefonu<\/h5>\n<\/li>\n<li class=\"\" data-start=\"1167\" data-end=\"1233\">\n<h5 data-start=\"1169\" data-end=\"1233\">Szczeg\u00f3\u0142y p\u0142atno\u015bci\u00a0<\/h5>\n<\/li>\n<li class=\"\" data-start=\"1234\" data-end=\"1277\">\n<h5 data-start=\"1236\" data-end=\"1277\">Nazwa firmy i identyfikator podatkowy (je\u015bli dotyczy)<\/h5>\n<\/li>\n<li class=\"\" data-start=\"1278\" data-end=\"1314\">\n<h5 data-start=\"1280\" data-end=\"1314\">Historia zam\u00f3wie\u0144 i szczeg\u00f3\u0142y zakupu<\/h5>\n<\/li>\n<\/ul>\n<h5 data-start=\"1316\" data-end=\"1358\">b. Informacje zbierane automatycznie<\/h5>\n<ul data-start=\"1359\" data-end=\"1478\">\n<li class=\"\" data-start=\"1359\" data-end=\"1400\">\n<h5 data-start=\"1361\" data-end=\"1400\">Adres IP, typ przegl\u0105darki, dane urz\u0105dzenia<\/h5>\n<\/li>\n<li class=\"\" data-start=\"1401\" data-end=\"1433\">\n<h5 data-start=\"1403\" data-end=\"1433\">Strony odsy\u0142aj\u0105ce\/wyj\u015bciowe i adres URL<\/h5>\n<\/li>\n<li class=\"\" data-start=\"1434\" data-end=\"1478\">\n<h5 data-start=\"1436\" data-end=\"1478\">Dane o u\u017cytkowaniu za po\u015brednictwem plik\u00f3w cookie i narz\u0119dzi analitycznych<\/h5>\n<\/li>\n<\/ul>\n<h5 data-start=\"1480\" data-end=\"1510\">c. Informacje os\u00f3b trzecich<\/h5>\n<ul data-start=\"1511\" data-end=\"1669\">\n<li class=\"\" data-start=\"1511\" data-end=\"1598\">\n<h5 data-start=\"1513\" data-end=\"1598\">Podmioty przetwarzaj\u0105ce p\u0142atno\u015bci (np. ApplePay, PayPal, Crypto) mog\u0105 udost\u0119pnia\u0107 nam potwierdzenia transakcji.<\/h5>\n<\/li>\n<li class=\"\" data-start=\"1599\" data-end=\"1669\">\n<h5 data-start=\"1601\" data-end=\"1669\">Przewo\u017anicy mog\u0105 udost\u0119pnia\u0107 potwierdzenia dostawy i aktualizacje statusu<\/h5>\n<\/li>\n<\/ul>\n<hr class=\"\" data-start=\"1671\" data-end=\"1674\" \/>\n<h5 data-start=\"1676\" data-end=\"1713\">2. <strong data-start=\"1682\" data-end=\"1713\">Jak wykorzystujemy informacje o u\u017cytkowniku<\/strong><\/h5>\n<h5 data-start=\"1715\" data-end=\"1742\">U\u017cywamy informacji o u\u017cytkowniku do:<\/h5>\n<ul data-start=\"1744\" data-end=\"2032\">\n<li class=\"\" data-start=\"1744\" data-end=\"1796\">\n<h5 data-start=\"1746\" data-end=\"1796\">Przetwarzanie zam\u00f3wie\u0144 oraz zarz\u0105dzanie wysy\u0142k\u0105 i logistyk\u0105<\/h5>\n<\/li>\n<li class=\"\" data-start=\"1797\" data-end=\"1853\">\n<h5 data-start=\"1799\" data-end=\"1853\">Komunikacja z u\u017cytkownikiem w zwi\u0105zku z zam\u00f3wieniem lub zapytaniem<\/h5>\n<\/li>\n<li class=\"\" data-start=\"1854\" data-end=\"1907\">\n<h5 data-start=\"1856\" data-end=\"1907\">Zapobieganie oszustwom i zapewnienie bezpiecze\u0144stwa naszej platformy<\/h5>\n<\/li>\n<li class=\"\" data-start=\"1908\" data-end=\"1966\">\n<h5 data-start=\"1910\" data-end=\"1966\">Ulepszanie naszych produkt\u00f3w, us\u0142ug i strony internetowej<\/h5>\n<\/li>\n<li class=\"\" data-start=\"1967\" data-end=\"2032\">\n<h5 data-start=\"1969\" data-end=\"2032\">Przestrzeganie zobowi\u0105za\u0144 prawnych wynikaj\u0105cych z przepis\u00f3w federalnych i stanowych USA<\/h5>\n<\/li>\n<\/ul>\n<h5 data-start=\"2034\" data-end=\"2127\">Robimy to <strong data-start=\"2040\" data-end=\"2047\">nie<\/strong> sprzedawa\u0107 ani wynajmowa\u0107 danych osobowych u\u017cytkownika stronom trzecim w celach marketingowych.<\/h5>\n<hr class=\"\" data-start=\"2129\" data-end=\"2132\" \/>\n<h5 data-start=\"2134\" data-end=\"2175\">3. <strong data-start=\"2140\" data-end=\"2175\">Pliki cookie i technologie \u015bledzenia<\/strong><\/h5>\n<h5 data-start=\"2177\" data-end=\"2243\">U\u017cywamy plik\u00f3w cookie, sygna\u0142\u00f3w nawigacyjnych i podobnych technologii \u015bledzenia do:<\/h5>\n<ul data-start=\"2245\" data-end=\"2363\">\n<li class=\"\" data-start=\"2245\" data-end=\"2276\">\n<h5 data-start=\"2247\" data-end=\"2276\">Spersonalizuj swoje do\u015bwiadczenie<\/h5>\n<\/li>\n<li class=\"\" data-start=\"2277\" data-end=\"2306\">\n<h5 data-start=\"2279\" data-end=\"2306\">W\u0142\u0105cz funkcjonalno\u015b\u0107 koszyka<\/h5>\n<\/li>\n<li class=\"\" data-start=\"2307\" data-end=\"2363\">\n<h5 data-start=\"2309\" data-end=\"2363\">Analizuj ruch w witrynie za pomoc\u0105 narz\u0119dzi takich jak Google Analytics.<\/h5>\n<\/li>\n<\/ul>\n<h5 data-start=\"2365\" data-end=\"2425\">U\u017cytkownik mo\u017ce w dowolnym momencie zmieni\u0107 ustawienia plik\u00f3w cookie w swojej przegl\u0105darce.<\/h5>\n<hr class=\"\" data-start=\"2427\" data-end=\"2430\" \/>\n<h5 data-start=\"2432\" data-end=\"2467\">4. <strong data-start=\"2438\" data-end=\"2467\">Udost\u0119pnianie i ujawnianie danych<\/strong><\/h5>\n<h5 data-start=\"2469\" data-end=\"2506\">Mo\u017cemy udost\u0119pnia\u0107 dane osobowe u\u017cytkownika<\/h5>\n<ul data-start=\"2508\" data-end=\"2852\">\n<li class=\"\" data-start=\"2508\" data-end=\"2589\">\n<h5 data-start=\"2510\" data-end=\"2589\"><strong data-start=\"2510\" data-end=\"2532\">Dostawcy us\u0142ug:<\/strong> procesory p\u0142atno\u015bci, firmy spedycyjne, us\u0142ugi e-mail<\/h5>\n<\/li>\n<li class=\"\" data-start=\"2590\" data-end=\"2671\">\n<h5 data-start=\"2592\" data-end=\"2671\"><strong data-start=\"2592\" data-end=\"2619\">Organy regulacyjne:<\/strong> je\u015bli jest to wymagane przez prawo lub w odpowiedzi na proces prawny<\/h5>\n<\/li>\n<li class=\"\" data-start=\"2672\" data-end=\"2771\">\n<h5 data-start=\"2674\" data-end=\"2771\"><strong data-start=\"2674\" data-end=\"2701\">Podmioty stowarzyszone lub partnerzy:<\/strong> dla operacji biznesowych lub wsparcia w ramach um\u00f3w o zachowaniu poufno\u015bci<\/h5>\n<\/li>\n<li class=\"\" data-start=\"2772\" data-end=\"2852\">\n<h5 data-start=\"2774\" data-end=\"2852\"><strong data-start=\"2774\" data-end=\"2796\">Egzekwowanie prawa:<\/strong> w przypadku oszustwa, cyberprzest\u0119pstwa lub naruszenia prawa<\/h5>\n<\/li>\n<\/ul>\n<h5 data-start=\"2854\" data-end=\"2937\">Wszystkie strony trzecie s\u0105 zobowi\u0105zane do zachowania poufno\u015bci danych u\u017cytkownika.<\/h5>\n<hr class=\"\" data-start=\"2939\" data-end=\"2942\" \/>\n<h5 data-start=\"2944\" data-end=\"2968\">5. <strong data-start=\"2950\" data-end=\"2968\">Przechowywanie danych<\/strong><\/h5>\n<h5 data-start=\"2970\" data-end=\"3036\">Przechowujemy dane osobowe u\u017cytkownika tylko tak d\u0142ugo, jak jest to konieczne:<\/h5>\n<ul data-start=\"3038\" data-end=\"3173\">\n<li class=\"\" data-start=\"3038\" data-end=\"3084\">\n<h5 data-start=\"3040\" data-end=\"3084\">Realizacja zam\u00f3wie\u0144 i zgodno\u015b\u0107 z przepisami podatkowymi\/prawnymi<\/h5>\n<\/li>\n<li class=\"\" data-start=\"3085\" data-end=\"3128\">\n<h5 data-start=\"3087\" data-end=\"3128\">Obs\u0142uga klienta i rozwi\u0105zywanie spor\u00f3w<\/h5>\n<\/li>\n<li class=\"\" data-start=\"3129\" data-end=\"3173\">\n<h5 data-start=\"3131\" data-end=\"3173\">Ulepszanie naszych operacji (np. analityka)<\/h5>\n<\/li>\n<\/ul>\n<h5 data-start=\"3175\" data-end=\"3250\">Dane u\u017cytkownika s\u0105 bezpiecznie usuwane lub anonimizowane, gdy nie s\u0105 ju\u017c potrzebne.<\/h5>\n<hr class=\"\" data-start=\"3252\" data-end=\"3255\" \/>\n<h5 data-start=\"3257\" data-end=\"3286\">6. <strong data-start=\"3263\" data-end=\"3286\">U\u017cytkownicy mi\u0119dzynarodowi<\/strong><\/h5>\n<h5 data-start=\"3288\" data-end=\"3503\">Je\u015bli u\u017cytkownik uzyskuje dost\u0119p do Witryny spoza Stan\u00f3w Zjednoczonych, wyra\u017ca zgod\u0119 na przekazywanie, przechowywanie i przetwarzanie swoich danych w Stanach Zjednoczonych, gdzie przepisy dotycz\u0105ce ochrony danych mog\u0105 r\u00f3\u017cni\u0107 si\u0119 od przepis\u00f3w obowi\u0105zuj\u0105cych w kraju u\u017cytkownika.<\/h5>\n<hr class=\"\" data-start=\"3505\" data-end=\"3508\" \/>\n<h5 data-start=\"3510\" data-end=\"3543\">7. <strong data-start=\"3516\" data-end=\"3543\">Prawa i mo\u017cliwo\u015bci wyboru<\/strong><\/h5>\n<h5 data-start=\"3545\" data-end=\"3553\">Mo\u017cesz:<\/h5>\n<ul data-start=\"3555\" data-end=\"3830\">\n<li class=\"\" data-start=\"3555\" data-end=\"3605\">\n<h5 data-start=\"3557\" data-end=\"3605\"><strong data-start=\"3557\" data-end=\"3567\">Dost\u0119p<\/strong> przechowywane przez nas dane osobowe u\u017cytkownika<\/h5>\n<\/li>\n<li class=\"\" data-start=\"3606\" data-end=\"3673\">\n<h5 data-start=\"3608\" data-end=\"3673\"><strong data-start=\"3608\" data-end=\"3631\">\u017b\u0105danie poprawek<\/strong> do niedok\u0142adnych lub niekompletnych informacji<\/h5>\n<\/li>\n<li class=\"\" data-start=\"3674\" data-end=\"3745\">\n<h5 data-start=\"3676\" data-end=\"3745\"><strong data-start=\"3676\" data-end=\"3696\">\u017b\u0105danie usuni\u0119cia<\/strong> danych osobowych, o ile jest to prawnie dozwolone<\/h5>\n<\/li>\n<li class=\"\" data-start=\"3746\" data-end=\"3830\">\n<h5 data-start=\"3748\" data-end=\"3830\"><strong data-start=\"3748\" data-end=\"3759\">Rezygnacja<\/strong> komunikacji marketingowej (linki do rezygnacji z subskrypcji s\u0105 zawarte w wiadomo\u015bciach e-mail)<\/h5>\n<\/li>\n<\/ul>\n<h5 data-start=\"3832\" data-end=\"3917\">Aby skorzysta\u0107 z tych praw, nale\u017cy skontaktowa\u0107 si\u0119 z nami pod adresem:<br data-start=\"3879\" data-end=\"3882\" \/>\ud83d\udce7 <strong data-start=\"3885\" data-end=\"3917\"><a rel=\"noopener\" data-start=\"3887\" data-end=\"3915\">sales@ultrabreakfluids.com<\/a><\/strong><\/h5>\n<hr class=\"\" data-start=\"3919\" data-end=\"3922\" \/>\n<h5 data-start=\"3924\" data-end=\"3962\">8. <strong data-start=\"3930\" data-end=\"3962\">Bezpiecze\u0144stwo informacji o u\u017cytkowniku<\/strong><\/h5>\n<h5 data-start=\"3964\" data-end=\"4061\">Korzystamy z bezpiecznych technologii i praktyk organizacyjnych w celu ochrony danych osobowych u\u017cytkownik\u00f3w, w tym:<\/h5>\n<ul data-start=\"4063\" data-end=\"4187\">\n<li class=\"\" data-start=\"4063\" data-end=\"4081\">\n<h5 data-start=\"4065\" data-end=\"4081\">Szyfrowanie SSL<\/h5>\n<\/li>\n<li class=\"\" data-start=\"4082\" data-end=\"4109\">\n<h5 data-start=\"4084\" data-end=\"4109\">Bezpieczne bramki p\u0142atno\u015bci<\/h5>\n<\/li>\n<li class=\"\" data-start=\"4110\" data-end=\"4151\">\n<h5 data-start=\"4112\" data-end=\"4151\">Systemy kontroli dost\u0119pu i monitoringu<\/h5>\n<\/li>\n<li class=\"\" data-start=\"4152\" data-end=\"4187\">\n<h5 data-start=\"4154\" data-end=\"4187\">Szkolenie pracownik\u00f3w w zakresie poufno\u015bci<\/h5>\n<\/li>\n<\/ul>\n<h5 data-start=\"4189\" data-end=\"4263\">\u017baden system nie jest bezpieczny w 100%, ale staramy si\u0119 przekracza\u0107 najlepsze praktyki bran\u017cowe.<\/h5>\n<hr class=\"\" data-start=\"4265\" data-end=\"4268\" \/>\n<h5 data-start=\"4270\" data-end=\"4298\">9. <strong data-start=\"4276\" data-end=\"4298\">Prywatno\u015b\u0107 dzieci<\/strong><\/h5>\n<h5 data-start=\"4300\" data-end=\"4553\">Strona UltraBreakFluids.com nie jest przeznaczona dla os\u00f3b poni\u017cej 18 roku \u017cycia. Nie zbieramy \u015bwiadomie danych osobowych od dzieci. Je\u015bli uwa\u017casz, \u017ce dziecko przekaza\u0142o nam informacje, skontaktuj si\u0119 z nami natychmiast pod adresem <strong data-start=\"4520\" data-end=\"4552\"><a rel=\"noopener\" data-start=\"4522\" data-end=\"4550\">sales@ultrabreakfluids.com<\/a><\/strong>.<\/h5>\n<hr class=\"\" data-start=\"4555\" data-end=\"4558\" \/>\n<h5 data-start=\"4560\" data-end=\"4593\">10. <strong data-start=\"4567\" data-end=\"4593\">Zmiany w niniejszej Polityce<\/strong><\/h5>\n<h5 data-start=\"4595\" data-end=\"4835\">Zastrzegamy sobie prawo do aktualizacji niniejszej Polityki prywatno\u015bci w dowolnym momencie. Zmiany b\u0119d\u0105 publikowane na tej stronie z aktualn\u0105 dat\u0105 wej\u015bcia w \u017cycie. Dalsze korzystanie z Witryny po wprowadzeniu takich zmian oznacza akceptacj\u0119 zmienionej Polityki prywatno\u015bci.<\/h5>\n<hr class=\"\" data-start=\"4837\" data-end=\"4840\" \/>\n<h5 data-start=\"4842\" data-end=\"4863\">11. <strong data-start=\"4849\" data-end=\"4863\">Kontakt<\/strong><\/h5>\n<h5 data-start=\"4865\" data-end=\"4955\">W przypadku pyta\u0144 lub w\u0105tpliwo\u015bci dotycz\u0105cych niniejszej Polityki prywatno\u015bci lub danych osobowych u\u017cytkownika prosimy o kontakt:<\/h5>\n<h5 data-start=\"4957\" data-end=\"5086\"><strong data-start=\"4957\" data-end=\"4983\">UltraBreak Fluids Inc.<\/strong><br data-start=\"4983\" data-end=\"4986\" \/>\ud83d\udccd<\/h5>\n<ul class=\"list list-unstyled pe-5 mb-md-0\">\n<li class=\"mb-0\"><strong>Las Vegas , Nevada<\/strong><\/li>\n<\/ul>\n<h5 data-start=\"4957\" data-end=\"5086\">\ud83d\udce7 <a rel=\"noopener\" data-start=\"5020\" data-end=\"5048\">sales@ultrabreakfluids.com<\/a><br data-start=\"5048\" data-end=\"5051\" \/>\ud83c\udf10 <a class=\"\" href=\"https:\/\/ultrabreakfluids.com\/pl\/\" target=\"_new\" rel=\"noopener\" data-start=\"5054\" data-end=\"5086\">https:\/\/www.ultrabreakfluids.com<\/a><\/h5>\t\t\t\t\t\t\t\t<\/div>\n\t\t\t\t<\/div>\n\t\t\t\t\t<\/div>\n\t\t\t\t<\/div>\n\t\t\t\t<\/div>","protected":false},"excerpt":{"rendered":"<p>Privacy Policy UltraBreakFluids.com is owned and operated by UltraBreakFluids Inc. At UltraBreakFluids Inc. Your privacy is our priority. This Privacy Policy outlines how we collect, use, disclose, and safeguard your personal information when you visit https:\/\/www.ultrabreakfluids.com\u00a0or purchase any of our products, including Caluanie Muelear Oxidize. By using our Site or services, you agree to the [&hellip;]<\/p>\n","protected":false},"author":1,"featured_media":0,"parent":0,"menu_order":0,"comment_status":"closed","ping_status":"open","template":"","meta":{"_acf_changed":false,"rs_blank_template":"","rs_page_bg_color":"","slide_template_v7":"","_monsterinsights_skip_tracking":false,"_monsterinsights_sitenote_active":false,"_monsterinsights_sitenote_note":"","_monsterinsights_sitenote_category":0,"footnotes":""},"class_list":["post-3","page","type-page","status-publish","hentry"],"acf":[],"_hostinger_reach_plugin_has_subscription_block":false,"_hostinger_reach_plugin_is_elementor":false,"jetpack_sharing_enabled":true,"_links":{"self":[{"href":"https:\/\/ultrabreakfluids.com\/pl\/wp-json\/wp\/v2\/pages\/3","targetHints":{"allow":["GET"]}}],"collection":[{"href":"https:\/\/ultrabreakfluids.com\/pl\/wp-json\/wp\/v2\/pages"}],"about":[{"href":"https:\/\/ultrabreakfluids.com\/pl\/wp-json\/wp\/v2\/types\/page"}],"author":[{"embeddable":true,"href":"https:\/\/ultrabreakfluids.com\/pl\/wp-json\/wp\/v2\/users\/1"}],"replies":[{"embeddable":true,"href":"https:\/\/ultrabreakfluids.com\/pl\/wp-json\/wp\/v2\/comments?post=3"}],"version-history":[{"count":8,"href":"https:\/\/ultrabreakfluids.com\/pl\/wp-json\/wp\/v2\/pages\/3\/revisions"}],"predecessor-version":[{"id":2334,"href":"https:\/\/ultrabreakfluids.com\/pl\/wp-json\/wp\/v2\/pages\/3\/revisions\/2334"}],"wp:attachment":[{"href":"https:\/\/ultrabreakfluids.com\/pl\/wp-json\/wp\/v2\/media?parent=3"}],"curies":[{"name":"wp","href":"https:\/\/api.w.org\/{rel}","templated":true}]}}