{"id":2121,"date":"2025-05-02T03:35:10","date_gmt":"2025-05-02T03:35:10","guid":{"rendered":"https:\/\/ultrabreakfluids.com\/?page_id=2121"},"modified":"2025-06-12T16:41:01","modified_gmt":"2025-06-12T16:41:01","slug":"nasze-gwarancje","status":"publish","type":"page","link":"https:\/\/ultrabreakfluids.com\/pl\/nasze-gwarancje\/","title":{"rendered":"Nasze gwarancje"},"content":{"rendered":"<div data-elementor-type=\"wp-page\" data-elementor-id=\"2121\" class=\"elementor elementor-2121\" data-elementor-post-type=\"page\">\n\t\t\t\t<div class=\"elementor-element elementor-element-5778096 e-flex e-con-boxed e-con e-parent\" data-id=\"5778096\" data-element_type=\"container\" data-e-type=\"container\">\r\n\t\t\t\t\t<div class=\"e-con-inner\">\r\n\t\t\t\t<div class=\"elementor-element elementor-element-b82984d elementor-headline--style-highlight elementor-widget elementor-widget-animated-headline\" data-id=\"b82984d\" data-element_type=\"widget\" data-e-type=\"widget\" data-settings=\"{&quot;marker&quot;:&quot;curly&quot;,&quot;highlighted_text&quot;:&quot;Our Guarantees&quot;,&quot;headline_style&quot;:&quot;highlight&quot;,&quot;loop&quot;:&quot;yes&quot;,&quot;highlight_animation_duration&quot;:1200,&quot;highlight_iteration_delay&quot;:8000}\" data-widget_type=\"animated-headline.default\">\n\t\t\t\t<div class=\"elementor-widget-container\">\n\t\t\t\t\t\t\t<h3 class=\"elementor-headline\">\n\t\t\t\t<span class=\"elementor-headline-dynamic-wrapper elementor-headline-text-wrapper\">\n\t\t\t\t\t<span class=\"elementor-headline-dynamic-text elementor-headline-text-active\">Nasze gwarancje<\/span>\n\t\t\t\t<\/span>\n\t\t\t\t<\/h3>\n\t\t\t\t\t\t<\/div>\n\t\t\t\t<\/div>\n\t\t\t\t\t<\/div>\n\t\t\t\t<\/div>\n\t\t<div class=\"elementor-element elementor-element-bd3ff43 e-flex e-con-boxed e-con e-parent\" data-id=\"bd3ff43\" data-element_type=\"container\" data-e-type=\"container\">\r\n\t\t\t\t\t<div class=\"e-con-inner\">\r\n\t\t\t\t<div class=\"elementor-element elementor-element-122906f elementor-widget elementor-widget-text-editor\" data-id=\"122906f\" data-element_type=\"widget\" data-e-type=\"widget\" data-widget_type=\"text-editor.default\">\n\t\t\t\t<div class=\"elementor-widget-container\">\n\t\t\t\t\t\t\t\t\t<p class=\"\" data-start=\"404\" data-end=\"459\"><strong data-start=\"404\" data-end=\"459\">UltraBreakFluids.com | UltraBreakFluids Inc. - USA<\/strong><\/p><p class=\"\" data-start=\"461\" data-end=\"831\">Przy <strong data-start=\"464\" data-end=\"490\">UltraBreakFluids Inc.<\/strong>Jeste\u015bmy dumni z dostarczania nie tylko <strong data-start=\"529\" data-end=\"588\">najwy\u017cszej jako\u015bci Caluanie Muelear Oxidize na \u015bwiecie<\/strong>ale tak\u017ce ca\u0142kowit\u0105 przejrzysto\u015b\u0107, zgodno\u015b\u0107 z prawem i \u017celazne zaufanie klient\u00f3w. Niezale\u017cnie od tego, czy sk\u0142adasz zam\u00f3wienie w Stanach Zjednoczonych, czy za granic\u0105, nasze gwarancje maj\u0105 na celu ochron\u0119 Twojej inwestycji, operacji i spokoju ducha.<\/p><hr class=\"\" data-start=\"833\" data-end=\"836\" \/><h2 class=\"\" data-start=\"838\" data-end=\"874\"><strong data-start=\"843\" data-end=\"874\">1. Gwarancja czysto\u015bci produktu<\/strong><\/h2><p class=\"\" data-start=\"876\" data-end=\"1057\">Ka\u017cda butelka, beczka lub pojemnik <strong data-start=\"912\" data-end=\"940\">Caluanie Muelear Oxidize<\/strong> dostarczane przez UltraBreakFluids Inc. spe\u0142niaj\u0105 lub przewy\u017cszaj\u0105 mi\u0119dzynarodowe normy. <strong data-start=\"1019\" data-end=\"1056\">Standardy czysto\u015bci klasy przemys\u0142owej<\/strong>.<\/p><ul data-start=\"1059\" data-end=\"1274\"><li class=\"\" data-start=\"1059\" data-end=\"1126\"><p class=\"\" data-start=\"1061\" data-end=\"1126\">Wspierane przez firmy wewn\u0119trzne i zewn\u0119trzne <strong data-start=\"1096\" data-end=\"1124\">analiza kontroli jako\u015bci<\/strong><\/p><\/li><li class=\"\" data-start=\"1127\" data-end=\"1204\"><p class=\"\" data-start=\"1129\" data-end=\"1204\">Zawiera pe\u0142n\u0105 dokumentacj\u0119: <strong data-start=\"1158\" data-end=\"1166\">MSDS<\/strong>, <strong data-start=\"1168\" data-end=\"1175\">COA<\/strong>oraz <strong data-start=\"1181\" data-end=\"1202\">identyfikator \u015bledzenia partii<\/strong><\/p><\/li><li class=\"\" data-start=\"1205\" data-end=\"1274\"><p class=\"\" data-start=\"1207\" data-end=\"1274\">Opakowanie zabezpieczone przed manipulacj\u0105 zapewnia integralno\u015b\u0107 produktu podczas transportu<\/p><\/li><\/ul><blockquote data-start=\"1276\" data-end=\"1420\"><p class=\"\" data-start=\"1278\" data-end=\"1420\">\u00a0Je\u015bli produkt nie jest zgodny z reklamowan\u0105 specyfikacj\u0105, zbadamy spraw\u0119 i, je\u015bli zostanie to potwierdzone, zaoferujemy <strong data-start=\"1389\" data-end=\"1419\">Pe\u0142na wymiana lub zwrot pieni\u0119dzy<\/strong>.<\/p><\/blockquote><hr class=\"\" data-start=\"1422\" data-end=\"1425\" \/><h2 class=\"\" data-start=\"1427\" data-end=\"1487\">\u00a0<strong data-start=\"1433\" data-end=\"1487\">2. Bezpieczna i zgodna z przepisami gwarancja wysy\u0142ki na ca\u0142y \u015bwiat<\/strong><\/h2><p class=\"\" data-start=\"1489\" data-end=\"1602\">Gwarantujemy profesjonaln\u0105 obs\u0142ug\u0119 i dostaw\u0119 produktu - bezpiecznie i zgodnie z prawem - niezale\u017cnie od lokalizacji.<\/p><ul data-start=\"1604\" data-end=\"1863\"><li class=\"\" data-start=\"1604\" data-end=\"1689\"><p class=\"\" data-start=\"1606\" data-end=\"1689\">W pe\u0142ni zgodny z <strong data-start=\"1627\" data-end=\"1645\">U.S. DOT, IATA<\/strong>oraz <strong data-start=\"1651\" data-end=\"1687\">mi\u0119dzynarodowe przepisy dotycz\u0105ce substancji niebezpiecznych<\/strong><\/p><\/li><li class=\"\" data-start=\"1690\" data-end=\"1777\"><p class=\"\" data-start=\"1692\" data-end=\"1777\">Zapewniamy kompletn\u0105 dokumentacj\u0119 eksportow\u0105 spe\u0142niaj\u0105c\u0105 wymagania importowe danego kraju<\/p><\/li><li class=\"\" data-start=\"1778\" data-end=\"1863\"><p class=\"\" data-start=\"1780\" data-end=\"1863\">Wszystkie przesy\u0142ki s\u0105 <strong data-start=\"1798\" data-end=\"1809\">\u015bledzony<\/strong>, <strong data-start=\"1811\" data-end=\"1822\">ubezpieczony<\/strong>oraz <strong data-start=\"1828\" data-end=\"1847\">podw\u00f3jnie zweryfikowany<\/strong> przed wysy\u0142k\u0105<\/p><\/li><\/ul><blockquote data-start=\"1865\" data-end=\"2018\"><p class=\"\" data-start=\"1867\" data-end=\"2018\">Je\u015bli zam\u00f3wienie nie zostanie dostarczone z powodu udowodnionego b\u0142\u0119du wysy\u0142ki z naszej strony, b\u0119dziemy <strong data-start=\"1953\" data-end=\"1973\">ponowna wysy\u0142ka lub zwrot pieni\u0119dzy<\/strong> zgodnie z naszymi <a class=\"\" href=\"https:\/\/ultrabreakfluids.com\/pl\/shipping-policy\/\" rel=\"noopener\" data-start=\"1997\" data-end=\"2017\">Zasady wysy\u0142ki<\/a>.<\/p><\/blockquote><hr class=\"\" data-start=\"2020\" data-end=\"2023\" \/><h2 class=\"\" data-start=\"2025\" data-end=\"2076\">\u00a0<strong data-start=\"2031\" data-end=\"2076\">3. Gwarancja poufno\u015bci i dyskrecji<\/strong><\/h2><p class=\"\" data-start=\"2078\" data-end=\"2216\">UltraBreak Fluids Inc. szanuje wra\u017cliwo\u015b\u0107 handlow\u0105 i wzgl\u0119dy prawne naszych nabywc\u00f3w, szczeg\u00f3lnie w wyspecjalizowanych bran\u017cach.<\/p><ul data-start=\"2218\" data-end=\"2459\"><li class=\"\" data-start=\"2218\" data-end=\"2288\"><p class=\"\" data-start=\"2220\" data-end=\"2288\">Wszystkie zam\u00f3wienia i dane klient\u00f3w s\u0105 obs\u0142ugiwane <strong data-start=\"2262\" data-end=\"2286\">w \u015bcis\u0142ej tajemnicy<\/strong><\/p><\/li><li class=\"\" data-start=\"2289\" data-end=\"2375\"><p class=\"\" data-start=\"2291\" data-end=\"2375\">Dane u\u017cytkownika s\u0105 chronione przez <a class=\"\" href=\"https:\/\/ultrabreakfluids.com\/pl\/polityka-prywatnosci\/\" rel=\"noopener\" data-start=\"2324\" data-end=\"2343\">Polityka prywatno\u015bci<\/a> i ameryka\u0144skie przepisy o ochronie danych<\/p><\/li><li class=\"\" data-start=\"2376\" data-end=\"2459\"><p class=\"\" data-start=\"2378\" data-end=\"2459\">\u017badne informacje nie s\u0105 sprzedawane ani udost\u0119pniane stronom trzecim bez zobowi\u0105za\u0144 prawnych.<\/p><\/li><\/ul><blockquote data-start=\"2461\" data-end=\"2557\"><p class=\"\" data-start=\"2463\" data-end=\"2557\">\u00a0Nasza platforma wykorzystuje szyfrowanie SSL i zweryfikowane bramki p\u0142atno\u015bci, aby zabezpieczy\u0107 ka\u017cd\u0105 transakcj\u0119.<\/p><\/blockquote><h2 class=\"\" data-start=\"2564\" data-end=\"2613\">\u00a0<strong data-start=\"2570\" data-end=\"2613\">4. Dokumentacja i gwarancja zgodno\u015bci<\/strong><\/h2><p class=\"\" data-start=\"2615\" data-end=\"2702\">Do ka\u017cdego zam\u00f3wienia po zakupie do\u0142\u0105czamy prawnie wi\u0105\u017c\u0105c\u0105, zgodn\u0105 z przepisami eksportowymi dokumentacj\u0119, w tym:<\/p><ul data-start=\"2704\" data-end=\"2919\"><li class=\"\" data-start=\"2704\" data-end=\"2746\"><p class=\"\" data-start=\"2706\" data-end=\"2746\"><strong data-start=\"2706\" data-end=\"2744\">Karty charakterystyki substancji niebezpiecznych (MSDS)<\/strong><\/p><\/li><li class=\"\" data-start=\"2747\" data-end=\"2784\"><p class=\"\" data-start=\"2749\" data-end=\"2784\"><strong data-start=\"2749\" data-end=\"2782\">Certyfikat analizy (COA)<\/strong><\/p><\/li><li class=\"\" data-start=\"2785\" data-end=\"2832\"><p class=\"\" data-start=\"2787\" data-end=\"2832\"><strong data-start=\"2787\" data-end=\"2830\">Faktura handlowa i deklaracja Hazmat<\/strong><\/p><\/li><li class=\"\" data-start=\"2833\" data-end=\"2919\"><p class=\"\" data-start=\"2835\" data-end=\"2919\">Dodatkowa dokumentacja zgodno\u015bci na \u017c\u0105danie (np. SDS, listy zatwierdzaj\u0105ce import)<\/p><\/li><\/ul><blockquote data-start=\"2921\" data-end=\"3008\"><p class=\"\" data-start=\"2923\" data-end=\"3008\">\u00a0W przypadku braku wymaganego dokumentu <strong data-start=\"2969\" data-end=\"3007\">wyda\u0107 go cyfrowo w ci\u0105gu 24 godzin<\/strong>.<\/p><\/blockquote><hr class=\"\" data-start=\"3010\" data-end=\"3013\" \/><h2 class=\"\" data-start=\"3015\" data-end=\"3063\">\u00a0<strong data-start=\"3021\" data-end=\"3063\">5. Gwarancja satysfakcji i rozwi\u0105zania<\/strong><\/h2><p class=\"\" data-start=\"3065\" data-end=\"3146\">Gwarantujemy terminowe i profesjonalne rozwi\u0105zanie wszelkich kwestii zwi\u0105zanych z zam\u00f3wieniem.<\/p><ul data-start=\"3148\" data-end=\"3356\"><li class=\"\" data-start=\"3148\" data-end=\"3210\"><p class=\"\" data-start=\"3150\" data-end=\"3210\"><strong data-start=\"3150\" data-end=\"3178\">Mo\u017cliwo\u015b\u0107 zwrotu w ci\u0105gu 7 dni<\/strong> w przypadku uszkodzonych lub nieprawid\u0142owych produkt\u00f3w<\/p><\/li><li class=\"\" data-start=\"3211\" data-end=\"3284\"><p class=\"\" data-start=\"3213\" data-end=\"3284\"><strong data-start=\"3213\" data-end=\"3244\">Szybkie rozpatrywanie spor\u00f3w<\/strong> za po\u015brednictwem naszego zespo\u0142u ds. zgodno\u015bci i logistyki<\/p><\/li><li class=\"\" data-start=\"3285\" data-end=\"3356\"><p class=\"\" data-start=\"3287\" data-end=\"3356\">Spersonalizowana obs\u0142uga klienta - \u017cadnych zautomatyzowanych system\u00f3w, tylko prawdziwi eksperci<\/p><\/li><\/ul><blockquote data-start=\"3358\" data-end=\"3485\"><p class=\"\" data-start=\"3360\" data-end=\"3485\">\u00a0Twoja satysfakcja jest nasz\u0105 reputacj\u0105. Je\u015bli nie spe\u0142nimy oczekiwa\u0144, zrobimy wszystko, co sprawiedliwe i zgodne z prawem, aby to naprawi\u0107.<\/p><\/blockquote><hr class=\"\" data-start=\"3487\" data-end=\"3490\" \/><h2 class=\"\" data-start=\"3492\" data-end=\"3522\">\u00a0<strong data-start=\"3498\" data-end=\"3522\">Nasze zaanga\u017cowanie prawne<\/strong><\/h2><p class=\"\" data-start=\"3524\" data-end=\"3580\">UltraBreak Fluids Inc. dzia\u0142a w pe\u0142nej zgodno\u015bci z:<\/p><ul data-start=\"3581\" data-end=\"3819\"><li class=\"\" data-start=\"3581\" data-end=\"3637\"><p class=\"\" data-start=\"3583\" data-end=\"3637\"><strong data-start=\"3583\" data-end=\"3635\">Federalne przepisy Stan\u00f3w Zjednoczonych dotycz\u0105ce dystrybucji chemikali\u00f3w<\/strong><\/p><\/li><li class=\"\" data-start=\"3638\" data-end=\"3685\"><p class=\"\" data-start=\"3640\" data-end=\"3685\"><strong data-start=\"3640\" data-end=\"3683\">Przepisy administracji eksportowej (EAR)<\/strong><\/p><\/li><li class=\"\" data-start=\"3686\" data-end=\"3744\"><p class=\"\" data-start=\"3688\" data-end=\"3744\"><strong data-start=\"3688\" data-end=\"3712\">Normy EPA i OSHA<\/strong> dla bezpiecze\u0144stwa chemicznego w miejscu pracy<\/p><\/li><li class=\"\" data-start=\"3745\" data-end=\"3819\"><p class=\"\" data-start=\"3747\" data-end=\"3819\">Istotne <strong data-start=\"3756\" data-end=\"3785\">Prawa handlowe na poziomie stanowym<\/strong> maj\u0105ce zastosowanie do materia\u0142\u00f3w niebezpiecznych<\/p><\/li><\/ul><p class=\"\" data-start=\"3821\" data-end=\"3909\">Gwarantujemy <strong data-start=\"3834\" data-end=\"3850\">legalny handel<\/strong> oraz <strong data-start=\"3855\" data-end=\"3887\">etyczne zarz\u0105dzanie chemikaliami<\/strong> w ka\u017cdej transakcji.<\/p>\t\t\t\t\t\t\t\t<\/div>\n\t\t\t\t<\/div>\n\t\t\t\t\t<\/div>\n\t\t\t\t<\/div>\n\t\t\t\t<\/div>","protected":false},"excerpt":{"rendered":"<p>Our Guarantees UltraBreakFluids.com | UltraBreakFluids Inc. \u2013 USA At UltraBreakFluids Inc., we take pride in delivering not only the highest-grade Caluanie Muelear Oxidize in the world, but also total transparency, legal compliance, and ironclad customer confidence. Whether you&#8217;re ordering from within the U.S. or internationally, our guarantees are designed to protect your investment, your operation, [&hellip;]<\/p>\n","protected":false},"author":1,"featured_media":0,"parent":0,"menu_order":0,"comment_status":"closed","ping_status":"closed","template":"","meta":{"_acf_changed":false,"rs_blank_template":"","rs_page_bg_color":"","slide_template_v7":"","_monsterinsights_skip_tracking":false,"_monsterinsights_sitenote_active":false,"_monsterinsights_sitenote_note":"","_monsterinsights_sitenote_category":0,"footnotes":""},"class_list":["post-2121","page","type-page","status-publish","hentry"],"acf":[],"_hostinger_reach_plugin_has_subscription_block":false,"_hostinger_reach_plugin_is_elementor":false,"jetpack_sharing_enabled":true,"_links":{"self":[{"href":"https:\/\/ultrabreakfluids.com\/pl\/wp-json\/wp\/v2\/pages\/2121","targetHints":{"allow":["GET"]}}],"collection":[{"href":"https:\/\/ultrabreakfluids.com\/pl\/wp-json\/wp\/v2\/pages"}],"about":[{"href":"https:\/\/ultrabreakfluids.com\/pl\/wp-json\/wp\/v2\/types\/page"}],"author":[{"embeddable":true,"href":"https:\/\/ultrabreakfluids.com\/pl\/wp-json\/wp\/v2\/users\/1"}],"replies":[{"embeddable":true,"href":"https:\/\/ultrabreakfluids.com\/pl\/wp-json\/wp\/v2\/comments?post=2121"}],"version-history":[{"count":5,"href":"https:\/\/ultrabreakfluids.com\/pl\/wp-json\/wp\/v2\/pages\/2121\/revisions"}],"predecessor-version":[{"id":2321,"href":"https:\/\/ultrabreakfluids.com\/pl\/wp-json\/wp\/v2\/pages\/2121\/revisions\/2321"}],"wp:attachment":[{"href":"https:\/\/ultrabreakfluids.com\/pl\/wp-json\/wp\/v2\/media?parent=2121"}],"curies":[{"name":"wp","href":"https:\/\/api.w.org\/{rel}","templated":true}]}}