{"id":2099,"date":"2025-05-02T02:18:38","date_gmt":"2025-05-02T02:18:38","guid":{"rendered":"https:\/\/ultrabreakfluids.com\/?page_id=2099"},"modified":"2025-06-12T16:53:03","modified_gmt":"2025-06-12T16:53:03","slug":"polityka-zwrotow","status":"publish","type":"page","link":"https:\/\/ultrabreakfluids.com\/pl\/polityka-zwrotow\/","title":{"rendered":"Polityka zwrot\u00f3w"},"content":{"rendered":"<div data-elementor-type=\"wp-page\" data-elementor-id=\"2099\" class=\"elementor elementor-2099\" data-elementor-post-type=\"page\">\n\t\t\t\t<div class=\"elementor-element elementor-element-3775030 e-flex e-con-boxed e-con e-parent\" data-id=\"3775030\" data-element_type=\"container\" data-e-type=\"container\">\r\n\t\t\t\t\t<div class=\"e-con-inner\">\r\n\t\t\t\t<div class=\"elementor-element elementor-element-9cd7cfc elementor-widget elementor-widget-porto_ultimate_heading\" data-id=\"9cd7cfc\" data-element_type=\"widget\" data-e-type=\"widget\" data-widget_type=\"porto_ultimate_heading.default\">\n\t\t\t\t<div class=\"elementor-widget-container\">\n\t\t\t\t\t<div class=\"porto-u-heading  porto-u-55ca8359258f9a412be7e73af65d2aac\"><div class=\"porto-u-main-heading\"><h2 data-plugin-animated-words data-plugin-options=\"{&quot;startDelay&quot;:0,&quot;minWindowWidth&quot;:0,&quot;animationName&quot;:&quot;fadeIn&quot;,&quot;contentType&quot;:&quot;word&quot;}\"  >Polityka zwrot\u00f3w<\/h2><\/div><style>.porto-u-55ca8359258f9a412be7e73af65d2aac.porto-u-heading{text-align:center}<\/style><\/div>\t\t\t\t<\/div>\n\t\t\t\t<\/div>\n\t\t\t\t\t<\/div>\n\t\t\t\t<\/div>\n\t\t<div class=\"elementor-element elementor-element-80a37c5 e-flex e-con-boxed e-con e-parent\" data-id=\"80a37c5\" data-element_type=\"container\" data-e-type=\"container\">\r\n\t\t\t\t\t<div class=\"e-con-inner\">\r\n\t\t\t\t<div class=\"elementor-element elementor-element-139cd81 elementor-widget elementor-widget-text-editor\" data-id=\"139cd81\" data-element_type=\"widget\" data-e-type=\"widget\" data-widget_type=\"text-editor.default\">\n\t\t\t\t<div class=\"elementor-widget-container\">\n\t\t\t\t\t\t\t\t\t<p class=\"\" data-start=\"1734\" data-end=\"1913\">Ze wzgl\u0119du na <strong data-start=\"1745\" data-end=\"1792\">Charakter chemiczny Caluanie Muelear Oxidize<\/strong> i \u015bcis\u0142e przestrzeganie <strong data-start=\"1820\" data-end=\"1857\">przepisy dotycz\u0105ce transportu materia\u0142\u00f3w niebezpiecznych<\/strong>mamy <strong data-start=\"1869\" data-end=\"1894\">Ograniczona polityka zwrot\u00f3w<\/strong> jak opisano poni\u017cej:<\/p><h3 class=\"\" data-start=\"1915\" data-end=\"1947\"><strong data-start=\"1919\" data-end=\"1945\">1. Kwalifikowalno\u015b\u0107 zwrot\u00f3w<\/strong><\/h3><p class=\"\" data-start=\"1948\" data-end=\"1978\">Przyjmujemy zwroty <strong data-start=\"1966\" data-end=\"1977\">tylko je\u015bli<\/strong>:<\/p><ul data-start=\"1979\" data-end=\"2153\"><li class=\"\" data-start=\"1979\" data-end=\"2045\"><p class=\"\" data-start=\"1981\" data-end=\"2045\">Produkt jest dostarczany <strong data-start=\"2001\" data-end=\"2012\">uszkodzony<\/strong>, <strong data-start=\"2014\" data-end=\"2025\">wyciek<\/strong>lub <strong data-start=\"2030\" data-end=\"2043\">wadliwy<\/strong><\/p><\/li><li class=\"\" data-start=\"2046\" data-end=\"2090\"><p class=\"\" data-start=\"2048\" data-end=\"2090\">Wys\u0142ano nieprawid\u0142owy element lub obj\u0119to\u015b\u0107<\/p><\/li><li class=\"\" data-start=\"2091\" data-end=\"2153\"><p class=\"\" data-start=\"2093\" data-end=\"2153\">Produkt jest <strong data-start=\"2108\" data-end=\"2153\">nieu\u017cywane, zapiecz\u0119towane i w oryginalnym opakowaniu<\/strong><\/p><\/li><\/ul><blockquote data-start=\"2155\" data-end=\"2223\"><p class=\"\" data-start=\"2157\" data-end=\"2223\"><strong data-start=\"2157\" data-end=\"2166\">Uwaga:<\/strong> Zwroty musz\u0105 zosta\u0107 zainicjowane w ci\u0105gu <strong data-start=\"2200\" data-end=\"2210\">7 dni<\/strong> dostawy.<\/p><\/blockquote><h3 class=\"\" data-start=\"2225\" data-end=\"2261\"><strong data-start=\"2229\" data-end=\"2259\">2. Jak za\u017c\u0105da\u0107 zwrotu<\/strong><\/h3><p class=\"\" data-start=\"2262\" data-end=\"2282\">Aby za\u017c\u0105da\u0107 zwrotu:<\/p><ul data-start=\"2283\" data-end=\"2490\"><li class=\"\" data-start=\"2283\" data-end=\"2334\"><p class=\"\" data-start=\"2285\" data-end=\"2334\">Napisz do nas na adres <strong>sprzeda\u017c<a rel=\"noopener\" data-start=\"2302\" data-end=\"2330\">@ultrabreakfluids.com<\/a><\/strong><\/p><\/li><li class=\"\" data-start=\"2335\" data-end=\"2427\"><p class=\"\" data-start=\"2337\" data-end=\"2427\">Do\u0142\u0105cz swoje <strong data-start=\"2350\" data-end=\"2385\">numer zam\u00f3wienia, pow\u00f3d zwrotu<\/strong>oraz <strong data-start=\"2391\" data-end=\"2409\">dow\u00f3d w postaci zdj\u0119cia<\/strong> (je\u015bli dotyczy)<\/p><\/li><li class=\"\" data-start=\"2428\" data-end=\"2490\"><p class=\"\" data-start=\"2430\" data-end=\"2490\">Nasz zesp\u00f3\u0142 rozpatrzy Twoj\u0105 pro\u015bb\u0119 w ci\u0105gu <strong data-start=\"2471\" data-end=\"2490\">2 dni robocze<\/strong><\/p><\/li><\/ul><p class=\"\" data-start=\"2492\" data-end=\"2521\">Je\u015bli zostanie zatwierdzony, zapewnimy:<\/p><ul data-start=\"2522\" data-end=\"2607\"><li class=\"\" data-start=\"2522\" data-end=\"2553\"><p class=\"\" data-start=\"2524\" data-end=\"2553\">Kod autoryzacji zwrotu<\/p><\/li><li class=\"\" data-start=\"2554\" data-end=\"2607\"><p class=\"\" data-start=\"2556\" data-end=\"2607\">Instrukcje dotycz\u0105ce bezpiecznej i zgodnej z przepisami wysy\u0142ki zwrotnej<\/p><\/li><\/ul><h3 class=\"\" data-start=\"2609\" data-end=\"2629\"><strong data-start=\"2613\" data-end=\"2627\">3. Zwroty<\/strong><\/h3><ul data-start=\"2630\" data-end=\"2871\"><li class=\"\" data-start=\"2630\" data-end=\"2725\"><p class=\"\" data-start=\"2632\" data-end=\"2725\">Zatwierdzone zwroty s\u0105 przetwarzane w ci\u0105gu <strong data-start=\"2670\" data-end=\"2691\">5-7 dni roboczych<\/strong> do pierwotnej metody p\u0142atno\u015bci<\/p><\/li><li class=\"\" data-start=\"2726\" data-end=\"2806\"><p class=\"\" data-start=\"2728\" data-end=\"2806\">Op\u0142aty za wysy\u0142k\u0119 wynosz\u0105 <strong data-start=\"2746\" data-end=\"2764\">bezzwrotny<\/strong>z wyj\u0105tkiem sytuacji, gdy b\u0142\u0105d by\u0142 po naszej stronie<\/p><\/li><li class=\"\" data-start=\"2807\" data-end=\"2871\"><p class=\"\" data-start=\"2809\" data-end=\"2871\">Cz\u0119\u015bciowe zwroty koszt\u00f3w mog\u0105 mie\u0107 zastosowanie, je\u015bli produkt zosta\u0142 otwarty lub u\u017cyty<\/p><\/li><\/ul><hr class=\"\" data-start=\"2873\" data-end=\"2876\" \/><h2 class=\"\" data-start=\"2878\" data-end=\"2903\"><img decoding=\"async\" class=\"emoji\" role=\"img\" draggable=\"false\" src=\"https:\/\/s.w.org\/images\/core\/emoji\/15.0.3\/svg\/274c.svg\" alt=\"\u274c\" title=\"\"> Przedmioty nie podlegaj\u0105ce zwrotowi<\/h2><p class=\"\" data-start=\"2905\" data-end=\"2938\">My <strong data-start=\"2908\" data-end=\"2933\">nie przyjmuje zwrot\u00f3w<\/strong> dla:<\/p><ul data-start=\"2939\" data-end=\"3132\"><li class=\"\" data-start=\"2939\" data-end=\"2968\"><p class=\"\" data-start=\"2941\" data-end=\"2968\">Otwarte lub u\u017cywane pojemniki<\/p><\/li><li class=\"\" data-start=\"2969\" data-end=\"3032\"><p class=\"\" data-start=\"2971\" data-end=\"3032\">Zam\u00f3wienia niestandardowe lub hurtowe (np. beczki 50 l lub 100 l)<\/p><\/li><li class=\"\" data-start=\"3033\" data-end=\"3132\"><p class=\"\" data-start=\"3035\" data-end=\"3132\">Przesy\u0142ki mi\u0119dzynarodowe odrzucone przez organy celne z powodu <strong data-start=\"3086\" data-end=\"3109\">ograniczenia importowe<\/strong> w kraju kupuj\u0105cego<\/p><\/li><\/ul><hr class=\"\" data-start=\"3134\" data-end=\"3137\" \/><h2 class=\"\" data-start=\"3139\" data-end=\"3155\"><img decoding=\"async\" class=\"emoji\" role=\"img\" draggable=\"false\" src=\"https:\/\/s.w.org\/images\/core\/emoji\/15.0.3\/svg\/1f4de.svg\" alt=\"\ud83d\udcde\" title=\"\"> Pytania?<\/h2><p class=\"\" data-start=\"3157\" data-end=\"3251\">Je\u015bli masz pytania dotycz\u0105ce zam\u00f3wienia, statusu wysy\u0142ki lub mo\u017cliwo\u015bci zwrotu, skontaktuj si\u0119 z nami pod adresem:<\/p><p class=\"\" data-start=\"3253\" data-end=\"3373\"><strong data-start=\"3253\" data-end=\"3279\">UltraBreak Fluids Inc.<\/strong><br data-start=\"3279\" data-end=\"3282\" \/><img decoding=\"async\" class=\"emoji\" role=\"img\" draggable=\"false\" src=\"https:\/\/s.w.org\/images\/core\/emoji\/15.0.3\/svg\/1f4e7.svg\" alt=\"\ud83d\udce7\" title=\"\"> <a rel=\"noopener\" data-start=\"3285\" data-end=\"3313\">sales@ultrabreakfluids.com<\/a><br data-start=\"3313\" data-end=\"3316\" \/><img decoding=\"async\" class=\"emoji\" role=\"img\" draggable=\"false\" src=\"https:\/\/s.w.org\/images\/core\/emoji\/15.0.3\/svg\/1f4cd.svg\" alt=\"\ud83d\udccd\" title=\"\"> Las Vegas, Nevada<br data-start=\"3343\" data-end=\"3346\" \/><img decoding=\"async\" class=\"emoji\" role=\"img\" draggable=\"false\" src=\"https:\/\/s.w.org\/images\/core\/emoji\/15.0.3\/svg\/1f310.svg\" alt=\"\ud83c\udf10\" title=\"\"> <a class=\"\" href=\"https:\/\/ultrabreakfluids.com\/pl\/\" target=\"_new\" rel=\"noopener\" data-start=\"3349\" data-end=\"3373\">www.ultrabreakfluids.com<\/a><\/p>\t\t\t\t\t\t\t\t<\/div>\n\t\t\t\t<\/div>\n\t\t\t\t\t<\/div>\n\t\t\t\t<\/div>\n\t\t\t\t<\/div>","protected":false},"excerpt":{"rendered":"<p>Return Policy Due to the chemical nature of Caluanie Muelear Oxidize and strict compliance with hazardous material transport laws, we have a limited return policy as outlined below: 1. Returns Eligibility We accept returns only if: The product arrives damaged, leaking, or defective The incorrect item or volume was shipped The product is unused, sealed, [&hellip;]<\/p>\n","protected":false},"author":1,"featured_media":0,"parent":0,"menu_order":0,"comment_status":"closed","ping_status":"closed","template":"","meta":{"_acf_changed":false,"rs_blank_template":"","rs_page_bg_color":"","slide_template_v7":"","_monsterinsights_skip_tracking":false,"_monsterinsights_sitenote_active":false,"_monsterinsights_sitenote_note":"","_monsterinsights_sitenote_category":0,"footnotes":""},"class_list":["post-2099","page","type-page","status-publish","hentry"],"acf":[],"_hostinger_reach_plugin_has_subscription_block":false,"_hostinger_reach_plugin_is_elementor":false,"jetpack_sharing_enabled":true,"_links":{"self":[{"href":"https:\/\/ultrabreakfluids.com\/pl\/wp-json\/wp\/v2\/pages\/2099","targetHints":{"allow":["GET"]}}],"collection":[{"href":"https:\/\/ultrabreakfluids.com\/pl\/wp-json\/wp\/v2\/pages"}],"about":[{"href":"https:\/\/ultrabreakfluids.com\/pl\/wp-json\/wp\/v2\/types\/page"}],"author":[{"embeddable":true,"href":"https:\/\/ultrabreakfluids.com\/pl\/wp-json\/wp\/v2\/users\/1"}],"replies":[{"embeddable":true,"href":"https:\/\/ultrabreakfluids.com\/pl\/wp-json\/wp\/v2\/comments?post=2099"}],"version-history":[{"count":8,"href":"https:\/\/ultrabreakfluids.com\/pl\/wp-json\/wp\/v2\/pages\/2099\/revisions"}],"predecessor-version":[{"id":2325,"href":"https:\/\/ultrabreakfluids.com\/pl\/wp-json\/wp\/v2\/pages\/2099\/revisions\/2325"}],"wp:attachment":[{"href":"https:\/\/ultrabreakfluids.com\/pl\/wp-json\/wp\/v2\/media?parent=2099"}],"curies":[{"name":"wp","href":"https:\/\/api.w.org\/{rel}","templated":true}]}}