{"id":2098,"date":"2025-05-02T02:35:45","date_gmt":"2025-05-02T02:35:45","guid":{"rendered":"https:\/\/ultrabreakfluids.com\/?page_id=2098"},"modified":"2025-06-12T16:55:47","modified_gmt":"2025-06-12T16:55:47","slug":"warunki-informacja-o-zgodnosci-z-prawem","status":"publish","type":"page","link":"https:\/\/ultrabreakfluids.com\/pl\/warunki-informacja-o-zgodnosci-z-prawem\/","title":{"rendered":"Regulamin + Powiadomienie o zgodno\u015bci z prawem"},"content":{"rendered":"<div data-elementor-type=\"wp-page\" data-elementor-id=\"2098\" class=\"elementor elementor-2098\" data-elementor-post-type=\"page\">\n\t\t\t\t<div class=\"elementor-element elementor-element-1f9081c e-flex e-con-boxed e-con e-parent\" data-id=\"1f9081c\" data-element_type=\"container\" data-e-type=\"container\">\r\n\t\t\t\t\t<div class=\"e-con-inner\">\r\n\t\t\t\t<div class=\"elementor-element elementor-element-1d16746 elementor-widget elementor-widget-porto_ultimate_heading\" data-id=\"1d16746\" data-element_type=\"widget\" data-e-type=\"widget\" data-widget_type=\"porto_ultimate_heading.default\">\n\t\t\t\t<div class=\"elementor-widget-container\">\n\t\t\t\t\t<div class=\"porto-u-heading  porto-u-55ca8359258f9a412be7e73af65d2aac\"><div class=\"porto-u-main-heading\"><h2   >Regulamin + Powiadomienie o zgodno\u015bci z prawem<\/h2><\/div><style>.porto-u-55ca8359258f9a412be7e73af65d2aac.porto-u-heading{text-align:center}<\/style><\/div>\t\t\t\t<\/div>\n\t\t\t\t<\/div>\n\t\t\t\t\t<\/div>\n\t\t\t\t<\/div>\n\t\t<div class=\"elementor-element elementor-element-19ffa79 e-flex e-con-boxed e-con e-parent\" data-id=\"19ffa79\" data-element_type=\"container\" data-e-type=\"container\">\r\n\t\t\t\t\t<div class=\"e-con-inner\">\r\n\t\t\t\t<div class=\"elementor-element elementor-element-c9b9907 elementor-widget elementor-widget-text-editor\" data-id=\"c9b9907\" data-element_type=\"widget\" data-e-type=\"widget\" data-widget_type=\"text-editor.default\">\n\t\t\t\t<div class=\"elementor-widget-container\">\n\t\t\t\t\t\t\t\t\t<p class=\"\" data-start=\"371\" data-end=\"510\"><strong data-start=\"455\" data-end=\"510\">Posiadane i obs\u0142ugiwane przez: UltraBreak Fluids Inc (USA)<\/strong><\/p><p class=\"\" data-start=\"512\" data-end=\"770\">Niniejsze Warunki reguluj\u0105 dost\u0119p i korzystanie ze strony internetowej UltraBreakFluids.com oraz zakup wszelkich produkt\u00f3w, w tym Caluanie Muelear Oxidize od UltraBreak Fluids Inc.\u00a0<\/p><p class=\"\" data-start=\"772\" data-end=\"948\">Uzyskuj\u0105c dost\u0119p do Witryny, korzystaj\u0105c z niej lub sk\u0142adaj\u0105c zam\u00f3wienie, <strong data-start=\"826\" data-end=\"859\">u\u017cytkownik zgadza si\u0119 by\u0107 prawnie zwi\u0105zany<\/strong> przez niniejsze Warunki, nasze <a class=\"\" href=\"https:\/\/ultrabreakfluids.com\/pl\/polityka-prywatnosci\/\" rel=\"noopener\" data-start=\"880\" data-end=\"899\">Polityka prywatno\u015bci<\/a>oraz wszystkie obowi\u0105zuj\u0105ce przepisy prawa ameryka\u0144skiego i mi\u0119dzynarodowego.<\/p><hr class=\"\" data-start=\"950\" data-end=\"953\" \/><h2 class=\"\" data-start=\"955\" data-end=\"976\">1. <strong data-start=\"961\" data-end=\"976\">Kwalifikowalno\u015b\u0107<\/strong><\/h2><p class=\"\" data-start=\"978\" data-end=\"1206\">Musisz mie\u0107 co najmniej <strong data-start=\"999\" data-end=\"1018\">18 lat<\/strong> i zdolne do zawarcia prawnie wi\u0105\u017c\u0105cej umowy na korzystanie z naszej Witryny lub zakup naszych produkt\u00f3w. Nie prowadzimy sprzeda\u017cy na rzecz os\u00f3b niepe\u0142noletnich ani w jurysdykcjach, w kt\u00f3rych nasze produkty podlegaj\u0105 ograniczeniom lub s\u0105 nielegalne.<\/p><hr class=\"\" data-start=\"1208\" data-end=\"1211\" \/><h2 class=\"\" data-start=\"1213\" data-end=\"1238\">2. <strong data-start=\"1219\" data-end=\"1238\">Korzystanie z produkt\u00f3w<\/strong><\/h2><p class=\"\" data-start=\"1240\" data-end=\"1411\">Wszystkie produkty sprzedawane za po\u015brednictwem UltraBreakFluids.com s\u0105 <strong data-start=\"1291\" data-end=\"1352\">wy\u0142\u0105cznie do zgodnego z prawem u\u017cytku przemys\u0142owego, laboratoryjnego lub komercyjnego<\/strong>. Kupuj\u0105cy zgadza si\u0119 nie u\u017cywa\u0107 Caluanie Muelear Oxidize do:<\/p><ul data-start=\"1412\" data-end=\"1543\"><li class=\"\" data-start=\"1412\" data-end=\"1451\"><p class=\"\" data-start=\"1414\" data-end=\"1451\">Wszelkie nielegalne lub nieautoryzowane cele<\/p><\/li><li class=\"\" data-start=\"1452\" data-end=\"1507\"><p class=\"\" data-start=\"1454\" data-end=\"1507\">Produkcja substancji kontrolowanych lub broni<\/p><\/li><li class=\"\" data-start=\"1508\" data-end=\"1543\"><p class=\"\" data-start=\"1510\" data-end=\"1543\">Nadu\u017cycia osobiste lub rekreacyjne<\/p><\/li><\/ul><p class=\"\" data-start=\"1545\" data-end=\"1626\"><strong data-start=\"1545\" data-end=\"1626\">Niew\u0142a\u015bciwe korzystanie z naszych produkt\u00f3w jest surowo zabronione i mo\u017ce skutkowa\u0107 podj\u0119ciem krok\u00f3w prawnych.<\/strong><\/p><hr class=\"\" data-start=\"1628\" data-end=\"1631\" \/><h2 class=\"\" data-start=\"1633\" data-end=\"1669\">3. <strong data-start=\"1639\" data-end=\"1669\">Zgodno\u015b\u0107 z przepisami eksportowymi i importowymi<\/strong><\/h2><p class=\"\" data-start=\"1671\" data-end=\"1756\">W pe\u0142ni przestrzegamy ameryka\u0144skich przepis\u00f3w eksportowych i oczekujemy tego samego od naszych klient\u00f3w.<\/p><h3 class=\"\" data-start=\"1758\" data-end=\"1785\">Obowi\u0105zki kupuj\u0105cego:<\/h3><ul data-start=\"1786\" data-end=\"2037\"><li class=\"\" data-start=\"1786\" data-end=\"1861\"><p class=\"\" data-start=\"1788\" data-end=\"1861\">Upewnij si\u0119, \u017ce import Caluanie Muelear Oxidize jest legalny w Twoim kraju<\/p><\/li><li class=\"\" data-start=\"1862\" data-end=\"1926\"><p class=\"\" data-start=\"1864\" data-end=\"1926\">Uzyskanie wszystkich niezb\u0119dnych zezwole\u0144, licencji lub odprawy celnej<\/p><\/li><li class=\"\" data-start=\"1927\" data-end=\"1982\"><p class=\"\" data-start=\"1929\" data-end=\"1982\">Dostarczanie dok\u0142adnych informacji o wysy\u0142ce i dokumentacji<\/p><\/li><li class=\"\" data-start=\"1983\" data-end=\"2037\"><p class=\"\" data-start=\"1985\" data-end=\"2037\">Przej\u0119cie pe\u0142nej odpowiedzialno\u015bci za op\u00f3\u017anienia celne lub odmowy<\/p><\/li><\/ul><p class=\"\" data-start=\"2039\" data-end=\"2070\">Jeste\u015bmy <strong data-start=\"2046\" data-end=\"2065\">nieodpowiedzialny<\/strong> dla:<\/p><ul data-start=\"2071\" data-end=\"2244\"><li class=\"\" data-start=\"2071\" data-end=\"2123\"><p class=\"\" data-start=\"2073\" data-end=\"2123\">Zaj\u0119cie lub odrzucenie przez s\u0142u\u017cby celne w danym kraju<\/p><\/li><li class=\"\" data-start=\"2124\" data-end=\"2184\"><p class=\"\" data-start=\"2126\" data-end=\"2184\">Grzywny, c\u0142a lub podatki na\u0142o\u017cone przez w\u0142adze importuj\u0105ce<\/p><\/li><li class=\"\" data-start=\"2185\" data-end=\"2244\"><p class=\"\" data-start=\"2187\" data-end=\"2244\">Op\u00f3\u017anienia wynikaj\u0105ce z \u017c\u0105da\u0144 dokumentacji lub kontroli regulacyjnych<\/p><\/li><\/ul><hr class=\"\" data-start=\"2246\" data-end=\"2249\" \/><h2 class=\"\" data-start=\"2251\" data-end=\"2282\">4. <strong data-start=\"2257\" data-end=\"2282\">W\u0142asno\u015b\u0107 intelektualna<\/strong><\/h2><p class=\"\" data-start=\"2284\" data-end=\"2536\">Ca\u0142a zawarto\u015b\u0107 Witryny - w tym logo, znaki towarowe, opisy produkt\u00f3w, obrazy i dokumentacja - jest w\u0142asno\u015bci\u0105 <strong data-start=\"2392\" data-end=\"2443\">w\u0142asno\u015b\u0107 intelektualna UltraBreakFluids Inc.<\/strong> Zabrania si\u0119 kopiowania, ponownego publikowania lub rozpowszechniania naszych materia\u0142\u00f3w bez wyra\u017anej pisemnej zgody.<\/p><hr class=\"\" data-start=\"2538\" data-end=\"2541\" \/><h2 class=\"\" data-start=\"2543\" data-end=\"2575\">5. <strong data-start=\"2549\" data-end=\"2575\">Ceny i dost\u0119pno\u015b\u0107<\/strong><\/h2><p class=\"\" data-start=\"2577\" data-end=\"2687\">Wszystkie ceny s\u0105 podane w dolarach ameryka\u0144skich (USD) i mog\u0105 ulec zmianie bez powiadomienia. Zastrzegamy sobie prawo do:<\/p><ul data-start=\"2688\" data-end=\"2819\"><li class=\"\" data-start=\"2688\" data-end=\"2737\"><p class=\"\" data-start=\"2690\" data-end=\"2737\">Anulowanie lub odrzucanie zam\u00f3wie\u0144 z powodu b\u0142\u0119d\u00f3w cenowych<\/p><\/li><li class=\"\" data-start=\"2738\" data-end=\"2781\"><p class=\"\" data-start=\"2740\" data-end=\"2781\">Limit dost\u0119pnych ilo\u015bci na klienta<\/p><\/li><li class=\"\" data-start=\"2782\" data-end=\"2819\"><p class=\"\" data-start=\"2784\" data-end=\"2819\">Wycofanie dowolnego produktu w dowolnym momencie<\/p><\/li><\/ul><hr class=\"\" data-start=\"2821\" data-end=\"2824\" \/><h2 class=\"\" data-start=\"2826\" data-end=\"2859\">6. <strong data-start=\"2832\" data-end=\"2859\">Ograniczenie odpowiedzialno\u015bci<\/strong><\/h2><p class=\"\" data-start=\"2861\" data-end=\"3014\">W najszerszym zakresie dozwolonym przez prawo UltraBreakFluids Inc. nie ponosi odpowiedzialno\u015bci za jakiekolwiek szkody po\u015brednie, przypadkowe lub wynikowe wynikaj\u0105ce z:<\/p><ul data-start=\"3015\" data-end=\"3123\"><li class=\"\" data-start=\"3015\" data-end=\"3033\"><p class=\"\" data-start=\"3017\" data-end=\"3033\">Niew\u0142a\u015bciwe u\u017cycie produktu<\/p><\/li><li class=\"\" data-start=\"3034\" data-end=\"3053\"><p class=\"\" data-start=\"3036\" data-end=\"3053\">Op\u00f3\u017anienia w wysy\u0142ce<\/p><\/li><li class=\"\" data-start=\"3054\" data-end=\"3081\"><p class=\"\" data-start=\"3056\" data-end=\"3081\">Ograniczenia regulacyjne<\/p><\/li><li class=\"\" data-start=\"3082\" data-end=\"3123\"><p class=\"\" data-start=\"3084\" data-end=\"3123\">Utracone zyski lub przerwy w dzia\u0142alno\u015bci<\/p><\/li><\/ul><p class=\"\" data-start=\"3125\" data-end=\"3220\">Wszystkie produkty s\u0105 sprzedawane <strong data-start=\"3147\" data-end=\"3158\">\"tak jak jest\"<\/strong> oraz <strong data-start=\"3163\" data-end=\"3185\">bez gwarancji<\/strong>, z wyj\u0105tkiem przypadk\u00f3w wyra\u017anie okre\u015blonych.<\/p><hr class=\"\" data-start=\"3222\" data-end=\"3225\" \/><h2 class=\"\" data-start=\"3227\" data-end=\"3250\">7. <strong data-start=\"3233\" data-end=\"3250\">Prawo w\u0142a\u015bciwe<\/strong><\/h2><p class=\"\" data-start=\"3252\" data-end=\"3508\">Niniejsze Warunki podlegaj\u0105 i b\u0119d\u0105 interpretowane zgodnie z prawem <strong data-start=\"3321\" data-end=\"3373\">Stan Nevada<\/strong>USA, bez wzgl\u0119du na normy kolizyjne. Wszelkie spory prawne b\u0119d\u0105 rozstrzygane przez w\u0142a\u015bciwe s\u0105dy Stan\u00f3w Zjednoczonych.<\/p><hr class=\"\" data-start=\"3510\" data-end=\"3513\" \/><h2 class=\"\" data-start=\"3515\" data-end=\"3547\">8. <strong data-start=\"3521\" data-end=\"3547\">Odpowiedzialno\u015b\u0107 za konto<\/strong><\/h2><p class=\"\" data-start=\"3549\" data-end=\"3761\">U\u017cytkownik jest odpowiedzialny za zachowanie poufno\u015bci swojego konta i has\u0142a oraz za ograniczenie dost\u0119pu do swojego urz\u0105dzenia. U\u017cytkownik zgadza si\u0119 przyj\u0105\u0107 odpowiedzialno\u015b\u0107 za wszystkie dzia\u0142ania podejmowane w ramach jego konta.<\/p><hr class=\"\" data-start=\"3763\" data-end=\"3766\" \/><h2 class=\"\" data-start=\"3768\" data-end=\"3794\">9. <strong data-start=\"3774\" data-end=\"3794\">Zmiany warunk\u00f3w<\/strong><\/h2><p class=\"\" data-start=\"3796\" data-end=\"3996\">Zastrzegamy sobie prawo do aktualizacji lub modyfikacji niniejszych Warunk\u00f3w w dowolnym momencie. Aktualizacje b\u0119d\u0105 publikowane na tej stronie wraz z dat\u0105 ich wej\u015bcia w \u017cycie. Dalsze korzystanie z Witryny oznacza akceptacj\u0119 zmienionych warunk\u00f3w.<\/p><hr class=\"\" data-start=\"3998\" data-end=\"4001\" \/><h2 class=\"\" data-start=\"4003\" data-end=\"4024\">10. <strong data-start=\"4010\" data-end=\"4024\">Kontakt<\/strong><\/h2><p class=\"\" data-start=\"4026\" data-end=\"4101\">W przypadku pyta\u0144 dotycz\u0105cych niniejszego Regulaminu lub naszych zasad prawnych, prosimy o kontakt:<\/p><p class=\"\" data-start=\"4103\" data-end=\"4229\"><strong data-start=\"4103\" data-end=\"4129\">UltraBreak Fluids Inc.<\/strong><br data-start=\"4129\" data-end=\"4132\" \/>\ud83d\udce7 <a rel=\"noopener\" data-start=\"4135\" data-end=\"4161\">sales@ultrabreakfluids.com<\/a><br data-start=\"4161\" data-end=\"4164\" \/>Las Vegas w stanie Nevada<br data-start=\"4191\" data-end=\"4194\" \/>\ud83c\udf10 <a class=\"\" href=\"https:\/\/ultrabreakfluids.com\/pl\/\" target=\"_new\" rel=\"noopener\" data-start=\"4197\" data-end=\"4229\">https:\/\/www.ultrabreakfluids.com<\/a><\/p>\t\t\t\t\t\t\t\t<\/div>\n\t\t\t\t<\/div>\n\t\t\t\t\t<\/div>\n\t\t\t\t<\/div>\n\t\t\t\t<\/div>","protected":false},"excerpt":{"rendered":"<p>Terms &#038; Conditions + Legal Compliance Notice Owned and Operated by: UltraBreak Fluids Inc. (USA) These Terms &amp; Conditions govern your access to and use of the website UltraBreakFluids.com and the purchase of any products, including Caluanie Muelear Oxidize from UltraBreak Fluids Inc.\u00a0 By accessing or using this Site, or placing an order, you agree [&hellip;]<\/p>\n","protected":false},"author":1,"featured_media":0,"parent":0,"menu_order":0,"comment_status":"closed","ping_status":"closed","template":"","meta":{"_acf_changed":false,"rs_blank_template":"","rs_page_bg_color":"","slide_template_v7":"","_monsterinsights_skip_tracking":false,"_monsterinsights_sitenote_active":false,"_monsterinsights_sitenote_note":"","_monsterinsights_sitenote_category":0,"footnotes":""},"class_list":["post-2098","page","type-page","status-publish","hentry"],"acf":[],"_hostinger_reach_plugin_has_subscription_block":false,"_hostinger_reach_plugin_is_elementor":false,"jetpack_sharing_enabled":true,"_links":{"self":[{"href":"https:\/\/ultrabreakfluids.com\/pl\/wp-json\/wp\/v2\/pages\/2098","targetHints":{"allow":["GET"]}}],"collection":[{"href":"https:\/\/ultrabreakfluids.com\/pl\/wp-json\/wp\/v2\/pages"}],"about":[{"href":"https:\/\/ultrabreakfluids.com\/pl\/wp-json\/wp\/v2\/types\/page"}],"author":[{"embeddable":true,"href":"https:\/\/ultrabreakfluids.com\/pl\/wp-json\/wp\/v2\/users\/1"}],"replies":[{"embeddable":true,"href":"https:\/\/ultrabreakfluids.com\/pl\/wp-json\/wp\/v2\/comments?post=2098"}],"version-history":[{"count":8,"href":"https:\/\/ultrabreakfluids.com\/pl\/wp-json\/wp\/v2\/pages\/2098\/revisions"}],"predecessor-version":[{"id":2327,"href":"https:\/\/ultrabreakfluids.com\/pl\/wp-json\/wp\/v2\/pages\/2098\/revisions\/2327"}],"wp:attachment":[{"href":"https:\/\/ultrabreakfluids.com\/pl\/wp-json\/wp\/v2\/media?parent=2098"}],"curies":[{"name":"wp","href":"https:\/\/api.w.org\/{rel}","templated":true}]}}