{"id":188,"date":"2020-12-19T10:51:33","date_gmt":"2020-12-19T10:51:33","guid":{"rendered":"http:\/\/sw-themes.com\/porto_dummy\/?page_id=188"},"modified":"2025-10-16T06:49:20","modified_gmt":"2025-10-16T06:49:20","slug":"over-ons","status":"publish","type":"page","link":"https:\/\/ultrabreakfluids.com\/nl\/over-ons\/","title":{"rendered":"Over ons"},"content":{"rendered":"<div data-elementor-type=\"wp-page\" data-elementor-id=\"188\" class=\"elementor elementor-188\" data-elementor-post-type=\"page\">\n\t\t\t\t\t\t<section class=\"elementor-section elementor-top-section elementor-element elementor-element-8439d52 pc-section-shape-background p-t-xxl p-b-xxl elementor-section-content-middle elementor-section-boxed elementor-section-height-default elementor-section-height-default\" data-id=\"8439d52\" data-element_type=\"section\" data-e-type=\"section\" data-settings=\"{&quot;background_background&quot;:&quot;classic&quot;}\">\r\n\t\t\r\n\t\t\t\t\t\t\t<div class=\"elementor-container elementor-column-gap-default\">\r\n\t\t\t\t\t\t\t\t\t\t\t<div class=\"elementor-column elementor-col-50 elementor-top-column elementor-element elementor-element-cecb7f2 z-index-2 pe-lg-4 my-lg-4\" data-id=\"cecb7f2\" data-element_type=\"column\" data-e-type=\"column\">\r\n\t\t\t\t\t<div class=\"elementor-widget-wrap elementor-element-populated\">\r\n\t\t\t\t\t\t\t\t<div class=\"elementor-element elementor-element-ab92529 mb-0 box-shadow-3 elementor-invisible elementor-widget elementor-widget-image\" data-id=\"ab92529\" data-element_type=\"widget\" data-e-type=\"widget\" data-settings=\"{&quot;_animation&quot;:&quot;fadeInLeft&quot;,&quot;_animation_delay&quot;:200}\" data-widget_type=\"image.default\">\n\t\t\t\t<div class=\"elementor-widget-container\">\n\t\t\t\t\t\t\t\t\t\t\t\t\t\t\t<img fetchpriority=\"high\" decoding=\"async\" width=\"524\" height=\"464\" src=\"https:\/\/i0.wp.com\/ultrabreakfluids.com\/wp-content\/uploads\/2020\/12\/industry-generic-2.jpg?fit=524%2C464&amp;ssl=1\" class=\"attachment-full size-full wp-image-100\" alt=\"\" srcset=\"https:\/\/i0.wp.com\/ultrabreakfluids.com\/wp-content\/uploads\/2020\/12\/industry-generic-2.jpg?w=524&amp;ssl=1 524w, https:\/\/i0.wp.com\/ultrabreakfluids.com\/wp-content\/uploads\/2020\/12\/industry-generic-2.jpg?resize=400%2C354&amp;ssl=1 400w, https:\/\/i0.wp.com\/ultrabreakfluids.com\/wp-content\/uploads\/2020\/12\/industry-generic-2.jpg?resize=367%2C325&amp;ssl=1 367w\" sizes=\"(max-width: 524px) 100vw, 524px\" title=\"\">\t\t\t\t\t\t\t\t\t\t\t\t\t\t\t<\/div>\n\t\t\t\t<\/div>\n\t\t\t\t\t<\/div>\r\n\t\t\t\t<\/div>\r\n\t\t\t\t<div class=\"elementor-column elementor-col-50 elementor-top-column elementor-element elementor-element-6896157 z-index-2  my-lg-4 elementor-invisible\" data-id=\"6896157\" data-element_type=\"column\" data-e-type=\"column\" data-settings=\"{&quot;animation&quot;:&quot;fadeInLeft&quot;,&quot;animation_delay&quot;:500}\">\r\n\t\t\t\t\t<div class=\"elementor-widget-wrap elementor-element-populated\">\r\n\t\t\t\t\t\t\t\t<div class=\"elementor-element elementor-element-80efb34 py-2 mb-0 elementor-widget elementor-widget-heading\" data-id=\"80efb34\" data-element_type=\"widget\" data-e-type=\"widget\" data-widget_type=\"heading.default\">\n\t\t\t\t<div class=\"elementor-widget-container\">\n\t\t\t\t\t<h3 class=\"elementor-heading-title elementor-size-default\">Ultrabreakfluids Inc.<\/h3>\t\t\t\t<\/div>\n\t\t\t\t<\/div>\n\t\t\t\t<div class=\"elementor-element elementor-element-f867c3e mb-3 elementor-widget elementor-widget-heading\" data-id=\"f867c3e\" data-element_type=\"widget\" data-e-type=\"widget\" data-widget_type=\"heading.default\">\n\t\t\t\t<div class=\"elementor-widget-container\">\n\t\t\t\t\t<h2 class=\"elementor-heading-title elementor-size-default\">Bedrijfsoverzicht<\/h2>\t\t\t\t<\/div>\n\t\t\t\t<\/div>\n\t\t\t\t<div class=\"elementor-element elementor-element-f1e9071 pb-3 mb-4 custom-font1 elementor-widget elementor-widget-heading\" data-id=\"f1e9071\" data-element_type=\"widget\" data-e-type=\"widget\" data-widget_type=\"heading.default\">\n\t\t\t\t<div class=\"elementor-widget-container\">\n\t\t\t\t\t<p class=\"elementor-heading-title elementor-size-default\">s Werelds toonaangevende leverancier van Caluanie Muelear Oxidize\n\nBij UltraBreakFluids Inc, leveren we niet alleen chemicali\u00ebn - we herdefini\u00ebren de normen van industri\u00eble transformatie. Als de belangrijkste Amerikaanse fabrikant en wereldwijde distributeur van Caluanie Muelear Oxidize, zijn wij gespecialiseerd in het leveren van hoogwaardige chemische oplossingen die industrie\u00ebn aandrijven, materialen hervormen en doorbraken mogelijk maken in recycling, metallurgie en oppervlaktebewerking.\n\nOns assortiment Caluanie Muelear Oxidize-varianten wordt wereldwijd vertrouwd om zijn onge\u00ebvenaarde zuiverheid, consistente werkzaamheid en veilige verpakking, van precisie in 1L-flessen tot grootschalige industri\u00eble levering in 200L-vaten.<\/p>\t\t\t\t<\/div>\n\t\t\t\t<\/div>\n\t\t\t\t<div class=\"elementor-element elementor-element-e61e8c9 elementor-widget elementor-widget-heading\" data-id=\"e61e8c9\" data-element_type=\"widget\" data-e-type=\"widget\" data-widget_type=\"heading.default\">\n\t\t\t\t<div class=\"elementor-widget-container\">\n\t\t\t\t\t<p class=\"elementor-heading-title elementor-size-default\">UltraBreakFluids Inc. is opgericht met een missie:\n\n\"Het produceren en distribueren van de meest betrouwbare Caluanie Muelear Oxidize formuleringen voor wereldwijde industri\u00eble innovatie.\"\n\nMet het hoofdkantoor in de Verenigde Staten zijn we snel uitgegroeid tot een erkende leider in de chemische toeleveringsketen en hebben we het vertrouwen gewonnen van klanten in de productie, mijnbouw, onderzoek, sloop en oppervlaktetechniek.\n\nOnze faciliteit combineert ultramoderne technologie, op veiligheid gerichte verwerking en strenge kwaliteitscontrole om ervoor te zorgen dat elke eenheid Caluanie die we leveren voldoet aan de internationale normen.<\/p>\t\t\t\t<\/div>\n\t\t\t\t<\/div>\n\t\t\t\t\t<\/div>\r\n\t\t\t\t<\/div>\r\n\t\t\t\t\t<\/div>\r\n\t\t\t\t<\/section>\r\n\t\t\t\t<section class=\"elementor-section elementor-top-section elementor-element elementor-element-f773bde pc-section-shape-background shape-reverse p-t-xxl p-b-xxl elementor-section-content-middle elementor-section-boxed elementor-section-height-default elementor-section-height-default\" data-id=\"f773bde\" data-element_type=\"section\" data-e-type=\"section\" data-settings=\"{&quot;background_background&quot;:&quot;classic&quot;}\">\r\n\t\t\r\n\t\t\t\t\t\t\t<div class=\"elementor-container elementor-column-gap-default\">\r\n\t\t\t\t\t\t\t\t\t\t\t<div class=\"elementor-column elementor-col-50 elementor-top-column elementor-element elementor-element-ac30027 z-index-2 ps-lg-4 my-lg-4 order-lg-2\" data-id=\"ac30027\" data-element_type=\"column\" data-e-type=\"column\">\r\n\t\t\t\t\t<div class=\"elementor-widget-wrap elementor-element-populated\">\r\n\t\t\t\t\t\t\t\t<div class=\"elementor-element elementor-element-97dfc99 mb-0 box-shadow-3 elementor-invisible elementor-widget elementor-widget-image\" data-id=\"97dfc99\" data-element_type=\"widget\" data-e-type=\"widget\" data-settings=\"{&quot;_animation&quot;:&quot;fadeInRight&quot;,&quot;_animation_delay&quot;:500}\" data-widget_type=\"image.default\">\n\t\t\t\t<div class=\"elementor-widget-container\">\n\t\t\t\t\t\t\t\t\t\t\t\t\t\t\t<img decoding=\"async\" width=\"524\" height=\"464\" src=\"https:\/\/i0.wp.com\/ultrabreakfluids.com\/wp-content\/uploads\/2020\/12\/industry-generic-1.jpg?fit=524%2C464&amp;ssl=1\" class=\"attachment-full size-full wp-image-102\" alt=\"\" srcset=\"https:\/\/i0.wp.com\/ultrabreakfluids.com\/wp-content\/uploads\/2020\/12\/industry-generic-1.jpg?w=524&amp;ssl=1 524w, https:\/\/i0.wp.com\/ultrabreakfluids.com\/wp-content\/uploads\/2020\/12\/industry-generic-1.jpg?resize=400%2C354&amp;ssl=1 400w, https:\/\/i0.wp.com\/ultrabreakfluids.com\/wp-content\/uploads\/2020\/12\/industry-generic-1.jpg?resize=367%2C325&amp;ssl=1 367w\" sizes=\"(max-width: 524px) 100vw, 524px\" title=\"\">\t\t\t\t\t\t\t\t\t\t\t\t\t\t\t<\/div>\n\t\t\t\t<\/div>\n\t\t\t\t\t<\/div>\r\n\t\t\t\t<\/div>\r\n\t\t\t\t<div class=\"elementor-column elementor-col-50 elementor-top-column elementor-element elementor-element-da16fdc z-index-2  my-lg-4 elementor-invisible\" data-id=\"da16fdc\" data-element_type=\"column\" data-e-type=\"column\" data-settings=\"{&quot;animation&quot;:&quot;fadeInRight&quot;,&quot;animation_delay&quot;:200}\">\r\n\t\t\t\t\t<div class=\"elementor-widget-wrap elementor-element-populated\">\r\n\t\t\t\t\t\t\t\t<div class=\"elementor-element elementor-element-f6a5df7 py-2 mb-0 elementor-widget elementor-widget-heading\" data-id=\"f6a5df7\" data-element_type=\"widget\" data-e-type=\"widget\" data-widget_type=\"heading.default\">\n\t\t\t\t<div class=\"elementor-widget-container\">\n\t\t\t\t\t<h3 class=\"elementor-heading-title elementor-size-default\">ONZE WAARDEN<\/h3>\t\t\t\t<\/div>\n\t\t\t\t<\/div>\n\t\t\t\t<div class=\"elementor-element elementor-element-96fb1d7 mb-3 elementor-widget elementor-widget-heading\" data-id=\"96fb1d7\" data-element_type=\"widget\" data-e-type=\"widget\" data-widget_type=\"heading.default\">\n\t\t\t\t<div class=\"elementor-widget-container\">\n\t\t\t\t\t<h2 class=\"elementor-heading-title elementor-size-default\">Onze missie<\/h2>\t\t\t\t<\/div>\n\t\t\t\t<\/div>\n\t\t\t\t<div class=\"elementor-element elementor-element-8f5a37d pb-3 mb-4 custom-font1 elementor-widget elementor-widget-heading\" data-id=\"8f5a37d\" data-element_type=\"widget\" data-e-type=\"widget\" data-widget_type=\"heading.default\">\n\t\t\t\t<div class=\"elementor-widget-container\">\n\t\t\t\t\t<p class=\"elementor-heading-title elementor-size-default\">Het produceren en leveren van 's werelds meest consistente, effectieve en veilige Caluanie Muelear Oxidize oplossingen, waardoor industrie\u00ebn slimmer, schoner en effici\u00ebnter kunnen werken.\n\nBij UltraBreakFluids Inc. zien we onszelf niet alleen als leveranciers van chemicali\u00ebn, maar als partners in industri\u00eble vooruitgang. Elke druppel Caluanie Muelear Oxidize die we produceren vertegenwoordigt onze belofte van kwaliteit, naleving en klantgerichte service.<\/p>\t\t\t\t<\/div>\n\t\t\t\t<\/div>\n\t\t\t\t<div class=\"elementor-element elementor-element-4aa71aa elementor-widget elementor-widget-heading\" data-id=\"4aa71aa\" data-element_type=\"widget\" data-e-type=\"widget\" data-widget_type=\"heading.default\">\n\t\t\t\t<div class=\"elementor-widget-container\">\n\t\t\t\t\t<p class=\"elementor-heading-title elementor-size-default\"> Zuiverheid: Wij leveren Caluanie Muelear Oxidize met gecertificeerde zuiverheid en concentratie, om te voldoen aan de eisen van precisiegerichte industrie\u00ebn.\n\n Veiligheid voor alles: Onze verpakking, verzendprotocollen en behandelingsrichtlijnen zijn ontworpen om te voldoen aan internationale veiligheidsnormen.\n\n Wereldwijde toegankelijkheid: Wij geloven dat industri\u00eble uitmuntendheid overal toegankelijk moet zijn. Daarom bieden we snelle, betrouwbare verzending naar klanten over de hele wereld.\n\n Innovatie: We investeren in R&amp;D om de productstabiliteit, milieu-impact en industri\u00eble prestaties voortdurend te verbeteren.\n\n Integriteit: Transparantie, traceerbaarheid en vertrouwen vormen de basis van elke klantrelatie.<\/p>\t\t\t\t<\/div>\n\t\t\t\t<\/div>\n\t\t\t\t\t<\/div>\r\n\t\t\t\t<\/div>\r\n\t\t\t\t\t<\/div>\r\n\t\t\t\t<\/section>\r\n\t\t\t\t<section class=\"elementor-section elementor-top-section elementor-element elementor-element-abd726a z-index-2 py-5 elementor-section-boxed elementor-section-height-default elementor-section-height-default\" data-id=\"abd726a\" data-element_type=\"section\" data-e-type=\"section\">\r\n\t\t\r\n\t\t\t\t\t\t\t<div class=\"elementor-container elementor-column-gap-no\">\r\n\t\t\t\t\t\t\t\t\t\t\t<div class=\"elementor-column elementor-col-50 elementor-top-column elementor-element elementor-element-6bd9a24 mt-5 w-100\" data-id=\"6bd9a24\" data-element_type=\"column\" data-e-type=\"column\">\r\n\t\t\t\t\t<div class=\"elementor-widget-wrap elementor-element-populated\">\r\n\t\t\t\t\t\t\t\t<div class=\"elementor-element elementor-element-3d1997b py-2 mb-0 elementor-invisible elementor-widget elementor-widget-heading\" data-id=\"3d1997b\" data-element_type=\"widget\" data-e-type=\"widget\" data-settings=\"{&quot;_animation_delay&quot;:200,&quot;_animation&quot;:&quot;fadeInUp&quot;}\" data-widget_type=\"heading.default\">\n\t\t\t\t<div class=\"elementor-widget-container\">\n\t\t\t\t\t<h3 class=\"elementor-heading-title elementor-size-default\">WAT DOEN WE<\/h3>\t\t\t\t<\/div>\n\t\t\t\t<\/div>\n\t\t\t\t<div class=\"elementor-element elementor-element-3ac54f3 mb-3 elementor-invisible elementor-widget elementor-widget-heading\" data-id=\"3ac54f3\" data-element_type=\"widget\" data-e-type=\"widget\" data-settings=\"{&quot;_animation_delay&quot;:400,&quot;_animation&quot;:&quot;fadeInUp&quot;}\" data-widget_type=\"heading.default\">\n\t\t\t\t<div class=\"elementor-widget-container\">\n\t\t\t\t\t<h2 class=\"elementor-heading-title elementor-size-default\">Waarom Caluanie Muelear Oxidize?<\/h2>\t\t\t\t<\/div>\n\t\t\t\t<\/div>\n\t\t\t\t<div class=\"elementor-element elementor-element-6bcf827 custom-font1 w-lg-66 mx-auto mb-5 elementor-invisible elementor-widget elementor-widget-heading\" data-id=\"6bcf827\" data-element_type=\"widget\" data-e-type=\"widget\" data-settings=\"{&quot;_animation_delay&quot;:600,&quot;_animation&quot;:&quot;fadeInUp&quot;}\" data-widget_type=\"heading.default\">\n\t\t\t\t<div class=\"elementor-widget-container\">\n\t\t\t\t\t<p class=\"elementor-heading-title elementor-size-default\">Caluanie Muelear Oxidize is een krachtig chemisch reagens dat wordt gebruikt om metalen te desintegreren, vaste structuren te veranderen en te helpen bij industri\u00eble processen zoals:\n\nSloop en mechanische afbraak\n\nOxidatieve materiaaltransformatie\n\nScheidings- en extractieprocessen\n\nOppervlakteverzachting voor het vervormen van componenten\n\nMetaalrecycling en laboratoriumtests\n\nUltraBreak Fluids Inc. formuleert Caluanie met een stabiele moleculaire consistentie, waardoor onze klanten de meest betrouwbare prestaties op de markt krijgen, of het nu gaat om kleinschalig laboratoriumgebruik of grootschalige operaties.<\/p>\t\t\t\t<\/div>\n\t\t\t\t<\/div>\n\t\t\t\t\t<\/div>\r\n\t\t\t\t<\/div>\r\n\t\t\t\t<div class=\"elementor-column elementor-col-50 elementor-top-column elementor-element elementor-element-4771f5c w-100 section-industries elementor-invisible\" data-id=\"4771f5c\" data-element_type=\"column\" data-e-type=\"column\" data-settings=\"{&quot;item_margin&quot;:20,&quot;animation&quot;:&quot;fadeInUp&quot;,&quot;animation_delay&quot;:750}\">\r\n\t\t\t\t\t<div class=\"porto-carousel owl-carousel has-ccols nav-style-1 has-ccols-spacing ccols-md-2 ccols-1 ccols-sl-4 ccols-lg-3 stage-margin mb-5 elementor-widget-wrap elementor-element-populated\" data-plugin-options=\"{&quot;margin&quot;:20,&quot;items&quot;:4,&quot;nav&quot;:true,&quot;dots&quot;:false,&quot;themeConfig&quot;:true,&quot;loop&quot;:false,&quot;mouseDrag&quot;:true,&quot;touchDrag&quot;:true,&quot;responsive&quot;:{&quot;0&quot;:1,&quot;768&quot;:2,&quot;991&quot;:3,&quot;1440&quot;:4},&quot;autoplay&quot;:false,&quot;stagePadding&quot;:75}\">\r\n\t\t\t\t\t\t\t\t<div class=\"elementor-element elementor-element-af086b4 elementor-widget elementor-widget-image-box\" data-id=\"af086b4\" data-element_type=\"widget\" data-e-type=\"widget\" data-widget_type=\"image-box.default\">\n\t\t\t\t<div class=\"elementor-widget-container\">\n\t\t\t\t\t<div class=\"elementor-image-box-wrapper\"><div class=\"elementor-image-box-content\"><h3 class=\"elementor-image-box-title\">2015<\/h3><p class=\"elementor-image-box-description\">Opgericht in de VS met een visie om industri\u00eble chemische oplossingen te revolutioneren.<\/p><\/div><\/div>\t\t\t\t<\/div>\n\t\t\t\t<\/div>\n\t\t\t\t<div class=\"elementor-element elementor-element-bfd55c6 elementor-widget elementor-widget-image-box\" data-id=\"bfd55c6\" data-element_type=\"widget\" data-e-type=\"widget\" data-widget_type=\"image-box.default\">\n\t\t\t\t<div class=\"elementor-widget-container\">\n\t\t\t\t\t<div class=\"elementor-image-box-wrapper\"><div class=\"elementor-image-box-content\"><h3 class=\"elementor-image-box-title\">2017<\/h3><p class=\"elementor-image-box-description\">Lancering van ons eerste internationale B2B-leveringsprogramma voor Caluanie Muelear Oxidize.<\/p><\/div><\/div>\t\t\t\t<\/div>\n\t\t\t\t<\/div>\n\t\t\t\t<div class=\"elementor-element elementor-element-b38a81a elementor-widget elementor-widget-image-box\" data-id=\"b38a81a\" data-element_type=\"widget\" data-e-type=\"widget\" data-widget_type=\"image-box.default\">\n\t\t\t\t<div class=\"elementor-widget-container\">\n\t\t\t\t\t<div class=\"elementor-image-box-wrapper\"><div class=\"elementor-image-box-content\"><h3 class=\"elementor-image-box-title\">2022<\/h3><p class=\"elementor-image-box-description\">Uitbreiding naar bulkproductie met een ultramoderne fabriek in de VS.<\/p><\/div><\/div>\t\t\t\t<\/div>\n\t\t\t\t<\/div>\n\t\t\t\t<div class=\"elementor-element elementor-element-c00f5e1 elementor-widget elementor-widget-image-box\" data-id=\"c00f5e1\" data-element_type=\"widget\" data-e-type=\"widget\" data-widget_type=\"image-box.default\">\n\t\t\t\t<div class=\"elementor-widget-container\">\n\t\t\t\t\t<div class=\"elementor-image-box-wrapper\"><div class=\"elementor-image-box-content\"><h3 class=\"elementor-image-box-title\">2024<\/h3><p class=\"elementor-image-box-description\">Bereikte 1.000 geverifieerde wereldwijde klanten in de energie-, metaal- en onderzoekssector.<\/p><\/div><\/div>\t\t\t\t<\/div>\n\t\t\t\t<\/div>\n\t\t\t\t<div class=\"elementor-element elementor-element-e874ad7 elementor-widget elementor-widget-image-box\" data-id=\"e874ad7\" data-element_type=\"widget\" data-e-type=\"widget\" data-widget_type=\"image-box.default\">\n\t\t\t\t<div class=\"elementor-widget-container\">\n\t\t\t\t\t<div class=\"elementor-image-box-wrapper\"><div class=\"elementor-image-box-content\"><h3 class=\"elementor-image-box-title\">2025<\/h3><p class=\"elementor-image-box-description\">Erkend als toonaangevende wereldwijde leverancier van Caluanie Muelear Oxidize, vertrouwd voor kwaliteit, veiligheid en integriteit.<\/p><\/div><\/div>\t\t\t\t<\/div>\n\t\t\t\t<\/div>\n\t\t\t\t\t<\/div>\r\n\t\t\t\t<\/div>\r\n\t\t\t\t\t<\/div>\r\n\t\t\t\t<\/section>\r\n\t\t\t\t<section class=\"elementor-section elementor-top-section elementor-element elementor-element-4488200 elementor-section-content-middle overlay-primary elementor-section-boxed elementor-section-height-default elementor-section-height-default\" data-id=\"4488200\" data-element_type=\"section\" data-e-type=\"section\" data-settings=\"{&quot;background_background&quot;:&quot;classic&quot;}\">\r\n\t\t\r\n\t\t\t\t\t\t\t<div class=\"elementor-container elementor-column-gap-default\">\r\n\t\t\t\t\t\t\t\t\t\t\t<div class=\"elementor-column elementor-col-50 elementor-top-column elementor-element elementor-element-acbcaf3\" data-id=\"acbcaf3\" data-element_type=\"column\" data-e-type=\"column\">\r\n\t\t\t\t\t<div class=\"elementor-widget-wrap elementor-element-populated\">\r\n\t\t\t\t\t\t\t\t<div class=\"elementor-element elementor-element-5c03716 elementor-widget elementor-widget-heading\" data-id=\"5c03716\" data-element_type=\"widget\" data-e-type=\"widget\" data-widget_type=\"heading.default\">\n\t\t\t\t<div class=\"elementor-widget-container\">\n\t\t\t\t\t<h2 class=\"elementor-heading-title elementor-size-default\">Beste producent van Caluanie Muelear Oxidize<\/h2>\t\t\t\t<\/div>\n\t\t\t\t<\/div>\n\t\t\t\t\t<\/div>\r\n\t\t\t\t<\/div>\r\n\t\t\t\t<div class=\"elementor-column elementor-col-50 elementor-top-column elementor-element elementor-element-70657b0\" data-id=\"70657b0\" data-element_type=\"column\" data-e-type=\"column\">\r\n\t\t\t\t\t<div class=\"elementor-widget-wrap elementor-element-populated\">\r\n\t\t\t\t\t\t\t\t<div class=\"elementor-element elementor-element-de27f5e btn-triangle text-lg-end elementor-widget elementor-widget-porto_button\" data-id=\"de27f5e\" data-element_type=\"widget\" data-e-type=\"widget\" data-widget_type=\"porto_button.default\">\n\t\t\t\t<div class=\"elementor-widget-container\">\n\t\t\t\t\t<a aria-label=\"knop\" class=\"btn btn-lg btn-light btn-modern\" href=\"https:\/\/ultrabreakfluids.com\/nl\/producten\/\"><span >nu kopen<\/span><span class=\"dir-arrow hlb\" data-appear-animation-delay=\"800\" data-appear-animation=\"rotateInUpLeft\"><\/span><\/a>\t\t\t\t<\/div>\n\t\t\t\t<\/div>\n\t\t\t\t\t<\/div>\r\n\t\t\t\t<\/div>\r\n\t\t\t\t\t<\/div>\r\n\t\t\t\t<\/section>\r\n\t\t\t\t<section class=\"elementor-section elementor-top-section elementor-element elementor-element-183805 py-3 my-5 elementor-section-boxed elementor-section-height-default elementor-section-height-default\" data-id=\"183805\" data-element_type=\"section\" data-e-type=\"section\">\r\n\t\t\r\n\t\t\t\t\t\t\t<div class=\"elementor-container elementor-column-gap-default\">\r\n\t\t\t\t\t\t\t\t\t\t\t<div class=\"elementor-column elementor-col-50 elementor-top-column elementor-element elementor-element-9cfa40a\" data-id=\"9cfa40a\" data-element_type=\"column\" data-e-type=\"column\">\r\n\t\t\t\t\t<div class=\"elementor-widget-wrap elementor-element-populated\">\r\n\t\t\t\t\t\t\t\t<div class=\"elementor-element elementor-element-fb55bac mb-1 elementor-invisible elementor-widget elementor-widget-heading\" data-id=\"fb55bac\" data-element_type=\"widget\" data-e-type=\"widget\" data-settings=\"{&quot;_animation&quot;:&quot;fadeInUp&quot;,&quot;_animation_delay&quot;:200}\" data-widget_type=\"heading.default\">\n\t\t\t\t<div class=\"elementor-widget-container\">\n\t\t\t\t\t<h2 class=\"elementor-heading-title elementor-size-default\">De hoogste kwaliteit<\/h2>\t\t\t\t<\/div>\n\t\t\t\t<\/div>\n\t\t\t\t<div class=\"elementor-element elementor-element-3b98cab mb-3 elementor-invisible elementor-widget elementor-widget-heading\" data-id=\"3b98cab\" data-element_type=\"widget\" data-e-type=\"widget\" data-settings=\"{&quot;_animation&quot;:&quot;fadeInUp&quot;,&quot;_animation_delay&quot;:400}\" data-widget_type=\"heading.default\">\n\t\t\t\t<div class=\"elementor-widget-container\">\n\t\t\t\t\t<h3 class=\"elementor-heading-title elementor-size-default\">De grootste producent van Caluanie Muelear Oxidize<\/h3>\t\t\t\t<\/div>\n\t\t\t\t<\/div>\n\t\t\t\t<div class=\"elementor-element elementor-element-24a379c custom-font1 elementor-invisible elementor-widget elementor-widget-heading\" data-id=\"24a379c\" data-element_type=\"widget\" data-e-type=\"widget\" data-settings=\"{&quot;_animation&quot;:&quot;fadeInUp&quot;,&quot;_animation_delay&quot;:700}\" data-widget_type=\"heading.default\">\n\t\t\t\t<div class=\"elementor-widget-container\">\n\t\t\t\t\t<p class=\"elementor-heading-title elementor-size-default\">Bij UltraBreakFluids Inc, zijn we trots op het produceren van Caluanie Muelear Oxidize van onge\u00ebvenaarde zuiverheid en consistentie. Ons geavanceerde Amerikaanse formuleringsproces zorgt ervoor dat elke batch voldoet aan de strengste chemische kwaliteitsnormen en levert betrouwbare prestaties voor zware industri\u00eble toepassingen, van metaaldesintegratie tot oppervlaktebehandeling en materiaalscheiding.<\/p>\t\t\t\t<\/div>\n\t\t\t\t<\/div>\n\t\t\t\t\t<\/div>\r\n\t\t\t\t<\/div>\r\n\t\t\t\t<div class=\"elementor-column elementor-col-50 elementor-top-column elementor-element elementor-element-0869c02\" data-id=\"0869c02\" data-element_type=\"column\" data-e-type=\"column\">\r\n\t\t\t\t\t<div class=\"elementor-widget-wrap elementor-element-populated\">\r\n\t\t\t\t\t\t\t\t<div class=\"elementor-element elementor-element-473b62d pt-lg-3 mb-2 elementor-invisible elementor-widget elementor-widget-text-editor\" data-id=\"473b62d\" data-element_type=\"widget\" data-e-type=\"widget\" data-settings=\"{&quot;_animation&quot;:&quot;fadeInUp&quot;,&quot;_animation_delay&quot;:450}\" data-widget_type=\"text-editor.default\">\n\t\t\t\t<div class=\"elementor-widget-container\">\n\t\t\t\t\t\t\t\t\t<p class=\"\" data-start=\"614\" data-end=\"944\">Wat onze Caluanie onderscheidt, is niet alleen de formule, maar ook de precisie achter de productie. Elke verpakking wordt grondig getest in het laboratorium, veilig verpakt en vergezeld van geverifieerde documentatie, waaronder MSDS- en COA-certificaten, om naleving, traceerbaarheid en vertrouwen in elke bestelling te garanderen, of het nu gaat om 1 liter of 200 liter.<\/p><p class=\"\" data-start=\"946\" data-end=\"1226\">UltraBreakFluids' Caluanie Muelear Oxidize wordt wereldwijd vertrouwd door industri\u00eble professionals, onderzoekslaboratoria en recyclers en blijft de benchmark voor prestaties, veiligheid en wereldwijde verzendklaarheid. Als u voor ons kiest, kiest u voor kwaliteit die is ontwikkeld om verwachtingen te overtreffen.<\/p>\t\t\t\t\t\t\t\t<\/div>\n\t\t\t\t<\/div>\n\t\t\t\t<div class=\"elementor-element elementor-element-35b108f custom-read-more mb-2 elementor-invisible elementor-widget elementor-widget-heading\" data-id=\"35b108f\" data-element_type=\"widget\" data-e-type=\"widget\" data-settings=\"{&quot;_animation&quot;:&quot;fadeInUp&quot;,&quot;_animation_delay&quot;:650}\" data-widget_type=\"heading.default\">\n\t\t\t\t<div class=\"elementor-widget-container\">\n\t\t\t\t\t<div class=\"elementor-heading-title elementor-size-default\"><a href=\"https:\/\/ultrabreakfluids.com\/nl\/industriele-toepassingen\/\">Meer lezen <i class=\"porto-icon-arrow-forward-right\"><\/i><\/a><\/div>\t\t\t\t<\/div>\n\t\t\t\t<\/div>\n\t\t\t\t\t<\/div>\r\n\t\t\t\t<\/div>\r\n\t\t\t\t\t<\/div>\r\n\t\t\t\t<\/section>\r\n\t\t\t\t<\/div>","protected":false},"excerpt":{"rendered":"<p>Ultrabreakfluids Inc. Company Overview The World\u2019s Leading Supplier of Caluanie Muelear Oxidize At UltraBreakFluids Inc., we don\u2019t just supply chemicals \u2014 we redefine the standards of industrial transformation. As the top U.S manufacturer and global distributor of Caluanie Muelear Oxidize, we specialize in delivering high performance chemical solutions that power industries, reshape materials and enable [&hellip;]<\/p>\n","protected":false},"author":1,"featured_media":0,"parent":0,"menu_order":0,"comment_status":"closed","ping_status":"closed","template":"","meta":{"_acf_changed":false,"rs_blank_template":"","rs_page_bg_color":"","slide_template_v7":"","_monsterinsights_skip_tracking":false,"_monsterinsights_sitenote_active":false,"_monsterinsights_sitenote_note":"","_monsterinsights_sitenote_category":0,"footnotes":""},"class_list":["post-188","page","type-page","status-publish","hentry"],"acf":[],"jetpack_sharing_enabled":true,"_links":{"self":[{"href":"https:\/\/ultrabreakfluids.com\/nl\/wp-json\/wp\/v2\/pages\/188","targetHints":{"allow":["GET"]}}],"collection":[{"href":"https:\/\/ultrabreakfluids.com\/nl\/wp-json\/wp\/v2\/pages"}],"about":[{"href":"https:\/\/ultrabreakfluids.com\/nl\/wp-json\/wp\/v2\/types\/page"}],"author":[{"embeddable":true,"href":"https:\/\/ultrabreakfluids.com\/nl\/wp-json\/wp\/v2\/users\/1"}],"replies":[{"embeddable":true,"href":"https:\/\/ultrabreakfluids.com\/nl\/wp-json\/wp\/v2\/comments?post=188"}],"version-history":[{"count":25,"href":"https:\/\/ultrabreakfluids.com\/nl\/wp-json\/wp\/v2\/pages\/188\/revisions"}],"predecessor-version":[{"id":2408,"href":"https:\/\/ultrabreakfluids.com\/nl\/wp-json\/wp\/v2\/pages\/188\/revisions\/2408"}],"wp:attachment":[{"href":"https:\/\/ultrabreakfluids.com\/nl\/wp-json\/wp\/v2\/media?parent=188"}],"curies":[{"name":"wp","href":"https:\/\/api.w.org\/{rel}","templated":true}]}}