{"id":2129,"date":"2025-05-03T02:37:31","date_gmt":"2025-05-03T02:37:31","guid":{"rendered":"https:\/\/ultrabreakfluids.com\/?page_id=2129"},"modified":"2025-06-12T16:41:41","modified_gmt":"2025-06-12T16:41:41","slug":"nos-services","status":"publish","type":"page","link":"https:\/\/ultrabreakfluids.com\/fr_fr\/nos-services\/","title":{"rendered":"Nos services"},"content":{"rendered":"<div data-elementor-type=\"wp-page\" data-elementor-id=\"2129\" class=\"elementor elementor-2129\" data-elementor-post-type=\"page\">\n\t\t\t\t<div class=\"elementor-element elementor-element-f6e8409 e-flex e-con-boxed e-con e-parent\" data-id=\"f6e8409\" data-element_type=\"container\" data-e-type=\"container\">\r\n\t\t\t\t\t<div class=\"e-con-inner\">\r\n\t\t\t\t<div class=\"elementor-element elementor-element-def0f3a elementor-headline--style-highlight elementor-widget elementor-widget-animated-headline\" data-id=\"def0f3a\" data-element_type=\"widget\" data-e-type=\"widget\" data-settings=\"{&quot;marker&quot;:&quot;double_underline&quot;,&quot;highlighted_text&quot;:&quot;Our Services&quot;,&quot;headline_style&quot;:&quot;highlight&quot;,&quot;loop&quot;:&quot;yes&quot;,&quot;highlight_animation_duration&quot;:1200,&quot;highlight_iteration_delay&quot;:8000}\" data-widget_type=\"animated-headline.default\">\n\t\t\t\t<div class=\"elementor-widget-container\">\n\t\t\t\t\t\t\t<h3 class=\"elementor-headline\">\n\t\t\t\t<span class=\"elementor-headline-dynamic-wrapper elementor-headline-text-wrapper\">\n\t\t\t\t\t<span class=\"elementor-headline-dynamic-text elementor-headline-text-active\">Nos services<\/span>\n\t\t\t\t<\/span>\n\t\t\t\t<\/h3>\n\t\t\t\t\t\t<\/div>\n\t\t\t\t<\/div>\n\t\t\t\t\t<\/div>\n\t\t\t\t<\/div>\n\t\t<div class=\"elementor-element elementor-element-e91bb44 e-flex e-con-boxed e-con e-parent\" data-id=\"e91bb44\" data-element_type=\"container\" data-e-type=\"container\">\r\n\t\t\t\t\t<div class=\"e-con-inner\">\r\n\t\t\t\t<div class=\"elementor-element elementor-element-a740189 elementor-widget elementor-widget-text-editor\" data-id=\"a740189\" data-element_type=\"widget\" data-e-type=\"widget\" data-widget_type=\"text-editor.default\">\n\t\t\t\t<div class=\"elementor-widget-container\">\n\t\t\t\t\t\t\t\t\t<h4 data-start=\"385\" data-end=\"469\"><strong data-start=\"385\" data-end=\"469\">UltraBreak Fluids Inc. - Fournisseur am\u00e9ricain de Caluanie Muelear Oxidize de premi\u00e8re qualit\u00e9<\/strong><\/h4><p class=\"\" data-start=\"471\" data-end=\"690\">Nous sommes fiers de servir les industries r\u00e9glement\u00e9es, les laboratoires et les professionnels du commerce international en leur offrant des services de premier ordre. <strong data-start=\"568\" data-end=\"596\">Caluanie Muelear Oxidize<\/strong>Les services d'information et de communication de la Commission europ\u00e9enne sont des services \u00e0 valeur ajout\u00e9e, garantis par une conformit\u00e9 juridique totale et une garantie pour les clients. Cliquez sur l'une des sections ci-dessous pour en savoir plus.<\/p>\t\t\t\t\t\t\t\t<\/div>\n\t\t\t\t<\/div>\n\t\t\t\t\t<\/div>\n\t\t\t\t<\/div>\n\t\t<div class=\"elementor-element elementor-element-0989718 e-flex e-con-boxed e-con e-parent\" data-id=\"0989718\" data-element_type=\"container\" data-e-type=\"container\">\r\n\t\t\t\t\t<div class=\"e-con-inner\">\r\n\t\t\t\t<div class=\"elementor-element elementor-element-0aa345e elementor-widget elementor-widget-text-editor\" data-id=\"0aa345e\" data-element_type=\"widget\" data-e-type=\"widget\" data-widget_type=\"text-editor.default\">\n\t\t\t\t<div class=\"elementor-widget-container\">\n\t\t\t\t\t\t\t\t\t<h3 class=\"\" data-start=\"697\" data-end=\"734\">1. Fourniture de produits chimiques certifi\u00e9s<\/h3><p class=\"\" data-start=\"735\" data-end=\"800\"><strong data-start=\"735\" data-end=\"754\">Tailles disponibles<\/strong>: 1L | 5L | 10L | 20L | 50L | 100L<\/p><p>Notre Caluanie Muelear Oxidize est test\u00e9 en laboratoire pour une puret\u00e9 de qualit\u00e9 industrielle.<\/p><ul><li><em data-start=\"885\" data-end=\"925\">Certificat d'analyse v\u00e9rifi\u00e9 (COA)<\/em><\/li><li><em data-start=\"930\" data-end=\"971\">Fiche de donn\u00e9es de s\u00e9curit\u00e9 conforme aux normes am\u00e9ricaines OSHA<\/em><\/li><li><em data-start=\"976\" data-end=\"1010\">Emballage scell\u00e9 et inviolable<\/em><\/li><\/ul><blockquote data-start=\"1012\" data-end=\"1097\"><p class=\"\" data-start=\"1014\" data-end=\"1097\"><strong data-start=\"1014\" data-end=\"1026\">Cas d'utilisation<\/strong>: Traitement des m\u00e9taux, d\u00e9composition des solvants, proc\u00e9dures d'oxydation industrielle.<\/p><\/blockquote><hr class=\"\" data-start=\"1099\" data-end=\"1102\" \/><h3 class=\"\" data-start=\"1104\" data-end=\"1138\">\u00a02. Exp\u00e9dition de mati\u00e8res dangereuses \u00e0 l'\u00e9chelle mondiale<\/h3><p>Nous livrons dans le monde entier selon les normes IATA et am\u00e9ricaines en mati\u00e8re de transport de mati\u00e8res dangereuses.<\/p><ul><li>Exp\u00e9dition suivie et assur\u00e9e<\/li><li>Documentation d'exportation incluse<\/li><li>Assistance au d\u00e9douanement<\/li><\/ul><blockquote data-start=\"1296\" data-end=\"1361\"><p class=\"\" data-start=\"1298\" data-end=\"1361\"><em data-start=\"1298\" data-end=\"1359\">Au service de tous les pays dont les exportations de produits chimiques sont document\u00e9es.<\/em><\/p><\/blockquote>\t\t\t\t\t\t\t\t<\/div>\n\t\t\t\t<\/div>\n\t\t\t\t\t<\/div>\n\t\t\t\t<\/div>\n\t\t<div class=\"elementor-element elementor-element-e17e42a e-flex e-con-boxed e-con e-parent\" data-id=\"e17e42a\" data-element_type=\"container\" data-e-type=\"container\">\r\n\t\t\t\t\t<div class=\"e-con-inner\">\r\n\t\t\t\t<div class=\"elementor-element elementor-element-9680110 elementor-widget elementor-widget-text-editor\" data-id=\"9680110\" data-element_type=\"widget\" data-e-type=\"widget\" data-widget_type=\"text-editor.default\">\n\t\t\t\t<div class=\"elementor-widget-container\">\n\t\t\t\t\t\t\t\t\t<h3 class=\"\" data-start=\"1368\" data-end=\"1411\">Soutien en mati\u00e8re de r\u00e9glementation et de conformit\u00e9<\/h3><p class=\"\" data-start=\"1412\" data-end=\"1453\">Soutien juridique complet avec chaque envoi :<\/p><ul data-start=\"1454\" data-end=\"1581\"><li class=\"\" data-start=\"1454\" data-end=\"1468\"><p class=\"\" data-start=\"1456\" data-end=\"1468\">FICHE DE DONN\u00c9ES DE S\u00c9CURIT\u00c9 (MSDS) ET CERTIFICAT D'AUTHENTICIT\u00c9 (COA)<\/p><\/li><li class=\"\" data-start=\"1469\" data-end=\"1492\"><p class=\"\" data-start=\"1471\" data-end=\"1492\">D\u00e9clarations de mati\u00e8res dangereuses<\/p><\/li><li class=\"\" data-start=\"1493\" data-end=\"1534\"><p class=\"\" data-start=\"1495\" data-end=\"1534\">Conformit\u00e9 des factures et des emballages<\/p><\/li><li class=\"\" data-start=\"1535\" data-end=\"1581\"><p class=\"\" data-start=\"1537\" data-end=\"1581\">Autorisation d'achat pour les acheteurs d'entreprises<\/p><\/li><\/ul><blockquote data-start=\"1583\" data-end=\"1658\"><p class=\"\" data-start=\"1585\" data-end=\"1658\">Besoin de documentation locale ? N'h\u00e9sitez pas \u00e0 nous le demander : notre \u00e9quipe charg\u00e9e de la conformit\u00e9 est l\u00e0 pour vous aider.<\/p><\/blockquote><hr class=\"\" data-start=\"1660\" data-end=\"1663\" \/><h3 class=\"\" data-start=\"1665\" data-end=\"1715\">4. March\u00e9s publics industriels et contrats B2B<\/h3><p class=\"\" data-start=\"1716\" data-end=\"1774\">Pour les raffineries, les usines, les laboratoires de R&amp;D et les revendeurs de produits en vrac :<\/p><ul data-start=\"1775\" data-end=\"1863\"><li class=\"\" data-start=\"1775\" data-end=\"1799\"><p class=\"\" data-start=\"1777\" data-end=\"1799\">Tarification au volume<\/p><\/li><li class=\"\" data-start=\"1800\" data-end=\"1828\"><p class=\"\" data-start=\"1802\" data-end=\"1828\">Accords d'approvisionnement personnalis\u00e9s<\/p><\/li><li class=\"\" data-start=\"1829\" data-end=\"1863\"><p class=\"\" data-start=\"1831\" data-end=\"1863\">Transactions confidentielles en vrac<\/p><\/li><\/ul><blockquote data-start=\"1865\" data-end=\"1959\"><p class=\"\" data-start=\"1867\" data-end=\"1959\">Nous proposons <strong data-start=\"1876\" data-end=\"1909\">partenariats d'approvisionnement \u00e0 long terme<\/strong> dans des conditions s\u00e9curis\u00e9es et des cha\u00eenes de livraison tra\u00e7ables.<\/p><\/blockquote><hr class=\"\" data-start=\"1961\" data-end=\"1964\" \/><h3 class=\"\" data-start=\"1966\" data-end=\"1999\">\u00a05. Assistance d'un expert (24\/7)<\/h3><p class=\"\" data-start=\"2000\" data-end=\"2157\">De vrais humains. Une r\u00e9ponse rapide. Une port\u00e9e mondiale.<br data-start=\"2041\" data-end=\"2044\" \/>\u2705 Demandes de renseignements techniques sur les produits<br data-start=\"2073\" data-end=\"2076\" \/>\u2705 Aide \u00e0 la documentation<br data-start=\"2096\" data-end=\"2099\" \/>\u2705 Assistance pour les commandes r\u00e9p\u00e9t\u00e9es<br data-start=\"2124\" data-end=\"2127\" \/>\u2705 Cas d'importation\/exportation sur mesure<\/p><p class=\"\" data-start=\"2159\" data-end=\"2236\"><a rel=\"noopener\" data-start=\"2162\" data-end=\"2190\">sales@ultrabreakfluids.com<\/a><br data-start=\"2190\" data-end=\"2193\" \/>Lieu : Las Vegas , Nevada\u00a0<\/p><p class=\"\" data-start=\"2159\" data-end=\"2236\"><a class=\"\" href=\"https:\/\/ultrabreakfluids.com\/fr_fr\/\" target=\"_new\" rel=\"noopener\" data-start=\"2212\" data-end=\"2236\">www.ultrabreakfluids.com<\/a><\/p>\t\t\t\t\t\t\t\t<\/div>\n\t\t\t\t<\/div>\n\t\t\t\t\t<\/div>\n\t\t\t\t<\/div>\n\t\t<div class=\"elementor-element elementor-element-386845b e-flex e-con-boxed e-con e-parent\" data-id=\"386845b\" data-element_type=\"container\" data-e-type=\"container\">\r\n\t\t\t\t\t<div class=\"e-con-inner\">\r\n\t\t\t\t<div class=\"elementor-element elementor-element-7f21b94 elementor-widget elementor-widget-spacer\" data-id=\"7f21b94\" data-element_type=\"widget\" data-e-type=\"widget\" data-widget_type=\"spacer.default\">\n\t\t\t\t<div class=\"elementor-widget-container\">\n\t\t\t\t\t\t\t<div class=\"elementor-spacer\">\n\t\t\t<div class=\"elementor-spacer-inner\"><\/div>\n\t\t<\/div>\n\t\t\t\t\t\t<\/div>\n\t\t\t\t<\/div>\n\t\t\t\t\t<\/div>\n\t\t\t\t<\/div>\n\t\t<div class=\"elementor-element elementor-element-f3911d6 e-flex e-con-boxed e-con e-parent\" data-id=\"f3911d6\" data-element_type=\"container\" data-e-type=\"container\">\r\n\t\t\t\t\t<div class=\"e-con-inner\">\r\n\t\t\t\t<div class=\"elementor-element elementor-element-6860efd elementor-headline--style-highlight elementor-widget elementor-widget-animated-headline\" data-id=\"6860efd\" data-element_type=\"widget\" data-e-type=\"widget\" data-settings=\"{&quot;marker&quot;:&quot;underline&quot;,&quot;highlighted_text&quot;:&quot;Legal Notice&quot;,&quot;headline_style&quot;:&quot;highlight&quot;,&quot;loop&quot;:&quot;yes&quot;,&quot;highlight_animation_duration&quot;:1200,&quot;highlight_iteration_delay&quot;:8000}\" data-widget_type=\"animated-headline.default\">\n\t\t\t\t<div class=\"elementor-widget-container\">\n\t\t\t\t\t\t\t<h3 class=\"elementor-headline\">\n\t\t\t\t<span class=\"elementor-headline-dynamic-wrapper elementor-headline-text-wrapper\">\n\t\t\t\t\t<span class=\"elementor-headline-dynamic-text elementor-headline-text-active\">Avis juridique<\/span>\n\t\t\t\t<\/span>\n\t\t\t\t<\/h3>\n\t\t\t\t\t\t<\/div>\n\t\t\t\t<\/div>\n\t\t\t\t\t<\/div>\n\t\t\t\t<\/div>\n\t\t<div class=\"elementor-element elementor-element-9407981 e-flex e-con-boxed e-con e-parent\" data-id=\"9407981\" data-element_type=\"container\" data-e-type=\"container\">\r\n\t\t\t\t\t<div class=\"e-con-inner\">\r\n\t\t\t\t<div class=\"elementor-element elementor-element-3a89b38 elementor-widget elementor-widget-text-editor\" data-id=\"3a89b38\" data-element_type=\"widget\" data-e-type=\"widget\" data-widget_type=\"text-editor.default\">\n\t\t\t\t<div class=\"elementor-widget-container\">\n\t\t\t\t\t\t\t\t\t<p class=\"\" data-start=\"2265\" data-end=\"2477\">Nous n'approvisionnons que les juridictions o\u00f9 Caluanie Muelear Oxidize est <strong data-start=\"2331\" data-end=\"2341\">l\u00e9gal<\/strong>.<br data-start=\"2342\" data-end=\"2345\" \/>La revente, le reconditionnement et l'utilisation non approuv\u00e9e sont interdits. Toutes les commandes sont soumises \u00e0 l'examen et \u00e0 l'approbation de la r\u00e9glementation am\u00e9ricaine en mati\u00e8re d'exportation.<\/p><hr class=\"\" data-start=\"2479\" data-end=\"2482\" \/><h5 data-start=\"2484\" data-end=\"2578\"><strong data-start=\"2484\" data-end=\"2510\">UltraBreak Fluids Inc.<\/strong><br data-start=\"2510\" data-end=\"2513\" \/><em data-start=\"2513\" data-end=\"2576\">Produits chimiques de premi\u00e8re qualit\u00e9. Confiance internationale. Responsabilit\u00e9 juridique.<\/em><\/h5>\t\t\t\t\t\t\t\t<\/div>\n\t\t\t\t<\/div>\n\t\t\t\t\t<\/div>\n\t\t\t\t<\/div>\n\t\t\t\t<\/div>","protected":false},"excerpt":{"rendered":"<p>Our Services UltraBreak Fluids Inc. \u2013 U.S.-Based Supplier of Premium Caluanie Muelear Oxidize We proudly serve regulated industries, labs, and international trade professionals with top-tier Caluanie Muelear Oxidize, backed by full legal compliance and customer assurance. Tap any section below to learn more. 1. Certified Chemical Supply Available Sizes: 1L | 5L | 10L | [&hellip;]<\/p>\n","protected":false},"author":1,"featured_media":0,"parent":0,"menu_order":0,"comment_status":"closed","ping_status":"closed","template":"","meta":{"_acf_changed":false,"rs_blank_template":"","rs_page_bg_color":"","slide_template_v7":"","_monsterinsights_skip_tracking":false,"_monsterinsights_sitenote_active":false,"_monsterinsights_sitenote_note":"","_monsterinsights_sitenote_category":0,"footnotes":""},"class_list":["post-2129","page","type-page","status-publish","hentry"],"acf":[],"_hostinger_reach_plugin_has_subscription_block":false,"_hostinger_reach_plugin_is_elementor":false,"jetpack_sharing_enabled":true,"_links":{"self":[{"href":"https:\/\/ultrabreakfluids.com\/fr_fr\/wp-json\/wp\/v2\/pages\/2129","targetHints":{"allow":["GET"]}}],"collection":[{"href":"https:\/\/ultrabreakfluids.com\/fr_fr\/wp-json\/wp\/v2\/pages"}],"about":[{"href":"https:\/\/ultrabreakfluids.com\/fr_fr\/wp-json\/wp\/v2\/types\/page"}],"author":[{"embeddable":true,"href":"https:\/\/ultrabreakfluids.com\/fr_fr\/wp-json\/wp\/v2\/users\/1"}],"replies":[{"embeddable":true,"href":"https:\/\/ultrabreakfluids.com\/fr_fr\/wp-json\/wp\/v2\/comments?post=2129"}],"version-history":[{"count":5,"href":"https:\/\/ultrabreakfluids.com\/fr_fr\/wp-json\/wp\/v2\/pages\/2129\/revisions"}],"predecessor-version":[{"id":2322,"href":"https:\/\/ultrabreakfluids.com\/fr_fr\/wp-json\/wp\/v2\/pages\/2129\/revisions\/2322"}],"wp:attachment":[{"href":"https:\/\/ultrabreakfluids.com\/fr_fr\/wp-json\/wp\/v2\/media?parent=2129"}],"curies":[{"name":"wp","href":"https:\/\/api.w.org\/{rel}","templated":true}]}}