{"id":2098,"date":"2025-05-02T02:35:45","date_gmt":"2025-05-02T02:35:45","guid":{"rendered":"https:\/\/ultrabreakfluids.com\/?page_id=2098"},"modified":"2025-06-12T16:55:47","modified_gmt":"2025-06-12T16:55:47","slug":"conditions-generales-avis-de-conformite-juridique","status":"publish","type":"page","link":"https:\/\/ultrabreakfluids.com\/fr_fr\/conditions-generales-avis-de-conformite-juridique\/","title":{"rendered":"Conditions g\u00e9n\u00e9rales + Avis de conformit\u00e9 juridique"},"content":{"rendered":"<div data-elementor-type=\"wp-page\" data-elementor-id=\"2098\" class=\"elementor elementor-2098\" data-elementor-post-type=\"page\">\n\t\t\t\t<div class=\"elementor-element elementor-element-1f9081c e-flex e-con-boxed e-con e-parent\" data-id=\"1f9081c\" data-element_type=\"container\" data-e-type=\"container\">\r\n\t\t\t\t\t<div class=\"e-con-inner\">\r\n\t\t\t\t<div class=\"elementor-element elementor-element-1d16746 elementor-widget elementor-widget-porto_ultimate_heading\" data-id=\"1d16746\" data-element_type=\"widget\" data-e-type=\"widget\" data-widget_type=\"porto_ultimate_heading.default\">\n\t\t\t\t<div class=\"elementor-widget-container\">\n\t\t\t\t\t<div class=\"porto-u-heading  porto-u-55ca8359258f9a412be7e73af65d2aac\"><div class=\"porto-u-main-heading\"><h2   >Conditions g\u00e9n\u00e9rales + Avis de conformit\u00e9 juridique<\/h2><\/div><style>.porto-u-55ca8359258f9a412be7e73af65d2aac.porto-u-heading{text-align:center}<\/style><\/div>\t\t\t\t<\/div>\n\t\t\t\t<\/div>\n\t\t\t\t\t<\/div>\n\t\t\t\t<\/div>\n\t\t<div class=\"elementor-element elementor-element-19ffa79 e-flex e-con-boxed e-con e-parent\" data-id=\"19ffa79\" data-element_type=\"container\" data-e-type=\"container\">\r\n\t\t\t\t\t<div class=\"e-con-inner\">\r\n\t\t\t\t<div class=\"elementor-element elementor-element-c9b9907 elementor-widget elementor-widget-text-editor\" data-id=\"c9b9907\" data-element_type=\"widget\" data-e-type=\"widget\" data-widget_type=\"text-editor.default\">\n\t\t\t\t<div class=\"elementor-widget-container\">\n\t\t\t\t\t\t\t\t\t<p class=\"\" data-start=\"371\" data-end=\"510\"><strong data-start=\"455\" data-end=\"510\">D\u00e9tenu et exploit\u00e9 par : UltraBreak Fluids Inc. (USA)<\/strong><\/p><p class=\"\" data-start=\"512\" data-end=\"770\">Ces conditions g\u00e9n\u00e9rales r\u00e9gissent votre acc\u00e8s et votre utilisation du site Web UltraBreakFluids.com et l'achat de tout produit, y compris Caluanie Muelear Oxidize d'UltraBreak Fluids Inc.\u00a0<\/p><p class=\"\" data-start=\"772\" data-end=\"948\">En acc\u00e9dant \u00e0 ce site, en l'utilisant ou en passant une commande, <strong data-start=\"826\" data-end=\"859\">vous acceptez d'\u00eatre l\u00e9galement li\u00e9<\/strong> par les pr\u00e9sentes conditions, notre <a class=\"\" href=\"https:\/\/ultrabreakfluids.com\/fr_fr\/politique-de-confidentialite\/\" rel=\"noopener\" data-start=\"880\" data-end=\"899\">Politique de confidentialit\u00e9<\/a>et toutes les lois am\u00e9ricaines et internationales applicables.<\/p><hr class=\"\" data-start=\"950\" data-end=\"953\" \/><h2 class=\"\" data-start=\"955\" data-end=\"976\">1. <strong data-start=\"961\" data-end=\"976\">\u00c9ligibilit\u00e9<\/strong><\/h2><p class=\"\" data-start=\"978\" data-end=\"1206\">Vous devez \u00eatre au moins <strong data-start=\"999\" data-end=\"1018\">18 ans<\/strong> et capables de conclure un accord juridiquement contraignant pour utiliser notre site ou acheter nos produits. Nous ne vendons pas aux mineurs ni dans les juridictions o\u00f9 nos produits font l'objet de restrictions ou sont ill\u00e9gaux.<\/p><hr class=\"\" data-start=\"1208\" data-end=\"1211\" \/><h2 class=\"\" data-start=\"1213\" data-end=\"1238\">2. <strong data-start=\"1219\" data-end=\"1238\">Utilisation des produits<\/strong><\/h2><p class=\"\" data-start=\"1240\" data-end=\"1411\">Tous les produits vendus par UltraBreakFluids.com sont <strong data-start=\"1291\" data-end=\"1352\">pour un usage industriel, de laboratoire ou commercial licite uniquement<\/strong>. L'acheteur s'engage \u00e0 ne pas utiliser Caluanie Muelear Oxidize pour :<\/p><ul data-start=\"1412\" data-end=\"1543\"><li class=\"\" data-start=\"1412\" data-end=\"1451\"><p class=\"\" data-start=\"1414\" data-end=\"1451\">Toute fin ill\u00e9gale ou non autoris\u00e9e<\/p><\/li><li class=\"\" data-start=\"1452\" data-end=\"1507\"><p class=\"\" data-start=\"1454\" data-end=\"1507\">La fabrication de substances contr\u00f4l\u00e9es ou d'armes<\/p><\/li><li class=\"\" data-start=\"1508\" data-end=\"1543\"><p class=\"\" data-start=\"1510\" data-end=\"1543\">Usage abusif \u00e0 des fins personnelles ou r\u00e9cr\u00e9atives<\/p><\/li><\/ul><p class=\"\" data-start=\"1545\" data-end=\"1626\"><strong data-start=\"1545\" data-end=\"1626\">L'utilisation abusive de nos produits est strictement interdite et peut donner lieu \u00e0 des poursuites judiciaires.<\/strong><\/p><hr class=\"\" data-start=\"1628\" data-end=\"1631\" \/><h2 class=\"\" data-start=\"1633\" data-end=\"1669\">3. <strong data-start=\"1639\" data-end=\"1669\">Conformit\u00e9 des exportations et des importations<\/strong><\/h2><p class=\"\" data-start=\"1671\" data-end=\"1756\">Nous respectons pleinement les r\u00e9glementations am\u00e9ricaines en mati\u00e8re d'exportation et attendons de nos clients qu'ils fassent de m\u00eame.<\/p><h3 class=\"\" data-start=\"1758\" data-end=\"1785\">Responsabilit\u00e9s de l'acheteur :<\/h3><ul data-start=\"1786\" data-end=\"2037\"><li class=\"\" data-start=\"1786\" data-end=\"1861\"><p class=\"\" data-start=\"1788\" data-end=\"1861\">Assurez-vous que l'importation de Caluanie Muelear Oxidize est l\u00e9gale dans votre pays<\/p><\/li><li class=\"\" data-start=\"1862\" data-end=\"1926\"><p class=\"\" data-start=\"1864\" data-end=\"1926\">Obtenir tous les permis, licences ou d\u00e9douanements n\u00e9cessaires<\/p><\/li><li class=\"\" data-start=\"1927\" data-end=\"1982\"><p class=\"\" data-start=\"1929\" data-end=\"1982\">Fournir des informations pr\u00e9cises sur l'exp\u00e9dition et la documentation<\/p><\/li><li class=\"\" data-start=\"1983\" data-end=\"2037\"><p class=\"\" data-start=\"1985\" data-end=\"2037\">Assumer l'enti\u00e8re responsabilit\u00e9 des retards ou refus douaniers<\/p><\/li><\/ul><p class=\"\" data-start=\"2039\" data-end=\"2070\">Nous sommes <strong data-start=\"2046\" data-end=\"2065\">non responsable<\/strong> pour :<\/p><ul data-start=\"2071\" data-end=\"2244\"><li class=\"\" data-start=\"2071\" data-end=\"2123\"><p class=\"\" data-start=\"2073\" data-end=\"2123\">Saisies ou rejets par les douanes de votre pays<\/p><\/li><li class=\"\" data-start=\"2124\" data-end=\"2184\"><p class=\"\" data-start=\"2126\" data-end=\"2184\">Amendes, droits ou taxes impos\u00e9s par les autorit\u00e9s d'importation<\/p><\/li><li class=\"\" data-start=\"2185\" data-end=\"2244\"><p class=\"\" data-start=\"2187\" data-end=\"2244\">Retards dus \u00e0 des demandes de documentation ou \u00e0 des contr\u00f4les r\u00e9glementaires<\/p><\/li><\/ul><hr class=\"\" data-start=\"2246\" data-end=\"2249\" \/><h2 class=\"\" data-start=\"2251\" data-end=\"2282\">4. <strong data-start=\"2257\" data-end=\"2282\">Propri\u00e9t\u00e9 intellectuelle<\/strong><\/h2><p class=\"\" data-start=\"2284\" data-end=\"2536\">Tout le contenu du site, y compris les logos, les marques, les descriptions de produits, les images et la documentation, est la propri\u00e9t\u00e9 de l'UNESCO. <strong data-start=\"2392\" data-end=\"2443\">propri\u00e9t\u00e9 intellectuelle d'UltraBreakFluids Inc.<\/strong> Vous ne pouvez pas copier, republier ou distribuer notre mat\u00e9riel sans autorisation \u00e9crite expresse.<\/p><hr class=\"\" data-start=\"2538\" data-end=\"2541\" \/><h2 class=\"\" data-start=\"2543\" data-end=\"2575\">5. <strong data-start=\"2549\" data-end=\"2575\">Prix et disponibilit\u00e9<\/strong><\/h2><p class=\"\" data-start=\"2577\" data-end=\"2687\">Tous les prix sont indiqu\u00e9s en dollars am\u00e9ricains (USD) et peuvent \u00eatre modifi\u00e9s sans pr\u00e9avis. Nous nous r\u00e9servons le droit de :<\/p><ul data-start=\"2688\" data-end=\"2819\"><li class=\"\" data-start=\"2688\" data-end=\"2737\"><p class=\"\" data-start=\"2690\" data-end=\"2737\">Annuler ou refuser des commandes en raison d'erreurs de tarification<\/p><\/li><li class=\"\" data-start=\"2738\" data-end=\"2781\"><p class=\"\" data-start=\"2740\" data-end=\"2781\">Limiter les quantit\u00e9s disponibles par client<\/p><\/li><li class=\"\" data-start=\"2782\" data-end=\"2819\"><p class=\"\" data-start=\"2784\" data-end=\"2819\">Interrompre tout produit \u00e0 tout moment<\/p><\/li><\/ul><hr class=\"\" data-start=\"2821\" data-end=\"2824\" \/><h2 class=\"\" data-start=\"2826\" data-end=\"2859\">6. <strong data-start=\"2832\" data-end=\"2859\">Limitation de la responsabilit\u00e9<\/strong><\/h2><p class=\"\" data-start=\"2861\" data-end=\"3014\">Dans toute la mesure permise par la loi, UltraBreakFluids Inc. ne sera pas responsable des dommages indirects, accessoires ou cons\u00e9cutifs r\u00e9sultant de :<\/p><ul data-start=\"3015\" data-end=\"3123\"><li class=\"\" data-start=\"3015\" data-end=\"3033\"><p class=\"\" data-start=\"3017\" data-end=\"3033\">Mauvaise utilisation du produit<\/p><\/li><li class=\"\" data-start=\"3034\" data-end=\"3053\"><p class=\"\" data-start=\"3036\" data-end=\"3053\">D\u00e9lais d'exp\u00e9dition<\/p><\/li><li class=\"\" data-start=\"3054\" data-end=\"3081\"><p class=\"\" data-start=\"3056\" data-end=\"3081\">Restrictions r\u00e9glementaires<\/p><\/li><li class=\"\" data-start=\"3082\" data-end=\"3123\"><p class=\"\" data-start=\"3084\" data-end=\"3123\">Manque \u00e0 gagner ou interruption d'activit\u00e9<\/p><\/li><\/ul><p class=\"\" data-start=\"3125\" data-end=\"3220\">Tous les produits sont vendus <strong data-start=\"3147\" data-end=\"3158\">\"en l'\u00e9tat\"<\/strong> et <strong data-start=\"3163\" data-end=\"3185\">sans garantie<\/strong>sauf indication contraire.<\/p><hr class=\"\" data-start=\"3222\" data-end=\"3225\" \/><h2 class=\"\" data-start=\"3227\" data-end=\"3250\">7. <strong data-start=\"3233\" data-end=\"3250\">Droit applicable<\/strong><\/h2><p class=\"\" data-start=\"3252\" data-end=\"3508\">Les pr\u00e9sentes conditions sont r\u00e9gies et interpr\u00e9t\u00e9es en vertu des lois de l'Union europ\u00e9enne. <strong data-start=\"3321\" data-end=\"3373\">\u00c9tat du Nevada<\/strong>\u00c9tats-Unis, sans tenir compte des principes de conflit de lois. Tout litige sera r\u00e9solu par les tribunaux comp\u00e9tents des \u00c9tats-Unis.<\/p><hr class=\"\" data-start=\"3510\" data-end=\"3513\" \/><h2 class=\"\" data-start=\"3515\" data-end=\"3547\">8. <strong data-start=\"3521\" data-end=\"3547\">Responsabilit\u00e9 du compte<\/strong><\/h2><p class=\"\" data-start=\"3549\" data-end=\"3761\">Vous \u00eates responsable du maintien de la confidentialit\u00e9 de votre compte et de votre mot de passe et de la restriction de l'acc\u00e8s \u00e0 votre appareil. Vous acceptez la responsabilit\u00e9 de toutes les activit\u00e9s qui se d\u00e9roulent sous votre compte.<\/p><hr class=\"\" data-start=\"3763\" data-end=\"3766\" \/><h2 class=\"\" data-start=\"3768\" data-end=\"3794\">9. <strong data-start=\"3774\" data-end=\"3794\">Modifications des conditions<\/strong><\/h2><p class=\"\" data-start=\"3796\" data-end=\"3996\">Nous nous r\u00e9servons le droit de mettre \u00e0 jour ou de modifier les pr\u00e9sentes conditions \u00e0 tout moment. Les mises \u00e0 jour seront publi\u00e9es sur cette page avec une date d'entr\u00e9e en vigueur actualis\u00e9e. La poursuite de l'utilisation du site implique l'acceptation des conditions r\u00e9vis\u00e9es.<\/p><hr class=\"\" data-start=\"3998\" data-end=\"4001\" \/><h2 class=\"\" data-start=\"4003\" data-end=\"4024\">10. <strong data-start=\"4010\" data-end=\"4024\">Nous contacter<\/strong><\/h2><p class=\"\" data-start=\"4026\" data-end=\"4101\">Si vous avez des questions concernant les pr\u00e9sentes conditions ou nos politiques juridiques, contactez-nous :<\/p><p class=\"\" data-start=\"4103\" data-end=\"4229\"><strong data-start=\"4103\" data-end=\"4129\">UltraBreak Fluids Inc.<\/strong><br data-start=\"4129\" data-end=\"4132\" \/>\ud83d\udce7 <a rel=\"noopener\" data-start=\"4135\" data-end=\"4161\">sales@ultrabreakfluids.com<\/a><br data-start=\"4161\" data-end=\"4164\" \/>\ud83d\udccd Las Vegas , Nevada<br data-start=\"4191\" data-end=\"4194\" \/>\ud83c\udf10 <a class=\"\" href=\"https:\/\/ultrabreakfluids.com\/fr_fr\/\" target=\"_new\" rel=\"noopener\" data-start=\"4197\" data-end=\"4229\">https:\/\/www.ultrabreakfluids.com<\/a><\/p>\t\t\t\t\t\t\t\t<\/div>\n\t\t\t\t<\/div>\n\t\t\t\t\t<\/div>\n\t\t\t\t<\/div>\n\t\t\t\t<\/div>","protected":false},"excerpt":{"rendered":"<p>Terms &#038; Conditions + Legal Compliance Notice Owned and Operated by: UltraBreak Fluids Inc. (USA) These Terms &amp; Conditions govern your access to and use of the website UltraBreakFluids.com and the purchase of any products, including Caluanie Muelear Oxidize from UltraBreak Fluids Inc.\u00a0 By accessing or using this Site, or placing an order, you agree [&hellip;]<\/p>\n","protected":false},"author":1,"featured_media":0,"parent":0,"menu_order":0,"comment_status":"closed","ping_status":"closed","template":"","meta":{"_acf_changed":false,"rs_blank_template":"","rs_page_bg_color":"","slide_template_v7":"","_monsterinsights_skip_tracking":false,"_monsterinsights_sitenote_active":false,"_monsterinsights_sitenote_note":"","_monsterinsights_sitenote_category":0,"footnotes":""},"class_list":["post-2098","page","type-page","status-publish","hentry"],"acf":[],"jetpack_sharing_enabled":true,"_links":{"self":[{"href":"https:\/\/ultrabreakfluids.com\/fr_fr\/wp-json\/wp\/v2\/pages\/2098","targetHints":{"allow":["GET"]}}],"collection":[{"href":"https:\/\/ultrabreakfluids.com\/fr_fr\/wp-json\/wp\/v2\/pages"}],"about":[{"href":"https:\/\/ultrabreakfluids.com\/fr_fr\/wp-json\/wp\/v2\/types\/page"}],"author":[{"embeddable":true,"href":"https:\/\/ultrabreakfluids.com\/fr_fr\/wp-json\/wp\/v2\/users\/1"}],"replies":[{"embeddable":true,"href":"https:\/\/ultrabreakfluids.com\/fr_fr\/wp-json\/wp\/v2\/comments?post=2098"}],"version-history":[{"count":8,"href":"https:\/\/ultrabreakfluids.com\/fr_fr\/wp-json\/wp\/v2\/pages\/2098\/revisions"}],"predecessor-version":[{"id":2327,"href":"https:\/\/ultrabreakfluids.com\/fr_fr\/wp-json\/wp\/v2\/pages\/2098\/revisions\/2327"}],"wp:attachment":[{"href":"https:\/\/ultrabreakfluids.com\/fr_fr\/wp-json\/wp\/v2\/media?parent=2098"}],"curies":[{"name":"wp","href":"https:\/\/api.w.org\/{rel}","templated":true}]}}