{"id":2163,"date":"2025-05-05T08:21:16","date_gmt":"2025-05-05T08:21:16","guid":{"rendered":"https:\/\/ultrabreakfluids.com\/?page_id=2163"},"modified":"2025-06-12T16:54:59","modified_gmt":"2025-06-12T16:54:59","slug":"expedition-options-de-paiement","status":"publish","type":"page","link":"https:\/\/ultrabreakfluids.com\/fr_ca\/expedition-options-de-paiement\/","title":{"rendered":"Options d'exp\u00e9dition et de paiement"},"content":{"rendered":"<div data-elementor-type=\"wp-page\" data-elementor-id=\"2163\" class=\"elementor elementor-2163\" data-elementor-post-type=\"page\">\n\t\t\t\t<div class=\"elementor-element elementor-element-253c53a e-flex e-con-boxed e-con e-parent\" data-id=\"253c53a\" data-element_type=\"container\" data-e-type=\"container\">\r\n\t\t\t\t\t<div class=\"e-con-inner\">\r\n\t\t\t\t<div class=\"elementor-element elementor-element-1ecd6f5 elementor-headline--style-highlight elementor-widget elementor-widget-animated-headline\" data-id=\"1ecd6f5\" data-element_type=\"widget\" data-e-type=\"widget\" data-settings=\"{&quot;highlighted_text&quot;:&quot;Shipping &amp; Payment Options&quot;,&quot;headline_style&quot;:&quot;highlight&quot;,&quot;marker&quot;:&quot;circle&quot;,&quot;loop&quot;:&quot;yes&quot;,&quot;highlight_animation_duration&quot;:1200,&quot;highlight_iteration_delay&quot;:8000}\" data-widget_type=\"animated-headline.default\">\n\t\t\t\t<div class=\"elementor-widget-container\">\n\t\t\t\t\t\t\t<h3 class=\"elementor-headline\">\n\t\t\t\t<span class=\"elementor-headline-dynamic-wrapper elementor-headline-text-wrapper\">\n\t\t\t\t\t<span class=\"elementor-headline-dynamic-text elementor-headline-text-active\">Shipping &amp; Payment Options<\/span>\n\t\t\t\t<\/span>\n\t\t\t\t<\/h3>\n\t\t\t\t\t\t<\/div>\n\t\t\t\t<\/div>\n\t\t\t\t\t<\/div>\n\t\t\t\t<\/div>\n\t\t<div class=\"elementor-element elementor-element-593978e e-flex e-con-boxed e-con e-parent\" data-id=\"593978e\" data-element_type=\"container\" data-e-type=\"container\">\r\n\t\t\t\t\t<div class=\"e-con-inner\">\r\n\t\t\t\t<div class=\"elementor-element elementor-element-9c4fe0e elementor-widget elementor-widget-text-editor\" data-id=\"9c4fe0e\" data-element_type=\"widget\" data-e-type=\"widget\" data-widget_type=\"text-editor.default\">\n\t\t\t\t<div class=\"elementor-widget-container\">\n\t\t\t\t\t\t\t\t\t<h4 data-start=\"425\" data-end=\"518\"><strong data-start=\"425\" data-end=\"451\">UltraBreak Fluids Inc.<\/strong><br data-start=\"451\" data-end=\"454\" \/><em data-start=\"454\" data-end=\"518\">Fournisseur mondial de Caluanie Muelear Oxidize de premi\u00e8re qualit\u00e9 bas\u00e9 aux \u00c9tats-Unis<\/em><\/h4><p class=\"\" data-start=\"520\" data-end=\"750\">Nous proposons des options d'exp\u00e9dition et de paiement s\u00e9curis\u00e9es, tra\u00e7ables et conformes \u00e0 la r\u00e9glementation pour servir nos clients nationaux et internationaux. Tous les processus sont r\u00e9gis par la l\u00e9gislation am\u00e9ricaine et align\u00e9s sur les normes internationales en mati\u00e8re de transport de produits chimiques.<\/p>\t\t\t\t\t\t\t\t<\/div>\n\t\t\t\t<\/div>\n\t\t\t\t\t<\/div>\n\t\t\t\t<\/div>\n\t\t<div class=\"elementor-element elementor-element-5af6c88 e-flex e-con-boxed e-con e-parent\" data-id=\"5af6c88\" data-element_type=\"container\" data-e-type=\"container\">\r\n\t\t\t\t\t<div class=\"e-con-inner\">\r\n\t\t\t\t<div class=\"elementor-element elementor-element-ecfbb46 elementor-widget elementor-widget-heading\" data-id=\"ecfbb46\" data-element_type=\"widget\" data-e-type=\"widget\" data-widget_type=\"heading.default\">\n\t\t\t\t<div class=\"elementor-widget-container\">\n\t\t\t\t\t<h3 class=\"elementor-heading-title elementor-size-default\">Informations sur l'exp\u00e9dition<\/h3>\t\t\t\t<\/div>\n\t\t\t\t<\/div>\n\t\t\t\t\t<\/div>\n\t\t\t\t<\/div>\n\t\t<div class=\"elementor-element elementor-element-5cd48dd e-flex e-con-boxed e-con e-parent\" data-id=\"5cd48dd\" data-element_type=\"container\" data-e-type=\"container\">\r\n\t\t\t\t\t<div class=\"e-con-inner\">\r\n\t\t\t\t<div class=\"elementor-element elementor-element-d3876ec elementor-widget elementor-widget-text-editor\" data-id=\"d3876ec\" data-element_type=\"widget\" data-e-type=\"widget\" data-widget_type=\"text-editor.default\">\n\t\t\t\t<div class=\"elementor-widget-container\">\n\t\t\t\t\t\t\t\t\t<h4 class=\"\" data-start=\"786\" data-end=\"828\">Livraison globale - Certifi\u00e9 Hazmat<\/h4><p class=\"\" data-start=\"829\" data-end=\"1020\">Nous exp\u00e9dions Caluanie Muelear Oxidize dans le monde entier \u00e0 l'aide de <strong data-start=\"878\" data-end=\"919\">transporteurs de mati\u00e8res dangereuses agr\u00e9\u00e9s<\/strong>. Chaque envoi est trait\u00e9 selon les normes les plus strictes en mati\u00e8re de s\u00e9curit\u00e9, de documentation et de respect de la l\u00e9gislation.<\/p><p class=\"\" data-start=\"1022\" data-end=\"1044\"><strong data-start=\"1022\" data-end=\"1044\">Caract\u00e9ristiques d'exp\u00e9dition :<\/strong><\/p><ul data-start=\"1045\" data-end=\"1249\"><li class=\"\" data-start=\"1045\" data-end=\"1104\"><p class=\"\" data-start=\"1047\" data-end=\"1104\">Transport international de mati\u00e8res dangereuses (IATA, DOT, IMDG)<\/p><\/li><li class=\"\" data-start=\"1105\" data-end=\"1139\"><p class=\"\" data-start=\"1107\" data-end=\"1139\">Emballage s\u00e9curis\u00e9 et inviolable<\/p><\/li><li class=\"\" data-start=\"1140\" data-end=\"1184\"><p class=\"\" data-start=\"1142\" data-end=\"1184\">Le suivi de l'envoi est assur\u00e9 dans les 48 heures<\/p><\/li><li class=\"\" data-start=\"1185\" data-end=\"1249\"><p class=\"\" data-start=\"1187\" data-end=\"1249\">D\u00e9lai de livraison : 5-12 jours ouvrables dans le monde entier (variable selon les pays)<\/p><\/li><\/ul><blockquote data-start=\"1434\" data-end=\"1579\"><p class=\"\" data-start=\"1436\" data-end=\"1579\"><strong data-start=\"1439\" data-end=\"1448\">Remarque :<\/strong> Tous les envois sont assur\u00e9s. Nous ne sommes pas responsables des retards dus au d\u00e9douanement ou \u00e0 des documents incorrects fournis par l'acheteur.<\/p><\/blockquote>\t\t\t\t\t\t\t\t<\/div>\n\t\t\t\t<\/div>\n\t\t\t\t\t<\/div>\n\t\t\t\t<\/div>\n\t\t<div class=\"elementor-element elementor-element-d9e31f3 e-flex e-con-boxed e-con e-parent\" data-id=\"d9e31f3\" data-element_type=\"container\" data-e-type=\"container\">\r\n\t\t\t\t\t<div class=\"e-con-inner\">\r\n\t\t\t\t<div class=\"elementor-element elementor-element-c71a98d elementor-widget elementor-widget-text-editor\" data-id=\"c71a98d\" data-element_type=\"widget\" data-e-type=\"widget\" data-widget_type=\"text-editor.default\">\n\t\t\t\t<div class=\"elementor-widget-container\">\n\t\t\t\t\t\t\t\t\t<h4 class=\"\" data-start=\"1586\" data-end=\"1616\"><strong>Exp\u00e9dition nationale aux \u00c9tats-Unis<\/strong><\/h4><p class=\"\" data-start=\"1617\" data-end=\"1766\">Toutes les commandes pass\u00e9es aux \u00c9tats-Unis sont exp\u00e9di\u00e9es par des transporteurs de mati\u00e8res dangereuses conformes aux normes du DOT. Une preuve de qualification commerciale ou professionnelle peut \u00eatre exig\u00e9e avant l'exp\u00e9dition.<\/p><p class=\"\" data-start=\"1768\" data-end=\"1869\"><strong data-start=\"1768\" data-end=\"1790\">D\u00e9lai de livraison :<\/strong> 3-7 jours ouvrables<br data-start=\"1808\" data-end=\"1811\" \/><strong data-start=\"1811\" data-end=\"1825\">Assurance :<\/strong> Inclus<br data-start=\"1834\" data-end=\"1837\" \/><strong data-start=\"1837\" data-end=\"1850\">Suivi :<\/strong> Fourni par courriel<\/p>\t\t\t\t\t\t\t\t<\/div>\n\t\t\t\t<\/div>\n\t\t\t\t\t<\/div>\n\t\t\t\t<\/div>\n\t\t<div class=\"elementor-element elementor-element-1bcd5f0 e-flex e-con-boxed e-con e-parent\" data-id=\"1bcd5f0\" data-element_type=\"container\" data-e-type=\"container\">\r\n\t\t\t\t\t<div class=\"e-con-inner\">\r\n\t\t\t\t<div class=\"elementor-element elementor-element-563ea0e elementor-widget elementor-widget-text-editor\" data-id=\"563ea0e\" data-element_type=\"widget\" data-e-type=\"widget\" data-widget_type=\"text-editor.default\">\n\t\t\t\t<div class=\"elementor-widget-container\">\n\t\t\t\t\t\t\t\t\t<h3 class=\"\" data-start=\"2246\" data-end=\"2268\">OPTIONS DE PAIEMENT<\/h3><p class=\"\" data-start=\"2270\" data-end=\"2482\">Toutes les transactions sont <strong data-start=\"2291\" data-end=\"2323\">v\u00e9rifi\u00e9, l\u00e9galement document\u00e9<\/strong>et d\u00e9livr\u00e9 en vertu de la <strong data-start=\"2342\" data-end=\"2373\">UltraBreakFluids Inc, USA<\/strong>. Nous proposons des m\u00e9thodes de paiement s\u00e9curis\u00e9es et transparentes adapt\u00e9es aux produits industriels de grande valeur et \u00e0 usage restreint.<\/p><hr class=\"\" data-start=\"2484\" data-end=\"2487\" \/><h4 class=\"\" data-start=\"2489\" data-end=\"2540\">Virement bancaire\u00a0<\/h4><hr class=\"\" data-start=\"2708\" data-end=\"2711\" \/><h4 class=\"\" data-start=\"2713\" data-end=\"2746\">Zelle\u00ae (clients am\u00e9ricains uniquement)<\/h4><hr class=\"\" data-start=\"2891\" data-end=\"2894\" \/><h4>USDT (TRC20) \/ USDC\u00a0<\/h4><h4><strong>ETH (Ethereum)<\/strong><\/h4><h4><strong>BTC (Bitcoin)<\/strong><\/h4><h4><strong>BNB (Binance Coin)<\/strong><\/h4><h4><strong>Litecoin<\/strong><\/h4><h4><strong>Autres crypto-monnaies<\/strong><\/h4><hr class=\"\" data-start=\"3115\" data-end=\"3118\" \/><h4>\u00a0Sage\u00a0<\/h4><h4>Apple Pay<\/h4><h4>Carillon<\/h4><h4>Vemno<\/h4><h4>PayPal<\/h4><h4>Transfert \u00e9lectronique\u00a0<\/h4>\t\t\t\t\t\t\t\t<\/div>\n\t\t\t\t<\/div>\n\t\t\t\t\t<\/div>\n\t\t\t\t<\/div>\n\t\t<div class=\"elementor-element elementor-element-f3a6bb5 e-flex e-con-boxed e-con e-parent\" data-id=\"f3a6bb5\" data-element_type=\"container\" data-e-type=\"container\">\r\n\t\t\t\t\t<div class=\"e-con-inner\">\r\n\t\t\t\t<div class=\"elementor-element elementor-element-7112076 elementor-widget elementor-widget-text-editor\" data-id=\"7112076\" data-element_type=\"widget\" data-e-type=\"widget\" data-widget_type=\"text-editor.default\">\n\t\t\t\t<div class=\"elementor-widget-container\">\n\t\t\t\t\t\t\t\t\t<h3 class=\"\" data-start=\"3437\" data-end=\"3483\">S\u00e9curit\u00e9 des transactions et conformit\u00e9 juridique<\/h3><p class=\"\" data-start=\"3485\" data-end=\"3528\">Tout paiement \u00e0 UltraBreakFluids Inc. est :<\/p><ul data-start=\"3529\" data-end=\"3723\"><li class=\"\" data-start=\"3529\" data-end=\"3569\"><p class=\"\" data-start=\"3531\" data-end=\"3569\">Prot\u00e9g\u00e9 par un cryptage SSL 256 bits<\/p><\/li><li class=\"\" data-start=\"3570\" data-end=\"3617\"><p class=\"\" data-start=\"3572\" data-end=\"3617\">Document\u00e9 par une facture et un re\u00e7u num\u00e9riques<\/p><\/li><\/ul><hr class=\"\" data-start=\"3868\" data-end=\"3871\" \/><h3 class=\"\" data-start=\"3873\" data-end=\"3890\">Besoin d'aide ?<\/h3><p class=\"\" data-start=\"3891\" data-end=\"3948\">Pour les questions relatives \u00e0 l'exp\u00e9dition, \u00e0 l'assistance douani\u00e8re ou \u00e0 la facturation :<\/p><p class=\"\" data-start=\"3950\" data-end=\"4067\"><strong data-start=\"3953\" data-end=\"3985\"><a rel=\"noopener\" data-start=\"3955\" data-end=\"3983\">sales@ultrabreakfluids.com<\/a><\/strong><br data-start=\"4033\" data-end=\"4036\" \/><strong data-start=\"4039\" data-end=\"4067\"><a class=\"\" href=\"https:\/\/ultrabreakfluids.com\/fr_ca\/\" target=\"_new\" rel=\"noopener\" data-start=\"4041\" data-end=\"4065\">www.ultrabreakfluids.com<\/a><\/strong><\/p><h3 class=\"\" data-start=\"4074\" data-end=\"4096\">D\u00e9claration juridique<\/h3><p class=\"\" data-start=\"4097\" data-end=\"4397\">UltraBreakFluids Inc. est un fournisseur enregistr\u00e9 aux \u00c9tats-Unis qui respecte toutes les lois en vigueur concernant l'exp\u00e9dition et la vente de Caluanie Muelear Oxidize.<\/p>\t\t\t\t\t\t\t\t<\/div>\n\t\t\t\t<\/div>\n\t\t\t\t\t<\/div>\n\t\t\t\t<\/div>\n\t\t\t\t<\/div>","protected":false},"excerpt":{"rendered":"<p>Shipping &#038; Payment Options UltraBreak Fluids Inc.U.S.-Based Global Supplier of Premium Caluanie Muelear Oxidize We offer secure, traceable, and regulation-compliant shipping and payment options to serve our domestic and international clients. All processes are governed by U.S. law and aligned with international chemical transport standards. Shipping Information Global Delivery \u2013 Hazmat Certified We ship Caluanie [&hellip;]<\/p>\n","protected":false},"author":1,"featured_media":0,"parent":0,"menu_order":0,"comment_status":"closed","ping_status":"closed","template":"","meta":{"_acf_changed":false,"rs_blank_template":"","rs_page_bg_color":"","slide_template_v7":"","_monsterinsights_skip_tracking":false,"_monsterinsights_sitenote_active":false,"_monsterinsights_sitenote_note":"","_monsterinsights_sitenote_category":0,"footnotes":""},"class_list":["post-2163","page","type-page","status-publish","hentry"],"acf":[],"jetpack_sharing_enabled":true,"_links":{"self":[{"href":"https:\/\/ultrabreakfluids.com\/fr_ca\/wp-json\/wp\/v2\/pages\/2163","targetHints":{"allow":["GET"]}}],"collection":[{"href":"https:\/\/ultrabreakfluids.com\/fr_ca\/wp-json\/wp\/v2\/pages"}],"about":[{"href":"https:\/\/ultrabreakfluids.com\/fr_ca\/wp-json\/wp\/v2\/types\/page"}],"author":[{"embeddable":true,"href":"https:\/\/ultrabreakfluids.com\/fr_ca\/wp-json\/wp\/v2\/users\/1"}],"replies":[{"embeddable":true,"href":"https:\/\/ultrabreakfluids.com\/fr_ca\/wp-json\/wp\/v2\/comments?post=2163"}],"version-history":[{"count":5,"href":"https:\/\/ultrabreakfluids.com\/fr_ca\/wp-json\/wp\/v2\/pages\/2163\/revisions"}],"predecessor-version":[{"id":2326,"href":"https:\/\/ultrabreakfluids.com\/fr_ca\/wp-json\/wp\/v2\/pages\/2163\/revisions\/2326"}],"wp:attachment":[{"href":"https:\/\/ultrabreakfluids.com\/fr_ca\/wp-json\/wp\/v2\/media?parent=2163"}],"curies":[{"name":"wp","href":"https:\/\/api.w.org\/{rel}","templated":true}]}}