{"id":3,"date":"2025-03-27T06:03:53","date_gmt":"2025-03-27T06:03:53","guid":{"rendered":"http:\/\/ultrabreakfluids.com\/?page_id=3"},"modified":"2025-06-12T17:01:10","modified_gmt":"2025-06-12T17:01:10","slug":"politique-de-confidentialite","status":"publish","type":"page","link":"https:\/\/ultrabreakfluids.com\/fr\/politique-de-confidentialite\/","title":{"rendered":"Politique de confidentialit\u00e9"},"content":{"rendered":"<div data-elementor-type=\"wp-page\" data-elementor-id=\"3\" class=\"elementor elementor-3\" data-elementor-post-type=\"page\">\n\t\t\t\t<div class=\"elementor-element elementor-element-68a22edc e-flex e-con-boxed e-con e-parent\" data-id=\"68a22edc\" data-element_type=\"container\" data-e-type=\"container\">\r\n\t\t\t\t\t<div class=\"e-con-inner\">\r\n\t\t\t\t<div class=\"elementor-element elementor-element-5ad1d309 elementor-widget elementor-widget-text-editor\" data-id=\"5ad1d309\" data-element_type=\"widget\" data-e-type=\"widget\" data-widget_type=\"text-editor.default\">\n\t\t\t\t<div class=\"elementor-widget-container\">\n\t\t\t\t\t\t\t\t\t<h4 data-start=\"343\" data-end=\"365\"><strong data-start=\"345\" data-end=\"363\">Politique de confidentialit\u00e9<\/strong><\/h4>\n<h5 data-start=\"343\" data-end=\"365\"><strong data-start=\"402\" data-end=\"474\">UltraBreakFluids.com est d\u00e9tenu et exploit\u00e9 par UltraBreakFluids Inc.<\/strong><\/h5>\n<h5 data-start=\"476\" data-end=\"794\">Au <strong data-start=\"479\" data-end=\"505\">UltraBreakFluids Inc.<\/strong> Votre vie priv\u00e9e est notre priorit\u00e9. La pr\u00e9sente politique de confidentialit\u00e9 d\u00e9crit la mani\u00e8re dont nous recueillons, utilisons, divulguons et prot\u00e9geons vos informations personnelles lorsque vous visitez les sites suivants <strong data-start=\"672\" data-end=\"708\"><a class=\"\" href=\"https:\/\/ultrabreakfluids.com\/fr\/\" target=\"_new\" rel=\"noopener\" data-start=\"674\" data-end=\"706\">https:\/\/www.ultrabreakfluids.com<\/a><\/strong>\u00a0ou acheter l'un de nos produits, y compris <strong data-start=\"765\" data-end=\"793\">Caluanie Muelear Oxidize<\/strong>.<\/h5>\n<h5 data-start=\"796\" data-end=\"930\">En utilisant notre site ou nos services, vous acceptez les termes de la pr\u00e9sente politique de confidentialit\u00e9. Si vous n'\u00eates pas d'accord, veuillez vous abstenir d'utiliser notre site.<\/h5>\n<hr class=\"\" data-start=\"932\" data-end=\"935\" \/>\n<h5 data-start=\"937\" data-end=\"969\">1. <strong data-start=\"943\" data-end=\"969\">Informations collect\u00e9es<\/strong><\/h5>\n<h5 data-start=\"971\" data-end=\"1058\">Nous recueillons les types d'informations personnelles suivants lorsque vous interagissez avec notre site :<\/h5>\n<h5 data-start=\"1060\" data-end=\"1090\">a. <strong>Informations que vous fournissez<\/strong><\/h5>\n<ul data-start=\"1091\" data-end=\"1314\">\n<li class=\"\" data-start=\"1091\" data-end=\"1131\">\n<h5 data-start=\"1093\" data-end=\"1131\">Nom, adresses de facturation et de livraison<\/h5>\n<\/li>\n<li class=\"\" data-start=\"1132\" data-end=\"1166\">\n<h5 data-start=\"1134\" data-end=\"1166\">Adresse \u00e9lectronique et num\u00e9ro de t\u00e9l\u00e9phone<\/h5>\n<\/li>\n<li class=\"\" data-start=\"1167\" data-end=\"1233\">\n<h5 data-start=\"1169\" data-end=\"1233\">Modalit\u00e9s de paiement\u00a0<\/h5>\n<\/li>\n<li class=\"\" data-start=\"1234\" data-end=\"1277\">\n<h5 data-start=\"1236\" data-end=\"1277\">Nom de l'entreprise et num\u00e9ro d'identification fiscale (le cas \u00e9ch\u00e9ant)<\/h5>\n<\/li>\n<li class=\"\" data-start=\"1278\" data-end=\"1314\">\n<h5 data-start=\"1280\" data-end=\"1314\">Historique des commandes et d\u00e9tails des achats<\/h5>\n<\/li>\n<\/ul>\n<h5 data-start=\"1316\" data-end=\"1358\">b. Informations collect\u00e9es automatiquement<\/h5>\n<ul data-start=\"1359\" data-end=\"1478\">\n<li class=\"\" data-start=\"1359\" data-end=\"1400\">\n<h5 data-start=\"1361\" data-end=\"1400\">Adresse IP, type de navigateur, donn\u00e9es relatives \u00e0 l'appareil<\/h5>\n<\/li>\n<li class=\"\" data-start=\"1401\" data-end=\"1433\">\n<h5 data-start=\"1403\" data-end=\"1433\">Pages de renvoi\/sortie et URL<\/h5>\n<\/li>\n<li class=\"\" data-start=\"1434\" data-end=\"1478\">\n<h5 data-start=\"1436\" data-end=\"1478\">Donn\u00e9es d'utilisation via des cookies et des outils d'analyse<\/h5>\n<\/li>\n<\/ul>\n<h5 data-start=\"1480\" data-end=\"1510\">c. Informations provenant de tiers<\/h5>\n<ul data-start=\"1511\" data-end=\"1669\">\n<li class=\"\" data-start=\"1511\" data-end=\"1598\">\n<h5 data-start=\"1513\" data-end=\"1598\">Les processeurs de paiement (par exemple ApplePay, PayPal, Crypto) peuvent partager les confirmations de transaction avec nous.<\/h5>\n<\/li>\n<li class=\"\" data-start=\"1599\" data-end=\"1669\">\n<h5 data-start=\"1601\" data-end=\"1669\">Les transporteurs maritimes peuvent partager les confirmations de livraison et les mises \u00e0 jour de l'\u00e9tat d'avancement<\/h5>\n<\/li>\n<\/ul>\n<hr class=\"\" data-start=\"1671\" data-end=\"1674\" \/>\n<h5 data-start=\"1676\" data-end=\"1713\">2. <strong data-start=\"1682\" data-end=\"1713\">Comment nous utilisons vos informations<\/strong><\/h5>\n<h5 data-start=\"1715\" data-end=\"1742\">Nous utilisons vos informations pour :<\/h5>\n<ul data-start=\"1744\" data-end=\"2032\">\n<li class=\"\" data-start=\"1744\" data-end=\"1796\">\n<h5 data-start=\"1746\" data-end=\"1796\">Traiter les commandes et g\u00e9rer l'exp\u00e9dition et la logistique<\/h5>\n<\/li>\n<li class=\"\" data-start=\"1797\" data-end=\"1853\">\n<h5 data-start=\"1799\" data-end=\"1853\">Communiquer avec vous au sujet de votre commande ou de votre demande<\/h5>\n<\/li>\n<li class=\"\" data-start=\"1854\" data-end=\"1907\">\n<h5 data-start=\"1856\" data-end=\"1907\">Pr\u00e9venir la fraude et assurer la s\u00e9curit\u00e9 de notre plateforme<\/h5>\n<\/li>\n<li class=\"\" data-start=\"1908\" data-end=\"1966\">\n<h5 data-start=\"1910\" data-end=\"1966\">Am\u00e9liorer nos produits, nos services et notre site web<\/h5>\n<\/li>\n<li class=\"\" data-start=\"1967\" data-end=\"2032\">\n<h5 data-start=\"1969\" data-end=\"2032\">Respecter les obligations l\u00e9gales pr\u00e9vues par les lois f\u00e9d\u00e9rales et \u00e9tatiques des \u00c9tats-Unis<\/h5>\n<\/li>\n<\/ul>\n<h5 data-start=\"2034\" data-end=\"2127\">Nous le faisons <strong data-start=\"2040\" data-end=\"2047\">pas<\/strong> vendre ou louer vos informations personnelles \u00e0 des tiers \u00e0 des fins de marketing.<\/h5>\n<hr class=\"\" data-start=\"2129\" data-end=\"2132\" \/>\n<h5 data-start=\"2134\" data-end=\"2175\">3. <strong data-start=\"2140\" data-end=\"2175\">Cookies et technologies de suivi<\/strong><\/h5>\n<h5 data-start=\"2177\" data-end=\"2243\">Nous utilisons des cookies, des balises web et des technologies de suivi similaires pour :<\/h5>\n<ul data-start=\"2245\" data-end=\"2363\">\n<li class=\"\" data-start=\"2245\" data-end=\"2276\">\n<h5 data-start=\"2247\" data-end=\"2276\">Personnalisez votre exp\u00e9rience<\/h5>\n<\/li>\n<li class=\"\" data-start=\"2277\" data-end=\"2306\">\n<h5 data-start=\"2279\" data-end=\"2306\">Activer la fonctionnalit\u00e9 du panier<\/h5>\n<\/li>\n<li class=\"\" data-start=\"2307\" data-end=\"2363\">\n<h5 data-start=\"2309\" data-end=\"2363\">Analyser le trafic du site \u00e0 l'aide d'outils tels que Google Analytics<\/h5>\n<\/li>\n<\/ul>\n<h5 data-start=\"2365\" data-end=\"2425\">Vous pouvez \u00e0 tout moment modifier les param\u00e8tres des cookies dans votre navigateur.<\/h5>\n<hr class=\"\" data-start=\"2427\" data-end=\"2430\" \/>\n<h5 data-start=\"2432\" data-end=\"2467\">4. <strong data-start=\"2438\" data-end=\"2467\">Partage et divulgation des donn\u00e9es<\/strong><\/h5>\n<h5 data-start=\"2469\" data-end=\"2506\">Nous pouvons partager vos donn\u00e9es personnelles avec<\/h5>\n<ul data-start=\"2508\" data-end=\"2852\">\n<li class=\"\" data-start=\"2508\" data-end=\"2589\">\n<h5 data-start=\"2510\" data-end=\"2589\"><strong data-start=\"2510\" data-end=\"2532\">Fournisseurs de services :<\/strong> les soci\u00e9t\u00e9s de traitement des paiements, les soci\u00e9t\u00e9s d'exp\u00e9dition, les services de courrier \u00e9lectronique<\/h5>\n<\/li>\n<li class=\"\" data-start=\"2590\" data-end=\"2671\">\n<h5 data-start=\"2592\" data-end=\"2671\"><strong data-start=\"2592\" data-end=\"2619\">Autorit\u00e9s de r\u00e9gulation :<\/strong> si la loi l'exige ou pour r\u00e9pondre \u00e0 une proc\u00e9dure judiciaire<\/h5>\n<\/li>\n<li class=\"\" data-start=\"2672\" data-end=\"2771\">\n<h5 data-start=\"2674\" data-end=\"2771\"><strong data-start=\"2674\" data-end=\"2701\">Affili\u00e9s ou partenaires :<\/strong> pour des op\u00e9rations commerciales ou un soutien dans le cadre d'accords de confidentialit\u00e9<\/h5>\n<\/li>\n<li class=\"\" data-start=\"2772\" data-end=\"2852\">\n<h5 data-start=\"2774\" data-end=\"2852\"><strong data-start=\"2774\" data-end=\"2796\">Application de la loi :<\/strong> en cas de fraude, de cybercriminalit\u00e9 ou de violation de la loi<\/h5>\n<\/li>\n<\/ul>\n<h5 data-start=\"2854\" data-end=\"2937\">Tous les tiers sont tenus de respecter la confidentialit\u00e9 de vos informations.<\/h5>\n<hr class=\"\" data-start=\"2939\" data-end=\"2942\" \/>\n<h5 data-start=\"2944\" data-end=\"2968\">5. <strong data-start=\"2950\" data-end=\"2968\">Conservation des donn\u00e9es<\/strong><\/h5>\n<h5 data-start=\"2970\" data-end=\"3036\">Nous ne conservons vos informations personnelles que le temps n\u00e9cessaire pour :<\/h5>\n<ul data-start=\"3038\" data-end=\"3173\">\n<li class=\"\" data-start=\"3038\" data-end=\"3084\">\n<h5 data-start=\"3040\" data-end=\"3084\">Ex\u00e9cution des commandes et conformit\u00e9 fiscale\/juridique<\/h5>\n<\/li>\n<li class=\"\" data-start=\"3085\" data-end=\"3128\">\n<h5 data-start=\"3087\" data-end=\"3128\">Service \u00e0 la client\u00e8le et r\u00e9solution des litiges<\/h5>\n<\/li>\n<li class=\"\" data-start=\"3129\" data-end=\"3173\">\n<h5 data-start=\"3131\" data-end=\"3173\">Am\u00e9liorer nos op\u00e9rations (par exemple, l'analyse)<\/h5>\n<\/li>\n<\/ul>\n<h5 data-start=\"3175\" data-end=\"3250\">Vos informations sont supprim\u00e9es en toute s\u00e9curit\u00e9 ou rendues anonymes lorsqu'elles ne sont plus n\u00e9cessaires.<\/h5>\n<hr class=\"\" data-start=\"3252\" data-end=\"3255\" \/>\n<h5 data-start=\"3257\" data-end=\"3286\">6. <strong data-start=\"3263\" data-end=\"3286\">Utilisateurs internationaux<\/strong><\/h5>\n<h5 data-start=\"3288\" data-end=\"3503\">Si vous acc\u00e9dez au site \u00e0 partir d'un pays autre que les \u00c9tats-Unis, vous acceptez le transfert, le stockage et le traitement de vos donn\u00e9es aux \u00c9tats-Unis, o\u00f9 les lois sur la protection des donn\u00e9es peuvent diff\u00e9rer de celles de votre pays.<\/h5>\n<hr class=\"\" data-start=\"3505\" data-end=\"3508\" \/>\n<h5 data-start=\"3510\" data-end=\"3543\">7. <strong data-start=\"3516\" data-end=\"3543\">Vos droits et vos choix<\/strong><\/h5>\n<h5 data-start=\"3545\" data-end=\"3553\">Vous pouvez :<\/h5>\n<ul data-start=\"3555\" data-end=\"3830\">\n<li class=\"\" data-start=\"3555\" data-end=\"3605\">\n<h5 data-start=\"3557\" data-end=\"3605\"><strong data-start=\"3557\" data-end=\"3567\">Acc\u00e8s<\/strong> les donn\u00e9es personnelles que nous d\u00e9tenons \u00e0 votre sujet<\/h5>\n<\/li>\n<li class=\"\" data-start=\"3606\" data-end=\"3673\">\n<h5 data-start=\"3608\" data-end=\"3673\"><strong data-start=\"3608\" data-end=\"3631\">Demande de corrections<\/strong> \u00e0 des informations inexactes ou incompl\u00e8tes<\/h5>\n<\/li>\n<li class=\"\" data-start=\"3674\" data-end=\"3745\">\n<h5 data-start=\"3676\" data-end=\"3745\"><strong data-start=\"3676\" data-end=\"3696\">Demande de suppression<\/strong> de vos donn\u00e9es \u00e0 caract\u00e8re personnel, lorsque la loi le permet<\/h5>\n<\/li>\n<li class=\"\" data-start=\"3746\" data-end=\"3830\">\n<h5 data-start=\"3748\" data-end=\"3830\"><strong data-start=\"3748\" data-end=\"3759\">Opt-out<\/strong> des communications marketing (des liens de d\u00e9sinscription sont inclus dans les courriels)<\/h5>\n<\/li>\n<\/ul>\n<h5 data-start=\"3832\" data-end=\"3917\">Pour exercer ces droits, veuillez nous contacter \u00e0 l'adresse suivante<br data-start=\"3879\" data-end=\"3882\" \/>\ud83d\udce7 <strong data-start=\"3885\" data-end=\"3917\"><a rel=\"noopener\" data-start=\"3887\" data-end=\"3915\">sales@ultrabreakfluids.com<\/a><\/strong><\/h5>\n<hr class=\"\" data-start=\"3919\" data-end=\"3922\" \/>\n<h5 data-start=\"3924\" data-end=\"3962\">8. <strong data-start=\"3930\" data-end=\"3962\">S\u00e9curit\u00e9 de vos informations<\/strong><\/h5>\n<h5 data-start=\"3964\" data-end=\"4061\">Nous utilisons des technologies et des pratiques organisationnelles s\u00fbres pour prot\u00e9ger vos donn\u00e9es \u00e0 caract\u00e8re personnel, notamment :<\/h5>\n<ul data-start=\"4063\" data-end=\"4187\">\n<li class=\"\" data-start=\"4063\" data-end=\"4081\">\n<h5 data-start=\"4065\" data-end=\"4081\">Cryptage SSL<\/h5>\n<\/li>\n<li class=\"\" data-start=\"4082\" data-end=\"4109\">\n<h5 data-start=\"4084\" data-end=\"4109\">Passerelles de paiement s\u00e9curis\u00e9es<\/h5>\n<\/li>\n<li class=\"\" data-start=\"4110\" data-end=\"4151\">\n<h5 data-start=\"4112\" data-end=\"4151\">Syst\u00e8mes de contr\u00f4le d'acc\u00e8s et de surveillance<\/h5>\n<\/li>\n<li class=\"\" data-start=\"4152\" data-end=\"4187\">\n<h5 data-start=\"4154\" data-end=\"4187\">Formation \u00e0 la confidentialit\u00e9 des employ\u00e9s<\/h5>\n<\/li>\n<\/ul>\n<h5 data-start=\"4189\" data-end=\"4263\">Aucun syst\u00e8me n'est 100% s\u00e9curis\u00e9, mais nous nous effor\u00e7ons de d\u00e9passer les meilleures pratiques du secteur.<\/h5>\n<hr class=\"\" data-start=\"4265\" data-end=\"4268\" \/>\n<h5 data-start=\"4270\" data-end=\"4298\">9. <strong data-start=\"4276\" data-end=\"4298\">Vie priv\u00e9e des enfants<\/strong><\/h5>\n<h5 data-start=\"4300\" data-end=\"4553\">UltraBreakFluids.com n'est pas destin\u00e9 \u00e0 \u00eatre utilis\u00e9 par des personnes de moins de 18 ans. Nous ne collectons pas sciemment des donn\u00e9es personnelles aupr\u00e8s d'enfants. Si vous pensez qu'un enfant nous a communiqu\u00e9 des informations, contactez-nous imm\u00e9diatement \u00e0 l'adresse suivante <strong data-start=\"4520\" data-end=\"4552\"><a rel=\"noopener\" data-start=\"4522\" data-end=\"4550\">sales@ultrabreakfluids.com<\/a><\/strong>.<\/h5>\n<hr class=\"\" data-start=\"4555\" data-end=\"4558\" \/>\n<h5 data-start=\"4560\" data-end=\"4593\">10. <strong data-start=\"4567\" data-end=\"4593\">Modifications de la pr\u00e9sente politique<\/strong><\/h5>\n<h5 data-start=\"4595\" data-end=\"4835\">Nous nous r\u00e9servons le droit de mettre \u00e0 jour la pr\u00e9sente politique de confidentialit\u00e9 \u00e0 tout moment. Les modifications seront publi\u00e9es sur cette page avec une date d'entr\u00e9e en vigueur actualis\u00e9e. En continuant \u00e0 utiliser le site apr\u00e8s ces modifications, vous acceptez la politique r\u00e9vis\u00e9e en mati\u00e8re de protection de la vie priv\u00e9e.<\/h5>\n<hr class=\"\" data-start=\"4837\" data-end=\"4840\" \/>\n<h5 data-start=\"4842\" data-end=\"4863\">11. <strong data-start=\"4849\" data-end=\"4863\">Nous contacter<\/strong><\/h5>\n<h5 data-start=\"4865\" data-end=\"4955\">Pour toute question ou pr\u00e9occupation concernant la pr\u00e9sente politique de protection de la vie priv\u00e9e ou vos donn\u00e9es \u00e0 caract\u00e8re personnel, veuillez contacter<\/h5>\n<h5 data-start=\"4957\" data-end=\"5086\"><strong data-start=\"4957\" data-end=\"4983\">UltraBreak Fluids Inc.<\/strong><br data-start=\"4983\" data-end=\"4986\" \/>\ud83d\udccd<\/h5>\n<ul class=\"list list-unstyled pe-5 mb-md-0\">\n<li class=\"mb-0\"><strong>Las Vegas , Nevada<\/strong><\/li>\n<\/ul>\n<h5 data-start=\"4957\" data-end=\"5086\">\ud83d\udce7 <a rel=\"noopener\" data-start=\"5020\" data-end=\"5048\">sales@ultrabreakfluids.com<\/a><br data-start=\"5048\" data-end=\"5051\" \/>\ud83c\udf10 <a class=\"\" href=\"https:\/\/ultrabreakfluids.com\/fr\/\" target=\"_new\" rel=\"noopener\" data-start=\"5054\" data-end=\"5086\">https:\/\/www.ultrabreakfluids.com<\/a><\/h5>\t\t\t\t\t\t\t\t<\/div>\n\t\t\t\t<\/div>\n\t\t\t\t\t<\/div>\n\t\t\t\t<\/div>\n\t\t\t\t<\/div>","protected":false},"excerpt":{"rendered":"<p>Privacy Policy UltraBreakFluids.com is owned and operated by UltraBreakFluids Inc. At UltraBreakFluids Inc. Your privacy is our priority. This Privacy Policy outlines how we collect, use, disclose, and safeguard your personal information when you visit https:\/\/www.ultrabreakfluids.com\u00a0or purchase any of our products, including Caluanie Muelear Oxidize. By using our Site or services, you agree to the [&hellip;]<\/p>\n","protected":false},"author":1,"featured_media":0,"parent":0,"menu_order":0,"comment_status":"closed","ping_status":"open","template":"","meta":{"_acf_changed":false,"rs_blank_template":"","rs_page_bg_color":"","slide_template_v7":"","_monsterinsights_skip_tracking":false,"_monsterinsights_sitenote_active":false,"_monsterinsights_sitenote_note":"","_monsterinsights_sitenote_category":0,"footnotes":""},"class_list":["post-3","page","type-page","status-publish","hentry"],"acf":[],"_hostinger_reach_plugin_has_subscription_block":false,"_hostinger_reach_plugin_is_elementor":false,"jetpack_sharing_enabled":true,"_links":{"self":[{"href":"https:\/\/ultrabreakfluids.com\/fr\/wp-json\/wp\/v2\/pages\/3","targetHints":{"allow":["GET"]}}],"collection":[{"href":"https:\/\/ultrabreakfluids.com\/fr\/wp-json\/wp\/v2\/pages"}],"about":[{"href":"https:\/\/ultrabreakfluids.com\/fr\/wp-json\/wp\/v2\/types\/page"}],"author":[{"embeddable":true,"href":"https:\/\/ultrabreakfluids.com\/fr\/wp-json\/wp\/v2\/users\/1"}],"replies":[{"embeddable":true,"href":"https:\/\/ultrabreakfluids.com\/fr\/wp-json\/wp\/v2\/comments?post=3"}],"version-history":[{"count":8,"href":"https:\/\/ultrabreakfluids.com\/fr\/wp-json\/wp\/v2\/pages\/3\/revisions"}],"predecessor-version":[{"id":2334,"href":"https:\/\/ultrabreakfluids.com\/fr\/wp-json\/wp\/v2\/pages\/3\/revisions\/2334"}],"wp:attachment":[{"href":"https:\/\/ultrabreakfluids.com\/fr\/wp-json\/wp\/v2\/media?parent=3"}],"curies":[{"name":"wp","href":"https:\/\/api.w.org\/{rel}","templated":true}]}}