{"id":2121,"date":"2025-05-02T03:35:10","date_gmt":"2025-05-02T03:35:10","guid":{"rendered":"https:\/\/ultrabreakfluids.com\/?page_id=2121"},"modified":"2025-06-12T16:41:01","modified_gmt":"2025-06-12T16:41:01","slug":"nos-garanties","status":"publish","type":"page","link":"https:\/\/ultrabreakfluids.com\/fr\/nos-garanties\/","title":{"rendered":"Nos garanties"},"content":{"rendered":"<div data-elementor-type=\"wp-page\" data-elementor-id=\"2121\" class=\"elementor elementor-2121\" data-elementor-post-type=\"page\">\n\t\t\t\t<div class=\"elementor-element elementor-element-5778096 e-flex e-con-boxed e-con e-parent\" data-id=\"5778096\" data-element_type=\"container\" data-e-type=\"container\">\r\n\t\t\t\t\t<div class=\"e-con-inner\">\r\n\t\t\t\t<div class=\"elementor-element elementor-element-b82984d elementor-headline--style-highlight elementor-widget elementor-widget-animated-headline\" data-id=\"b82984d\" data-element_type=\"widget\" data-e-type=\"widget\" data-settings=\"{&quot;marker&quot;:&quot;curly&quot;,&quot;highlighted_text&quot;:&quot;Our Guarantees&quot;,&quot;headline_style&quot;:&quot;highlight&quot;,&quot;loop&quot;:&quot;yes&quot;,&quot;highlight_animation_duration&quot;:1200,&quot;highlight_iteration_delay&quot;:8000}\" data-widget_type=\"animated-headline.default\">\n\t\t\t\t<div class=\"elementor-widget-container\">\n\t\t\t\t\t\t\t<h3 class=\"elementor-headline\">\n\t\t\t\t<span class=\"elementor-headline-dynamic-wrapper elementor-headline-text-wrapper\">\n\t\t\t\t\t<span class=\"elementor-headline-dynamic-text elementor-headline-text-active\">Nos garanties<\/span>\n\t\t\t\t<\/span>\n\t\t\t\t<\/h3>\n\t\t\t\t\t\t<\/div>\n\t\t\t\t<\/div>\n\t\t\t\t\t<\/div>\n\t\t\t\t<\/div>\n\t\t<div class=\"elementor-element elementor-element-bd3ff43 e-flex e-con-boxed e-con e-parent\" data-id=\"bd3ff43\" data-element_type=\"container\" data-e-type=\"container\">\r\n\t\t\t\t\t<div class=\"e-con-inner\">\r\n\t\t\t\t<div class=\"elementor-element elementor-element-122906f elementor-widget elementor-widget-text-editor\" data-id=\"122906f\" data-element_type=\"widget\" data-e-type=\"widget\" data-widget_type=\"text-editor.default\">\n\t\t\t\t<div class=\"elementor-widget-container\">\n\t\t\t\t\t\t\t\t\t<p class=\"\" data-start=\"404\" data-end=\"459\"><strong data-start=\"404\" data-end=\"459\">UltraBreakFluids.com | UltraBreakFluids Inc - USA<\/strong><\/p><p class=\"\" data-start=\"461\" data-end=\"831\">Au <strong data-start=\"464\" data-end=\"490\">UltraBreakFluids Inc.<\/strong>Nous sommes fiers de fournir non seulement <strong data-start=\"529\" data-end=\"588\">l'oxyde de molybd\u00e8ne de Caluanie de la plus haute qualit\u00e9 au monde<\/strong>Nous garantissons la s\u00e9curit\u00e9 de nos produits et services, mais aussi une transparence totale, le respect de la l\u00e9gislation et une confiance in\u00e9branlable de la part de nos clients. Que vous commandiez aux \u00c9tats-Unis ou \u00e0 l'\u00e9tranger, nos garanties sont con\u00e7ues pour prot\u00e9ger votre investissement, votre activit\u00e9 et votre tranquillit\u00e9 d'esprit.<\/p><hr class=\"\" data-start=\"833\" data-end=\"836\" \/><h2 class=\"\" data-start=\"838\" data-end=\"874\"><strong data-start=\"843\" data-end=\"874\">1. Garantie de puret\u00e9 du produit<\/strong><\/h2><p class=\"\" data-start=\"876\" data-end=\"1057\">Toute bouteille, tout f\u00fbt ou tout conteneur de <strong data-start=\"912\" data-end=\"940\">Caluanie Muelear Oxidize<\/strong> exp\u00e9di\u00e9 par UltraBreakFluids Inc. respecte ou d\u00e9passe les normes internationales en vigueur. <strong data-start=\"1019\" data-end=\"1056\">normes de puret\u00e9 de qualit\u00e9 industrielle<\/strong>.<\/p><ul data-start=\"1059\" data-end=\"1274\"><li class=\"\" data-start=\"1059\" data-end=\"1126\"><p class=\"\" data-start=\"1061\" data-end=\"1126\">Soutenus par des services internes et des services tiers <strong data-start=\"1096\" data-end=\"1124\">analyse du contr\u00f4le de la qualit\u00e9<\/strong><\/p><\/li><li class=\"\" data-start=\"1127\" data-end=\"1204\"><p class=\"\" data-start=\"1129\" data-end=\"1204\">Comprend une documentation compl\u00e8te : <strong data-start=\"1158\" data-end=\"1166\">FICHE DE DONN\u00c9ES DE S\u00c9CURIT\u00c9<\/strong>, <strong data-start=\"1168\" data-end=\"1175\">ACO<\/strong>et <strong data-start=\"1181\" data-end=\"1202\">ID de suivi de lot<\/strong><\/p><\/li><li class=\"\" data-start=\"1205\" data-end=\"1274\"><p class=\"\" data-start=\"1207\" data-end=\"1274\">Emballage inviolable pour garantir l'int\u00e9grit\u00e9 du produit pendant le transport<\/p><\/li><\/ul><blockquote data-start=\"1276\" data-end=\"1420\"><p class=\"\" data-start=\"1278\" data-end=\"1420\">\u00a0Si votre produit ne correspond pas aux sp\u00e9cifications annonc\u00e9es, nous examinerons la situation et, si cela est confirm\u00e9, nous vous proposerons une solution de remplacement. <strong data-start=\"1389\" data-end=\"1419\">Remplacement int\u00e9gral ou remboursement<\/strong>.<\/p><\/blockquote><hr class=\"\" data-start=\"1422\" data-end=\"1425\" \/><h2 class=\"\" data-start=\"1427\" data-end=\"1487\">\u00a0<strong data-start=\"1433\" data-end=\"1487\">2. Garantie d'exp\u00e9dition s\u00e9curis\u00e9e et conforme dans le monde entier<\/strong><\/h2><p class=\"\" data-start=\"1489\" data-end=\"1602\">Nous garantissons un traitement et une livraison de qualit\u00e9 professionnelle de votre produit, en toute s\u00e9curit\u00e9 et en toute l\u00e9galit\u00e9, quel que soit l'endroit o\u00f9 vous vous trouvez.<\/p><ul data-start=\"1604\" data-end=\"1863\"><li class=\"\" data-start=\"1604\" data-end=\"1689\"><p class=\"\" data-start=\"1606\" data-end=\"1689\">Enti\u00e8rement conforme \u00e0 <strong data-start=\"1627\" data-end=\"1645\">U.S. DOT, IATA<\/strong>et <strong data-start=\"1651\" data-end=\"1687\">r\u00e9glementation internationale sur les mati\u00e8res dangereuses<\/strong><\/p><\/li><li class=\"\" data-start=\"1690\" data-end=\"1777\"><p class=\"\" data-start=\"1692\" data-end=\"1777\">Nous fournissons une documentation d'exportation compl\u00e8te pour r\u00e9pondre aux exigences de votre pays en mati\u00e8re d'importation.<\/p><\/li><li class=\"\" data-start=\"1778\" data-end=\"1863\"><p class=\"\" data-start=\"1780\" data-end=\"1863\">Tous les envois sont <strong data-start=\"1798\" data-end=\"1809\">suivi<\/strong>, <strong data-start=\"1811\" data-end=\"1822\">assur\u00e9<\/strong>et <strong data-start=\"1828\" data-end=\"1847\">double v\u00e9rification<\/strong> avant l'envoi<\/p><\/li><\/ul><blockquote data-start=\"1865\" data-end=\"2018\"><p class=\"\" data-start=\"1867\" data-end=\"2018\">Si votre commande n'est pas livrable en raison d'une erreur d'exp\u00e9dition av\u00e9r\u00e9e de notre part, nous nous engageons \u00e0 <strong data-start=\"1953\" data-end=\"1973\">r\u00e9exp\u00e9dition ou remboursement<\/strong> conform\u00e9ment \u00e0 notre <a class=\"\" href=\"https:\/\/ultrabreakfluids.com\/fr\/shipping-policy\/\" rel=\"noopener\" data-start=\"1997\" data-end=\"2017\">Politique d'exp\u00e9dition<\/a>.<\/p><\/blockquote><hr class=\"\" data-start=\"2020\" data-end=\"2023\" \/><h2 class=\"\" data-start=\"2025\" data-end=\"2076\">\u00a0<strong data-start=\"2031\" data-end=\"2076\">3. Garantie de confidentialit\u00e9 et de discr\u00e9tion<\/strong><\/h2><p class=\"\" data-start=\"2078\" data-end=\"2216\">UltraBreak Fluids Inc. respecte la sensibilit\u00e9 commerciale et les consid\u00e9rations juridiques de ses acheteurs, en particulier dans les industries sp\u00e9cialis\u00e9es.<\/p><ul data-start=\"2218\" data-end=\"2459\"><li class=\"\" data-start=\"2218\" data-end=\"2288\"><p class=\"\" data-start=\"2220\" data-end=\"2288\">Toutes les commandes et tous les d\u00e9tails concernant les clients sont trait\u00e9s <strong data-start=\"2262\" data-end=\"2286\">en toute confidentialit\u00e9<\/strong><\/p><\/li><li class=\"\" data-start=\"2289\" data-end=\"2375\"><p class=\"\" data-start=\"2291\" data-end=\"2375\">Vos donn\u00e9es sont prot\u00e9g\u00e9es par notre <a class=\"\" href=\"https:\/\/ultrabreakfluids.com\/fr\/politique-de-confidentialite\/\" rel=\"noopener\" data-start=\"2324\" data-end=\"2343\">Politique de confidentialit\u00e9<\/a> et les lois am\u00e9ricaines sur la protection des donn\u00e9es<\/p><\/li><li class=\"\" data-start=\"2376\" data-end=\"2459\"><p class=\"\" data-start=\"2378\" data-end=\"2459\">Aucune information n'est jamais vendue ou partag\u00e9e avec des tiers sans obligation l\u00e9gale.<\/p><\/li><\/ul><blockquote data-start=\"2461\" data-end=\"2557\"><p class=\"\" data-start=\"2463\" data-end=\"2557\">\u00a0Notre plateforme utilise le cryptage SSL et des passerelles de paiement v\u00e9rifi\u00e9es pour s\u00e9curiser chaque transaction.<\/p><\/blockquote><h2 class=\"\" data-start=\"2564\" data-end=\"2613\">\u00a0<strong data-start=\"2570\" data-end=\"2613\">4. Documentation et garantie de conformit\u00e9<\/strong><\/h2><p class=\"\" data-start=\"2615\" data-end=\"2702\">Nous fournissons une documentation juridiquement contraignante et conforme aux normes d'exportation avec chaque commande apr\u00e8s l'achat, y compris :<\/p><ul data-start=\"2704\" data-end=\"2919\"><li class=\"\" data-start=\"2704\" data-end=\"2746\"><p class=\"\" data-start=\"2706\" data-end=\"2746\"><strong data-start=\"2706\" data-end=\"2744\">Fiches de donn\u00e9es de s\u00e9curit\u00e9 (FDS)<\/strong><\/p><\/li><li class=\"\" data-start=\"2747\" data-end=\"2784\"><p class=\"\" data-start=\"2749\" data-end=\"2784\"><strong data-start=\"2749\" data-end=\"2782\">Certificat d'analyse (COA)<\/strong><\/p><\/li><li class=\"\" data-start=\"2785\" data-end=\"2832\"><p class=\"\" data-start=\"2787\" data-end=\"2832\"><strong data-start=\"2787\" data-end=\"2830\">Facture commerciale et d\u00e9claration Hazmat<\/strong><\/p><\/li><li class=\"\" data-start=\"2833\" data-end=\"2919\"><p class=\"\" data-start=\"2835\" data-end=\"2919\">Documentation de conformit\u00e9 suppl\u00e9mentaire sur demande (par exemple, FDS, lettres d'approbation des importations)<\/p><\/li><\/ul><blockquote data-start=\"2921\" data-end=\"3008\"><p class=\"\" data-start=\"2923\" data-end=\"3008\">\u00a0En cas d'absence d'un document requis, nous <strong data-start=\"2969\" data-end=\"3007\">l'\u00e9diter sous forme num\u00e9rique dans les 24 heures<\/strong>.<\/p><\/blockquote><hr class=\"\" data-start=\"3010\" data-end=\"3013\" \/><h2 class=\"\" data-start=\"3015\" data-end=\"3063\">\u00a0<strong data-start=\"3021\" data-end=\"3063\">5. Garantie de satisfaction et de r\u00e9solution<\/strong><\/h2><p class=\"\" data-start=\"3065\" data-end=\"3146\">Nous garantissons une r\u00e9solution rapide et professionnelle de tout probl\u00e8me li\u00e9 \u00e0 votre commande.<\/p><ul data-start=\"3148\" data-end=\"3356\"><li class=\"\" data-start=\"3148\" data-end=\"3210\"><p class=\"\" data-start=\"3150\" data-end=\"3210\"><strong data-start=\"3150\" data-end=\"3178\">Possibilit\u00e9 de retour sous 7 jours<\/strong> sur les articles endommag\u00e9s ou incorrects<\/p><\/li><li class=\"\" data-start=\"3211\" data-end=\"3284\"><p class=\"\" data-start=\"3213\" data-end=\"3284\"><strong data-start=\"3213\" data-end=\"3244\">Traitement rapide des litiges<\/strong> par l'interm\u00e9diaire de notre \u00e9quipe charg\u00e9e de la conformit\u00e9 et de la logistique<\/p><\/li><li class=\"\" data-start=\"3285\" data-end=\"3356\"><p class=\"\" data-start=\"3287\" data-end=\"3356\">Service client personnalis\u00e9 - pas de syst\u00e8mes automatis\u00e9s, seulement de vrais experts<\/p><\/li><\/ul><blockquote data-start=\"3358\" data-end=\"3485\"><p class=\"\" data-start=\"3360\" data-end=\"3485\">\u00a0Votre satisfaction est notre r\u00e9putation. Si nous ne r\u00e9pondons pas \u00e0 vos attentes, nous ferons ce qui est juste et l\u00e9gal pour y rem\u00e9dier.<\/p><\/blockquote><hr class=\"\" data-start=\"3487\" data-end=\"3490\" \/><h2 class=\"\" data-start=\"3492\" data-end=\"3522\">\u00a0<strong data-start=\"3498\" data-end=\"3522\">Notre engagement juridique<\/strong><\/h2><p class=\"\" data-start=\"3524\" data-end=\"3580\">UltraBreak Fluids Inc. op\u00e8re en pleine conformit\u00e9 avec :<\/p><ul data-start=\"3581\" data-end=\"3819\"><li class=\"\" data-start=\"3581\" data-end=\"3637\"><p class=\"\" data-start=\"3583\" data-end=\"3637\"><strong data-start=\"3583\" data-end=\"3635\">Lois f\u00e9d\u00e9rales des \u00c9tats-Unis sur la distribution des produits chimiques<\/strong><\/p><\/li><li class=\"\" data-start=\"3638\" data-end=\"3685\"><p class=\"\" data-start=\"3640\" data-end=\"3685\"><strong data-start=\"3640\" data-end=\"3683\">R\u00e8glement d'administration des exportations (EAR)<\/strong><\/p><\/li><li class=\"\" data-start=\"3686\" data-end=\"3744\"><p class=\"\" data-start=\"3688\" data-end=\"3744\"><strong data-start=\"3688\" data-end=\"3712\">Normes EPA et OSHA<\/strong> pour la s\u00e9curit\u00e9 chimique sur le lieu de travail<\/p><\/li><li class=\"\" data-start=\"3745\" data-end=\"3819\"><p class=\"\" data-start=\"3747\" data-end=\"3819\">Pertinent <strong data-start=\"3756\" data-end=\"3785\">lois sur le commerce au niveau de l'\u00e9tat<\/strong> applicable aux mati\u00e8res dangereuses<\/p><\/li><\/ul><p class=\"\" data-start=\"3821\" data-end=\"3909\">Nous garantissons <strong data-start=\"3834\" data-end=\"3850\">commerce licite<\/strong> et <strong data-start=\"3855\" data-end=\"3887\">gestion \u00e9thique des produits chimiques<\/strong> dans chaque transaction.<\/p>\t\t\t\t\t\t\t\t<\/div>\n\t\t\t\t<\/div>\n\t\t\t\t\t<\/div>\n\t\t\t\t<\/div>\n\t\t\t\t<\/div>","protected":false},"excerpt":{"rendered":"<p>Our Guarantees UltraBreakFluids.com | UltraBreakFluids Inc. \u2013 USA At UltraBreakFluids Inc., we take pride in delivering not only the highest-grade Caluanie Muelear Oxidize in the world, but also total transparency, legal compliance, and ironclad customer confidence. Whether you&#8217;re ordering from within the U.S. or internationally, our guarantees are designed to protect your investment, your operation, [&hellip;]<\/p>\n","protected":false},"author":1,"featured_media":0,"parent":0,"menu_order":0,"comment_status":"closed","ping_status":"closed","template":"","meta":{"_acf_changed":false,"rs_blank_template":"","rs_page_bg_color":"","slide_template_v7":"","_monsterinsights_skip_tracking":false,"_monsterinsights_sitenote_active":false,"_monsterinsights_sitenote_note":"","_monsterinsights_sitenote_category":0,"footnotes":""},"class_list":["post-2121","page","type-page","status-publish","hentry"],"acf":[],"_hostinger_reach_plugin_has_subscription_block":false,"_hostinger_reach_plugin_is_elementor":false,"jetpack_sharing_enabled":true,"_links":{"self":[{"href":"https:\/\/ultrabreakfluids.com\/fr\/wp-json\/wp\/v2\/pages\/2121","targetHints":{"allow":["GET"]}}],"collection":[{"href":"https:\/\/ultrabreakfluids.com\/fr\/wp-json\/wp\/v2\/pages"}],"about":[{"href":"https:\/\/ultrabreakfluids.com\/fr\/wp-json\/wp\/v2\/types\/page"}],"author":[{"embeddable":true,"href":"https:\/\/ultrabreakfluids.com\/fr\/wp-json\/wp\/v2\/users\/1"}],"replies":[{"embeddable":true,"href":"https:\/\/ultrabreakfluids.com\/fr\/wp-json\/wp\/v2\/comments?post=2121"}],"version-history":[{"count":5,"href":"https:\/\/ultrabreakfluids.com\/fr\/wp-json\/wp\/v2\/pages\/2121\/revisions"}],"predecessor-version":[{"id":2321,"href":"https:\/\/ultrabreakfluids.com\/fr\/wp-json\/wp\/v2\/pages\/2121\/revisions\/2321"}],"wp:attachment":[{"href":"https:\/\/ultrabreakfluids.com\/fr\/wp-json\/wp\/v2\/media?parent=2121"}],"curies":[{"name":"wp","href":"https:\/\/api.w.org\/{rel}","templated":true}]}}