{"id":197,"date":"2020-12-19T10:52:32","date_gmt":"2020-12-19T10:52:32","guid":{"rendered":"http:\/\/sw-themes.com\/porto_dummy\/?page_id=197"},"modified":"2025-06-12T17:45:12","modified_gmt":"2025-06-12T17:45:12","slug":"contact","status":"publish","type":"page","link":"https:\/\/ultrabreakfluids.com\/fr\/contact\/","title":{"rendered":"Nous contacter"},"content":{"rendered":"<p><!-- description --><!-- porto-sicon-box --><\/p>\n<h2>Envoyez-nous un message<\/h2>\n\n<div class=\"wpcf7 no-js\" id=\"wpcf7-f174-o1\" lang=\"en-US\" dir=\"ltr\" data-wpcf7-id=\"174\">\n<div class=\"screen-reader-response\"><p role=\"status\" aria-live=\"polite\" aria-atomic=\"true\"><\/p> <ul><\/ul><\/div>\n<form action=\"\/fr\/wp-json\/wp\/v2\/pages\/197#wpcf7-f174-o1\" method=\"post\" class=\"wpcf7-form init\" aria-label=\"Contact form\" novalidate=\"novalidate\" data-status=\"init\" data-trp-original-action=\"\/fr\/wp-json\/wp\/v2\/pages\/197#wpcf7-f174-o1\">\n<fieldset class=\"hidden-fields-container\"><input type=\"hidden\" name=\"_wpcf7\" value=\"174\" \/><input type=\"hidden\" name=\"_wpcf7_version\" value=\"6.1.5\" \/><input type=\"hidden\" name=\"_wpcf7_locale\" value=\"en_US\" \/><input type=\"hidden\" name=\"_wpcf7_unit_tag\" value=\"wpcf7-f174-o1\" \/><input type=\"hidden\" name=\"_wpcf7_container_post\" value=\"0\" \/><input type=\"hidden\" name=\"_wpcf7_posted_data_hash\" value=\"\" \/>\n<\/fieldset>\n<div class=\"form-group mb-3\">\n\t<span class=\"wpcf7-form-control-wrap\" data-name=\"your-name\"><input size=\"40\" maxlength=\"400\" class=\"wpcf7-form-control wpcf7-text wpcf7-validates-as-required form-control\" aria-required=\"true\" aria-invalid=\"false\" placeholder=\"Votre nom\" value=\"\" type=\"text\" name=\"your-name\" \/><\/span>\n<\/div>\n<div class=\"form-group mb-3\">\n\t<span class=\"wpcf7-form-control-wrap\" data-name=\"your-email\"><input size=\"40\" maxlength=\"400\" class=\"wpcf7-form-control wpcf7-email wpcf7-validates-as-required wpcf7-text wpcf7-validates-as-email form-control\" aria-required=\"true\" aria-invalid=\"false\" placeholder=\"Adresse \u00e9lectronique\" value=\"\" type=\"email\" name=\"your-email\" \/><\/span>\n<\/div>\n<div class=\"form-group mb-3\">\n\t<span class=\"wpcf7-form-control-wrap\" data-name=\"your-message\"><textarea cols=\"40\" rows=\"7\" maxlength=\"2000\" class=\"wpcf7-form-control wpcf7-textarea wpcf7-validates-as-required form-control\" aria-required=\"true\" aria-invalid=\"false\" placeholder=\"Votre message\" name=\"your-message\"><\/textarea><\/span>\n<\/div>\n<div class=\"form-group btn-triangle\">\n    <button type=\"submit\" class=\"btn btn-primary btn-modern btn-lg\">Envoyer un message<\/button>\n<\/div><div class=\"wpcf7-response-output\" aria-hidden=\"true\"><\/div>\n<input type=\"hidden\" name=\"trp-form-language\" value=\"fr\"\/><\/form>\n<\/div>\n\n\n<div class=\"rank-math-contact-info show-name show-organization_description show-email show-address show-hours show-phone show-additional_info show-map\"><div class=\"rank-math-contact-section rank-math-contact-name\">\t\t<h4 class=\"rank-math-name\">\n\t\t\t<a href=\"https:\/\/ultrabreakfluids.com\/fr\/\">Ultrabreakfluids Inc.<\/a>\n\t\t<\/h4>\n\t\t<\/div><div class=\"rank-math-contact-section rank-math-contact-organization_description\">\t\t<div class=\"rank-math-organization-description\">\n\t\t\t<label>Description:<\/label>\n\t\t\t<p>Chez UltraBreak Fluids, nous sommes sp\u00e9cialis\u00e9s dans la fourniture de Caluanie Muelear Oxidize de haute qualit\u00e9, un puissant produit chimique industriel utilis\u00e9 dans le traitement des m\u00e9taux, la recherche chimique et les applications industrielles sp\u00e9cialis\u00e9es.<\/p>\n\t\t<\/div>\n\t\t<\/div><div class=\"rank-math-contact-section rank-math-contact-email\">\t\t<div class=\"rank-math-email\">\n\t\t\t<label>Email:<\/label>\n\t\t\t<a href=\"mailto:sales@ultrabreakfluids.com\">sales@ultrabreakfluids.com<\/a>\n\t\t<\/div>\n\t\t<\/div><div class=\"rank-math-contact-section rank-math-contact-address\">\t\t<label>Address:<\/label>\n\t\t<address> <span class=\"contact-address-addressLocality\">Las Vegas<\/span><\/address>\n\t\t<\/div><div class=\"rank-math-contact-section rank-math-contact-hours\">\t\t<label>Hours:<\/label>\n\t\t<div class=\"rank-math-contact-hours-details\">\n\t\t\t<div class=\"rank-math-opening-hours\"><span class=\"rank-math-opening-days\">lundi, mardi, mercredi, jeudi, vendredi, samedi<\/span><span class=\"rank-math-opening-time\">9:00 am &ndash; 5:00 pm<\/span><\/div><div class=\"rank-math-opening-hours\"><span class=\"rank-math-opening-days\">dimanche<\/span><span class=\"rank-math-opening-time\">9:00 am &ndash; 1:00 pm<\/span><\/div>\t\t<\/div>\n\t\t<\/div><div class=\"rank-math-contact-section rank-math-contact-phone\">\t\t\t<div class=\"rank-math-phone-number type-customersupport\">\n\t\t\t\t<label>Customer Service:<\/label>\n\t\t\t\t<span><a href=\"tel:+1-725-334-9492\">+1-725-334-9492<\/a><\/span>\n\t\t\t<\/div>\n\t\t\t\t\t\t<div class=\"rank-math-phone-number type-technicalsupport\">\n\t\t\t\t<label>Technical Support:<\/label>\n\t\t\t\t<span><a href=\"tel:+1-804-992-1727\">+1-804-992-1727<\/a><\/span>\n\t\t\t<\/div>\n\t\t\t<\/div><div class=\"rank-math-contact-section rank-math-contact-additional_info\">\t\t\t<div class=\"rank-math-organization-additional-details\">\n\t\t\t\t<label>Legal Name:<\/label>\n\t\t\t\t<span>Ultrabreakfluids Inc.<\/span>\n\t\t\t<\/div>\n\t\t\t\t\t\t<div class=\"rank-math-organization-additional-details\">\n\t\t\t\t<label>Founding Date:<\/label>\n\t\t\t\t<span>2015<\/span>\n\t\t\t<\/div>\n\t\t\t<\/div><div class=\"rank-math-contact-section rank-math-contact-map\"><\/div><\/div><div class=\"clear\"><\/div>\n\n\n\n<p><\/p>","protected":false},"excerpt":{"rendered":"<p>Envoyez-nous un message<\/p>","protected":false},"author":1,"featured_media":0,"parent":0,"menu_order":0,"comment_status":"closed","ping_status":"closed","template":"","meta":{"_acf_changed":false,"rs_blank_template":"","rs_page_bg_color":"","slide_template_v7":"","_monsterinsights_skip_tracking":false,"_monsterinsights_sitenote_active":false,"_monsterinsights_sitenote_note":"","_monsterinsights_sitenote_category":0,"footnotes":""},"class_list":["post-197","page","type-page","status-publish","hentry"],"acf":[],"jetpack_sharing_enabled":true,"_links":{"self":[{"href":"https:\/\/ultrabreakfluids.com\/fr\/wp-json\/wp\/v2\/pages\/197","targetHints":{"allow":["GET"]}}],"collection":[{"href":"https:\/\/ultrabreakfluids.com\/fr\/wp-json\/wp\/v2\/pages"}],"about":[{"href":"https:\/\/ultrabreakfluids.com\/fr\/wp-json\/wp\/v2\/types\/page"}],"author":[{"embeddable":true,"href":"https:\/\/ultrabreakfluids.com\/fr\/wp-json\/wp\/v2\/users\/1"}],"replies":[{"embeddable":true,"href":"https:\/\/ultrabreakfluids.com\/fr\/wp-json\/wp\/v2\/comments?post=197"}],"version-history":[{"count":22,"href":"https:\/\/ultrabreakfluids.com\/fr\/wp-json\/wp\/v2\/pages\/197\/revisions"}],"predecessor-version":[{"id":2345,"href":"https:\/\/ultrabreakfluids.com\/fr\/wp-json\/wp\/v2\/pages\/197\/revisions\/2345"}],"wp:attachment":[{"href":"https:\/\/ultrabreakfluids.com\/fr\/wp-json\/wp\/v2\/media?parent=197"}],"curies":[{"name":"wp","href":"https:\/\/api.w.org\/{rel}","templated":true}]}}