{"id":3,"date":"2025-03-27T06:03:53","date_gmt":"2025-03-27T06:03:53","guid":{"rendered":"http:\/\/ultrabreakfluids.com\/?page_id=3"},"modified":"2025-06-12T17:01:10","modified_gmt":"2025-06-12T17:01:10","slug":"politica-de-privacidad","status":"publish","type":"page","link":"https:\/\/ultrabreakfluids.com\/es\/politica-de-privacidad\/","title":{"rendered":"Pol\u00edtica de privacidad"},"content":{"rendered":"<div data-elementor-type=\"wp-page\" data-elementor-id=\"3\" class=\"elementor elementor-3\" data-elementor-post-type=\"page\">\n\t\t\t\t<div class=\"elementor-element elementor-element-68a22edc e-flex e-con-boxed e-con e-parent\" data-id=\"68a22edc\" data-element_type=\"container\" data-e-type=\"container\">\r\n\t\t\t\t\t<div class=\"e-con-inner\">\r\n\t\t\t\t<div class=\"elementor-element elementor-element-5ad1d309 elementor-widget elementor-widget-text-editor\" data-id=\"5ad1d309\" data-element_type=\"widget\" data-e-type=\"widget\" data-widget_type=\"text-editor.default\">\n\t\t\t\t<div class=\"elementor-widget-container\">\n\t\t\t\t\t\t\t\t\t<h4 data-start=\"343\" data-end=\"365\"><strong data-start=\"345\" data-end=\"363\">Pol\u00edtica de privacidad<\/strong><\/h4>\n<h5 data-start=\"343\" data-end=\"365\"><strong data-start=\"402\" data-end=\"474\">UltraBreakFluids.com es propiedad y est\u00e1 gestionado por UltraBreakFluids Inc.<\/strong><\/h5>\n<h5 data-start=\"476\" data-end=\"794\">En <strong data-start=\"479\" data-end=\"505\">UltraBreakFluids Inc.<\/strong> Su privacidad es nuestra prioridad. Esta pol\u00edtica de privacidad describe c\u00f3mo recopilamos, utilizamos, revelamos y protegemos su informaci\u00f3n personal cuando visita nuestro sitio web. <strong data-start=\"672\" data-end=\"708\"><a class=\"\" href=\"https:\/\/ultrabreakfluids.com\/es\/\" target=\"_new\" rel=\"noopener\" data-start=\"674\" data-end=\"706\">https:\/\/www.ultrabreakfluids.com<\/a><\/strong>\u00a0o comprar cualquiera de nuestros productos, incluidos <strong data-start=\"765\" data-end=\"793\">Caluanie Muelear Oxidar<\/strong>.<\/h5>\n<h5 data-start=\"796\" data-end=\"930\">Al utilizar nuestro Sitio o nuestros servicios, usted acepta los t\u00e9rminos de esta Pol\u00edtica de Privacidad. Si no est\u00e1 de acuerdo, abst\u00e9ngase de utilizar nuestro Sitio.<\/h5>\n<hr class=\"\" data-start=\"932\" data-end=\"935\" \/>\n<h5 data-start=\"937\" data-end=\"969\">1. <strong data-start=\"943\" data-end=\"969\">Informaci\u00f3n que recopilamos<\/strong><\/h5>\n<h5 data-start=\"971\" data-end=\"1058\">Recogemos los siguientes tipos de informaci\u00f3n personal cuando usted interact\u00faa con nuestro Sitio:<\/h5>\n<h5 data-start=\"1060\" data-end=\"1090\">a. <strong>Informaci\u00f3n que facilita<\/strong><\/h5>\n<ul data-start=\"1091\" data-end=\"1314\">\n<li class=\"\" data-start=\"1091\" data-end=\"1131\">\n<h5 data-start=\"1093\" data-end=\"1131\">Nombre, direcci\u00f3n de facturaci\u00f3n y de env\u00edo<\/h5>\n<\/li>\n<li class=\"\" data-start=\"1132\" data-end=\"1166\">\n<h5 data-start=\"1134\" data-end=\"1166\">Direcci\u00f3n de correo electr\u00f3nico y n\u00famero de tel\u00e9fono<\/h5>\n<\/li>\n<li class=\"\" data-start=\"1167\" data-end=\"1233\">\n<h5 data-start=\"1169\" data-end=\"1233\">Datos de pago\u00a0<\/h5>\n<\/li>\n<li class=\"\" data-start=\"1234\" data-end=\"1277\">\n<h5 data-start=\"1236\" data-end=\"1277\">Nombre de la empresa y NIF (si procede)<\/h5>\n<\/li>\n<li class=\"\" data-start=\"1278\" data-end=\"1314\">\n<h5 data-start=\"1280\" data-end=\"1314\">Historial de pedidos y detalles de compra<\/h5>\n<\/li>\n<\/ul>\n<h5 data-start=\"1316\" data-end=\"1358\">b. Informaci\u00f3n recogida autom\u00e1ticamente<\/h5>\n<ul data-start=\"1359\" data-end=\"1478\">\n<li class=\"\" data-start=\"1359\" data-end=\"1400\">\n<h5 data-start=\"1361\" data-end=\"1400\">Direcci\u00f3n IP, tipo de navegador, datos del dispositivo<\/h5>\n<\/li>\n<li class=\"\" data-start=\"1401\" data-end=\"1433\">\n<h5 data-start=\"1403\" data-end=\"1433\">P\u00e1ginas de referencia\/salida y URL<\/h5>\n<\/li>\n<li class=\"\" data-start=\"1434\" data-end=\"1478\">\n<h5 data-start=\"1436\" data-end=\"1478\">Datos de uso a trav\u00e9s de cookies y herramientas anal\u00edticas<\/h5>\n<\/li>\n<\/ul>\n<h5 data-start=\"1480\" data-end=\"1510\">c. Informaci\u00f3n de terceros<\/h5>\n<ul data-start=\"1511\" data-end=\"1669\">\n<li class=\"\" data-start=\"1511\" data-end=\"1598\">\n<h5 data-start=\"1513\" data-end=\"1598\">Los procesadores de pagos (por ejemplo, ApplePay, PayPal, Crypto) pueden compartir con nosotros las confirmaciones de las transacciones.<\/h5>\n<\/li>\n<li class=\"\" data-start=\"1599\" data-end=\"1669\">\n<h5 data-start=\"1601\" data-end=\"1669\">Los transportistas pueden compartir la confirmaci\u00f3n de entrega y las actualizaciones de estado.<\/h5>\n<\/li>\n<\/ul>\n<hr class=\"\" data-start=\"1671\" data-end=\"1674\" \/>\n<h5 data-start=\"1676\" data-end=\"1713\">2. <strong data-start=\"1682\" data-end=\"1713\">C\u00f3mo utilizamos su informaci\u00f3n<\/strong><\/h5>\n<h5 data-start=\"1715\" data-end=\"1742\">Utilizamos su informaci\u00f3n para:<\/h5>\n<ul data-start=\"1744\" data-end=\"2032\">\n<li class=\"\" data-start=\"1744\" data-end=\"1796\">\n<h5 data-start=\"1746\" data-end=\"1796\">Tramitar los pedidos y gestionar los env\u00edos y la log\u00edstica<\/h5>\n<\/li>\n<li class=\"\" data-start=\"1797\" data-end=\"1853\">\n<h5 data-start=\"1799\" data-end=\"1853\">Comunicarnos con usted en relaci\u00f3n con su pedido o consulta<\/h5>\n<\/li>\n<li class=\"\" data-start=\"1854\" data-end=\"1907\">\n<h5 data-start=\"1856\" data-end=\"1907\">Prevenir el fraude y garantizar la seguridad de nuestra plataforma<\/h5>\n<\/li>\n<li class=\"\" data-start=\"1908\" data-end=\"1966\">\n<h5 data-start=\"1910\" data-end=\"1966\">Mejorar nuestros productos, servicios y experiencia en el sitio web<\/h5>\n<\/li>\n<li class=\"\" data-start=\"1967\" data-end=\"2032\">\n<h5 data-start=\"1969\" data-end=\"2032\">Cumplir las obligaciones legales impuestas por las leyes federales y estatales de EE.UU.<\/h5>\n<\/li>\n<\/ul>\n<h5 data-start=\"2034\" data-end=\"2127\">Lo hacemos <strong data-start=\"2040\" data-end=\"2047\">no<\/strong> vender o alquilar su informaci\u00f3n personal a terceros con fines de marketing.<\/h5>\n<hr class=\"\" data-start=\"2129\" data-end=\"2132\" \/>\n<h5 data-start=\"2134\" data-end=\"2175\">3. <strong data-start=\"2140\" data-end=\"2175\">Cookies y tecnolog\u00edas de seguimiento<\/strong><\/h5>\n<h5 data-start=\"2177\" data-end=\"2243\">Utilizamos cookies, balizas web y tecnolog\u00edas de seguimiento similares para:<\/h5>\n<ul data-start=\"2245\" data-end=\"2363\">\n<li class=\"\" data-start=\"2245\" data-end=\"2276\">\n<h5 data-start=\"2247\" data-end=\"2276\">Personalice su experiencia<\/h5>\n<\/li>\n<li class=\"\" data-start=\"2277\" data-end=\"2306\">\n<h5 data-start=\"2279\" data-end=\"2306\">Habilitar la funcionalidad del carrito<\/h5>\n<\/li>\n<li class=\"\" data-start=\"2307\" data-end=\"2363\">\n<h5 data-start=\"2309\" data-end=\"2363\">Analizar el tr\u00e1fico del sitio mediante herramientas como Google Analytics<\/h5>\n<\/li>\n<\/ul>\n<h5 data-start=\"2365\" data-end=\"2425\">Puede controlar la configuraci\u00f3n de las cookies en su navegador en cualquier momento.<\/h5>\n<hr class=\"\" data-start=\"2427\" data-end=\"2430\" \/>\n<h5 data-start=\"2432\" data-end=\"2467\">4. <strong data-start=\"2438\" data-end=\"2467\">Intercambio y divulgaci\u00f3n de datos<\/strong><\/h5>\n<h5 data-start=\"2469\" data-end=\"2506\">Podemos compartir sus datos personales con<\/h5>\n<ul data-start=\"2508\" data-end=\"2852\">\n<li class=\"\" data-start=\"2508\" data-end=\"2589\">\n<h5 data-start=\"2510\" data-end=\"2589\"><strong data-start=\"2510\" data-end=\"2532\">Proveedores de servicios:<\/strong> procesadores de pagos, empresas de transporte, servicios de correo electr\u00f3nico<\/h5>\n<\/li>\n<li class=\"\" data-start=\"2590\" data-end=\"2671\">\n<h5 data-start=\"2592\" data-end=\"2671\"><strong data-start=\"2592\" data-end=\"2619\">Autoridades reguladoras:<\/strong> si as\u00ed lo exige la ley o para responder a un proceso judicial<\/h5>\n<\/li>\n<li class=\"\" data-start=\"2672\" data-end=\"2771\">\n<h5 data-start=\"2674\" data-end=\"2771\"><strong data-start=\"2674\" data-end=\"2701\">Afiliados o socios:<\/strong> para operaciones comerciales o apoyo en virtud de acuerdos de confidencialidad<\/h5>\n<\/li>\n<li class=\"\" data-start=\"2772\" data-end=\"2852\">\n<h5 data-start=\"2774\" data-end=\"2852\"><strong data-start=\"2774\" data-end=\"2796\">Cumplimiento legal:<\/strong> en caso de fraude, ciberdelincuencia o violaci\u00f3n de la ley<\/h5>\n<\/li>\n<\/ul>\n<h5 data-start=\"2854\" data-end=\"2937\">Todos los terceros est\u00e1n obligados a mantener la confidencialidad de su informaci\u00f3n.<\/h5>\n<hr class=\"\" data-start=\"2939\" data-end=\"2942\" \/>\n<h5 data-start=\"2944\" data-end=\"2968\">5. <strong data-start=\"2950\" data-end=\"2968\">Conservaci\u00f3n de datos<\/strong><\/h5>\n<h5 data-start=\"2970\" data-end=\"3036\">Conservamos su informaci\u00f3n personal s\u00f3lo el tiempo necesario para:<\/h5>\n<ul data-start=\"3038\" data-end=\"3173\">\n<li class=\"\" data-start=\"3038\" data-end=\"3084\">\n<h5 data-start=\"3040\" data-end=\"3084\">Cumplimiento de los pedidos y de las obligaciones fiscales y legales<\/h5>\n<\/li>\n<li class=\"\" data-start=\"3085\" data-end=\"3128\">\n<h5 data-start=\"3087\" data-end=\"3128\">Atenci\u00f3n al cliente y resoluci\u00f3n de litigios<\/h5>\n<\/li>\n<li class=\"\" data-start=\"3129\" data-end=\"3173\">\n<h5 data-start=\"3131\" data-end=\"3173\">Mejora de nuestras operaciones (por ejemplo, an\u00e1lisis)<\/h5>\n<\/li>\n<\/ul>\n<h5 data-start=\"3175\" data-end=\"3250\">Sus datos se eliminan de forma segura o se convierten en an\u00f3nimos cuando ya no son necesarios.<\/h5>\n<hr class=\"\" data-start=\"3252\" data-end=\"3255\" \/>\n<h5 data-start=\"3257\" data-end=\"3286\">6. <strong data-start=\"3263\" data-end=\"3286\">Usuarios internacionales<\/strong><\/h5>\n<h5 data-start=\"3288\" data-end=\"3503\">Si accede al Sitio desde fuera de Estados Unidos, da su consentimiento a la transferencia, almacenamiento y procesamiento de sus datos en Estados Unidos, donde las leyes de protecci\u00f3n de datos pueden diferir de las de su pa\u00eds.<\/h5>\n<hr class=\"\" data-start=\"3505\" data-end=\"3508\" \/>\n<h5 data-start=\"3510\" data-end=\"3543\">7. <strong data-start=\"3516\" data-end=\"3543\">Sus derechos y opciones<\/strong><\/h5>\n<h5 data-start=\"3545\" data-end=\"3553\">Usted puede:<\/h5>\n<ul data-start=\"3555\" data-end=\"3830\">\n<li class=\"\" data-start=\"3555\" data-end=\"3605\">\n<h5 data-start=\"3557\" data-end=\"3605\"><strong data-start=\"3557\" data-end=\"3567\">Acceda a<\/strong> los datos personales que tenemos sobre usted<\/h5>\n<\/li>\n<li class=\"\" data-start=\"3606\" data-end=\"3673\">\n<h5 data-start=\"3608\" data-end=\"3673\"><strong data-start=\"3608\" data-end=\"3631\">Solicitar correcciones<\/strong> a informaci\u00f3n inexacta o incompleta<\/h5>\n<\/li>\n<li class=\"\" data-start=\"3674\" data-end=\"3745\">\n<h5 data-start=\"3676\" data-end=\"3745\"><strong data-start=\"3676\" data-end=\"3696\">Solicitud de supresi\u00f3n<\/strong> de sus datos personales, cuando la ley lo permita<\/h5>\n<\/li>\n<li class=\"\" data-start=\"3746\" data-end=\"3830\">\n<h5 data-start=\"3748\" data-end=\"3830\"><strong data-start=\"3748\" data-end=\"3759\">Opt-out<\/strong> de comunicaciones comerciales (en los correos electr\u00f3nicos se incluyen enlaces para darse de baja)<\/h5>\n<\/li>\n<\/ul>\n<h5 data-start=\"3832\" data-end=\"3917\">Para ejercer estos derechos, p\u00f3ngase en contacto con nosotros en<br data-start=\"3879\" data-end=\"3882\" \/>\ud83d\udce7 <strong data-start=\"3885\" data-end=\"3917\"><a rel=\"noopener\" data-start=\"3887\" data-end=\"3915\">sales@ultrabreakfluids.com<\/a><\/strong><\/h5>\n<hr class=\"\" data-start=\"3919\" data-end=\"3922\" \/>\n<h5 data-start=\"3924\" data-end=\"3962\">8. <strong data-start=\"3930\" data-end=\"3962\">Seguridad de su informaci\u00f3n<\/strong><\/h5>\n<h5 data-start=\"3964\" data-end=\"4061\">Utilizamos tecnolog\u00edas y pr\u00e1cticas organizativas seguras para proteger sus datos personales:<\/h5>\n<ul data-start=\"4063\" data-end=\"4187\">\n<li class=\"\" data-start=\"4063\" data-end=\"4081\">\n<h5 data-start=\"4065\" data-end=\"4081\">Cifrado SSL<\/h5>\n<\/li>\n<li class=\"\" data-start=\"4082\" data-end=\"4109\">\n<h5 data-start=\"4084\" data-end=\"4109\">Pasarelas de pago seguras<\/h5>\n<\/li>\n<li class=\"\" data-start=\"4110\" data-end=\"4151\">\n<h5 data-start=\"4112\" data-end=\"4151\">Sistemas de control de acceso y vigilancia<\/h5>\n<\/li>\n<li class=\"\" data-start=\"4152\" data-end=\"4187\">\n<h5 data-start=\"4154\" data-end=\"4187\">Formaci\u00f3n sobre confidencialidad de los empleados<\/h5>\n<\/li>\n<\/ul>\n<h5 data-start=\"4189\" data-end=\"4263\">Ning\u00fan sistema es 100% seguro, pero nos esforzamos por superar las mejores pr\u00e1cticas del sector.<\/h5>\n<hr class=\"\" data-start=\"4265\" data-end=\"4268\" \/>\n<h5 data-start=\"4270\" data-end=\"4298\">9. <strong data-start=\"4276\" data-end=\"4298\">Privacidad infantil<\/strong><\/h5>\n<h5 data-start=\"4300\" data-end=\"4553\">UltraBreakFluids.com no est\u00e1 destinado a ser utilizado por personas menores de 18 a\u00f1os. No recopilamos conscientemente datos personales de menores. Si usted cree que un ni\u00f1o nos ha enviado informaci\u00f3n, p\u00f3ngase en contacto con nosotros inmediatamente en <strong data-start=\"4520\" data-end=\"4552\"><a rel=\"noopener\" data-start=\"4522\" data-end=\"4550\">sales@ultrabreakfluids.com<\/a><\/strong>.<\/h5>\n<hr class=\"\" data-start=\"4555\" data-end=\"4558\" \/>\n<h5 data-start=\"4560\" data-end=\"4593\">10. <strong data-start=\"4567\" data-end=\"4593\">Cambios en esta pol\u00edtica<\/strong><\/h5>\n<h5 data-start=\"4595\" data-end=\"4835\">Nos reservamos el derecho de actualizar esta Pol\u00edtica de Privacidad en cualquier momento. Los cambios se publicar\u00e1n en esta p\u00e1gina con una fecha de entrada en vigor actualizada. Su uso continuado de la p\u00e1gina despu\u00e9s de dichos cambios constituye su aceptaci\u00f3n de la Pol\u00edtica de Privacidad revisada.<\/h5>\n<hr class=\"\" data-start=\"4837\" data-end=\"4840\" \/>\n<h5 data-start=\"4842\" data-end=\"4863\">11. <strong data-start=\"4849\" data-end=\"4863\">Contacte con nosotros<\/strong><\/h5>\n<h5 data-start=\"4865\" data-end=\"4955\">Si tiene preguntas o dudas sobre esta Pol\u00edtica de privacidad o sus datos personales, p\u00f3ngase en contacto con<\/h5>\n<h5 data-start=\"4957\" data-end=\"5086\"><strong data-start=\"4957\" data-end=\"4983\">UltraBreak Fluids Inc.<\/strong><br data-start=\"4983\" data-end=\"4986\" \/>\ud83d\udccd<\/h5>\n<ul class=\"list list-unstyled pe-5 mb-md-0\">\n<li class=\"mb-0\"><strong>Las Vegas , Nevada<\/strong><\/li>\n<\/ul>\n<h5 data-start=\"4957\" data-end=\"5086\">\ud83d\udce7 <a rel=\"noopener\" data-start=\"5020\" data-end=\"5048\">sales@ultrabreakfluids.com<\/a><br data-start=\"5048\" data-end=\"5051\" \/>\ud83c\udf10 <a class=\"\" href=\"https:\/\/ultrabreakfluids.com\/es\/\" target=\"_new\" rel=\"noopener\" data-start=\"5054\" data-end=\"5086\">https:\/\/www.ultrabreakfluids.com<\/a><\/h5>\t\t\t\t\t\t\t\t<\/div>\n\t\t\t\t<\/div>\n\t\t\t\t\t<\/div>\n\t\t\t\t<\/div>\n\t\t\t\t<\/div>","protected":false},"excerpt":{"rendered":"<p>Privacy Policy UltraBreakFluids.com is owned and operated by UltraBreakFluids Inc. At UltraBreakFluids Inc. Your privacy is our priority. This Privacy Policy outlines how we collect, use, disclose, and safeguard your personal information when you visit https:\/\/www.ultrabreakfluids.com\u00a0or purchase any of our products, including Caluanie Muelear Oxidize. By using our Site or services, you agree to the [&hellip;]<\/p>\n","protected":false},"author":1,"featured_media":0,"parent":0,"menu_order":0,"comment_status":"closed","ping_status":"open","template":"","meta":{"_acf_changed":false,"rs_blank_template":"","rs_page_bg_color":"","slide_template_v7":"","_monsterinsights_skip_tracking":false,"_monsterinsights_sitenote_active":false,"_monsterinsights_sitenote_note":"","_monsterinsights_sitenote_category":0,"footnotes":""},"class_list":["post-3","page","type-page","status-publish","hentry"],"acf":[],"_hostinger_reach_plugin_has_subscription_block":false,"_hostinger_reach_plugin_is_elementor":false,"jetpack_sharing_enabled":true,"_links":{"self":[{"href":"https:\/\/ultrabreakfluids.com\/es\/wp-json\/wp\/v2\/pages\/3","targetHints":{"allow":["GET"]}}],"collection":[{"href":"https:\/\/ultrabreakfluids.com\/es\/wp-json\/wp\/v2\/pages"}],"about":[{"href":"https:\/\/ultrabreakfluids.com\/es\/wp-json\/wp\/v2\/types\/page"}],"author":[{"embeddable":true,"href":"https:\/\/ultrabreakfluids.com\/es\/wp-json\/wp\/v2\/users\/1"}],"replies":[{"embeddable":true,"href":"https:\/\/ultrabreakfluids.com\/es\/wp-json\/wp\/v2\/comments?post=3"}],"version-history":[{"count":8,"href":"https:\/\/ultrabreakfluids.com\/es\/wp-json\/wp\/v2\/pages\/3\/revisions"}],"predecessor-version":[{"id":2334,"href":"https:\/\/ultrabreakfluids.com\/es\/wp-json\/wp\/v2\/pages\/3\/revisions\/2334"}],"wp:attachment":[{"href":"https:\/\/ultrabreakfluids.com\/es\/wp-json\/wp\/v2\/media?parent=3"}],"curies":[{"name":"wp","href":"https:\/\/api.w.org\/{rel}","templated":true}]}}