{"id":2163,"date":"2025-05-05T08:21:16","date_gmt":"2025-05-05T08:21:16","guid":{"rendered":"https:\/\/ultrabreakfluids.com\/?page_id=2163"},"modified":"2025-06-12T16:54:59","modified_gmt":"2025-06-12T16:54:59","slug":"opciones-de-pago-del-envio","status":"publish","type":"page","link":"https:\/\/ultrabreakfluids.com\/es\/opciones-de-pago-del-envio\/","title":{"rendered":"Opciones de env\u00edo y pago"},"content":{"rendered":"<div data-elementor-type=\"wp-page\" data-elementor-id=\"2163\" class=\"elementor elementor-2163\" data-elementor-post-type=\"page\">\n\t\t\t\t<div class=\"elementor-element elementor-element-253c53a e-flex e-con-boxed e-con e-parent\" data-id=\"253c53a\" data-element_type=\"container\" data-e-type=\"container\">\r\n\t\t\t\t\t<div class=\"e-con-inner\">\r\n\t\t\t\t<div class=\"elementor-element elementor-element-1ecd6f5 elementor-headline--style-highlight elementor-widget elementor-widget-animated-headline\" data-id=\"1ecd6f5\" data-element_type=\"widget\" data-e-type=\"widget\" data-settings=\"{&quot;highlighted_text&quot;:&quot;Shipping &amp; Payment Options&quot;,&quot;headline_style&quot;:&quot;highlight&quot;,&quot;marker&quot;:&quot;circle&quot;,&quot;loop&quot;:&quot;yes&quot;,&quot;highlight_animation_duration&quot;:1200,&quot;highlight_iteration_delay&quot;:8000}\" data-widget_type=\"animated-headline.default\">\n\t\t\t\t<div class=\"elementor-widget-container\">\n\t\t\t\t\t\t\t<h3 class=\"elementor-headline\">\n\t\t\t\t<span class=\"elementor-headline-dynamic-wrapper elementor-headline-text-wrapper\">\n\t\t\t\t\t<span class=\"elementor-headline-dynamic-text elementor-headline-text-active\">Shipping &amp; Payment Options<\/span>\n\t\t\t\t<\/span>\n\t\t\t\t<\/h3>\n\t\t\t\t\t\t<\/div>\n\t\t\t\t<\/div>\n\t\t\t\t\t<\/div>\n\t\t\t\t<\/div>\n\t\t<div class=\"elementor-element elementor-element-593978e e-flex e-con-boxed e-con e-parent\" data-id=\"593978e\" data-element_type=\"container\" data-e-type=\"container\">\r\n\t\t\t\t\t<div class=\"e-con-inner\">\r\n\t\t\t\t<div class=\"elementor-element elementor-element-9c4fe0e elementor-widget elementor-widget-text-editor\" data-id=\"9c4fe0e\" data-element_type=\"widget\" data-e-type=\"widget\" data-widget_type=\"text-editor.default\">\n\t\t\t\t<div class=\"elementor-widget-container\">\n\t\t\t\t\t\t\t\t\t<h4 data-start=\"425\" data-end=\"518\"><strong data-start=\"425\" data-end=\"451\">UltraBreak Fluids Inc.<\/strong><br data-start=\"451\" data-end=\"454\" \/><em data-start=\"454\" data-end=\"518\">Proveedor mundial con sede en EE.UU. de caluanie premium Muelear Oxidize<\/em><\/h4><p class=\"\" data-start=\"520\" data-end=\"750\">Ofrecemos opciones de env\u00edo y pago seguras, trazables y conformes con la normativa para servir a nuestros clientes nacionales e internacionales. Todos los procesos se rigen por la legislaci\u00f3n estadounidense y se ajustan a las normas internacionales de transporte de productos qu\u00edmicos.<\/p>\t\t\t\t\t\t\t\t<\/div>\n\t\t\t\t<\/div>\n\t\t\t\t\t<\/div>\n\t\t\t\t<\/div>\n\t\t<div class=\"elementor-element elementor-element-5af6c88 e-flex e-con-boxed e-con e-parent\" data-id=\"5af6c88\" data-element_type=\"container\" data-e-type=\"container\">\r\n\t\t\t\t\t<div class=\"e-con-inner\">\r\n\t\t\t\t<div class=\"elementor-element elementor-element-ecfbb46 elementor-widget elementor-widget-heading\" data-id=\"ecfbb46\" data-element_type=\"widget\" data-e-type=\"widget\" data-widget_type=\"heading.default\">\n\t\t\t\t<div class=\"elementor-widget-container\">\n\t\t\t\t\t<h3 class=\"elementor-heading-title elementor-size-default\">Informaci\u00f3n de env\u00edo<\/h3>\t\t\t\t<\/div>\n\t\t\t\t<\/div>\n\t\t\t\t\t<\/div>\n\t\t\t\t<\/div>\n\t\t<div class=\"elementor-element elementor-element-5cd48dd e-flex e-con-boxed e-con e-parent\" data-id=\"5cd48dd\" data-element_type=\"container\" data-e-type=\"container\">\r\n\t\t\t\t\t<div class=\"e-con-inner\">\r\n\t\t\t\t<div class=\"elementor-element elementor-element-d3876ec elementor-widget elementor-widget-text-editor\" data-id=\"d3876ec\" data-element_type=\"widget\" data-e-type=\"widget\" data-widget_type=\"text-editor.default\">\n\t\t\t\t<div class=\"elementor-widget-container\">\n\t\t\t\t\t\t\t\t\t<h4 class=\"\" data-start=\"786\" data-end=\"828\">Entrega global - Hazmat Certified<\/h4><p class=\"\" data-start=\"829\" data-end=\"1020\">Enviamos Caluanie Muelear Oxidize a todo el mundo mediante <strong data-start=\"878\" data-end=\"919\">transportistas autorizados de materiales peligrosos<\/strong>. Cada env\u00edo se maneja con los m\u00e1s altos est\u00e1ndares de seguridad, documentaci\u00f3n y cumplimiento legal.<\/p><p class=\"\" data-start=\"1022\" data-end=\"1044\"><strong data-start=\"1022\" data-end=\"1044\">Caracter\u00edsticas de env\u00edo:<\/strong><\/p><ul data-start=\"1045\" data-end=\"1249\"><li class=\"\" data-start=\"1045\" data-end=\"1104\"><p class=\"\" data-start=\"1047\" data-end=\"1104\">Transporte internacional de mercanc\u00edas peligrosas (conforme a IATA, DOT, IMDG)<\/p><\/li><li class=\"\" data-start=\"1105\" data-end=\"1139\"><p class=\"\" data-start=\"1107\" data-end=\"1139\">Envasado seguro a prueba de manipulaciones<\/p><\/li><li class=\"\" data-start=\"1140\" data-end=\"1184\"><p class=\"\" data-start=\"1142\" data-end=\"1184\">Seguimiento del env\u00edo en 48 horas<\/p><\/li><li class=\"\" data-start=\"1185\" data-end=\"1249\"><p class=\"\" data-start=\"1187\" data-end=\"1249\">Plazo de entrega: 5-12 d\u00edas laborables en todo el mundo (var\u00eda seg\u00fan el pa\u00eds)<\/p><\/li><\/ul><blockquote data-start=\"1434\" data-end=\"1579\"><p class=\"\" data-start=\"1436\" data-end=\"1579\"><strong data-start=\"1439\" data-end=\"1448\">Nota:<\/strong> Todos los env\u00edos est\u00e1n asegurados. No nos hacemos responsables de los retrasos debidos al despacho de aduanas o a la documentaci\u00f3n incorrecta facilitada por el comprador.<\/p><\/blockquote>\t\t\t\t\t\t\t\t<\/div>\n\t\t\t\t<\/div>\n\t\t\t\t\t<\/div>\n\t\t\t\t<\/div>\n\t\t<div class=\"elementor-element elementor-element-d9e31f3 e-flex e-con-boxed e-con e-parent\" data-id=\"d9e31f3\" data-element_type=\"container\" data-e-type=\"container\">\r\n\t\t\t\t\t<div class=\"e-con-inner\">\r\n\t\t\t\t<div class=\"elementor-element elementor-element-c71a98d elementor-widget elementor-widget-text-editor\" data-id=\"c71a98d\" data-element_type=\"widget\" data-e-type=\"widget\" data-widget_type=\"text-editor.default\">\n\t\t\t\t<div class=\"elementor-widget-container\">\n\t\t\t\t\t\t\t\t\t<h4 class=\"\" data-start=\"1586\" data-end=\"1616\"><strong>Env\u00edos nacionales a EE.UU.<\/strong><\/h4><p class=\"\" data-start=\"1617\" data-end=\"1766\">Todos los pedidos realizados en EE.UU. se env\u00edan a trav\u00e9s de empresas de mensajer\u00eda que cumplen las normas DOT sobre materiales peligrosos. Es posible que se solicite una prueba de cualificaci\u00f3n empresarial o profesional antes del env\u00edo.<\/p><p class=\"\" data-start=\"1768\" data-end=\"1869\"><strong data-start=\"1768\" data-end=\"1790\">Plazo de entrega:<\/strong> 3-7 d\u00edas laborables<br data-start=\"1808\" data-end=\"1811\" \/><strong data-start=\"1811\" data-end=\"1825\">Seguro:<\/strong> Incluye<br data-start=\"1834\" data-end=\"1837\" \/><strong data-start=\"1837\" data-end=\"1850\">Seguimiento:<\/strong> Proporcionado por correo electr\u00f3nico<\/p>\t\t\t\t\t\t\t\t<\/div>\n\t\t\t\t<\/div>\n\t\t\t\t\t<\/div>\n\t\t\t\t<\/div>\n\t\t<div class=\"elementor-element elementor-element-1bcd5f0 e-flex e-con-boxed e-con e-parent\" data-id=\"1bcd5f0\" data-element_type=\"container\" data-e-type=\"container\">\r\n\t\t\t\t\t<div class=\"e-con-inner\">\r\n\t\t\t\t<div class=\"elementor-element elementor-element-563ea0e elementor-widget elementor-widget-text-editor\" data-id=\"563ea0e\" data-element_type=\"widget\" data-e-type=\"widget\" data-widget_type=\"text-editor.default\">\n\t\t\t\t<div class=\"elementor-widget-container\">\n\t\t\t\t\t\t\t\t\t<h3 class=\"\" data-start=\"2246\" data-end=\"2268\">FORMAS DE PAGO<\/h3><p class=\"\" data-start=\"2270\" data-end=\"2482\">Todas las transacciones son <strong data-start=\"2291\" data-end=\"2323\">verificada y legalmente documentada<\/strong>y expedido en virtud de <strong data-start=\"2342\" data-end=\"2373\">UltraBreakFluids Inc., EE.UU.<\/strong>. Ofrecemos m\u00e9todos de pago seguros y transparentes adaptados a productos industriales de alto valor y uso restringido.<\/p><hr class=\"\" data-start=\"2484\" data-end=\"2487\" \/><h4 class=\"\" data-start=\"2489\" data-end=\"2540\">Transferencia bancaria\u00a0<\/h4><hr class=\"\" data-start=\"2708\" data-end=\"2711\" \/><h4 class=\"\" data-start=\"2713\" data-end=\"2746\">Zelle\u00ae (s\u00f3lo para clientes de EE.UU.)<\/h4><hr class=\"\" data-start=\"2891\" data-end=\"2894\" \/><h4>USDT (TRC20) \/ USDC\u00a0<\/h4><h4><strong>ETH (Ethereum)<\/strong><\/h4><h4><strong>BTC (Bitcoin)<\/strong><\/h4><h4><strong>BNB (Binance Coin)<\/strong><\/h4><h4><strong>Litecoin<\/strong><\/h4><h4><strong>Otras criptomonedas<\/strong><\/h4><hr class=\"\" data-start=\"3115\" data-end=\"3118\" \/><h4>\u00a0Sabio\u00a0<\/h4><h4>Apple Pay<\/h4><h4>Campanilla<\/h4><h4>Vemno<\/h4><h4>PayPal<\/h4><h4>Transferencia electr\u00f3nica\u00a0<\/h4>\t\t\t\t\t\t\t\t<\/div>\n\t\t\t\t<\/div>\n\t\t\t\t\t<\/div>\n\t\t\t\t<\/div>\n\t\t<div class=\"elementor-element elementor-element-f3a6bb5 e-flex e-con-boxed e-con e-parent\" data-id=\"f3a6bb5\" data-element_type=\"container\" data-e-type=\"container\">\r\n\t\t\t\t\t<div class=\"e-con-inner\">\r\n\t\t\t\t<div class=\"elementor-element elementor-element-7112076 elementor-widget elementor-widget-text-editor\" data-id=\"7112076\" data-element_type=\"widget\" data-e-type=\"widget\" data-widget_type=\"text-editor.default\">\n\t\t\t\t<div class=\"elementor-widget-container\">\n\t\t\t\t\t\t\t\t\t<h3 class=\"\" data-start=\"3437\" data-end=\"3483\">Seguridad de las transacciones y cumplimiento de la legislaci\u00f3n<\/h3><p class=\"\" data-start=\"3485\" data-end=\"3528\">Cada pago a UltraBreakFluids Inc. es:<\/p><ul data-start=\"3529\" data-end=\"3723\"><li class=\"\" data-start=\"3529\" data-end=\"3569\"><p class=\"\" data-start=\"3531\" data-end=\"3569\">Protegido mediante cifrado SSL de 256 bits<\/p><\/li><li class=\"\" data-start=\"3570\" data-end=\"3617\"><p class=\"\" data-start=\"3572\" data-end=\"3617\">Documentado con factura digital y recibo<\/p><\/li><\/ul><hr class=\"\" data-start=\"3868\" data-end=\"3871\" \/><h3 class=\"\" data-start=\"3873\" data-end=\"3890\">\u00bfNecesita ayuda?<\/h3><p class=\"\" data-start=\"3891\" data-end=\"3948\">Para consultas sobre env\u00edos, aduanas o facturaci\u00f3n:<\/p><p class=\"\" data-start=\"3950\" data-end=\"4067\"><strong data-start=\"3953\" data-end=\"3985\"><a rel=\"noopener\" data-start=\"3955\" data-end=\"3983\">sales@ultrabreakfluids.com<\/a><\/strong><br data-start=\"4033\" data-end=\"4036\" \/><strong data-start=\"4039\" data-end=\"4067\"><a class=\"\" href=\"https:\/\/ultrabreakfluids.com\/es\/\" target=\"_new\" rel=\"noopener\" data-start=\"4041\" data-end=\"4065\">www.ultrabreakfluids.com<\/a><\/strong><\/p><h3 class=\"\" data-start=\"4074\" data-end=\"4096\">Aviso legal<\/h3><p class=\"\" data-start=\"4097\" data-end=\"4397\">UltraBreakFluids Inc. es un proveedor registrado en EE.UU. que opera de conformidad con todas las leyes aplicables en relaci\u00f3n con el env\u00edo y la venta de Caluanie Muelear Oxidize.<\/p>\t\t\t\t\t\t\t\t<\/div>\n\t\t\t\t<\/div>\n\t\t\t\t\t<\/div>\n\t\t\t\t<\/div>\n\t\t\t\t<\/div>","protected":false},"excerpt":{"rendered":"<p>Shipping &#038; Payment Options UltraBreak Fluids Inc.U.S.-Based Global Supplier of Premium Caluanie Muelear Oxidize We offer secure, traceable, and regulation-compliant shipping and payment options to serve our domestic and international clients. All processes are governed by U.S. law and aligned with international chemical transport standards. Shipping Information Global Delivery \u2013 Hazmat Certified We ship Caluanie [&hellip;]<\/p>\n","protected":false},"author":1,"featured_media":0,"parent":0,"menu_order":0,"comment_status":"closed","ping_status":"closed","template":"","meta":{"_acf_changed":false,"rs_blank_template":"","rs_page_bg_color":"","slide_template_v7":"","_monsterinsights_skip_tracking":false,"_monsterinsights_sitenote_active":false,"_monsterinsights_sitenote_note":"","_monsterinsights_sitenote_category":0,"footnotes":""},"class_list":["post-2163","page","type-page","status-publish","hentry"],"acf":[],"_hostinger_reach_plugin_has_subscription_block":false,"_hostinger_reach_plugin_is_elementor":false,"jetpack_sharing_enabled":true,"_links":{"self":[{"href":"https:\/\/ultrabreakfluids.com\/es\/wp-json\/wp\/v2\/pages\/2163","targetHints":{"allow":["GET"]}}],"collection":[{"href":"https:\/\/ultrabreakfluids.com\/es\/wp-json\/wp\/v2\/pages"}],"about":[{"href":"https:\/\/ultrabreakfluids.com\/es\/wp-json\/wp\/v2\/types\/page"}],"author":[{"embeddable":true,"href":"https:\/\/ultrabreakfluids.com\/es\/wp-json\/wp\/v2\/users\/1"}],"replies":[{"embeddable":true,"href":"https:\/\/ultrabreakfluids.com\/es\/wp-json\/wp\/v2\/comments?post=2163"}],"version-history":[{"count":5,"href":"https:\/\/ultrabreakfluids.com\/es\/wp-json\/wp\/v2\/pages\/2163\/revisions"}],"predecessor-version":[{"id":2326,"href":"https:\/\/ultrabreakfluids.com\/es\/wp-json\/wp\/v2\/pages\/2163\/revisions\/2326"}],"wp:attachment":[{"href":"https:\/\/ultrabreakfluids.com\/es\/wp-json\/wp\/v2\/media?parent=2163"}],"curies":[{"name":"wp","href":"https:\/\/api.w.org\/{rel}","templated":true}]}}