{"id":2154,"date":"2025-05-04T04:56:17","date_gmt":"2025-05-04T04:56:17","guid":{"rendered":"https:\/\/ultrabreakfluids.com\/?page_id=2154"},"modified":"2025-06-12T16:36:08","modified_gmt":"2025-06-12T16:36:08","slug":"preguntas-frecuentes-faqs","status":"publish","type":"page","link":"https:\/\/ultrabreakfluids.com\/es\/preguntas-frecuentes-faqs\/","title":{"rendered":"Preguntas m\u00e1s frecuentes (FAQ)"},"content":{"rendered":"<div data-elementor-type=\"wp-page\" data-elementor-id=\"2154\" class=\"elementor elementor-2154\" data-elementor-post-type=\"page\">\n\t\t\t\t<div class=\"elementor-element elementor-element-9ce9cbf e-flex e-con-boxed e-con e-parent\" data-id=\"9ce9cbf\" data-element_type=\"container\" data-e-type=\"container\">\r\n\t\t\t\t\t<div class=\"e-con-inner\">\r\n\t\t\t\t<div data-plugin=\"mouse-parallax\" data-options=\"{&quot;invertX&quot;:false,&quot;invertY&quot;:false}\" data-floating-depth=\"0.5\" class=\"elementor-element elementor-element-d23e023 elementor-headline--style-highlight elementor-widget elementor-widget-animated-headline\" data-id=\"d23e023\" data-element_type=\"widget\" data-e-type=\"widget\" data-settings=\"{&quot;marker&quot;:&quot;underline_zigzag&quot;,&quot;highlighted_text&quot;:&quot;Frequently Asked Questions (FAQs)&quot;,&quot;headline_style&quot;:&quot;highlight&quot;,&quot;loop&quot;:&quot;yes&quot;,&quot;highlight_animation_duration&quot;:1200,&quot;highlight_iteration_delay&quot;:8000}\" data-widget_type=\"animated-headline.default\">\n\t\t\t\t<div class=\"elementor-widget-container\">\n\t\t\t\t\t\t\t<h3 class=\"elementor-headline\">\n\t\t\t\t<span class=\"elementor-headline-dynamic-wrapper elementor-headline-text-wrapper\">\n\t\t\t\t\t<span class=\"elementor-headline-dynamic-text elementor-headline-text-active\">Preguntas m\u00e1s frecuentes (FAQ)<\/span>\n\t\t\t\t<\/span>\n\t\t\t\t<\/h3>\n\t\t\t\t\t\t<\/div>\n\t\t\t\t<\/div>\n\t\t\t\t\t<\/div>\n\t\t\t\t<\/div>\n\t\t<div class=\"elementor-element elementor-element-5cba8fd e-flex e-con-boxed e-con e-parent\" data-id=\"5cba8fd\" data-element_type=\"container\" data-e-type=\"container\">\r\n\t\t\t\t\t<div class=\"e-con-inner\">\r\n\t\t\t\t<div class=\"elementor-element elementor-element-72f997d elementor-widget elementor-widget-text-editor\" data-id=\"72f997d\" data-element_type=\"widget\" data-e-type=\"widget\" data-widget_type=\"text-editor.default\">\n\t\t\t\t<div class=\"elementor-widget-container\">\n\t\t\t\t\t\t\t\t\t<h4 data-start=\"405\" data-end=\"497\"><strong data-start=\"405\" data-end=\"497\">UltraBreak Fluids Inc. - Proveedor estadounidense de confianza de Caluanie Muelear Oxidize de primera calidad<\/strong><\/h4><p class=\"\" data-start=\"499\" data-end=\"677\">Nuestro objetivo es garantizar un acceso seguro, legal y transparente a Caluanie Muelear Oxidize de calidad industrial. A continuaci\u00f3n encontrar\u00e1 nuestras preguntas m\u00e1s frecuentes para ayudarle a guiar su compra.<\/p>\t\t\t\t\t\t\t\t<\/div>\n\t\t\t\t<\/div>\n\t\t\t\t\t<\/div>\n\t\t\t\t<\/div>\n\t\t<div class=\"elementor-element elementor-element-29fcd00 e-flex e-con-boxed e-con e-parent\" data-id=\"29fcd00\" data-element_type=\"container\" data-e-type=\"container\">\r\n\t\t\t\t\t<div class=\"e-con-inner\">\r\n\t\t\t\t<div class=\"elementor-element elementor-element-f6e9035 elementor-widget elementor-widget-text-editor\" data-id=\"f6e9035\" data-element_type=\"widget\" data-e-type=\"widget\" data-widget_type=\"text-editor.default\">\n\t\t\t\t<div class=\"elementor-widget-container\">\n\t\t\t\t\t\t\t\t\t<h3 class=\"\" data-start=\"684\" data-end=\"770\">\u00bfQui\u00e9n puede comprar legalmente Caluanie Muelear Oxidize de UltraBreakfluids Inc.?<\/h3><p class=\"\" data-start=\"771\" data-end=\"1137\"><strong data-start=\"771\" data-end=\"777\">A:<\/strong> Suministramos Caluanie Muelear Oxidize \u00fanicamente a compradores cualificados, entre los que se incluyen <strong data-start=\"849\" data-end=\"917\">empresas industriales, centros de investigaci\u00f3n, laboratorios autorizados<\/strong>y otros profesionales verificados. Hacemos <strong data-start=\"959\" data-end=\"971\">no vender<\/strong> a particulares o usuarios no verificados. Todas las compras est\u00e1n sujetas a <strong data-start=\"1045\" data-end=\"1097\">revisi\u00f3n del cumplimiento y verificaci\u00f3n de la documentaci\u00f3n<\/strong> en virtud de la legislaci\u00f3n comercial estadounidense e internacional.<\/p><hr class=\"\" data-start=\"1139\" data-end=\"1142\" \/><h3 class=\"\" data-start=\"1144\" data-end=\"1219\">\u00bfEs legal comprar Caluanie Muelear Oxidize en su p\u00e1gina web?<\/h3><p class=\"\" data-start=\"1220\" data-end=\"1592\"><strong data-start=\"1220\" data-end=\"1226\">A:<\/strong> S\u00ed - UltraBreakfluids Inc. opera en total conformidad con todos los <strong data-start=\"1293\" data-end=\"1321\">Normativa federal estadounidense<\/strong> que rigen la venta y exportaci\u00f3n de productos qu\u00edmicos de uso restringido. No obstante, los compradores son responsables de garantizar el cumplimiento de sus propios <strong data-start=\"1452\" data-end=\"1466\">leyes locales<\/strong> y <strong data-start=\"1471\" data-end=\"1493\">normas de importaci\u00f3n<\/strong>. Nos reservamos el derecho a rechazar o cancelar pedidos que infrinjan las normas legales, \u00e9ticas o de seguridad.<\/p><hr class=\"\" data-start=\"1594\" data-end=\"1597\" \/><hr class=\"\" data-start=\"2010\" data-end=\"2013\" \/><h3 class=\"\" data-start=\"2015\" data-end=\"2051\">\u00bfHacen env\u00edos internacionales?<\/h3><p class=\"\" data-start=\"2052\" data-end=\"2244\"><strong data-start=\"2052\" data-end=\"2058\">A:<\/strong> S\u00ed. Enviamos Caluanie Muelear Oxidize a todo el mundo, a continuaci\u00f3n <strong data-start=\"2129\" data-end=\"2176\">normativa internacional sobre el transporte de productos qu\u00edmicos<\/strong> incluyendo <strong data-start=\"2187\" data-end=\"2210\">IATA, DOT e IMDG<\/strong> normas. Todas las exportaciones incluyen:<\/p><ul data-start=\"2245\" data-end=\"2392\"><li class=\"\" data-start=\"2245\" data-end=\"2286\"><p class=\"\" data-start=\"2247\" data-end=\"2286\"><strong data-start=\"2247\" data-end=\"2284\">Ficha de datos de seguridad (FDS)<\/strong><\/p><\/li><li class=\"\" data-start=\"2287\" data-end=\"2324\"><p class=\"\" data-start=\"2289\" data-end=\"2324\"><strong data-start=\"2289\" data-end=\"2322\">Certificado de an\u00e1lisis (COA)<\/strong><\/p><\/li><li class=\"\" data-start=\"2325\" data-end=\"2363\"><p class=\"\" data-start=\"2327\" data-end=\"2363\"><strong data-start=\"2327\" data-end=\"2361\">Declaraci\u00f3n de exportaci\u00f3n y factura<\/strong><\/p><\/li><li class=\"\" data-start=\"2364\" data-end=\"2392\"><p class=\"\" data-start=\"2366\" data-end=\"2392\"><strong data-start=\"2366\" data-end=\"2392\">Seguimiento y seguro<\/strong><\/p><\/li><\/ul><p class=\"\" data-start=\"2394\" data-end=\"2448\">Le ayudaremos con los requisitos aduaneros cuando sea necesario.<\/p><hr class=\"\" data-start=\"2450\" data-end=\"2453\" \/><h3 class=\"\" data-start=\"2455\" data-end=\"2503\">\u00bfC\u00f3mo est\u00e1 envasado y etiquetado el producto?<\/h3><p class=\"\" data-start=\"2504\" data-end=\"2858\"><strong data-start=\"2504\" data-end=\"2510\">A:<\/strong> Todos los productos est\u00e1n precintados en <strong data-start=\"2547\" data-end=\"2598\">envases qu\u00edmicamente resistentes y a prueba de manipulaciones<\/strong>etiquetados seg\u00fan <strong data-start=\"2621\" data-end=\"2648\">Normas OSHA GHS de EE.UU.<\/strong>. Cada envase incluye advertencias de seguridad, directrices de manipulaci\u00f3n e informaci\u00f3n de seguimiento del lote. Los env\u00edos a granel (10L, 20L, 50L, 200L) se envasan en <strong data-start=\"2793\" data-end=\"2825\">Bidones industriales no homologados<\/strong> con embalaje exterior reforzado.<\/p><hr class=\"\" data-start=\"2860\" data-end=\"2863\" \/><h3 class=\"\" data-start=\"2865\" data-end=\"2922\">\u00bfQu\u00e9 ocurre si mi env\u00edo se retrasa, queda retenido o sufre da\u00f1os?<\/h3><p class=\"\" data-start=\"2923\" data-end=\"3028\"><strong data-start=\"2923\" data-end=\"2929\">A:<\/strong> Supervisamos todos los pedidos desde el env\u00edo hasta la entrega. Si un env\u00edo se retrasa o se da\u00f1a en tr\u00e1nsito:<\/p><ul data-start=\"3029\" data-end=\"3189\"><li class=\"\" data-start=\"3029\" data-end=\"3065\"><p class=\"\" data-start=\"3031\" data-end=\"3065\">Abriremos un <strong data-start=\"3046\" data-end=\"3063\">reclamaci\u00f3n del transportista<\/strong><\/p><\/li><li class=\"\" data-start=\"3066\" data-end=\"3111\"><p class=\"\" data-start=\"3068\" data-end=\"3111\">Investigar con documentaci\u00f3n justificativa<\/p><\/li><li class=\"\" data-start=\"3112\" data-end=\"3189\"><p class=\"\" data-start=\"3114\" data-end=\"3189\">Ofrezca un <strong data-start=\"3122\" data-end=\"3147\">sustituci\u00f3n o reembolso<\/strong> cuando proceda (v\u00e9anse las directrices de env\u00edo)<\/p><\/li><\/ul><p class=\"\" data-start=\"3191\" data-end=\"3272\">Todos los paquetes est\u00e1n asegurados. P\u00f3ngase en contacto con el servicio de asistencia en <strong data-start=\"3240\" data-end=\"3252\">72 horas<\/strong> de los problemas de entrega.<\/p><hr class=\"\" data-start=\"3274\" data-end=\"3277\" \/><h3 class=\"\" data-start=\"3279\" data-end=\"3352\">\u00a0\u00bfC\u00f3mo puedo estar seguro de que recibo Caluanie Muelear Oxidize aut\u00e9ntico?<\/h3><p class=\"\" data-start=\"3353\" data-end=\"3384\"><strong data-start=\"3353\" data-end=\"3359\">A:<\/strong> Cada pedido incluye:<\/p><ul data-start=\"3385\" data-end=\"3557\"><li class=\"\" data-start=\"3385\" data-end=\"3424\"><p class=\"\" data-start=\"3387\" data-end=\"3424\">A <strong data-start=\"3389\" data-end=\"3422\">Certificado de an\u00e1lisis (COA)<\/strong><\/p><\/li><li class=\"\" data-start=\"3425\" data-end=\"3454\"><p class=\"\" data-start=\"3427\" data-end=\"3454\">A <strong data-start=\"3429\" data-end=\"3452\">n\u00famero \u00fanico de lote<\/strong><\/p><\/li><li class=\"\" data-start=\"3455\" data-end=\"3501\"><p class=\"\" data-start=\"3457\" data-end=\"3501\">Completo <strong data-start=\"3462\" data-end=\"3499\">Ficha de datos de seguridad (FDS)<\/strong><\/p><\/li><li class=\"\" data-start=\"3502\" data-end=\"3530\"><p class=\"\" data-start=\"3504\" data-end=\"3530\">Embalaje a prueba de manipulaciones<\/p><\/li><li class=\"\" data-start=\"3531\" data-end=\"3557\"><p class=\"\" data-start=\"3533\" data-end=\"3557\">Seguimiento de env\u00edos a EE.UU.<\/p><\/li><\/ul><p class=\"\" data-start=\"3559\" data-end=\"3723\">Somos un proveedor estadounidense registrado y mantenemos un control de calidad total en todos los lotes. Puede verificar la autenticidad de su pedido a trav\u00e9s de <strong data-start=\"3690\" data-end=\"3722\"><a rel=\"noopener\" data-start=\"3692\" data-end=\"3720\">sales@ultrabreakfluids.com<\/a><\/strong>.<\/p><hr class=\"\" data-start=\"3725\" data-end=\"3728\" \/><h3 class=\"\" data-start=\"3730\" data-end=\"3789\">\u00bfPuedo anular o modificar mi pedido una vez realizado?<\/h3><p class=\"\" data-start=\"3790\" data-end=\"4017\"><strong data-start=\"3790\" data-end=\"3796\">A:<\/strong> S\u00ed, pero s\u00f3lo <strong data-start=\"3812\" data-end=\"3846\">antes de que el producto haya sido enviado<\/strong>. Una vez iniciado el env\u00edo y la tramitaci\u00f3n aduanera, las anulaciones son <strong data-start=\"3911\" data-end=\"3928\">no permitido<\/strong> debido a normas legales y de seguridad. Por favor, revise todos los detalles cuidadosamente antes de su env\u00edo.<\/p><hr class=\"\" data-start=\"4019\" data-end=\"4022\" \/><h3 class=\"\" data-start=\"4024\" data-end=\"4093\">\u00bfOfrecen precios al por mayor o contratos de suministro recurrentes?<\/h3><p class=\"\" data-start=\"4094\" data-end=\"4276\"><strong data-start=\"4094\" data-end=\"4100\">A:<\/strong> S\u00ed. Ofrecemos <strong data-start=\"4115\" data-end=\"4135\">descuentos por volumen<\/strong>, <strong data-start=\"4137\" data-end=\"4160\">contratos mayoristas<\/strong>y <strong data-start=\"4166\" data-end=\"4191\">adquisici\u00f3n programada<\/strong> para clientes B2B cualificados. P\u00f3ngase en contacto con nosotros directamente para establecer un acuerdo empresarial.<\/p><p class=\"\" data-start=\"4278\" data-end=\"4311\"><strong data-start=\"4281\" data-end=\"4311\"><a rel=\"noopener\" data-start=\"4283\" data-end=\"4309\">sales@ultrabreakfluids.com<\/a><\/strong><\/p><hr class=\"\" data-start=\"4313\" data-end=\"4316\" \/><h3 class=\"\" data-start=\"4318\" data-end=\"4365\">\u00a0\u00bfCu\u00e1les son los m\u00e9todos de pago aceptados?<\/h3><p class=\"\" data-start=\"4366\" data-end=\"4385\"><strong data-start=\"4366\" data-end=\"4372\">A:<\/strong> Aceptamos:<\/p><ul data-start=\"4386\" data-end=\"4592\"><li class=\"\" data-start=\"4386\" data-end=\"4442\"><p class=\"\" data-start=\"4388\" data-end=\"4442\"><strong data-start=\"4388\" data-end=\"4411\">Transferencias bancarias<\/strong> (nacional e internacional)<\/p><\/li><li class=\"\" data-start=\"4443\" data-end=\"4480\"><p class=\"\" data-start=\"4445\" data-end=\"4480\"><strong data-start=\"4445\" data-end=\"4455\">Zelle\u00a0<\/strong><\/p><\/li><li data-start=\"4443\" data-end=\"4480\"><strong>cashapp<\/strong><\/li><li data-start=\"4443\" data-end=\"4480\"><strong>Transferencia electr\u00f3nica<\/strong><\/li><li data-start=\"4443\" data-end=\"4480\"><strong>Apple Pay<\/strong><\/li><li data-start=\"4443\" data-end=\"4480\"><strong>timbre<\/strong><\/li><li data-start=\"4443\" data-end=\"4480\"><strong>Bitcoin<\/strong><\/li><li data-start=\"4443\" data-end=\"4480\"><strong>Ethereum<\/strong><\/li><li data-start=\"4443\" data-end=\"4480\"><strong>Litecoin<\/strong><\/li><li class=\"\" data-start=\"4481\" data-end=\"4540\"><p class=\"\" data-start=\"4483\" data-end=\"4540\"><strong data-start=\"4483\" data-end=\"4504\">USDT (TRC20\/USDC)<\/strong> - a petici\u00f3n de clientes autorizados<\/p><\/li><li data-start=\"4481\" data-end=\"4540\"><strong data-start=\"4543\" data-end=\"4562\">Wise \/ Payoneer<\/strong><\/li><\/ul><p class=\"\" data-start=\"4594\" data-end=\"4733\">Todos los pagos se facturan y verifican legalmente. Nosotros <strong data-start=\"4645\" data-end=\"4707\">no aceptan dinero en efectivo <\/strong>o pagos de terceros.<\/p><hr class=\"\" data-start=\"4735\" data-end=\"4738\" \/><h3 class=\"\" data-start=\"4740\" data-end=\"4769\">\u00a0\u00bfA\u00fan tiene preguntas?<\/h3><p class=\"\" data-start=\"4770\" data-end=\"4898\">P\u00f3ngase en contacto con nuestro equipo de asistencia jur\u00eddica y de cumplimiento de la normativa:<br data-start=\"4816\" data-end=\"4819\" \/><strong><a rel=\"noopener\" data-start=\"4824\" data-end=\"4855\">sales@ultrabreakfluids.com<\/a><\/strong><\/p><hr class=\"\" data-start=\"4900\" data-end=\"4903\" \/><h3 class=\"\" data-start=\"4905\" data-end=\"4930\">\u00a0Aviso legal<\/h3><p class=\"\" data-start=\"4931\" data-end=\"5238\">UltraBreakfluids Inc. se reserva el derecho de rechazar el servicio, solicitar documentaci\u00f3n adicional o cancelar las transacciones que no cumplan con la ley federal de EE.UU. o las normas internacionales. Caluanie Muelear Oxidize est\u00e1 clasificado como un <strong data-start=\"5162\" data-end=\"5185\">sustancia peligrosa<\/strong> y s\u00f3lo debe ser manipulado por profesionales cualificados.<\/p>\t\t\t\t\t\t\t\t<\/div>\n\t\t\t\t<\/div>\n\t\t\t\t\t<\/div>\n\t\t\t\t<\/div>\n\t\t\t\t<\/div>","protected":false},"excerpt":{"rendered":"<p>Frequently Asked Questions (FAQs) UltraBreak Fluids Inc. \u2014 Trusted U.S.-Based Supplier of Premium Caluanie Muelear Oxidize Our goal is to ensure safe, legal, and transparent access to industrial-grade Caluanie Muelear Oxidize. Below are our most frequently asked questions to help guide your purchase. Who can legally purchase Caluanie Muelear Oxidize from UltraBreakfluids Inc.? A: We [&hellip;]<\/p>\n","protected":false},"author":1,"featured_media":0,"parent":0,"menu_order":0,"comment_status":"closed","ping_status":"closed","template":"","meta":{"_acf_changed":false,"rs_blank_template":"","rs_page_bg_color":"","slide_template_v7":"","_monsterinsights_skip_tracking":false,"_monsterinsights_sitenote_active":false,"_monsterinsights_sitenote_note":"","_monsterinsights_sitenote_category":0,"footnotes":""},"class_list":["post-2154","page","type-page","status-publish","hentry"],"acf":[],"_hostinger_reach_plugin_has_subscription_block":false,"_hostinger_reach_plugin_is_elementor":false,"jetpack_sharing_enabled":true,"_links":{"self":[{"href":"https:\/\/ultrabreakfluids.com\/es\/wp-json\/wp\/v2\/pages\/2154","targetHints":{"allow":["GET"]}}],"collection":[{"href":"https:\/\/ultrabreakfluids.com\/es\/wp-json\/wp\/v2\/pages"}],"about":[{"href":"https:\/\/ultrabreakfluids.com\/es\/wp-json\/wp\/v2\/types\/page"}],"author":[{"embeddable":true,"href":"https:\/\/ultrabreakfluids.com\/es\/wp-json\/wp\/v2\/users\/1"}],"replies":[{"embeddable":true,"href":"https:\/\/ultrabreakfluids.com\/es\/wp-json\/wp\/v2\/comments?post=2154"}],"version-history":[{"count":5,"href":"https:\/\/ultrabreakfluids.com\/es\/wp-json\/wp\/v2\/pages\/2154\/revisions"}],"predecessor-version":[{"id":2318,"href":"https:\/\/ultrabreakfluids.com\/es\/wp-json\/wp\/v2\/pages\/2154\/revisions\/2318"}],"wp:attachment":[{"href":"https:\/\/ultrabreakfluids.com\/es\/wp-json\/wp\/v2\/media?parent=2154"}],"curies":[{"name":"wp","href":"https:\/\/api.w.org\/{rel}","templated":true}]}}