{"id":2121,"date":"2025-05-02T03:35:10","date_gmt":"2025-05-02T03:35:10","guid":{"rendered":"https:\/\/ultrabreakfluids.com\/?page_id=2121"},"modified":"2025-06-12T16:41:01","modified_gmt":"2025-06-12T16:41:01","slug":"nuestras-garantias","status":"publish","type":"page","link":"https:\/\/ultrabreakfluids.com\/es\/nuestras-garantias\/","title":{"rendered":"Nuestras garant\u00edas"},"content":{"rendered":"<div data-elementor-type=\"wp-page\" data-elementor-id=\"2121\" class=\"elementor elementor-2121\" data-elementor-post-type=\"page\">\n\t\t\t\t<div class=\"elementor-element elementor-element-5778096 e-flex e-con-boxed e-con e-parent\" data-id=\"5778096\" data-element_type=\"container\" data-e-type=\"container\">\r\n\t\t\t\t\t<div class=\"e-con-inner\">\r\n\t\t\t\t<div class=\"elementor-element elementor-element-b82984d elementor-headline--style-highlight elementor-widget elementor-widget-animated-headline\" data-id=\"b82984d\" data-element_type=\"widget\" data-e-type=\"widget\" data-settings=\"{&quot;marker&quot;:&quot;curly&quot;,&quot;highlighted_text&quot;:&quot;Our Guarantees&quot;,&quot;headline_style&quot;:&quot;highlight&quot;,&quot;loop&quot;:&quot;yes&quot;,&quot;highlight_animation_duration&quot;:1200,&quot;highlight_iteration_delay&quot;:8000}\" data-widget_type=\"animated-headline.default\">\n\t\t\t\t<div class=\"elementor-widget-container\">\n\t\t\t\t\t\t\t<h3 class=\"elementor-headline\">\n\t\t\t\t<span class=\"elementor-headline-dynamic-wrapper elementor-headline-text-wrapper\">\n\t\t\t\t\t<span class=\"elementor-headline-dynamic-text elementor-headline-text-active\">Nuestras garant\u00edas<\/span>\n\t\t\t\t<\/span>\n\t\t\t\t<\/h3>\n\t\t\t\t\t\t<\/div>\n\t\t\t\t<\/div>\n\t\t\t\t\t<\/div>\n\t\t\t\t<\/div>\n\t\t<div class=\"elementor-element elementor-element-bd3ff43 e-flex e-con-boxed e-con e-parent\" data-id=\"bd3ff43\" data-element_type=\"container\" data-e-type=\"container\">\r\n\t\t\t\t\t<div class=\"e-con-inner\">\r\n\t\t\t\t<div class=\"elementor-element elementor-element-122906f elementor-widget elementor-widget-text-editor\" data-id=\"122906f\" data-element_type=\"widget\" data-e-type=\"widget\" data-widget_type=\"text-editor.default\">\n\t\t\t\t<div class=\"elementor-widget-container\">\n\t\t\t\t\t\t\t\t\t<p class=\"\" data-start=\"404\" data-end=\"459\"><strong data-start=\"404\" data-end=\"459\">UltraBreakFluids.com | UltraBreakFluids Inc. - EE.UU.<\/strong><\/p><p class=\"\" data-start=\"461\" data-end=\"831\">En <strong data-start=\"464\" data-end=\"490\">UltraBreakFluids Inc.<\/strong>nos enorgullecemos de ofrecer no s\u00f3lo <strong data-start=\"529\" data-end=\"588\">el Caluanie Muelear Oxidize de mayor calidad del mundo<\/strong>sino tambi\u00e9n total transparencia, cumplimiento legal y confianza f\u00e9rrea del cliente. Tanto si realiza pedidos dentro de EE.UU. como internacionales, nuestras garant\u00edas est\u00e1n dise\u00f1adas para proteger su inversi\u00f3n, sus operaciones y su tranquilidad.<\/p><hr class=\"\" data-start=\"833\" data-end=\"836\" \/><h2 class=\"\" data-start=\"838\" data-end=\"874\"><strong data-start=\"843\" data-end=\"874\">1. Garant\u00eda de pureza del producto<\/strong><\/h2><p class=\"\" data-start=\"876\" data-end=\"1057\">Cada botella, bid\u00f3n o contenedor de <strong data-start=\"912\" data-end=\"940\">Caluanie Muelear Oxidar<\/strong> enviados desde UltraBreakFluids Inc. cumplen o superan las normas aceptadas internacionalmente. <strong data-start=\"1019\" data-end=\"1056\">normas de pureza de grado industrial<\/strong>.<\/p><ul data-start=\"1059\" data-end=\"1274\"><li class=\"\" data-start=\"1059\" data-end=\"1126\"><p class=\"\" data-start=\"1061\" data-end=\"1126\">Con el respaldo de la propia empresa y de terceros <strong data-start=\"1096\" data-end=\"1124\">an\u00e1lisis de control de calidad<\/strong><\/p><\/li><li class=\"\" data-start=\"1127\" data-end=\"1204\"><p class=\"\" data-start=\"1129\" data-end=\"1204\">Incluye documentaci\u00f3n completa: <strong data-start=\"1158\" data-end=\"1166\">FDS<\/strong>, <strong data-start=\"1168\" data-end=\"1175\">COA<\/strong>y <strong data-start=\"1181\" data-end=\"1202\">ID de seguimiento de lotes<\/strong><\/p><\/li><li class=\"\" data-start=\"1205\" data-end=\"1274\"><p class=\"\" data-start=\"1207\" data-end=\"1274\">Embalaje a prueba de manipulaciones para garantizar la integridad del producto durante el transporte<\/p><\/li><\/ul><blockquote data-start=\"1276\" data-end=\"1420\"><p class=\"\" data-start=\"1278\" data-end=\"1420\">\u00a0Si su producto no se ajusta a las especificaciones anunciadas, lo investigaremos y, si se confirma, le ofreceremos un <strong data-start=\"1389\" data-end=\"1419\">sustituci\u00f3n completa o reembolso<\/strong>.<\/p><\/blockquote><hr class=\"\" data-start=\"1422\" data-end=\"1425\" \/><h2 class=\"\" data-start=\"1427\" data-end=\"1487\">\u00a0<strong data-start=\"1433\" data-end=\"1487\">2. Garant\u00eda de env\u00edo seguro y conforme en todo el mundo<\/strong><\/h2><p class=\"\" data-start=\"1489\" data-end=\"1602\">Garantizamos una manipulaci\u00f3n y entrega profesionales de su producto, de forma segura y legal, independientemente de su ubicaci\u00f3n.<\/p><ul data-start=\"1604\" data-end=\"1863\"><li class=\"\" data-start=\"1604\" data-end=\"1689\"><p class=\"\" data-start=\"1606\" data-end=\"1689\">Totalmente conforme con <strong data-start=\"1627\" data-end=\"1645\">U.S. DOT, IATA<\/strong>y <strong data-start=\"1651\" data-end=\"1687\">normativa internacional sobre materiales peligrosos<\/strong><\/p><\/li><li class=\"\" data-start=\"1690\" data-end=\"1777\"><p class=\"\" data-start=\"1692\" data-end=\"1777\">Proporcionamos la documentaci\u00f3n de exportaci\u00f3n completa para cumplir los requisitos de importaci\u00f3n de su pa\u00eds<\/p><\/li><li class=\"\" data-start=\"1778\" data-end=\"1863\"><p class=\"\" data-start=\"1780\" data-end=\"1863\">Todos los env\u00edos son <strong data-start=\"1798\" data-end=\"1809\">rastreado<\/strong>, <strong data-start=\"1811\" data-end=\"1822\">asegurado<\/strong>y <strong data-start=\"1828\" data-end=\"1847\">doble verificaci\u00f3n<\/strong> antes del env\u00edo<\/p><\/li><\/ul><blockquote data-start=\"1865\" data-end=\"2018\"><p class=\"\" data-start=\"1867\" data-end=\"2018\">Si su pedido no se puede entregar debido a un error de env\u00edo comprobado por nuestra parte, haremos lo siguiente <strong data-start=\"1953\" data-end=\"1973\">reenv\u00edo o reembolso<\/strong> de acuerdo con nuestra <a class=\"\" href=\"https:\/\/ultrabreakfluids.com\/es\/shipping-policy\/\" rel=\"noopener\" data-start=\"1997\" data-end=\"2017\">Pol\u00edtica de env\u00edos<\/a>.<\/p><\/blockquote><hr class=\"\" data-start=\"2020\" data-end=\"2023\" \/><h2 class=\"\" data-start=\"2025\" data-end=\"2076\">\u00a0<strong data-start=\"2031\" data-end=\"2076\">3. Garant\u00eda de confidencialidad y discreci\u00f3n<\/strong><\/h2><p class=\"\" data-start=\"2078\" data-end=\"2216\">UltraBreak Fluids Inc. respeta la sensibilidad comercial y las consideraciones legales de nuestros compradores, particularmente en industrias especializadas.<\/p><ul data-start=\"2218\" data-end=\"2459\"><li class=\"\" data-start=\"2218\" data-end=\"2288\"><p class=\"\" data-start=\"2220\" data-end=\"2288\">Todos los pedidos y datos de los clientes se gestionan <strong data-start=\"2262\" data-end=\"2286\">de forma estrictamente confidencial<\/strong><\/p><\/li><li class=\"\" data-start=\"2289\" data-end=\"2375\"><p class=\"\" data-start=\"2291\" data-end=\"2375\">Sus datos est\u00e1n protegidos por nuestro <a class=\"\" href=\"https:\/\/ultrabreakfluids.com\/es\/politica-de-privacidad\/\" rel=\"noopener\" data-start=\"2324\" data-end=\"2343\">Pol\u00edtica de privacidad<\/a> y las leyes estadounidenses de protecci\u00f3n de datos<\/p><\/li><li class=\"\" data-start=\"2376\" data-end=\"2459\"><p class=\"\" data-start=\"2378\" data-end=\"2459\">Nunca se vende ni comparte informaci\u00f3n con terceros sin obligaci\u00f3n legal.<\/p><\/li><\/ul><blockquote data-start=\"2461\" data-end=\"2557\"><p class=\"\" data-start=\"2463\" data-end=\"2557\">\u00a0Nuestra plataforma utiliza encriptaci\u00f3n SSL y pasarelas de pago verificadas para asegurar cada transacci\u00f3n.<\/p><\/blockquote><h2 class=\"\" data-start=\"2564\" data-end=\"2613\">\u00a0<strong data-start=\"2570\" data-end=\"2613\">4. Documentaci\u00f3n y garant\u00eda de conformidad<\/strong><\/h2><p class=\"\" data-start=\"2615\" data-end=\"2702\">Proporcionamos documentaci\u00f3n jur\u00eddicamente vinculante y conforme a las normas de exportaci\u00f3n con cada pedido posterior a la compra, que incluye:<\/p><ul data-start=\"2704\" data-end=\"2919\"><li class=\"\" data-start=\"2704\" data-end=\"2746\"><p class=\"\" data-start=\"2706\" data-end=\"2746\"><strong data-start=\"2706\" data-end=\"2744\">Fichas de datos de seguridad (FDS)<\/strong><\/p><\/li><li class=\"\" data-start=\"2747\" data-end=\"2784\"><p class=\"\" data-start=\"2749\" data-end=\"2784\"><strong data-start=\"2749\" data-end=\"2782\">Certificado de an\u00e1lisis (COA)<\/strong><\/p><\/li><li class=\"\" data-start=\"2785\" data-end=\"2832\"><p class=\"\" data-start=\"2787\" data-end=\"2832\"><strong data-start=\"2787\" data-end=\"2830\">Factura comercial y declaraci\u00f3n Hazmat<\/strong><\/p><\/li><li class=\"\" data-start=\"2833\" data-end=\"2919\"><p class=\"\" data-start=\"2835\" data-end=\"2919\">Documentaci\u00f3n adicional de conformidad previa solicitud (por ejemplo, FDS, cartas de aprobaci\u00f3n de importaci\u00f3n)<\/p><\/li><\/ul><blockquote data-start=\"2921\" data-end=\"3008\"><p class=\"\" data-start=\"2923\" data-end=\"3008\">\u00a0Si falta alg\u00fan documento obligatorio <strong data-start=\"2969\" data-end=\"3007\">emitirlo digitalmente en 24 horas<\/strong>.<\/p><\/blockquote><hr class=\"\" data-start=\"3010\" data-end=\"3013\" \/><h2 class=\"\" data-start=\"3015\" data-end=\"3063\">\u00a0<strong data-start=\"3021\" data-end=\"3063\">5. Garant\u00eda de satisfacci\u00f3n y resoluci\u00f3n<\/strong><\/h2><p class=\"\" data-start=\"3065\" data-end=\"3146\">Le garantizamos una resoluci\u00f3n r\u00e1pida y profesional de cualquier problema relacionado con su pedido.<\/p><ul data-start=\"3148\" data-end=\"3356\"><li class=\"\" data-start=\"3148\" data-end=\"3210\"><p class=\"\" data-start=\"3150\" data-end=\"3210\"><strong data-start=\"3150\" data-end=\"3178\">7 d\u00edas para devoluciones<\/strong> en art\u00edculos da\u00f1ados o incorrectos<\/p><\/li><li class=\"\" data-start=\"3211\" data-end=\"3284\"><p class=\"\" data-start=\"3213\" data-end=\"3284\"><strong data-start=\"3213\" data-end=\"3244\">Tramitaci\u00f3n r\u00e1pida de litigios<\/strong> a trav\u00e9s de nuestro equipo de cumplimiento y log\u00edstica<\/p><\/li><li class=\"\" data-start=\"3285\" data-end=\"3356\"><p class=\"\" data-start=\"3287\" data-end=\"3356\">Servicio de atenci\u00f3n al cliente personalizado: sin sistemas automatizados, s\u00f3lo verdaderos expertos<\/p><\/li><\/ul><blockquote data-start=\"3358\" data-end=\"3485\"><p class=\"\" data-start=\"3360\" data-end=\"3485\">\u00a0Su satisfacci\u00f3n es nuestra reputaci\u00f3n. Si no cumplimos las expectativas, haremos lo que sea justo y legal para remediarlo.<\/p><\/blockquote><hr class=\"\" data-start=\"3487\" data-end=\"3490\" \/><h2 class=\"\" data-start=\"3492\" data-end=\"3522\">\u00a0<strong data-start=\"3498\" data-end=\"3522\">Nuestro compromiso jur\u00eddico<\/strong><\/h2><p class=\"\" data-start=\"3524\" data-end=\"3580\">UltraBreak Fluids Inc. opera en total conformidad con:<\/p><ul data-start=\"3581\" data-end=\"3819\"><li class=\"\" data-start=\"3581\" data-end=\"3637\"><p class=\"\" data-start=\"3583\" data-end=\"3637\"><strong data-start=\"3583\" data-end=\"3635\">Leyes federales de distribuci\u00f3n de sustancias qu\u00edmicas de Estados Unidos<\/strong><\/p><\/li><li class=\"\" data-start=\"3638\" data-end=\"3685\"><p class=\"\" data-start=\"3640\" data-end=\"3685\"><strong data-start=\"3640\" data-end=\"3683\">Reglamento de Administraci\u00f3n de Exportaciones (EAR)<\/strong><\/p><\/li><li class=\"\" data-start=\"3686\" data-end=\"3744\"><p class=\"\" data-start=\"3688\" data-end=\"3744\"><strong data-start=\"3688\" data-end=\"3712\">Normas EPA y OSHA<\/strong> para la seguridad qu\u00edmica en el lugar de trabajo<\/p><\/li><li class=\"\" data-start=\"3745\" data-end=\"3819\"><p class=\"\" data-start=\"3747\" data-end=\"3819\">Correspondiente <strong data-start=\"3756\" data-end=\"3785\">legislaci\u00f3n comercial estatal<\/strong> aplicable a los materiales peligrosos<\/p><\/li><\/ul><p class=\"\" data-start=\"3821\" data-end=\"3909\">Garantizamos <strong data-start=\"3834\" data-end=\"3850\">comercio l\u00edcito<\/strong> y <strong data-start=\"3855\" data-end=\"3887\">gesti\u00f3n \u00e9tica de los productos qu\u00edmicos<\/strong> en cada transacci\u00f3n.<\/p>\t\t\t\t\t\t\t\t<\/div>\n\t\t\t\t<\/div>\n\t\t\t\t\t<\/div>\n\t\t\t\t<\/div>\n\t\t\t\t<\/div>","protected":false},"excerpt":{"rendered":"<p>Our Guarantees UltraBreakFluids.com | UltraBreakFluids Inc. \u2013 USA At UltraBreakFluids Inc., we take pride in delivering not only the highest-grade Caluanie Muelear Oxidize in the world, but also total transparency, legal compliance, and ironclad customer confidence. Whether you&#8217;re ordering from within the U.S. or internationally, our guarantees are designed to protect your investment, your operation, [&hellip;]<\/p>\n","protected":false},"author":1,"featured_media":0,"parent":0,"menu_order":0,"comment_status":"closed","ping_status":"closed","template":"","meta":{"_acf_changed":false,"rs_blank_template":"","rs_page_bg_color":"","slide_template_v7":"","_monsterinsights_skip_tracking":false,"_monsterinsights_sitenote_active":false,"_monsterinsights_sitenote_note":"","_monsterinsights_sitenote_category":0,"footnotes":""},"class_list":["post-2121","page","type-page","status-publish","hentry"],"acf":[],"_hostinger_reach_plugin_has_subscription_block":false,"_hostinger_reach_plugin_is_elementor":false,"jetpack_sharing_enabled":true,"_links":{"self":[{"href":"https:\/\/ultrabreakfluids.com\/es\/wp-json\/wp\/v2\/pages\/2121","targetHints":{"allow":["GET"]}}],"collection":[{"href":"https:\/\/ultrabreakfluids.com\/es\/wp-json\/wp\/v2\/pages"}],"about":[{"href":"https:\/\/ultrabreakfluids.com\/es\/wp-json\/wp\/v2\/types\/page"}],"author":[{"embeddable":true,"href":"https:\/\/ultrabreakfluids.com\/es\/wp-json\/wp\/v2\/users\/1"}],"replies":[{"embeddable":true,"href":"https:\/\/ultrabreakfluids.com\/es\/wp-json\/wp\/v2\/comments?post=2121"}],"version-history":[{"count":5,"href":"https:\/\/ultrabreakfluids.com\/es\/wp-json\/wp\/v2\/pages\/2121\/revisions"}],"predecessor-version":[{"id":2321,"href":"https:\/\/ultrabreakfluids.com\/es\/wp-json\/wp\/v2\/pages\/2121\/revisions\/2321"}],"wp:attachment":[{"href":"https:\/\/ultrabreakfluids.com\/es\/wp-json\/wp\/v2\/media?parent=2121"}],"curies":[{"name":"wp","href":"https:\/\/api.w.org\/{rel}","templated":true}]}}