{"id":2099,"date":"2025-05-02T02:18:38","date_gmt":"2025-05-02T02:18:38","guid":{"rendered":"https:\/\/ultrabreakfluids.com\/?page_id=2099"},"modified":"2025-06-12T16:53:03","modified_gmt":"2025-06-12T16:53:03","slug":"politica-de-devoluciones","status":"publish","type":"page","link":"https:\/\/ultrabreakfluids.com\/es\/politica-de-devoluciones\/","title":{"rendered":"Pol\u00edtica de devoluciones"},"content":{"rendered":"<div data-elementor-type=\"wp-page\" data-elementor-id=\"2099\" class=\"elementor elementor-2099\" data-elementor-post-type=\"page\">\n\t\t\t\t<div class=\"elementor-element elementor-element-3775030 e-flex e-con-boxed e-con e-parent\" data-id=\"3775030\" data-element_type=\"container\" data-e-type=\"container\">\r\n\t\t\t\t\t<div class=\"e-con-inner\">\r\n\t\t\t\t<div class=\"elementor-element elementor-element-9cd7cfc elementor-widget elementor-widget-porto_ultimate_heading\" data-id=\"9cd7cfc\" data-element_type=\"widget\" data-e-type=\"widget\" data-widget_type=\"porto_ultimate_heading.default\">\n\t\t\t\t<div class=\"elementor-widget-container\">\n\t\t\t\t\t<div class=\"porto-u-heading  porto-u-55ca8359258f9a412be7e73af65d2aac\"><div class=\"porto-u-main-heading\"><h2 data-plugin-animated-words data-plugin-options=\"{&quot;startDelay&quot;:0,&quot;minWindowWidth&quot;:0,&quot;animationName&quot;:&quot;fadeIn&quot;,&quot;contentType&quot;:&quot;word&quot;}\"  >Pol\u00edtica de devoluciones<\/h2><\/div><style>.porto-u-55ca8359258f9a412be7e73af65d2aac.porto-u-heading{text-align:center}<\/style><\/div>\t\t\t\t<\/div>\n\t\t\t\t<\/div>\n\t\t\t\t\t<\/div>\n\t\t\t\t<\/div>\n\t\t<div class=\"elementor-element elementor-element-80a37c5 e-flex e-con-boxed e-con e-parent\" data-id=\"80a37c5\" data-element_type=\"container\" data-e-type=\"container\">\r\n\t\t\t\t\t<div class=\"e-con-inner\">\r\n\t\t\t\t<div class=\"elementor-element elementor-element-139cd81 elementor-widget elementor-widget-text-editor\" data-id=\"139cd81\" data-element_type=\"widget\" data-e-type=\"widget\" data-widget_type=\"text-editor.default\">\n\t\t\t\t<div class=\"elementor-widget-container\">\n\t\t\t\t\t\t\t\t\t<p class=\"\" data-start=\"1734\" data-end=\"1913\">Debido a la <strong data-start=\"1745\" data-end=\"1792\">naturaleza qu\u00edmica de Caluanie Muelear Oxidize<\/strong> y el estricto cumplimiento de <strong data-start=\"1820\" data-end=\"1857\">leyes sobre transporte de materiales peligrosos<\/strong>tenemos un <strong data-start=\"1869\" data-end=\"1894\">pol\u00edtica de devoluciones limitada<\/strong> como se indica a continuaci\u00f3n:<\/p><h3 class=\"\" data-start=\"1915\" data-end=\"1947\"><strong data-start=\"1919\" data-end=\"1945\">1. Devoluciones Admisibilidad<\/strong><\/h3><p class=\"\" data-start=\"1948\" data-end=\"1978\">Aceptamos devoluciones <strong data-start=\"1966\" data-end=\"1977\">s\u00f3lo si<\/strong>:<\/p><ul data-start=\"1979\" data-end=\"2153\"><li class=\"\" data-start=\"1979\" data-end=\"2045\"><p class=\"\" data-start=\"1981\" data-end=\"2045\">El producto llega <strong data-start=\"2001\" data-end=\"2012\">da\u00f1ado<\/strong>, <strong data-start=\"2014\" data-end=\"2025\">fugas<\/strong>o <strong data-start=\"2030\" data-end=\"2043\">defectuoso<\/strong><\/p><\/li><li class=\"\" data-start=\"2046\" data-end=\"2090\"><p class=\"\" data-start=\"2048\" data-end=\"2090\">Se ha enviado un art\u00edculo o volumen incorrecto<\/p><\/li><li class=\"\" data-start=\"2091\" data-end=\"2153\"><p class=\"\" data-start=\"2093\" data-end=\"2153\">El producto es <strong data-start=\"2108\" data-end=\"2153\">sin usar, precintado y en su embalaje original<\/strong><\/p><\/li><\/ul><blockquote data-start=\"2155\" data-end=\"2223\"><p class=\"\" data-start=\"2157\" data-end=\"2223\"><strong data-start=\"2157\" data-end=\"2166\">Nota:<\/strong> Las devoluciones deben iniciarse en el plazo de <strong data-start=\"2200\" data-end=\"2210\">7 d\u00edas<\/strong> de entrega.<\/p><\/blockquote><h3 class=\"\" data-start=\"2225\" data-end=\"2261\"><strong data-start=\"2229\" data-end=\"2259\">2. C\u00f3mo solicitar una devoluci\u00f3n<\/strong><\/h3><p class=\"\" data-start=\"2262\" data-end=\"2282\">Para solicitar una devoluci\u00f3n:<\/p><ul data-start=\"2283\" data-end=\"2490\"><li class=\"\" data-start=\"2283\" data-end=\"2334\"><p class=\"\" data-start=\"2285\" data-end=\"2334\">Env\u00edenos un correo electr\u00f3nico a <strong>ventas<a rel=\"noopener\" data-start=\"2302\" data-end=\"2330\">@ultrabreakfluids.com<\/a><\/strong><\/p><\/li><li class=\"\" data-start=\"2335\" data-end=\"2427\"><p class=\"\" data-start=\"2337\" data-end=\"2427\">Incluya su <strong data-start=\"2350\" data-end=\"2385\">n\u00famero de pedido, motivo de la devoluci\u00f3n<\/strong>y <strong data-start=\"2391\" data-end=\"2409\">pruebas fotogr\u00e1ficas<\/strong> (si procede)<\/p><\/li><li class=\"\" data-start=\"2428\" data-end=\"2490\"><p class=\"\" data-start=\"2430\" data-end=\"2490\">Nuestro equipo revisar\u00e1 su solicitud en el plazo de <strong data-start=\"2471\" data-end=\"2490\">2 d\u00edas laborables<\/strong><\/p><\/li><\/ul><p class=\"\" data-start=\"2492\" data-end=\"2521\">Si se aprueba, le proporcionaremos:<\/p><ul data-start=\"2522\" data-end=\"2607\"><li class=\"\" data-start=\"2522\" data-end=\"2553\"><p class=\"\" data-start=\"2524\" data-end=\"2553\">Un c\u00f3digo de autorizaci\u00f3n de devoluci\u00f3n<\/p><\/li><li class=\"\" data-start=\"2554\" data-end=\"2607\"><p class=\"\" data-start=\"2556\" data-end=\"2607\">Instrucciones para un env\u00edo de devoluci\u00f3n seguro y conforme a las normas<\/p><\/li><\/ul><h3 class=\"\" data-start=\"2609\" data-end=\"2629\"><strong data-start=\"2613\" data-end=\"2627\">3. Devoluciones<\/strong><\/h3><ul data-start=\"2630\" data-end=\"2871\"><li class=\"\" data-start=\"2630\" data-end=\"2725\"><p class=\"\" data-start=\"2632\" data-end=\"2725\">Los reembolsos aprobados se tramitan en <strong data-start=\"2670\" data-end=\"2691\">5-7 d\u00edas laborables<\/strong> a su m\u00e9todo de pago original<\/p><\/li><li class=\"\" data-start=\"2726\" data-end=\"2806\"><p class=\"\" data-start=\"2728\" data-end=\"2806\">Los gastos de env\u00edo son <strong data-start=\"2746\" data-end=\"2764\">no reembolsable<\/strong>excepto cuando el error estaba de nuestra parte<\/p><\/li><li class=\"\" data-start=\"2807\" data-end=\"2871\"><p class=\"\" data-start=\"2809\" data-end=\"2871\">Si el producto ha sido abierto o utilizado, se podr\u00e1 aplicar un reembolso parcial.<\/p><\/li><\/ul><hr class=\"\" data-start=\"2873\" data-end=\"2876\" \/><h2 class=\"\" data-start=\"2878\" data-end=\"2903\"><img decoding=\"async\" class=\"emoji\" role=\"img\" draggable=\"false\" src=\"https:\/\/s.w.org\/images\/core\/emoji\/15.0.3\/svg\/274c.svg\" alt=\"\u274c\" title=\"\"> Art\u00edculos no retornables<\/h2><p class=\"\" data-start=\"2905\" data-end=\"2938\">Nosotros <strong data-start=\"2908\" data-end=\"2933\">no se aceptan devoluciones<\/strong> para:<\/p><ul data-start=\"2939\" data-end=\"3132\"><li class=\"\" data-start=\"2939\" data-end=\"2968\"><p class=\"\" data-start=\"2941\" data-end=\"2968\">Envases abiertos o usados<\/p><\/li><li class=\"\" data-start=\"2969\" data-end=\"3032\"><p class=\"\" data-start=\"2971\" data-end=\"3032\">Pedidos etiquetados a medida o al por mayor (por ejemplo, bidones de 50L o 100L)<\/p><\/li><li class=\"\" data-start=\"3033\" data-end=\"3132\"><p class=\"\" data-start=\"3035\" data-end=\"3132\">Env\u00edos internacionales rechazados por la aduana debido a <strong data-start=\"3086\" data-end=\"3109\">restricciones a la importaci\u00f3n<\/strong> en el pa\u00eds del comprador<\/p><\/li><\/ul><hr class=\"\" data-start=\"3134\" data-end=\"3137\" \/><h2 class=\"\" data-start=\"3139\" data-end=\"3155\"><img decoding=\"async\" class=\"emoji\" role=\"img\" draggable=\"false\" src=\"https:\/\/s.w.org\/images\/core\/emoji\/15.0.3\/svg\/1f4de.svg\" alt=\"\ud83d\udcde\" title=\"\"> \u00bfPreguntas?<\/h2><p class=\"\" data-start=\"3157\" data-end=\"3251\">Si tiene alguna pregunta sobre su pedido, el estado del env\u00edo o si puede devolverlo, p\u00f3ngase en contacto con nosotros:<\/p><p class=\"\" data-start=\"3253\" data-end=\"3373\"><strong data-start=\"3253\" data-end=\"3279\">UltraBreak Fluids Inc.<\/strong><br data-start=\"3279\" data-end=\"3282\" \/><img decoding=\"async\" class=\"emoji\" role=\"img\" draggable=\"false\" src=\"https:\/\/s.w.org\/images\/core\/emoji\/15.0.3\/svg\/1f4e7.svg\" alt=\"\ud83d\udce7\" title=\"\"> <a rel=\"noopener\" data-start=\"3285\" data-end=\"3313\">sales@ultrabreakfluids.com<\/a><br data-start=\"3313\" data-end=\"3316\" \/><img decoding=\"async\" class=\"emoji\" role=\"img\" draggable=\"false\" src=\"https:\/\/s.w.org\/images\/core\/emoji\/15.0.3\/svg\/1f4cd.svg\" alt=\"\ud83d\udccd\" title=\"\"> Las Vegas, Nevada<br data-start=\"3343\" data-end=\"3346\" \/><img decoding=\"async\" class=\"emoji\" role=\"img\" draggable=\"false\" src=\"https:\/\/s.w.org\/images\/core\/emoji\/15.0.3\/svg\/1f310.svg\" alt=\"\ud83c\udf10\" title=\"\"> <a class=\"\" href=\"https:\/\/ultrabreakfluids.com\/es\/\" target=\"_new\" rel=\"noopener\" data-start=\"3349\" data-end=\"3373\">www.ultrabreakfluids.com<\/a><\/p>\t\t\t\t\t\t\t\t<\/div>\n\t\t\t\t<\/div>\n\t\t\t\t\t<\/div>\n\t\t\t\t<\/div>\n\t\t\t\t<\/div>","protected":false},"excerpt":{"rendered":"<p>Return Policy Due to the chemical nature of Caluanie Muelear Oxidize and strict compliance with hazardous material transport laws, we have a limited return policy as outlined below: 1. Returns Eligibility We accept returns only if: The product arrives damaged, leaking, or defective The incorrect item or volume was shipped The product is unused, sealed, [&hellip;]<\/p>\n","protected":false},"author":1,"featured_media":0,"parent":0,"menu_order":0,"comment_status":"closed","ping_status":"closed","template":"","meta":{"_acf_changed":false,"rs_blank_template":"","rs_page_bg_color":"","slide_template_v7":"","_monsterinsights_skip_tracking":false,"_monsterinsights_sitenote_active":false,"_monsterinsights_sitenote_note":"","_monsterinsights_sitenote_category":0,"footnotes":""},"class_list":["post-2099","page","type-page","status-publish","hentry"],"acf":[],"_hostinger_reach_plugin_has_subscription_block":false,"_hostinger_reach_plugin_is_elementor":false,"jetpack_sharing_enabled":true,"_links":{"self":[{"href":"https:\/\/ultrabreakfluids.com\/es\/wp-json\/wp\/v2\/pages\/2099","targetHints":{"allow":["GET"]}}],"collection":[{"href":"https:\/\/ultrabreakfluids.com\/es\/wp-json\/wp\/v2\/pages"}],"about":[{"href":"https:\/\/ultrabreakfluids.com\/es\/wp-json\/wp\/v2\/types\/page"}],"author":[{"embeddable":true,"href":"https:\/\/ultrabreakfluids.com\/es\/wp-json\/wp\/v2\/users\/1"}],"replies":[{"embeddable":true,"href":"https:\/\/ultrabreakfluids.com\/es\/wp-json\/wp\/v2\/comments?post=2099"}],"version-history":[{"count":8,"href":"https:\/\/ultrabreakfluids.com\/es\/wp-json\/wp\/v2\/pages\/2099\/revisions"}],"predecessor-version":[{"id":2325,"href":"https:\/\/ultrabreakfluids.com\/es\/wp-json\/wp\/v2\/pages\/2099\/revisions\/2325"}],"wp:attachment":[{"href":"https:\/\/ultrabreakfluids.com\/es\/wp-json\/wp\/v2\/media?parent=2099"}],"curies":[{"name":"wp","href":"https:\/\/api.w.org\/{rel}","templated":true}]}}