{"id":2163,"date":"2025-05-05T08:21:16","date_gmt":"2025-05-05T08:21:16","guid":{"rendered":"https:\/\/ultrabreakfluids.com\/?page_id=2163"},"modified":"2025-06-12T16:54:59","modified_gmt":"2025-06-12T16:54:59","slug":"zahlungsoptionen-fur-den-versand","status":"publish","type":"page","link":"https:\/\/ultrabreakfluids.com\/de\/zahlungsoptionen-fur-den-versand\/","title":{"rendered":"Versand &amp; Zahlungsoptionen"},"content":{"rendered":"<div data-elementor-type=\"wp-page\" data-elementor-id=\"2163\" class=\"elementor elementor-2163\" data-elementor-post-type=\"page\">\n\t\t\t\t<div class=\"elementor-element elementor-element-253c53a e-flex e-con-boxed e-con e-parent\" data-id=\"253c53a\" data-element_type=\"container\" data-e-type=\"container\">\r\n\t\t\t\t\t<div class=\"e-con-inner\">\r\n\t\t\t\t<div class=\"elementor-element elementor-element-1ecd6f5 elementor-headline--style-highlight elementor-widget elementor-widget-animated-headline\" data-id=\"1ecd6f5\" data-element_type=\"widget\" data-e-type=\"widget\" data-settings=\"{&quot;highlighted_text&quot;:&quot;Shipping &amp; Payment Options&quot;,&quot;headline_style&quot;:&quot;highlight&quot;,&quot;marker&quot;:&quot;circle&quot;,&quot;loop&quot;:&quot;yes&quot;,&quot;highlight_animation_duration&quot;:1200,&quot;highlight_iteration_delay&quot;:8000}\" data-widget_type=\"animated-headline.default\">\n\t\t\t\t<div class=\"elementor-widget-container\">\n\t\t\t\t\t\t\t<h3 class=\"elementor-headline\">\n\t\t\t\t<span class=\"elementor-headline-dynamic-wrapper elementor-headline-text-wrapper\">\n\t\t\t\t\t<span class=\"elementor-headline-dynamic-text elementor-headline-text-active\">Shipping &amp; Payment Options<\/span>\n\t\t\t\t<\/span>\n\t\t\t\t<\/h3>\n\t\t\t\t\t\t<\/div>\n\t\t\t\t<\/div>\n\t\t\t\t\t<\/div>\n\t\t\t\t<\/div>\n\t\t<div class=\"elementor-element elementor-element-593978e e-flex e-con-boxed e-con e-parent\" data-id=\"593978e\" data-element_type=\"container\" data-e-type=\"container\">\r\n\t\t\t\t\t<div class=\"e-con-inner\">\r\n\t\t\t\t<div class=\"elementor-element elementor-element-9c4fe0e elementor-widget elementor-widget-text-editor\" data-id=\"9c4fe0e\" data-element_type=\"widget\" data-e-type=\"widget\" data-widget_type=\"text-editor.default\">\n\t\t\t\t<div class=\"elementor-widget-container\">\n\t\t\t\t\t\t\t\t\t<h4 data-start=\"425\" data-end=\"518\"><strong data-start=\"425\" data-end=\"451\">UltraBreak Fluids Inc.<\/strong><br data-start=\"451\" data-end=\"454\" \/><em data-start=\"454\" data-end=\"518\">U.S.-basierter globaler Lieferant von Premium Caluanie Muelear Oxidize<\/em><\/h4><p class=\"\" data-start=\"520\" data-end=\"750\">Wir bieten unseren nationalen und internationalen Kunden sichere, r\u00fcckverfolgbare und vorschriftenkonforme Versand- und Zahlungsoptionen. Alle Prozesse unterliegen dem US-Recht und sind mit internationalen Standards f\u00fcr den Chemietransport abgestimmt.<\/p>\t\t\t\t\t\t\t\t<\/div>\n\t\t\t\t<\/div>\n\t\t\t\t\t<\/div>\n\t\t\t\t<\/div>\n\t\t<div class=\"elementor-element elementor-element-5af6c88 e-flex e-con-boxed e-con e-parent\" data-id=\"5af6c88\" data-element_type=\"container\" data-e-type=\"container\">\r\n\t\t\t\t\t<div class=\"e-con-inner\">\r\n\t\t\t\t<div class=\"elementor-element elementor-element-ecfbb46 elementor-widget elementor-widget-heading\" data-id=\"ecfbb46\" data-element_type=\"widget\" data-e-type=\"widget\" data-widget_type=\"heading.default\">\n\t\t\t\t<div class=\"elementor-widget-container\">\n\t\t\t\t\t<h3 class=\"elementor-heading-title elementor-size-default\">Informationen zum Versand<\/h3>\t\t\t\t<\/div>\n\t\t\t\t<\/div>\n\t\t\t\t\t<\/div>\n\t\t\t\t<\/div>\n\t\t<div class=\"elementor-element elementor-element-5cd48dd e-flex e-con-boxed e-con e-parent\" data-id=\"5cd48dd\" data-element_type=\"container\" data-e-type=\"container\">\r\n\t\t\t\t\t<div class=\"e-con-inner\">\r\n\t\t\t\t<div class=\"elementor-element elementor-element-d3876ec elementor-widget elementor-widget-text-editor\" data-id=\"d3876ec\" data-element_type=\"widget\" data-e-type=\"widget\" data-widget_type=\"text-editor.default\">\n\t\t\t\t<div class=\"elementor-widget-container\">\n\t\t\t\t\t\t\t\t\t<h4 class=\"\" data-start=\"786\" data-end=\"828\">Globale Lieferung - Gefahrgut zertifiziert<\/h4><p class=\"\" data-start=\"829\" data-end=\"1020\">Wir versenden Caluanie Muelear Oxidize weltweit mit <strong data-start=\"878\" data-end=\"919\">lizenzierte Gefahrguttransporteure<\/strong>. Jede Sendung wird nach den h\u00f6chsten Sicherheits-, Dokumentations- und Rechtsnormen abgewickelt.<\/p><p class=\"\" data-start=\"1022\" data-end=\"1044\"><strong data-start=\"1022\" data-end=\"1044\">Versandmerkmale:<\/strong><\/p><ul data-start=\"1045\" data-end=\"1249\"><li class=\"\" data-start=\"1045\" data-end=\"1104\"><p class=\"\" data-start=\"1047\" data-end=\"1104\">Internationaler Gefahrgutversand (IATA, DOT, IMDG-konform)<\/p><\/li><li class=\"\" data-start=\"1105\" data-end=\"1139\"><p class=\"\" data-start=\"1107\" data-end=\"1139\">Sichere, f\u00e4lschungssichere Verpackung<\/p><\/li><li class=\"\" data-start=\"1140\" data-end=\"1184\"><p class=\"\" data-start=\"1142\" data-end=\"1184\">Sendungsverfolgung innerhalb von 48 Stunden<\/p><\/li><li class=\"\" data-start=\"1185\" data-end=\"1249\"><p class=\"\" data-start=\"1187\" data-end=\"1249\">Lieferzeit: 5-12 Arbeitstage weltweit (je nach Land unterschiedlich)<\/p><\/li><\/ul><blockquote data-start=\"1434\" data-end=\"1579\"><p class=\"\" data-start=\"1436\" data-end=\"1579\"><strong data-start=\"1439\" data-end=\"1448\">Anmerkung:<\/strong> Alle Sendungen sind versichert. Wir haften nicht f\u00fcr Verz\u00f6gerungen aufgrund von Zollabfertigungen oder fehlerhaften Unterlagen, die vom K\u00e4ufer zur Verf\u00fcgung gestellt werden.<\/p><\/blockquote>\t\t\t\t\t\t\t\t<\/div>\n\t\t\t\t<\/div>\n\t\t\t\t\t<\/div>\n\t\t\t\t<\/div>\n\t\t<div class=\"elementor-element elementor-element-d9e31f3 e-flex e-con-boxed e-con e-parent\" data-id=\"d9e31f3\" data-element_type=\"container\" data-e-type=\"container\">\r\n\t\t\t\t\t<div class=\"e-con-inner\">\r\n\t\t\t\t<div class=\"elementor-element elementor-element-c71a98d elementor-widget elementor-widget-text-editor\" data-id=\"c71a98d\" data-element_type=\"widget\" data-e-type=\"widget\" data-widget_type=\"text-editor.default\">\n\t\t\t\t<div class=\"elementor-widget-container\">\n\t\t\t\t\t\t\t\t\t<h4 class=\"\" data-start=\"1586\" data-end=\"1616\"><strong>Inlandsversand in den U.S.A.<\/strong><\/h4><p class=\"\" data-start=\"1617\" data-end=\"1766\">Alle Bestellungen aus den USA werden \u00fcber DOT-konforme Kurierdienste versandt. Vor dem Versand kann der Nachweis einer gesch\u00e4ftlichen oder beruflichen Qualifikation verlangt werden.<\/p><p class=\"\" data-start=\"1768\" data-end=\"1869\"><strong data-start=\"1768\" data-end=\"1790\">Zeitplan f\u00fcr die Lieferung:<\/strong> 3-7 Arbeitstage<br data-start=\"1808\" data-end=\"1811\" \/><strong data-start=\"1811\" data-end=\"1825\">Versicherung:<\/strong> Eingeschlossen<br data-start=\"1834\" data-end=\"1837\" \/><strong data-start=\"1837\" data-end=\"1850\">Verfolgung:<\/strong> Per E-Mail zur Verf\u00fcgung gestellt<\/p>\t\t\t\t\t\t\t\t<\/div>\n\t\t\t\t<\/div>\n\t\t\t\t\t<\/div>\n\t\t\t\t<\/div>\n\t\t<div class=\"elementor-element elementor-element-1bcd5f0 e-flex e-con-boxed e-con e-parent\" data-id=\"1bcd5f0\" data-element_type=\"container\" data-e-type=\"container\">\r\n\t\t\t\t\t<div class=\"e-con-inner\">\r\n\t\t\t\t<div class=\"elementor-element elementor-element-563ea0e elementor-widget elementor-widget-text-editor\" data-id=\"563ea0e\" data-element_type=\"widget\" data-e-type=\"widget\" data-widget_type=\"text-editor.default\">\n\t\t\t\t<div class=\"elementor-widget-container\">\n\t\t\t\t\t\t\t\t\t<h3 class=\"\" data-start=\"2246\" data-end=\"2268\">ZAHLUNGSM\u00d6GLICHKEITEN<\/h3><p class=\"\" data-start=\"2270\" data-end=\"2482\">Alle Transaktionen sind <strong data-start=\"2291\" data-end=\"2323\">verifiziert, rechtlich dokumentiert<\/strong>und ausgestellt unter <strong data-start=\"2342\" data-end=\"2373\">UltraBreakFluids Inc., USA<\/strong>. Wir bieten sichere und transparente Zahlungsmethoden, die auf hochwertige Industrieprodukte mit eingeschr\u00e4nktem Verwendungszweck zugeschnitten sind.<\/p><hr class=\"\" data-start=\"2484\" data-end=\"2487\" \/><h4 class=\"\" data-start=\"2489\" data-end=\"2540\">Bank\u00fcberweisung\u00a0<\/h4><hr class=\"\" data-start=\"2708\" data-end=\"2711\" \/><h4 class=\"\" data-start=\"2713\" data-end=\"2746\">Zelle\u00ae (nur f\u00fcr U.S.-Kunden)<\/h4><hr class=\"\" data-start=\"2891\" data-end=\"2894\" \/><h4>USDT (TRC20) \/ USDC\u00a0<\/h4><h4><strong>ETH (Ethereum)<\/strong><\/h4><h4><strong>BTC (Bitcoin)<\/strong><\/h4><h4><strong>BNB (Binance-M\u00fcnze)<\/strong><\/h4><h4><strong>Litecoin<\/strong><\/h4><h4><strong>Andere Kryptow\u00e4hrungen<\/strong><\/h4><hr class=\"\" data-start=\"3115\" data-end=\"3118\" \/><h4>\u00a0Klug\u00a0<\/h4><h4>Apple Pay<\/h4><h4>Glockenspiel<\/h4><h4>Vemno<\/h4><h4>PayPal<\/h4><h4>E-Transfer\u00a0<\/h4>\t\t\t\t\t\t\t\t<\/div>\n\t\t\t\t<\/div>\n\t\t\t\t\t<\/div>\n\t\t\t\t<\/div>\n\t\t<div class=\"elementor-element elementor-element-f3a6bb5 e-flex e-con-boxed e-con e-parent\" data-id=\"f3a6bb5\" data-element_type=\"container\" data-e-type=\"container\">\r\n\t\t\t\t\t<div class=\"e-con-inner\">\r\n\t\t\t\t<div class=\"elementor-element elementor-element-7112076 elementor-widget elementor-widget-text-editor\" data-id=\"7112076\" data-element_type=\"widget\" data-e-type=\"widget\" data-widget_type=\"text-editor.default\">\n\t\t\t\t<div class=\"elementor-widget-container\">\n\t\t\t\t\t\t\t\t\t<h3 class=\"\" data-start=\"3437\" data-end=\"3483\">Transaktionssicherheit und Rechtskonformit\u00e4t<\/h3><p class=\"\" data-start=\"3485\" data-end=\"3528\">Jede Zahlung an UltraBreakFluids Inc. ist:<\/p><ul data-start=\"3529\" data-end=\"3723\"><li class=\"\" data-start=\"3529\" data-end=\"3569\"><p class=\"\" data-start=\"3531\" data-end=\"3569\">Gesch\u00fctzt durch 256-Bit-SSL-Verschl\u00fcsselung<\/p><\/li><li class=\"\" data-start=\"3570\" data-end=\"3617\"><p class=\"\" data-start=\"3572\" data-end=\"3617\">Dokumentiert mit digitaler Rechnung und Quittung<\/p><\/li><\/ul><hr class=\"\" data-start=\"3868\" data-end=\"3871\" \/><h3 class=\"\" data-start=\"3873\" data-end=\"3890\">Brauchen Sie Hilfe?<\/h3><p class=\"\" data-start=\"3891\" data-end=\"3948\">F\u00fcr Fragen zum Versand, zur Unterst\u00fctzung beim Zoll oder zur Rechnungsstellung:<\/p><p class=\"\" data-start=\"3950\" data-end=\"4067\"><strong data-start=\"3953\" data-end=\"3985\"><a rel=\"noopener\" data-start=\"3955\" data-end=\"3983\">sales@ultrabreakfluids.com<\/a><\/strong><br data-start=\"4033\" data-end=\"4036\" \/><strong data-start=\"4039\" data-end=\"4067\"><a class=\"\" href=\"https:\/\/ultrabreakfluids.com\/de\/\" target=\"_new\" rel=\"noopener\" data-start=\"4041\" data-end=\"4065\">www.ultrabreakfluids.com<\/a><\/strong><\/p><h3 class=\"\" data-start=\"4074\" data-end=\"4096\">Juristische Erkl\u00e4rung<\/h3><p class=\"\" data-start=\"4097\" data-end=\"4397\">UltraBreakFluids Inc. ist ein in den USA registrierter Lieferant, der in \u00dcbereinstimmung mit allen geltenden Gesetzen bez\u00fcglich des Versands und des Verkaufs von Caluanie Muelear Oxidize arbeitet.<\/p>\t\t\t\t\t\t\t\t<\/div>\n\t\t\t\t<\/div>\n\t\t\t\t\t<\/div>\n\t\t\t\t<\/div>\n\t\t\t\t<\/div>","protected":false},"excerpt":{"rendered":"<p>Shipping &#038; Payment Options UltraBreak Fluids Inc.U.S.-Based Global Supplier of Premium Caluanie Muelear Oxidize We offer secure, traceable, and regulation-compliant shipping and payment options to serve our domestic and international clients. All processes are governed by U.S. law and aligned with international chemical transport standards. Shipping Information Global Delivery \u2013 Hazmat Certified We ship Caluanie [&hellip;]<\/p>\n","protected":false},"author":1,"featured_media":0,"parent":0,"menu_order":0,"comment_status":"closed","ping_status":"closed","template":"","meta":{"_acf_changed":false,"rs_blank_template":"","rs_page_bg_color":"","slide_template_v7":"","_monsterinsights_skip_tracking":false,"_monsterinsights_sitenote_active":false,"_monsterinsights_sitenote_note":"","_monsterinsights_sitenote_category":0,"footnotes":""},"class_list":["post-2163","page","type-page","status-publish","hentry"],"acf":[],"_hostinger_reach_plugin_has_subscription_block":false,"_hostinger_reach_plugin_is_elementor":false,"jetpack_sharing_enabled":true,"_links":{"self":[{"href":"https:\/\/ultrabreakfluids.com\/de\/wp-json\/wp\/v2\/pages\/2163","targetHints":{"allow":["GET"]}}],"collection":[{"href":"https:\/\/ultrabreakfluids.com\/de\/wp-json\/wp\/v2\/pages"}],"about":[{"href":"https:\/\/ultrabreakfluids.com\/de\/wp-json\/wp\/v2\/types\/page"}],"author":[{"embeddable":true,"href":"https:\/\/ultrabreakfluids.com\/de\/wp-json\/wp\/v2\/users\/1"}],"replies":[{"embeddable":true,"href":"https:\/\/ultrabreakfluids.com\/de\/wp-json\/wp\/v2\/comments?post=2163"}],"version-history":[{"count":5,"href":"https:\/\/ultrabreakfluids.com\/de\/wp-json\/wp\/v2\/pages\/2163\/revisions"}],"predecessor-version":[{"id":2326,"href":"https:\/\/ultrabreakfluids.com\/de\/wp-json\/wp\/v2\/pages\/2163\/revisions\/2326"}],"wp:attachment":[{"href":"https:\/\/ultrabreakfluids.com\/de\/wp-json\/wp\/v2\/media?parent=2163"}],"curies":[{"name":"wp","href":"https:\/\/api.w.org\/{rel}","templated":true}]}}