{"id":2121,"date":"2025-05-02T03:35:10","date_gmt":"2025-05-02T03:35:10","guid":{"rendered":"https:\/\/ultrabreakfluids.com\/?page_id=2121"},"modified":"2025-06-12T16:41:01","modified_gmt":"2025-06-12T16:41:01","slug":"unsere-garantien","status":"publish","type":"page","link":"https:\/\/ultrabreakfluids.com\/de\/unsere-garantien\/","title":{"rendered":"Unsere Garantien"},"content":{"rendered":"<div data-elementor-type=\"wp-page\" data-elementor-id=\"2121\" class=\"elementor elementor-2121\" data-elementor-post-type=\"page\">\n\t\t\t\t<div class=\"elementor-element elementor-element-5778096 e-flex e-con-boxed e-con e-parent\" data-id=\"5778096\" data-element_type=\"container\" data-e-type=\"container\">\r\n\t\t\t\t\t<div class=\"e-con-inner\">\r\n\t\t\t\t<div class=\"elementor-element elementor-element-b82984d elementor-headline--style-highlight elementor-widget elementor-widget-animated-headline\" data-id=\"b82984d\" data-element_type=\"widget\" data-e-type=\"widget\" data-settings=\"{&quot;marker&quot;:&quot;curly&quot;,&quot;highlighted_text&quot;:&quot;Our Guarantees&quot;,&quot;headline_style&quot;:&quot;highlight&quot;,&quot;loop&quot;:&quot;yes&quot;,&quot;highlight_animation_duration&quot;:1200,&quot;highlight_iteration_delay&quot;:8000}\" data-widget_type=\"animated-headline.default\">\n\t\t\t\t<div class=\"elementor-widget-container\">\n\t\t\t\t\t\t\t<h3 class=\"elementor-headline\">\n\t\t\t\t<span class=\"elementor-headline-dynamic-wrapper elementor-headline-text-wrapper\">\n\t\t\t\t\t<span class=\"elementor-headline-dynamic-text elementor-headline-text-active\">Unsere Garantien<\/span>\n\t\t\t\t<\/span>\n\t\t\t\t<\/h3>\n\t\t\t\t\t\t<\/div>\n\t\t\t\t<\/div>\n\t\t\t\t\t<\/div>\n\t\t\t\t<\/div>\n\t\t<div class=\"elementor-element elementor-element-bd3ff43 e-flex e-con-boxed e-con e-parent\" data-id=\"bd3ff43\" data-element_type=\"container\" data-e-type=\"container\">\r\n\t\t\t\t\t<div class=\"e-con-inner\">\r\n\t\t\t\t<div class=\"elementor-element elementor-element-122906f elementor-widget elementor-widget-text-editor\" data-id=\"122906f\" data-element_type=\"widget\" data-e-type=\"widget\" data-widget_type=\"text-editor.default\">\n\t\t\t\t<div class=\"elementor-widget-container\">\n\t\t\t\t\t\t\t\t\t<p class=\"\" data-start=\"404\" data-end=\"459\"><strong data-start=\"404\" data-end=\"459\">UltraBreakFluids.com | UltraBreakFluids Inc. - USA<\/strong><\/p><p class=\"\" data-start=\"461\" data-end=\"831\">Unter <strong data-start=\"464\" data-end=\"490\">UltraBreakFluids Inc.<\/strong>sind wir stolz darauf, nicht nur zu liefern <strong data-start=\"529\" data-end=\"588\">das hochwertigste Caluanie Muelear Oxidize der Welt<\/strong>sondern auch absolute Transparenz, Einhaltung der gesetzlichen Bestimmungen und absolutes Kundenvertrauen. Ganz gleich, ob Sie innerhalb der USA oder international bestellen, unsere Garantien sch\u00fctzen Ihre Investitionen, Ihren Betrieb und Ihren Seelenfrieden.<\/p><hr class=\"\" data-start=\"833\" data-end=\"836\" \/><h2 class=\"\" data-start=\"838\" data-end=\"874\"><strong data-start=\"843\" data-end=\"874\">1. Garantie der Produktreinheit<\/strong><\/h2><p class=\"\" data-start=\"876\" data-end=\"1057\">Jede Flasche, jedes Fass oder jeder Beh\u00e4lter mit <strong data-start=\"912\" data-end=\"940\">Caluanie Muelear Oxidieren<\/strong> die von UltraBreakFluids Inc. versandt werden, erf\u00fcllen oder \u00fcbertreffen international anerkannte <strong data-start=\"1019\" data-end=\"1056\">Reinheitsstandards in Industriequalit\u00e4t<\/strong>.<\/p><ul data-start=\"1059\" data-end=\"1274\"><li class=\"\" data-start=\"1059\" data-end=\"1126\"><p class=\"\" data-start=\"1061\" data-end=\"1126\">Unterst\u00fctzt durch eigene und fremde <strong data-start=\"1096\" data-end=\"1124\">Qualit\u00e4tskontrollanalyse<\/strong><\/p><\/li><li class=\"\" data-start=\"1127\" data-end=\"1204\"><p class=\"\" data-start=\"1129\" data-end=\"1204\">Enth\u00e4lt eine vollst\u00e4ndige Dokumentation: <strong data-start=\"1158\" data-end=\"1166\">MSDS<\/strong>, <strong data-start=\"1168\" data-end=\"1175\">COA<\/strong>und <strong data-start=\"1181\" data-end=\"1202\">Chargenverfolgungs-ID<\/strong><\/p><\/li><li class=\"\" data-start=\"1205\" data-end=\"1274\"><p class=\"\" data-start=\"1207\" data-end=\"1274\">F\u00e4lschungssichere Verpackung zur Gew\u00e4hrleistung der Produktintegrit\u00e4t w\u00e4hrend des Transports<\/p><\/li><\/ul><blockquote data-start=\"1276\" data-end=\"1420\"><p class=\"\" data-start=\"1278\" data-end=\"1420\">\u00a0Wenn Ihr Produkt nicht mit der beworbenen Spezifikation \u00fcbereinstimmt, werden wir dies untersuchen und, falls best\u00e4tigt, einen Ersatz anbieten. <strong data-start=\"1389\" data-end=\"1419\">vollst\u00e4ndiger Ersatz oder Erstattung<\/strong>.<\/p><\/blockquote><hr class=\"\" data-start=\"1422\" data-end=\"1425\" \/><h2 class=\"\" data-start=\"1427\" data-end=\"1487\">\u00a0<strong data-start=\"1433\" data-end=\"1487\">2. Sichere und konforme weltweite Versandgarantie<\/strong><\/h2><p class=\"\" data-start=\"1489\" data-end=\"1602\">Wir garantieren eine professionelle Abwicklung und Lieferung Ihres Produkts - sicher und legal - unabh\u00e4ngig von Ihrem Standort.<\/p><ul data-start=\"1604\" data-end=\"1863\"><li class=\"\" data-start=\"1604\" data-end=\"1689\"><p class=\"\" data-start=\"1606\" data-end=\"1689\">Vollst\u00e4ndig konform mit <strong data-start=\"1627\" data-end=\"1645\">U.S. DOT, IATA<\/strong>und <strong data-start=\"1651\" data-end=\"1687\">internationale Gefahrgutvorschriften<\/strong><\/p><\/li><li class=\"\" data-start=\"1690\" data-end=\"1777\"><p class=\"\" data-start=\"1692\" data-end=\"1777\">Wir stellen vollst\u00e4ndige Exportdokumente zur Verf\u00fcgung, um die Importanforderungen Ihres Landes zu erf\u00fcllen.<\/p><\/li><li class=\"\" data-start=\"1778\" data-end=\"1863\"><p class=\"\" data-start=\"1780\" data-end=\"1863\">Alle Sendungen sind <strong data-start=\"1798\" data-end=\"1809\">Verfolgt<\/strong>, <strong data-start=\"1811\" data-end=\"1822\">versichert<\/strong>und <strong data-start=\"1828\" data-end=\"1847\">doppelt verifiziert<\/strong> vor dem Versand<\/p><\/li><\/ul><blockquote data-start=\"1865\" data-end=\"2018\"><p class=\"\" data-start=\"1867\" data-end=\"2018\">Wenn Ihre Bestellung aufgrund eines nachgewiesenen Versandfehlers unsererseits nicht zustellbar ist, werden wir <strong data-start=\"1953\" data-end=\"1973\">R\u00fccksendung oder Erstattung<\/strong> in \u00dcbereinstimmung mit unseren <a class=\"\" href=\"https:\/\/ultrabreakfluids.com\/de\/shipping-policy\/\" rel=\"noopener\" data-start=\"1997\" data-end=\"2017\">Versandpolitik<\/a>.<\/p><\/blockquote><hr class=\"\" data-start=\"2020\" data-end=\"2023\" \/><h2 class=\"\" data-start=\"2025\" data-end=\"2076\">\u00a0<strong data-start=\"2031\" data-end=\"2076\">3. Garantie f\u00fcr Vertraulichkeit und Diskretion<\/strong><\/h2><p class=\"\" data-start=\"2078\" data-end=\"2216\">UltraBreak Fluids Inc. respektiert die kommerzielle Sensibilit\u00e4t und die rechtlichen Erw\u00e4gungen unserer K\u00e4ufer, insbesondere in spezialisierten Branchen.<\/p><ul data-start=\"2218\" data-end=\"2459\"><li class=\"\" data-start=\"2218\" data-end=\"2288\"><p class=\"\" data-start=\"2220\" data-end=\"2288\">Alle Auftr\u00e4ge und Kundendaten werden bearbeitet <strong data-start=\"2262\" data-end=\"2286\">streng vertraulich<\/strong><\/p><\/li><li class=\"\" data-start=\"2289\" data-end=\"2375\"><p class=\"\" data-start=\"2291\" data-end=\"2375\">Ihre Daten werden durch unser <a class=\"\" href=\"https:\/\/ultrabreakfluids.com\/de\/datenschutzerklarung\/\" rel=\"noopener\" data-start=\"2324\" data-end=\"2343\">Datenschutzbestimmungen<\/a> und US-Datenschutzgesetze<\/p><\/li><li class=\"\" data-start=\"2376\" data-end=\"2459\"><p class=\"\" data-start=\"2378\" data-end=\"2459\">Keine Informationen werden jemals verkauft oder ohne gesetzliche Verpflichtung an Dritte weitergegeben.<\/p><\/li><\/ul><blockquote data-start=\"2461\" data-end=\"2557\"><p class=\"\" data-start=\"2463\" data-end=\"2557\">\u00a0Unsere Plattform verwendet SSL-Verschl\u00fcsselung und verifizierte Zahlungsgateways, um jede Transaktion zu sichern.<\/p><\/blockquote><h2 class=\"\" data-start=\"2564\" data-end=\"2613\">\u00a0<strong data-start=\"2570\" data-end=\"2613\">4. Dokumentation &amp; Compliance-Garantie<\/strong><\/h2><p class=\"\" data-start=\"2615\" data-end=\"2702\">Wir liefern mit jeder Bestellung nach dem Kauf eine rechtsverbindliche, exportkonforme Dokumentation, einschlie\u00dflich:<\/p><ul data-start=\"2704\" data-end=\"2919\"><li class=\"\" data-start=\"2704\" data-end=\"2746\"><p class=\"\" data-start=\"2706\" data-end=\"2746\"><strong data-start=\"2706\" data-end=\"2744\">Materialsicherheitsdatenbl\u00e4tter (MSDS)<\/strong><\/p><\/li><li class=\"\" data-start=\"2747\" data-end=\"2784\"><p class=\"\" data-start=\"2749\" data-end=\"2784\"><strong data-start=\"2749\" data-end=\"2782\">Analysezertifikat (COA)<\/strong><\/p><\/li><li class=\"\" data-start=\"2785\" data-end=\"2832\"><p class=\"\" data-start=\"2787\" data-end=\"2832\"><strong data-start=\"2787\" data-end=\"2830\">Handelsrechnung &amp; Gefahrenguterkl\u00e4rung<\/strong><\/p><\/li><li class=\"\" data-start=\"2833\" data-end=\"2919\"><p class=\"\" data-start=\"2835\" data-end=\"2919\">Zus\u00e4tzliche Konformit\u00e4tsunterlagen auf Anfrage (z. B. SDB, Einfuhrgenehmigungsschreiben)<\/p><\/li><\/ul><blockquote data-start=\"2921\" data-end=\"3008\"><p class=\"\" data-start=\"2923\" data-end=\"3008\">\u00a0Wenn ein erforderliches Dokument fehlt, werden wir <strong data-start=\"2969\" data-end=\"3007\">ihn innerhalb von 24 Stunden digital ausgeben<\/strong>.<\/p><\/blockquote><hr class=\"\" data-start=\"3010\" data-end=\"3013\" \/><h2 class=\"\" data-start=\"3015\" data-end=\"3063\">\u00a0<strong data-start=\"3021\" data-end=\"3063\">5. Zufriedenheits- und L\u00f6sungsgarantie<\/strong><\/h2><p class=\"\" data-start=\"3065\" data-end=\"3146\">Wir garantieren eine rechtzeitige und professionelle L\u00f6sung aller Probleme im Zusammenhang mit Ihrer Bestellung.<\/p><ul data-start=\"3148\" data-end=\"3356\"><li class=\"\" data-start=\"3148\" data-end=\"3210\"><p class=\"\" data-start=\"3150\" data-end=\"3210\"><strong data-start=\"3150\" data-end=\"3178\">7-Tage-R\u00fcckgabeberechtigung<\/strong> bei besch\u00e4digten oder falschen Artikeln<\/p><\/li><li class=\"\" data-start=\"3211\" data-end=\"3284\"><p class=\"\" data-start=\"3213\" data-end=\"3284\"><strong data-start=\"3213\" data-end=\"3244\">Schnelle Streitbeilegung<\/strong> \u00fcber unser Compliance- und Logistikteam<\/p><\/li><li class=\"\" data-start=\"3285\" data-end=\"3356\"><p class=\"\" data-start=\"3287\" data-end=\"3356\">Pers\u00f6nlicher Kundenservice - keine automatisierten Systeme, nur echte Experten<\/p><\/li><\/ul><blockquote data-start=\"3358\" data-end=\"3485\"><p class=\"\" data-start=\"3360\" data-end=\"3485\">\u00a0Ihre Zufriedenheit ist unser Ruf. Wenn wir die Erwartungen nicht erf\u00fcllen, werden wir alles tun, was fair und rechtm\u00e4\u00dfig ist, um dies zu korrigieren.<\/p><\/blockquote><hr class=\"\" data-start=\"3487\" data-end=\"3490\" \/><h2 class=\"\" data-start=\"3492\" data-end=\"3522\">\u00a0<strong data-start=\"3498\" data-end=\"3522\">Unser rechtliches Engagement<\/strong><\/h2><p class=\"\" data-start=\"3524\" data-end=\"3580\">UltraBreak Fluids Inc. arbeitet in voller \u00dcbereinstimmung mit:<\/p><ul data-start=\"3581\" data-end=\"3819\"><li class=\"\" data-start=\"3581\" data-end=\"3637\"><p class=\"\" data-start=\"3583\" data-end=\"3637\"><strong data-start=\"3583\" data-end=\"3635\">Bundesgesetze der Vereinigten Staaten zum Vertrieb von Chemikalien<\/strong><\/p><\/li><li class=\"\" data-start=\"3638\" data-end=\"3685\"><p class=\"\" data-start=\"3640\" data-end=\"3685\"><strong data-start=\"3640\" data-end=\"3683\">Exportverwaltungsvorschriften (EAR)<\/strong><\/p><\/li><li class=\"\" data-start=\"3686\" data-end=\"3744\"><p class=\"\" data-start=\"3688\" data-end=\"3744\"><strong data-start=\"3688\" data-end=\"3712\">EPA- und OSHA-Normen<\/strong> f\u00fcr die Sicherheit von Chemikalien am Arbeitsplatz<\/p><\/li><li class=\"\" data-start=\"3745\" data-end=\"3819\"><p class=\"\" data-start=\"3747\" data-end=\"3819\">Einschl\u00e4gige <strong data-start=\"3756\" data-end=\"3785\">staatliche Handelsgesetze<\/strong> anwendbar auf gef\u00e4hrliche Stoffe<\/p><\/li><\/ul><p class=\"\" data-start=\"3821\" data-end=\"3909\">Wir garantieren <strong data-start=\"3834\" data-end=\"3850\">legaler Handel<\/strong> und <strong data-start=\"3855\" data-end=\"3887\">Ethische Verantwortung f\u00fcr Chemikalien<\/strong> bei jeder Transaktion.<\/p>\t\t\t\t\t\t\t\t<\/div>\n\t\t\t\t<\/div>\n\t\t\t\t\t<\/div>\n\t\t\t\t<\/div>\n\t\t\t\t<\/div>","protected":false},"excerpt":{"rendered":"<p>Our Guarantees UltraBreakFluids.com | UltraBreakFluids Inc. \u2013 USA At UltraBreakFluids Inc., we take pride in delivering not only the highest-grade Caluanie Muelear Oxidize in the world, but also total transparency, legal compliance, and ironclad customer confidence. Whether you&#8217;re ordering from within the U.S. or internationally, our guarantees are designed to protect your investment, your operation, [&hellip;]<\/p>\n","protected":false},"author":1,"featured_media":0,"parent":0,"menu_order":0,"comment_status":"closed","ping_status":"closed","template":"","meta":{"_acf_changed":false,"rs_blank_template":"","rs_page_bg_color":"","slide_template_v7":"","_monsterinsights_skip_tracking":false,"_monsterinsights_sitenote_active":false,"_monsterinsights_sitenote_note":"","_monsterinsights_sitenote_category":0,"footnotes":""},"class_list":["post-2121","page","type-page","status-publish","hentry"],"acf":[],"_hostinger_reach_plugin_has_subscription_block":false,"_hostinger_reach_plugin_is_elementor":false,"jetpack_sharing_enabled":true,"_links":{"self":[{"href":"https:\/\/ultrabreakfluids.com\/de\/wp-json\/wp\/v2\/pages\/2121","targetHints":{"allow":["GET"]}}],"collection":[{"href":"https:\/\/ultrabreakfluids.com\/de\/wp-json\/wp\/v2\/pages"}],"about":[{"href":"https:\/\/ultrabreakfluids.com\/de\/wp-json\/wp\/v2\/types\/page"}],"author":[{"embeddable":true,"href":"https:\/\/ultrabreakfluids.com\/de\/wp-json\/wp\/v2\/users\/1"}],"replies":[{"embeddable":true,"href":"https:\/\/ultrabreakfluids.com\/de\/wp-json\/wp\/v2\/comments?post=2121"}],"version-history":[{"count":5,"href":"https:\/\/ultrabreakfluids.com\/de\/wp-json\/wp\/v2\/pages\/2121\/revisions"}],"predecessor-version":[{"id":2321,"href":"https:\/\/ultrabreakfluids.com\/de\/wp-json\/wp\/v2\/pages\/2121\/revisions\/2321"}],"wp:attachment":[{"href":"https:\/\/ultrabreakfluids.com\/de\/wp-json\/wp\/v2\/media?parent=2121"}],"curies":[{"name":"wp","href":"https:\/\/api.w.org\/{rel}","templated":true}]}}