{"id":2098,"date":"2025-05-02T02:35:45","date_gmt":"2025-05-02T02:35:45","guid":{"rendered":"https:\/\/ultrabreakfluids.com\/?page_id=2098"},"modified":"2025-06-12T16:55:47","modified_gmt":"2025-06-12T16:55:47","slug":"bedingungen-rechtlicher-hinweis","status":"publish","type":"page","link":"https:\/\/ultrabreakfluids.com\/de\/bedingungen-rechtlicher-hinweis\/","title":{"rendered":"Allgemeine Gesch\u00e4ftsbedingungen + Hinweis auf die Einhaltung von Rechtsvorschriften"},"content":{"rendered":"<div data-elementor-type=\"wp-page\" data-elementor-id=\"2098\" class=\"elementor elementor-2098\" data-elementor-post-type=\"page\">\n\t\t\t\t<div class=\"elementor-element elementor-element-1f9081c e-flex e-con-boxed e-con e-parent\" data-id=\"1f9081c\" data-element_type=\"container\" data-e-type=\"container\">\r\n\t\t\t\t\t<div class=\"e-con-inner\">\r\n\t\t\t\t<div class=\"elementor-element elementor-element-1d16746 elementor-widget elementor-widget-porto_ultimate_heading\" data-id=\"1d16746\" data-element_type=\"widget\" data-e-type=\"widget\" data-widget_type=\"porto_ultimate_heading.default\">\n\t\t\t\t<div class=\"elementor-widget-container\">\n\t\t\t\t\t<div class=\"porto-u-heading  porto-u-55ca8359258f9a412be7e73af65d2aac\"><div class=\"porto-u-main-heading\"><h2   >Allgemeine Gesch\u00e4ftsbedingungen + Hinweis auf die Einhaltung von Rechtsvorschriften<\/h2><\/div><style>.porto-u-55ca8359258f9a412be7e73af65d2aac.porto-u-heading{text-align:center}<\/style><\/div>\t\t\t\t<\/div>\n\t\t\t\t<\/div>\n\t\t\t\t\t<\/div>\n\t\t\t\t<\/div>\n\t\t<div class=\"elementor-element elementor-element-19ffa79 e-flex e-con-boxed e-con e-parent\" data-id=\"19ffa79\" data-element_type=\"container\" data-e-type=\"container\">\r\n\t\t\t\t\t<div class=\"e-con-inner\">\r\n\t\t\t\t<div class=\"elementor-element elementor-element-c9b9907 elementor-widget elementor-widget-text-editor\" data-id=\"c9b9907\" data-element_type=\"widget\" data-e-type=\"widget\" data-widget_type=\"text-editor.default\">\n\t\t\t\t<div class=\"elementor-widget-container\">\n\t\t\t\t\t\t\t\t\t<p class=\"\" data-start=\"371\" data-end=\"510\"><strong data-start=\"455\" data-end=\"510\">Im Besitz und betrieben von: UltraBreak Fluids Inc. (USA)<\/strong><\/p><p class=\"\" data-start=\"512\" data-end=\"770\">Diese Allgemeinen Gesch\u00e4ftsbedingungen regeln Ihren Zugang zu und die Nutzung der Website UltraBreakFluids.com sowie den Kauf von Produkten, einschlie\u00dflich Caluanie Muelear Oxidize von UltraBreak Fluids Inc.\u00a0<\/p><p class=\"\" data-start=\"772\" data-end=\"948\">Durch den Zugriff auf diese Website, ihre Nutzung oder die Aufgabe einer Bestellung, <strong data-start=\"826\" data-end=\"859\">Sie stimmen zu, rechtlich gebunden zu sein<\/strong> durch diese Bedingungen, unsere <a class=\"\" href=\"https:\/\/ultrabreakfluids.com\/de\/datenschutzerklarung\/\" rel=\"noopener\" data-start=\"880\" data-end=\"899\">Datenschutzbestimmungen<\/a>und alle anwendbaren US-amerikanischen und internationalen Gesetze.<\/p><hr class=\"\" data-start=\"950\" data-end=\"953\" \/><h2 class=\"\" data-start=\"955\" data-end=\"976\">1. <strong data-start=\"961\" data-end=\"976\">Zuschussf\u00e4higkeit<\/strong><\/h2><p class=\"\" data-start=\"978\" data-end=\"1206\">Sie m\u00fcssen mindestens sein <strong data-start=\"999\" data-end=\"1018\">18 Jahre alt sein<\/strong> und in der Lage sind, eine rechtsverbindliche Vereinbarung zur Nutzung unserer Website oder zum Kauf unserer Produkte zu treffen. Wir verkaufen nicht an Minderj\u00e4hrige oder an L\u00e4nder, in denen unser Produkt eingeschr\u00e4nkt oder illegal ist.<\/p><hr class=\"\" data-start=\"1208\" data-end=\"1211\" \/><h2 class=\"\" data-start=\"1213\" data-end=\"1238\">2. <strong data-start=\"1219\" data-end=\"1238\">Verwendung der Produkte<\/strong><\/h2><p class=\"\" data-start=\"1240\" data-end=\"1411\">Alle \u00fcber UltraBreakFluids.com verkauften Produkte sind <strong data-start=\"1291\" data-end=\"1352\">nur f\u00fcr rechtm\u00e4\u00dfige industrielle, labortechnische oder kommerzielle Zwecke<\/strong>. Der K\u00e4ufer verpflichtet sich, Caluanie Muelear Oxidize nicht zu verwenden:<\/p><ul data-start=\"1412\" data-end=\"1543\"><li class=\"\" data-start=\"1412\" data-end=\"1451\"><p class=\"\" data-start=\"1414\" data-end=\"1451\">Jeder rechtswidrige oder unbefugte Zweck<\/p><\/li><li class=\"\" data-start=\"1452\" data-end=\"1507\"><p class=\"\" data-start=\"1454\" data-end=\"1507\">Die Herstellung von kontrollierten Substanzen oder Waffen<\/p><\/li><li class=\"\" data-start=\"1508\" data-end=\"1543\"><p class=\"\" data-start=\"1510\" data-end=\"1543\">Missbrauch zum pers\u00f6nlichen Gebrauch oder zur Freizeitgestaltung<\/p><\/li><\/ul><p class=\"\" data-start=\"1545\" data-end=\"1626\"><strong data-start=\"1545\" data-end=\"1626\">Die missbr\u00e4uchliche Verwendung unserer Produkte ist strengstens untersagt und kann zu rechtlichen Schritten f\u00fchren.<\/strong><\/p><hr class=\"\" data-start=\"1628\" data-end=\"1631\" \/><h2 class=\"\" data-start=\"1633\" data-end=\"1669\">3. <strong data-start=\"1639\" data-end=\"1669\">Einhaltung von Ausfuhr- und Einfuhrbestimmungen<\/strong><\/h2><p class=\"\" data-start=\"1671\" data-end=\"1756\">Wir halten die US-Ausfuhrbestimmungen in vollem Umfang ein und erwarten von unseren Kunden, dass sie dasselbe tun.<\/p><h3 class=\"\" data-start=\"1758\" data-end=\"1785\">Verantwortlichkeiten des K\u00e4ufers:<\/h3><ul data-start=\"1786\" data-end=\"2037\"><li class=\"\" data-start=\"1786\" data-end=\"1861\"><p class=\"\" data-start=\"1788\" data-end=\"1861\">Stellen Sie sicher, dass die Einfuhr von Caluanie Muelear Oxidize in Ihrem Land legal ist<\/p><\/li><li class=\"\" data-start=\"1862\" data-end=\"1926\"><p class=\"\" data-start=\"1864\" data-end=\"1926\">Einholung aller erforderlichen Genehmigungen, Lizenzen oder Zollabfertigungen<\/p><\/li><li class=\"\" data-start=\"1927\" data-end=\"1982\"><p class=\"\" data-start=\"1929\" data-end=\"1982\">genaue Angaben zum Versand und zur Dokumentation machen<\/p><\/li><li class=\"\" data-start=\"1983\" data-end=\"2037\"><p class=\"\" data-start=\"1985\" data-end=\"2037\">\u00dcbernahme der vollen Haftung f\u00fcr Zollverz\u00f6gerungen oder -verweigerungen<\/p><\/li><\/ul><p class=\"\" data-start=\"2039\" data-end=\"2070\">Wir sind <strong data-start=\"2046\" data-end=\"2065\">nicht zust\u00e4ndig<\/strong> f\u00fcr:<\/p><ul data-start=\"2071\" data-end=\"2244\"><li class=\"\" data-start=\"2071\" data-end=\"2123\"><p class=\"\" data-start=\"2073\" data-end=\"2123\">Beschlagnahmungen oder Zur\u00fcckweisungen durch die Zollbeh\u00f6rden in Ihrem Land<\/p><\/li><li class=\"\" data-start=\"2124\" data-end=\"2184\"><p class=\"\" data-start=\"2126\" data-end=\"2184\">Bu\u00dfgelder, Z\u00f6lle oder Steuern, die von den einf\u00fchrenden Beh\u00f6rden auferlegt werden<\/p><\/li><li class=\"\" data-start=\"2185\" data-end=\"2244\"><p class=\"\" data-start=\"2187\" data-end=\"2244\">Verz\u00f6gerungen aufgrund von Dokumentationsanforderungen oder beh\u00f6rdlichen Kontrollen<\/p><\/li><\/ul><hr class=\"\" data-start=\"2246\" data-end=\"2249\" \/><h2 class=\"\" data-start=\"2251\" data-end=\"2282\">4. <strong data-start=\"2257\" data-end=\"2282\">Geistiges Eigentum<\/strong><\/h2><p class=\"\" data-start=\"2284\" data-end=\"2536\">Alle Inhalte auf der Website - einschlie\u00dflich Logos, Marken, Produktbeschreibungen, Bilder und Dokumentation - sind Eigentum der <strong data-start=\"2392\" data-end=\"2443\">geistiges Eigentum von UltraBreakFluids Inc.<\/strong> Es ist nicht gestattet, unsere Materialien ohne ausdr\u00fcckliche schriftliche Genehmigung zu kopieren, neu zu ver\u00f6ffentlichen oder zu verbreiten.<\/p><hr class=\"\" data-start=\"2538\" data-end=\"2541\" \/><h2 class=\"\" data-start=\"2543\" data-end=\"2575\">5. <strong data-start=\"2549\" data-end=\"2575\">Preisgestaltung &amp; Verf\u00fcgbarkeit<\/strong><\/h2><p class=\"\" data-start=\"2577\" data-end=\"2687\">Alle Preise sind in U.S. Dollar (USD) angegeben und k\u00f6nnen ohne vorherige Ank\u00fcndigung ge\u00e4ndert werden. Wir behalten uns das Recht vor,:<\/p><ul data-start=\"2688\" data-end=\"2819\"><li class=\"\" data-start=\"2688\" data-end=\"2737\"><p class=\"\" data-start=\"2690\" data-end=\"2737\">Auftr\u00e4ge aufgrund von Preisfehlern stornieren oder ablehnen<\/p><\/li><li class=\"\" data-start=\"2738\" data-end=\"2781\"><p class=\"\" data-start=\"2740\" data-end=\"2781\">Verf\u00fcgbare Mengen pro Kunde begrenzen<\/p><\/li><li class=\"\" data-start=\"2782\" data-end=\"2819\"><p class=\"\" data-start=\"2784\" data-end=\"2819\">Jedes Produkt kann jederzeit eingestellt werden<\/p><\/li><\/ul><hr class=\"\" data-start=\"2821\" data-end=\"2824\" \/><h2 class=\"\" data-start=\"2826\" data-end=\"2859\">6. <strong data-start=\"2832\" data-end=\"2859\">Beschr\u00e4nkung der Haftung<\/strong><\/h2><p class=\"\" data-start=\"2861\" data-end=\"3014\">UltraBreakFluids Inc. haftet im vollen gesetzlich zul\u00e4ssigen Umfang nicht f\u00fcr indirekte, zuf\u00e4llige oder Folgesch\u00e4den, die sich daraus ergeben:<\/p><ul data-start=\"3015\" data-end=\"3123\"><li class=\"\" data-start=\"3015\" data-end=\"3033\"><p class=\"\" data-start=\"3017\" data-end=\"3033\">Missbrauch von Produkten<\/p><\/li><li class=\"\" data-start=\"3034\" data-end=\"3053\"><p class=\"\" data-start=\"3036\" data-end=\"3053\">Verz\u00f6gerungen beim Versand<\/p><\/li><li class=\"\" data-start=\"3054\" data-end=\"3081\"><p class=\"\" data-start=\"3056\" data-end=\"3081\">Regulatorische Einschr\u00e4nkungen<\/p><\/li><li class=\"\" data-start=\"3082\" data-end=\"3123\"><p class=\"\" data-start=\"3084\" data-end=\"3123\">Entgangener Gewinn oder Betriebsunterbrechung<\/p><\/li><\/ul><p class=\"\" data-start=\"3125\" data-end=\"3220\">Alle Produkte werden verkauft <strong data-start=\"3147\" data-end=\"3158\">\"wie besehen\"<\/strong> und <strong data-start=\"3163\" data-end=\"3185\">ohne Garantien<\/strong>es sei denn, es wird ausdr\u00fccklich darauf hingewiesen.<\/p><hr class=\"\" data-start=\"3222\" data-end=\"3225\" \/><h2 class=\"\" data-start=\"3227\" data-end=\"3250\">7. <strong data-start=\"3233\" data-end=\"3250\">Geltendes Recht<\/strong><\/h2><p class=\"\" data-start=\"3252\" data-end=\"3508\">Diese Bedingungen unterliegen den Gesetzen des Vereinigten K\u00f6nigreichs und werden nach diesen ausgelegt. <strong data-start=\"3321\" data-end=\"3373\">Bundesstaat Nevada<\/strong>USA, ohne R\u00fccksicht auf die Grunds\u00e4tze des Kollisionsrechts. Alle Rechtsstreitigkeiten werden vor den zust\u00e4ndigen Gerichten der Vereinigten Staaten ausgetragen.<\/p><hr class=\"\" data-start=\"3510\" data-end=\"3513\" \/><h2 class=\"\" data-start=\"3515\" data-end=\"3547\">8. <strong data-start=\"3521\" data-end=\"3547\">Verantwortung f\u00fcr das Konto<\/strong><\/h2><p class=\"\" data-start=\"3549\" data-end=\"3761\">Sie sind daf\u00fcr verantwortlich, die Vertraulichkeit Ihres Kontos und Ihres Passworts zu wahren und den Zugriff auf Ihr Ger\u00e4t zu beschr\u00e4nken. Sie stimmen zu, die Verantwortung f\u00fcr alle Aktivit\u00e4ten zu \u00fcbernehmen, die \u00fcber Ihr Konto erfolgen.<\/p><hr class=\"\" data-start=\"3763\" data-end=\"3766\" \/><h2 class=\"\" data-start=\"3768\" data-end=\"3794\">9. <strong data-start=\"3774\" data-end=\"3794\">\u00c4nderungen der Bedingungen<\/strong><\/h2><p class=\"\" data-start=\"3796\" data-end=\"3996\">Wir behalten uns das Recht vor, diese Bedingungen jederzeit zu aktualisieren oder zu \u00e4ndern. Aktualisierungen werden auf dieser Seite mit einem aktualisierten G\u00fcltigkeitsdatum ver\u00f6ffentlicht. Die fortgesetzte Nutzung der Website impliziert die Annahme der \u00fcberarbeiteten Bedingungen.<\/p><hr class=\"\" data-start=\"3998\" data-end=\"4001\" \/><h2 class=\"\" data-start=\"4003\" data-end=\"4024\">10. <strong data-start=\"4010\" data-end=\"4024\">Kontakt<\/strong><\/h2><p class=\"\" data-start=\"4026\" data-end=\"4101\">Wenn Sie Fragen zu diesen Bedingungen oder unserer Rechtspolitik haben, wenden Sie sich bitte an uns:<\/p><p class=\"\" data-start=\"4103\" data-end=\"4229\"><strong data-start=\"4103\" data-end=\"4129\">UltraBreak Fluids Inc.<\/strong><br data-start=\"4129\" data-end=\"4132\" \/>\ud83d\udce7 <a rel=\"noopener\" data-start=\"4135\" data-end=\"4161\">sales@ultrabreakfluids.com<\/a><br data-start=\"4161\" data-end=\"4164\" \/>\ud83d\udccd Las Vegas , Nevada<br data-start=\"4191\" data-end=\"4194\" \/>\ud83c\udf10 <a class=\"\" href=\"https:\/\/ultrabreakfluids.com\/de\/\" target=\"_new\" rel=\"noopener\" data-start=\"4197\" data-end=\"4229\">https:\/\/www.ultrabreakfluids.com<\/a><\/p>\t\t\t\t\t\t\t\t<\/div>\n\t\t\t\t<\/div>\n\t\t\t\t\t<\/div>\n\t\t\t\t<\/div>\n\t\t\t\t<\/div>","protected":false},"excerpt":{"rendered":"<p>Terms &#038; Conditions + Legal Compliance Notice Owned and Operated by: UltraBreak Fluids Inc. (USA) These Terms &amp; Conditions govern your access to and use of the website UltraBreakFluids.com and the purchase of any products, including Caluanie Muelear Oxidize from UltraBreak Fluids Inc.\u00a0 By accessing or using this Site, or placing an order, you agree [&hellip;]<\/p>\n","protected":false},"author":1,"featured_media":0,"parent":0,"menu_order":0,"comment_status":"closed","ping_status":"closed","template":"","meta":{"_acf_changed":false,"rs_blank_template":"","rs_page_bg_color":"","slide_template_v7":"","_monsterinsights_skip_tracking":false,"_monsterinsights_sitenote_active":false,"_monsterinsights_sitenote_note":"","_monsterinsights_sitenote_category":0,"footnotes":""},"class_list":["post-2098","page","type-page","status-publish","hentry"],"acf":[],"jetpack_sharing_enabled":true,"_links":{"self":[{"href":"https:\/\/ultrabreakfluids.com\/de\/wp-json\/wp\/v2\/pages\/2098","targetHints":{"allow":["GET"]}}],"collection":[{"href":"https:\/\/ultrabreakfluids.com\/de\/wp-json\/wp\/v2\/pages"}],"about":[{"href":"https:\/\/ultrabreakfluids.com\/de\/wp-json\/wp\/v2\/types\/page"}],"author":[{"embeddable":true,"href":"https:\/\/ultrabreakfluids.com\/de\/wp-json\/wp\/v2\/users\/1"}],"replies":[{"embeddable":true,"href":"https:\/\/ultrabreakfluids.com\/de\/wp-json\/wp\/v2\/comments?post=2098"}],"version-history":[{"count":8,"href":"https:\/\/ultrabreakfluids.com\/de\/wp-json\/wp\/v2\/pages\/2098\/revisions"}],"predecessor-version":[{"id":2327,"href":"https:\/\/ultrabreakfluids.com\/de\/wp-json\/wp\/v2\/pages\/2098\/revisions\/2327"}],"wp:attachment":[{"href":"https:\/\/ultrabreakfluids.com\/de\/wp-json\/wp\/v2\/media?parent=2098"}],"curies":[{"name":"wp","href":"https:\/\/api.w.org\/{rel}","templated":true}]}}