{"id":2154,"date":"2025-05-04T04:56:17","date_gmt":"2025-05-04T04:56:17","guid":{"rendered":"https:\/\/ultrabreakfluids.com\/?page_id=2154"},"modified":"2025-06-12T16:36:08","modified_gmt":"2025-06-12T16:36:08","slug":"ofte-stillede-sporgsmal-faqs","status":"publish","type":"page","link":"https:\/\/ultrabreakfluids.com\/da\/ofte-stillede-sporgsmal-faqs\/","title":{"rendered":"Ofte stillede sp\u00f8rgsm\u00e5l (FAQ)"},"content":{"rendered":"<div data-elementor-type=\"wp-page\" data-elementor-id=\"2154\" class=\"elementor elementor-2154\" data-elementor-post-type=\"page\">\n\t\t\t\t<div class=\"elementor-element elementor-element-9ce9cbf e-flex e-con-boxed e-con e-parent\" data-id=\"9ce9cbf\" data-element_type=\"container\" data-e-type=\"container\">\r\n\t\t\t\t\t<div class=\"e-con-inner\">\r\n\t\t\t\t<div data-plugin=\"mouse-parallax\" data-options=\"{&quot;invertX&quot;:false,&quot;invertY&quot;:false}\" data-floating-depth=\"0.5\" class=\"elementor-element elementor-element-d23e023 elementor-headline--style-highlight elementor-widget elementor-widget-animated-headline\" data-id=\"d23e023\" data-element_type=\"widget\" data-e-type=\"widget\" data-settings=\"{&quot;marker&quot;:&quot;underline_zigzag&quot;,&quot;highlighted_text&quot;:&quot;Frequently Asked Questions (FAQs)&quot;,&quot;headline_style&quot;:&quot;highlight&quot;,&quot;loop&quot;:&quot;yes&quot;,&quot;highlight_animation_duration&quot;:1200,&quot;highlight_iteration_delay&quot;:8000}\" data-widget_type=\"animated-headline.default\">\n\t\t\t\t<div class=\"elementor-widget-container\">\n\t\t\t\t\t\t\t<h3 class=\"elementor-headline\">\n\t\t\t\t<span class=\"elementor-headline-dynamic-wrapper elementor-headline-text-wrapper\">\n\t\t\t\t\t<span class=\"elementor-headline-dynamic-text elementor-headline-text-active\">Ofte stillede sp\u00f8rgsm\u00e5l (FAQ)<\/span>\n\t\t\t\t<\/span>\n\t\t\t\t<\/h3>\n\t\t\t\t\t\t<\/div>\n\t\t\t\t<\/div>\n\t\t\t\t\t<\/div>\n\t\t\t\t<\/div>\n\t\t<div class=\"elementor-element elementor-element-5cba8fd e-flex e-con-boxed e-con e-parent\" data-id=\"5cba8fd\" data-element_type=\"container\" data-e-type=\"container\">\r\n\t\t\t\t\t<div class=\"e-con-inner\">\r\n\t\t\t\t<div class=\"elementor-element elementor-element-72f997d elementor-widget elementor-widget-text-editor\" data-id=\"72f997d\" data-element_type=\"widget\" data-e-type=\"widget\" data-widget_type=\"text-editor.default\">\n\t\t\t\t<div class=\"elementor-widget-container\">\n\t\t\t\t\t\t\t\t\t<h4 data-start=\"405\" data-end=\"497\"><strong data-start=\"405\" data-end=\"497\">UltraBreak Fluids Inc. - p\u00e5lidelig amerikansk leverand\u00f8r af premium Caluanie Muelear Oxidize<\/strong><\/h4><p class=\"\" data-start=\"499\" data-end=\"677\">Vores m\u00e5l er at sikre sikker, lovlig og gennemsigtig adgang til Caluanie Muelear Oxidize af industriel kvalitet. Nedenfor finder du vores oftest stillede sp\u00f8rgsm\u00e5l, som kan hj\u00e6lpe dig med at k\u00f8be.<\/p>\t\t\t\t\t\t\t\t<\/div>\n\t\t\t\t<\/div>\n\t\t\t\t\t<\/div>\n\t\t\t\t<\/div>\n\t\t<div class=\"elementor-element elementor-element-29fcd00 e-flex e-con-boxed e-con e-parent\" data-id=\"29fcd00\" data-element_type=\"container\" data-e-type=\"container\">\r\n\t\t\t\t\t<div class=\"e-con-inner\">\r\n\t\t\t\t<div class=\"elementor-element elementor-element-f6e9035 elementor-widget elementor-widget-text-editor\" data-id=\"f6e9035\" data-element_type=\"widget\" data-e-type=\"widget\" data-widget_type=\"text-editor.default\">\n\t\t\t\t<div class=\"elementor-widget-container\">\n\t\t\t\t\t\t\t\t\t<h3 class=\"\" data-start=\"684\" data-end=\"770\">Hvem kan lovligt k\u00f8be Caluanie Muelear Oxidize fra UltraBreakfluids Inc.<\/h3><p class=\"\" data-start=\"771\" data-end=\"1137\"><strong data-start=\"771\" data-end=\"777\">A:<\/strong> Vi leverer kun Caluanie Muelear Oxidize til kvalificerede k\u00f8bere, herunder <strong data-start=\"849\" data-end=\"917\">industrivirksomheder, forskningsfaciliteter, autoriserede laboratorier<\/strong>og andre verificerede fagfolk. Vi g\u00f8r <strong data-start=\"959\" data-end=\"971\">ikke s\u00e6lge<\/strong> til privatpersoner eller uverificerede brugere. Alle k\u00f8b er underlagt <strong data-start=\"1045\" data-end=\"1097\">Gennemgang af overholdelse og kontrol af dokumentation<\/strong> under amerikansk og international handelslovgivning.<\/p><hr class=\"\" data-start=\"1139\" data-end=\"1142\" \/><h3 class=\"\" data-start=\"1144\" data-end=\"1219\">Er det lovligt at k\u00f8be Caluanie Muelear Oxidize fra jeres hjemmeside?<\/h3><p class=\"\" data-start=\"1220\" data-end=\"1592\"><strong data-start=\"1220\" data-end=\"1226\">A:<\/strong> Ja - UltraBreakfluids Inc. opererer i fuld overensstemmelse med alle <strong data-start=\"1293\" data-end=\"1321\">Amerikanske f\u00f8derale regler<\/strong> der regulerer salg og eksport af kemikalier med begr\u00e6nset anvendelse. K\u00f8bere er dog ansvarlige for at sikre overholdelse af deres egne <strong data-start=\"1452\" data-end=\"1466\">lokale love<\/strong> og <strong data-start=\"1471\" data-end=\"1493\">Importbestemmelser<\/strong>. Vi forbeholder os ret til at afvise eller annullere ordrer, der overtr\u00e6der juridiske, etiske eller sikkerhedsm\u00e6ssige standarder.<\/p><hr class=\"\" data-start=\"1594\" data-end=\"1597\" \/><hr class=\"\" data-start=\"2010\" data-end=\"2013\" \/><h3 class=\"\" data-start=\"2015\" data-end=\"2051\">Sender du internationalt?<\/h3><p class=\"\" data-start=\"2052\" data-end=\"2244\"><strong data-start=\"2052\" data-end=\"2058\">A:<\/strong> Ja. Vi sender Caluanie Muelear Oxidize til hele verden, efter <strong data-start=\"2129\" data-end=\"2176\">internationale regler for transport af kemikalier<\/strong> herunder <strong data-start=\"2187\" data-end=\"2210\">IATA, DOT og IMDG<\/strong> standarder. Al eksport er inkluderet:<\/p><ul data-start=\"2245\" data-end=\"2392\"><li class=\"\" data-start=\"2245\" data-end=\"2286\"><p class=\"\" data-start=\"2247\" data-end=\"2286\"><strong data-start=\"2247\" data-end=\"2284\">Sikkerhedsdatablad for materialer (MSDS)<\/strong><\/p><\/li><li class=\"\" data-start=\"2287\" data-end=\"2324\"><p class=\"\" data-start=\"2289\" data-end=\"2324\"><strong data-start=\"2289\" data-end=\"2322\">Analysecertifikat (COA)<\/strong><\/p><\/li><li class=\"\" data-start=\"2325\" data-end=\"2363\"><p class=\"\" data-start=\"2327\" data-end=\"2363\"><strong data-start=\"2327\" data-end=\"2361\">Eksportdeklaration og faktura<\/strong><\/p><\/li><li class=\"\" data-start=\"2364\" data-end=\"2392\"><p class=\"\" data-start=\"2366\" data-end=\"2392\"><strong data-start=\"2366\" data-end=\"2392\">Sporing og forsikring<\/strong><\/p><\/li><\/ul><p class=\"\" data-start=\"2394\" data-end=\"2448\">Vi hj\u00e6lper med toldkrav, hvor det er n\u00f8dvendigt.<\/p><hr class=\"\" data-start=\"2450\" data-end=\"2453\" \/><h3 class=\"\" data-start=\"2455\" data-end=\"2503\">Hvordan er produktet emballeret og m\u00e6rket?<\/h3><p class=\"\" data-start=\"2504\" data-end=\"2858\"><strong data-start=\"2504\" data-end=\"2510\">A:<\/strong> Alle produkter er forsvarligt forseglet i <strong data-start=\"2547\" data-end=\"2598\">kemisk modstandsdygtige beholdere, der kan manipuleres<\/strong>, m\u00e6rket i henhold til <strong data-start=\"2621\" data-end=\"2648\">Amerikanske OSHA GHS-standarder<\/strong>. Hver pakke indeholder sikkerhedsadvarsler, retningslinjer for h\u00e5ndtering og oplysninger om sporing af batchen. Bulkforsendelser (10L, 20L, 50L, 200L) er pakket i <strong data-start=\"2793\" data-end=\"2825\">UN-godkendte industrielle tromler<\/strong> med forst\u00e6rket ydre emballage.<\/p><hr class=\"\" data-start=\"2860\" data-end=\"2863\" \/><h3 class=\"\" data-start=\"2865\" data-end=\"2922\">Hvad hvis min forsendelse bliver forsinket, tilbageholdt eller beskadiget?<\/h3><p class=\"\" data-start=\"2923\" data-end=\"3028\"><strong data-start=\"2923\" data-end=\"2929\">A:<\/strong> Vi overv\u00e5ger alle ordrer fra afsendelse til levering. Hvis en forsendelse er forsinket eller beskadiget under transport:<\/p><ul data-start=\"3029\" data-end=\"3189\"><li class=\"\" data-start=\"3029\" data-end=\"3065\"><p class=\"\" data-start=\"3031\" data-end=\"3065\">Vi vil \u00e5bne en <strong data-start=\"3046\" data-end=\"3063\">krav fra transport\u00f8r<\/strong><\/p><\/li><li class=\"\" data-start=\"3066\" data-end=\"3111\"><p class=\"\" data-start=\"3068\" data-end=\"3111\">Unders\u00f8g med underst\u00f8ttende dokumentation<\/p><\/li><li class=\"\" data-start=\"3112\" data-end=\"3189\"><p class=\"\" data-start=\"3114\" data-end=\"3189\">Tilbyd en <strong data-start=\"3122\" data-end=\"3147\">erstatning eller tilbagebetaling<\/strong> hvor det er relevant (se retningslinjer for forsendelse)<\/p><\/li><\/ul><p class=\"\" data-start=\"3191\" data-end=\"3272\">Alle pakker er forsikrede. Kontakt support inden for <strong data-start=\"3240\" data-end=\"3252\">72 timer<\/strong> af leveringsproblemer.<\/p><hr class=\"\" data-start=\"3274\" data-end=\"3277\" \/><h3 class=\"\" data-start=\"3279\" data-end=\"3352\">\u00a0Hvordan kan jeg v\u00e6re sikker p\u00e5, at jeg modtager \u00e6gte Caluanie Muelear Oxidize?<\/h3><p class=\"\" data-start=\"3353\" data-end=\"3384\"><strong data-start=\"3353\" data-end=\"3359\">A:<\/strong> Hver ordre kommer med:<\/p><ul data-start=\"3385\" data-end=\"3557\"><li class=\"\" data-start=\"3385\" data-end=\"3424\"><p class=\"\" data-start=\"3387\" data-end=\"3424\">A <strong data-start=\"3389\" data-end=\"3422\">Analysecertifikat (COA)<\/strong><\/p><\/li><li class=\"\" data-start=\"3425\" data-end=\"3454\"><p class=\"\" data-start=\"3427\" data-end=\"3454\">A <strong data-start=\"3429\" data-end=\"3452\">unikt batchnummer<\/strong><\/p><\/li><li class=\"\" data-start=\"3455\" data-end=\"3501\"><p class=\"\" data-start=\"3457\" data-end=\"3501\">Fuld <strong data-start=\"3462\" data-end=\"3499\">Sikkerhedsdatablad for materialer (MSDS)<\/strong><\/p><\/li><li class=\"\" data-start=\"3502\" data-end=\"3530\"><p class=\"\" data-start=\"3504\" data-end=\"3530\">Emballage med tyverisikring<\/p><\/li><li class=\"\" data-start=\"3531\" data-end=\"3557\"><p class=\"\" data-start=\"3533\" data-end=\"3557\">Sporing af forsendelser i USA<\/p><\/li><\/ul><p class=\"\" data-start=\"3559\" data-end=\"3723\">Vi er en registreret amerikansk leverand\u00f8r og opretholder fuld kvalitetskontrol p\u00e5 tv\u00e6rs af alle partier. Du kan verificere din ordres \u00e6gthed via <strong data-start=\"3690\" data-end=\"3722\"><a rel=\"noopener\" data-start=\"3692\" data-end=\"3720\">sales@ultrabreakfluids.com<\/a><\/strong>.<\/p><hr class=\"\" data-start=\"3725\" data-end=\"3728\" \/><h3 class=\"\" data-start=\"3730\" data-end=\"3789\">Kan jeg annullere eller \u00e6ndre min ordre, efter at den er afgivet?<\/h3><p class=\"\" data-start=\"3790\" data-end=\"4017\"><strong data-start=\"3790\" data-end=\"3796\">A:<\/strong> Ja - men kun <strong data-start=\"3812\" data-end=\"3846\">f\u00f8r produktet er afsendt<\/strong>. N\u00e5r afsendelse og toldbehandling begynder, er annulleringer <strong data-start=\"3911\" data-end=\"3928\">ikke tilladt<\/strong> p\u00e5 grund af juridiske og sikkerhedsm\u00e6ssige bestemmelser. Gennemg\u00e5 venligst alle detaljer omhyggeligt, f\u00f8r den sendes.<\/p><hr class=\"\" data-start=\"4019\" data-end=\"4022\" \/><h3 class=\"\" data-start=\"4024\" data-end=\"4093\">Tilbyder du engrospriser eller tilbagevendende leveringskontrakter?<\/h3><p class=\"\" data-start=\"4094\" data-end=\"4276\"><strong data-start=\"4094\" data-end=\"4100\">A:<\/strong> Ja. Vi tilbyder <strong data-start=\"4115\" data-end=\"4135\">M\u00e6ngderabatter<\/strong>, <strong data-start=\"4137\" data-end=\"4160\">Engroskontrakter<\/strong>og <strong data-start=\"4166\" data-end=\"4191\">planlagt indk\u00f8b<\/strong> for kvalificerede B2B-kunder. Kontakt os direkte for at etablere en virksomhedsaftale.<\/p><p class=\"\" data-start=\"4278\" data-end=\"4311\"><strong data-start=\"4281\" data-end=\"4311\"><a rel=\"noopener\" data-start=\"4283\" data-end=\"4309\">sales@ultrabreakfluids.com<\/a><\/strong><\/p><hr class=\"\" data-start=\"4313\" data-end=\"4316\" \/><h3 class=\"\" data-start=\"4318\" data-end=\"4365\">\u00a0Hvilke betalingsmetoder accepterer du?<\/h3><p class=\"\" data-start=\"4366\" data-end=\"4385\"><strong data-start=\"4366\" data-end=\"4372\">A:<\/strong> Vi accepterer:<\/p><ul data-start=\"4386\" data-end=\"4592\"><li class=\"\" data-start=\"4386\" data-end=\"4442\"><p class=\"\" data-start=\"4388\" data-end=\"4442\"><strong data-start=\"4388\" data-end=\"4411\">Bankoverf\u00f8rsler<\/strong> (nationalt og internationalt)<\/p><\/li><li class=\"\" data-start=\"4443\" data-end=\"4480\"><p class=\"\" data-start=\"4445\" data-end=\"4480\"><strong data-start=\"4445\" data-end=\"4455\">Zelle\u00ae.\u00a0<\/strong><\/p><\/li><li data-start=\"4443\" data-end=\"4480\"><strong>cashapp<\/strong><\/li><li data-start=\"4443\" data-end=\"4480\"><strong>e-overf\u00f8rsel<\/strong><\/li><li data-start=\"4443\" data-end=\"4480\"><strong>Apple Pay<\/strong><\/li><li data-start=\"4443\" data-end=\"4480\"><strong>Klokkeklang<\/strong><\/li><li data-start=\"4443\" data-end=\"4480\"><strong>Bitcoin<\/strong><\/li><li data-start=\"4443\" data-end=\"4480\"><strong>Ethereum<\/strong><\/li><li data-start=\"4443\" data-end=\"4480\"><strong>Litecoin<\/strong><\/li><li class=\"\" data-start=\"4481\" data-end=\"4540\"><p class=\"\" data-start=\"4483\" data-end=\"4540\"><strong data-start=\"4483\" data-end=\"4504\">USDT (TRC20\/USDC)<\/strong> - p\u00e5 anmodning for godkendte kunder<\/p><\/li><li data-start=\"4481\" data-end=\"4540\"><strong data-start=\"4543\" data-end=\"4562\">Wise \/ Payoneer<\/strong><\/li><\/ul><p class=\"\" data-start=\"4594\" data-end=\"4733\">Alle betalinger faktureres og verificeres p\u00e5 lovlig vis. Vi <strong data-start=\"4645\" data-end=\"4707\">tager ikke imod kontanter <\/strong>eller tredjepartsbetalinger.<\/p><hr class=\"\" data-start=\"4735\" data-end=\"4738\" \/><h3 class=\"\" data-start=\"4740\" data-end=\"4769\">\u00a0Har du stadig sp\u00f8rgsm\u00e5l?<\/h3><p class=\"\" data-start=\"4770\" data-end=\"4898\">Kontakt vores supportteam for jura og compliance:<br data-start=\"4816\" data-end=\"4819\" \/><strong><a rel=\"noopener\" data-start=\"4824\" data-end=\"4855\">sales@ultrabreakfluids.com<\/a><\/strong><\/p><hr class=\"\" data-start=\"4900\" data-end=\"4903\" \/><h3 class=\"\" data-start=\"4905\" data-end=\"4930\">\u00a0Juridisk ansvarsfraskrivelse<\/h3><p class=\"\" data-start=\"4931\" data-end=\"5238\">UltraBreakfluids Inc. forbeholder sig ret til at afvise service, anmode om yderligere dokumentation eller annullere transaktioner, der ikke er i overensstemmelse med amerikansk f\u00f8deral lovgivning eller internationale standarder. Caluanie Muelear Oxidize er klassificeret som en <strong data-start=\"5162\" data-end=\"5185\">farligt stof<\/strong> og m\u00e5 kun h\u00e5ndteres af kvalificerede fagfolk.<\/p>\t\t\t\t\t\t\t\t<\/div>\n\t\t\t\t<\/div>\n\t\t\t\t\t<\/div>\n\t\t\t\t<\/div>\n\t\t\t\t<\/div>","protected":false},"excerpt":{"rendered":"<p>Frequently Asked Questions (FAQs) UltraBreak Fluids Inc. \u2014 Trusted U.S.-Based Supplier of Premium Caluanie Muelear Oxidize Our goal is to ensure safe, legal, and transparent access to industrial-grade Caluanie Muelear Oxidize. Below are our most frequently asked questions to help guide your purchase. Who can legally purchase Caluanie Muelear Oxidize from UltraBreakfluids Inc.? A: We [&hellip;]<\/p>\n","protected":false},"author":1,"featured_media":0,"parent":0,"menu_order":0,"comment_status":"closed","ping_status":"closed","template":"","meta":{"_acf_changed":false,"rs_blank_template":"","rs_page_bg_color":"","slide_template_v7":"","_monsterinsights_skip_tracking":false,"_monsterinsights_sitenote_active":false,"_monsterinsights_sitenote_note":"","_monsterinsights_sitenote_category":0,"footnotes":""},"class_list":["post-2154","page","type-page","status-publish","hentry"],"acf":[],"_hostinger_reach_plugin_has_subscription_block":false,"_hostinger_reach_plugin_is_elementor":false,"jetpack_sharing_enabled":true,"_links":{"self":[{"href":"https:\/\/ultrabreakfluids.com\/da\/wp-json\/wp\/v2\/pages\/2154","targetHints":{"allow":["GET"]}}],"collection":[{"href":"https:\/\/ultrabreakfluids.com\/da\/wp-json\/wp\/v2\/pages"}],"about":[{"href":"https:\/\/ultrabreakfluids.com\/da\/wp-json\/wp\/v2\/types\/page"}],"author":[{"embeddable":true,"href":"https:\/\/ultrabreakfluids.com\/da\/wp-json\/wp\/v2\/users\/1"}],"replies":[{"embeddable":true,"href":"https:\/\/ultrabreakfluids.com\/da\/wp-json\/wp\/v2\/comments?post=2154"}],"version-history":[{"count":5,"href":"https:\/\/ultrabreakfluids.com\/da\/wp-json\/wp\/v2\/pages\/2154\/revisions"}],"predecessor-version":[{"id":2318,"href":"https:\/\/ultrabreakfluids.com\/da\/wp-json\/wp\/v2\/pages\/2154\/revisions\/2318"}],"wp:attachment":[{"href":"https:\/\/ultrabreakfluids.com\/da\/wp-json\/wp\/v2\/media?parent=2154"}],"curies":[{"name":"wp","href":"https:\/\/api.w.org\/{rel}","templated":true}]}}