{"id":2142,"date":"2025-05-03T09:32:08","date_gmt":"2025-05-03T09:32:08","guid":{"rendered":"https:\/\/ultrabreakfluids.com\/?page_id=2142"},"modified":"2025-10-16T06:54:21","modified_gmt":"2025-10-16T06:54:21","slug":"industrielle-anvendelser","status":"publish","type":"page","link":"https:\/\/ultrabreakfluids.com\/da\/industrielle-anvendelser\/","title":{"rendered":"Industrielle anvendelser"},"content":{"rendered":"<div data-elementor-type=\"wp-page\" data-elementor-id=\"2142\" class=\"elementor elementor-2142\" data-elementor-post-type=\"page\">\n\t\t\t\t<div class=\"elementor-element elementor-element-37c7ffe e-flex e-con-boxed e-con e-parent\" data-id=\"37c7ffe\" data-element_type=\"container\" data-e-type=\"container\">\r\n\t\t\t\t\t<div class=\"e-con-inner\">\r\n\t\t\t\t<div class=\"elementor-element elementor-element-88ee09a elementor-headline--style-highlight elementor-widget elementor-widget-animated-headline\" data-id=\"88ee09a\" data-element_type=\"widget\" data-e-type=\"widget\" data-settings=\"{&quot;highlighted_text&quot;:&quot;Industrial Applications&quot;,&quot;headline_style&quot;:&quot;highlight&quot;,&quot;marker&quot;:&quot;circle&quot;,&quot;loop&quot;:&quot;yes&quot;,&quot;highlight_animation_duration&quot;:1200,&quot;highlight_iteration_delay&quot;:8000}\" data-widget_type=\"animated-headline.default\">\n\t\t\t\t<div class=\"elementor-widget-container\">\n\t\t\t\t\t\t\t<h3 class=\"elementor-headline\">\n\t\t\t\t<span class=\"elementor-headline-dynamic-wrapper elementor-headline-text-wrapper\">\n\t\t\t\t\t<span class=\"elementor-headline-dynamic-text elementor-headline-text-active\">Industrielle anvendelser<\/span>\n\t\t\t\t<\/span>\n\t\t\t\t<\/h3>\n\t\t\t\t\t\t<\/div>\n\t\t\t\t<\/div>\n\t\t\t\t\t<\/div>\n\t\t\t\t<\/div>\n\t\t<div class=\"elementor-element elementor-element-88a2d66 e-con-full e-flex e-con e-parent\" data-id=\"88a2d66\" data-element_type=\"container\" data-e-type=\"container\">\r\n\t\t\t\t<div class=\"elementor-element elementor-element-172c7c2 elementor-widget elementor-widget-text-editor\" data-id=\"172c7c2\" data-element_type=\"widget\" data-e-type=\"widget\" data-widget_type=\"text-editor.default\">\n\t\t\t\t<div class=\"elementor-widget-container\">\n\t\t\t\t\t\t\t\t\t<h2 class=\"\" data-start=\"2259\" data-end=\"2322\"><strong data-start=\"2262\" data-end=\"2320\">Industrielle anvendelser af Caluanie Muelear Oxidize<\/strong><\/h2><p class=\"\" data-start=\"2324\" data-end=\"2510\">Caluanie Muelear Oxidize bruges i forskellige industrisektorer p\u00e5 grund af sin unikke evne til at nedbryde stive materialer. Nedenfor er nogle af de mest betydningsfulde anvendelser:<\/p><h3 class=\"\" data-start=\"2512\" data-end=\"2555\"><strong data-start=\"2516\" data-end=\"2553\">Forarbejdning og knusning af metal<\/strong><\/h3><p class=\"\" data-start=\"2556\" data-end=\"2676\">En af de mest almindelige anvendelser af Caluanie Muelear Oxidize er til knusning og forarbejdning af metal. Det er meget brugt i:<\/p><ul data-start=\"2677\" data-end=\"2950\"><li class=\"\" data-start=\"2677\" data-end=\"2780\"><p class=\"\" data-start=\"2679\" data-end=\"2780\"><strong data-start=\"2679\" data-end=\"2704\">Genbrug af metalskrot<\/strong> - Sv\u00e6kker metalstrukturer, hvilket g\u00f8r dem lettere at nedbryde og genbruge.<\/p><\/li><li class=\"\" data-start=\"2781\" data-end=\"2869\"><p class=\"\" data-start=\"2783\" data-end=\"2869\"><strong data-start=\"2783\" data-end=\"2809\">Industriel demontering<\/strong> - Anvendes til adskillelse af biler og maskiner.<\/p><\/li><li class=\"\" data-start=\"2870\" data-end=\"2950\"><p class=\"\" data-start=\"2872\" data-end=\"2950\"><strong data-start=\"2872\" data-end=\"2897\">Minedrift og metallurgi<\/strong> - Hj\u00e6lper med raffinering og forarbejdning af metaller.<\/p><\/li><\/ul><h3 class=\"\" data-start=\"2952\" data-end=\"3001\"><strong data-start=\"2956\" data-end=\"2999\">Kemisk opl\u00f8sningsmiddel til industriel brug<\/strong><\/h3><p class=\"\" data-start=\"3002\" data-end=\"3082\">P\u00e5 grund af sine st\u00e6rke opl\u00f8sningsmiddelegenskaber bruges Caluanie Muelear Oxidize i:<\/p><ul data-start=\"3083\" data-end=\"3275\"><li class=\"\" data-start=\"3083\" data-end=\"3142\"><p class=\"\" data-start=\"3085\" data-end=\"3142\"><strong data-start=\"3085\" data-end=\"3102\">Fjernelse af maling<\/strong> - Hj\u00e6lper med at fjerne bel\u00e6gninger fra overflader.<\/p><\/li><li class=\"\" data-start=\"3143\" data-end=\"3211\"><p class=\"\" data-start=\"3145\" data-end=\"3211\"><strong data-start=\"3145\" data-end=\"3168\">Industriel reng\u00f8ring<\/strong> - Nedbryder h\u00e5rde pletter og rester.<\/p><\/li><li class=\"\" data-start=\"3212\" data-end=\"3275\"><p class=\"\" data-start=\"3214\" data-end=\"3275\"><strong data-start=\"3214\" data-end=\"3236\">Tekstilforarbejdning<\/strong> - Bruges i visse stofbehandlinger.<\/p><\/li><\/ul><h3 class=\"\" data-start=\"3277\" data-end=\"3320\"><strong data-start=\"3281\" data-end=\"3318\">Kemisk forskning og testning<\/strong><\/h3><p class=\"\" data-start=\"3321\" data-end=\"3510\">Laboratorier bruger <a href=\"http:\/\/ultrabreakfluids.com\/da\/\"><strong data-start=\"3338\" data-end=\"3366\">Caluanie Muelear Oxidize<\/strong><\/a> til forskellige kemiske reaktioner og eksperimenter, is\u00e6r dem, der involverer oxidation og materialenedbrydning. Det findes ofte i:<\/p><ul data-start=\"3511\" data-end=\"3636\"><li class=\"\" data-start=\"3511\" data-end=\"3557\"><p class=\"\" data-start=\"3513\" data-end=\"3557\"><strong data-start=\"3513\" data-end=\"3555\">Universiteter og forskningsinstitutioner<\/strong><\/p><\/li><li class=\"\" data-start=\"3558\" data-end=\"3585\"><p class=\"\" data-start=\"3560\" data-end=\"3585\"><strong data-start=\"3560\" data-end=\"3583\">Industrielle R&amp;D-laboratorier<\/strong><\/p><\/li><\/ul><h3 class=\"\" data-start=\"3638\" data-end=\"3687\"><strong data-start=\"3642\" data-end=\"3685\">Anvendelser i den petrokemiske industri<\/strong><\/h3><p class=\"\" data-start=\"3688\" data-end=\"3782\">Olie- og gasindustrien bruger oxidationsmidler som Caluanie Muelear Oxidize til at..:<\/p><ul data-start=\"3783\" data-end=\"3955\"><li class=\"\" data-start=\"3783\" data-end=\"3843\"><p class=\"\" data-start=\"3785\" data-end=\"3843\"><strong>Forbedre nedbrydningen af kulbrinter i raffineringsprocesser<\/strong>.<\/p><\/li><li class=\"\" data-start=\"3844\" data-end=\"3896\"><p class=\"\" data-start=\"3846\" data-end=\"3896\"><strong>Hj\u00e6lp med reng\u00f8ring og vedligeholdelse af r\u00f8rledninger<\/strong>.<\/p><\/li><li class=\"\" data-start=\"3897\" data-end=\"3955\"><p class=\"\" data-start=\"3899\" data-end=\"3955\"><strong>Fungerer som agent i specialiserede kemiske reaktioner<\/strong>.<\/p><\/li><\/ul><h3 class=\"\" data-start=\"3957\" data-end=\"3994\"><strong data-start=\"3961\" data-end=\"3992\">Papir- og papirmasseindustrien<\/strong><\/h3><p class=\"\" data-start=\"3995\" data-end=\"4076\">Caluanie Muelear Oxidize spiller en rolle i papirproduktionen, is\u00e6r i:<\/p><ul data-start=\"4077\" data-end=\"4178\"><li class=\"\" data-start=\"4077\" data-end=\"4120\"><p class=\"\" data-start=\"4079\" data-end=\"4120\"><strong data-start=\"4079\" data-end=\"4117\">Behandling og forarbejdning af cellulose<\/strong>.<\/p><\/li><li class=\"\" data-start=\"4121\" data-end=\"4178\"><p class=\"\" data-start=\"4123\" data-end=\"4178\"><strong data-start=\"4123\" data-end=\"4175\">Fjernelse af u\u00f8nskede forbindelser fra r\u00e5materialer<\/strong>.<\/p><\/li><\/ul><h3 class=\"\" data-start=\"4180\" data-end=\"4216\"><strong data-start=\"4184\" data-end=\"4214\">Andre specialiserede anvendelser<\/strong><\/h3><ul data-start=\"4217\" data-end=\"4467\"><li class=\"\" data-start=\"4217\" data-end=\"4307\"><p class=\"\" data-start=\"4219\" data-end=\"4307\"><strong data-start=\"4219\" data-end=\"4260\">Smykke- og \u00e6delmetalindustrien<\/strong> - Hj\u00e6lper med at raffinere guld og andre metaller.<\/p><\/li><li class=\"\" data-start=\"4308\" data-end=\"4388\"><p class=\"\" data-start=\"4310\" data-end=\"4388\"><strong data-start=\"4310\" data-end=\"4335\">Bilindustrien<\/strong> - Anvendes til afrensning af maling og forberedelse af overflader.<\/p><\/li><li class=\"\" data-start=\"4389\" data-end=\"4467\"><p class=\"\" data-start=\"4391\" data-end=\"4467\"><strong data-start=\"4391\" data-end=\"4423\">Glas- og keramikforarbejdning<\/strong> - Hj\u00e6lper med at raffinere og forme processer.<\/p><\/li><\/ul>\t\t\t\t\t\t\t\t<\/div>\n\t\t\t\t<\/div>\n\t\t\t\t<\/div>\n\t\t\t\t<\/div>","protected":false},"excerpt":{"rendered":"<p>Industrial Applications Industrial Applications of Caluanie Muelear Oxidize Caluanie Muelear Oxidize is utilized in diverse industrial sectors due to its unique ability to break down rigid materials. Below are some of its most significant applications: Metal Processing and Crushing One of the most common uses of Caluanie Muelear Oxidize is in metal crushing and processing. [&hellip;]<\/p>\n","protected":false},"author":1,"featured_media":322,"parent":0,"menu_order":0,"comment_status":"closed","ping_status":"closed","template":"","meta":{"_acf_changed":false,"rs_blank_template":"","rs_page_bg_color":"","slide_template_v7":"","_monsterinsights_skip_tracking":false,"_monsterinsights_sitenote_active":false,"_monsterinsights_sitenote_note":"","_monsterinsights_sitenote_category":0,"footnotes":""},"class_list":["post-2142","page","type-page","status-publish","has-post-thumbnail","hentry"],"acf":[],"_hostinger_reach_plugin_has_subscription_block":false,"_hostinger_reach_plugin_is_elementor":false,"jetpack_sharing_enabled":true,"_links":{"self":[{"href":"https:\/\/ultrabreakfluids.com\/da\/wp-json\/wp\/v2\/pages\/2142","targetHints":{"allow":["GET"]}}],"collection":[{"href":"https:\/\/ultrabreakfluids.com\/da\/wp-json\/wp\/v2\/pages"}],"about":[{"href":"https:\/\/ultrabreakfluids.com\/da\/wp-json\/wp\/v2\/types\/page"}],"author":[{"embeddable":true,"href":"https:\/\/ultrabreakfluids.com\/da\/wp-json\/wp\/v2\/users\/1"}],"replies":[{"embeddable":true,"href":"https:\/\/ultrabreakfluids.com\/da\/wp-json\/wp\/v2\/comments?post=2142"}],"version-history":[{"count":11,"href":"https:\/\/ultrabreakfluids.com\/da\/wp-json\/wp\/v2\/pages\/2142\/revisions"}],"predecessor-version":[{"id":2414,"href":"https:\/\/ultrabreakfluids.com\/da\/wp-json\/wp\/v2\/pages\/2142\/revisions\/2414"}],"wp:featuredmedia":[{"embeddable":true,"href":"https:\/\/ultrabreakfluids.com\/da\/wp-json\/wp\/v2\/media\/322"}],"wp:attachment":[{"href":"https:\/\/ultrabreakfluids.com\/da\/wp-json\/wp\/v2\/media?parent=2142"}],"curies":[{"name":"wp","href":"https:\/\/api.w.org\/{rel}","templated":true}]}}