{"id":2121,"date":"2025-05-02T03:35:10","date_gmt":"2025-05-02T03:35:10","guid":{"rendered":"https:\/\/ultrabreakfluids.com\/?page_id=2121"},"modified":"2025-06-12T16:41:01","modified_gmt":"2025-06-12T16:41:01","slug":"vores-garantier","status":"publish","type":"page","link":"https:\/\/ultrabreakfluids.com\/da\/vores-garantier\/","title":{"rendered":"Vores garantier"},"content":{"rendered":"<div data-elementor-type=\"wp-page\" data-elementor-id=\"2121\" class=\"elementor elementor-2121\" data-elementor-post-type=\"page\">\n\t\t\t\t<div class=\"elementor-element elementor-element-5778096 e-flex e-con-boxed e-con e-parent\" data-id=\"5778096\" data-element_type=\"container\" data-e-type=\"container\">\r\n\t\t\t\t\t<div class=\"e-con-inner\">\r\n\t\t\t\t<div class=\"elementor-element elementor-element-b82984d elementor-headline--style-highlight elementor-widget elementor-widget-animated-headline\" data-id=\"b82984d\" data-element_type=\"widget\" data-e-type=\"widget\" data-settings=\"{&quot;marker&quot;:&quot;curly&quot;,&quot;highlighted_text&quot;:&quot;Our Guarantees&quot;,&quot;headline_style&quot;:&quot;highlight&quot;,&quot;loop&quot;:&quot;yes&quot;,&quot;highlight_animation_duration&quot;:1200,&quot;highlight_iteration_delay&quot;:8000}\" data-widget_type=\"animated-headline.default\">\n\t\t\t\t<div class=\"elementor-widget-container\">\n\t\t\t\t\t\t\t<h3 class=\"elementor-headline\">\n\t\t\t\t<span class=\"elementor-headline-dynamic-wrapper elementor-headline-text-wrapper\">\n\t\t\t\t\t<span class=\"elementor-headline-dynamic-text elementor-headline-text-active\">Vores garantier<\/span>\n\t\t\t\t<\/span>\n\t\t\t\t<\/h3>\n\t\t\t\t\t\t<\/div>\n\t\t\t\t<\/div>\n\t\t\t\t\t<\/div>\n\t\t\t\t<\/div>\n\t\t<div class=\"elementor-element elementor-element-bd3ff43 e-flex e-con-boxed e-con e-parent\" data-id=\"bd3ff43\" data-element_type=\"container\" data-e-type=\"container\">\r\n\t\t\t\t\t<div class=\"e-con-inner\">\r\n\t\t\t\t<div class=\"elementor-element elementor-element-122906f elementor-widget elementor-widget-text-editor\" data-id=\"122906f\" data-element_type=\"widget\" data-e-type=\"widget\" data-widget_type=\"text-editor.default\">\n\t\t\t\t<div class=\"elementor-widget-container\">\n\t\t\t\t\t\t\t\t\t<p class=\"\" data-start=\"404\" data-end=\"459\"><strong data-start=\"404\" data-end=\"459\">UltraBreakFluids.com | UltraBreakFluids Inc. - USA<\/strong><\/p><p class=\"\" data-start=\"461\" data-end=\"831\">P\u00e5 <strong data-start=\"464\" data-end=\"490\">UltraBreakFluids Inc.<\/strong>Vi s\u00e6tter en \u00e6re i at levere ikke kun <strong data-start=\"529\" data-end=\"588\">den h\u00f8jeste kvalitet Caluanie Muelear Oxidize i verden<\/strong>men ogs\u00e5 total gennemsigtighed, overholdelse af lovgivningen og st\u00e5lsat kundetillid. Uanset om du bestiller fra USA eller internationalt, er vores garantier designet til at beskytte din investering, din drift og din ro i sindet.<\/p><hr class=\"\" data-start=\"833\" data-end=\"836\" \/><h2 class=\"\" data-start=\"838\" data-end=\"874\"><strong data-start=\"843\" data-end=\"874\">1. Garanti for produktrenhed<\/strong><\/h2><p class=\"\" data-start=\"876\" data-end=\"1057\">Hver flaske, tromle eller beholder med <strong data-start=\"912\" data-end=\"940\">Caluanie Muelear Oxidize<\/strong> sendt fra UltraBreakFluids Inc. opfylder eller overg\u00e5r internationalt accepterede <strong data-start=\"1019\" data-end=\"1056\">Renhedsstandarder af industriel kvalitet<\/strong>.<\/p><ul data-start=\"1059\" data-end=\"1274\"><li class=\"\" data-start=\"1059\" data-end=\"1126\"><p class=\"\" data-start=\"1061\" data-end=\"1126\">St\u00f8ttet af interne og tredjeparts <strong data-start=\"1096\" data-end=\"1124\">Analyse af kvalitetskontrol<\/strong><\/p><\/li><li class=\"\" data-start=\"1127\" data-end=\"1204\"><p class=\"\" data-start=\"1129\" data-end=\"1204\">Indeholder fuld dokumentation: <strong data-start=\"1158\" data-end=\"1166\">SIKKERHEDSDATABLAD<\/strong>, <strong data-start=\"1168\" data-end=\"1175\">COA<\/strong>og <strong data-start=\"1181\" data-end=\"1202\">ID til sporing af batch<\/strong><\/p><\/li><li class=\"\" data-start=\"1205\" data-end=\"1274\"><p class=\"\" data-start=\"1207\" data-end=\"1274\">Manipulationssikker emballage for at sikre produktets integritet under transport<\/p><\/li><\/ul><blockquote data-start=\"1276\" data-end=\"1420\"><p class=\"\" data-start=\"1278\" data-end=\"1420\">\u00a0Hvis dit produkt ikke stemmer overens med den annoncerede specifikation, vil vi unders\u00f8ge det og, hvis det bekr\u00e6ftes, tilbyde en <strong data-start=\"1389\" data-end=\"1419\">fuld erstatning eller tilbagebetaling<\/strong>.<\/p><\/blockquote><hr class=\"\" data-start=\"1422\" data-end=\"1425\" \/><h2 class=\"\" data-start=\"1427\" data-end=\"1487\">\u00a0<strong data-start=\"1433\" data-end=\"1487\">2. Sikker og kompatibel verdensomsp\u00e6ndende forsendelsesgaranti<\/strong><\/h2><p class=\"\" data-start=\"1489\" data-end=\"1602\">Vi garanterer professionel h\u00e5ndtering og levering af dit produkt - sikkert og lovligt - uanset hvor du befinder dig.<\/p><ul data-start=\"1604\" data-end=\"1863\"><li class=\"\" data-start=\"1604\" data-end=\"1689\"><p class=\"\" data-start=\"1606\" data-end=\"1689\">Fuldt ud i overensstemmelse med <strong data-start=\"1627\" data-end=\"1645\">U.S. DOT, IATA<\/strong>og <strong data-start=\"1651\" data-end=\"1687\">internationale regler for farligt gods<\/strong><\/p><\/li><li class=\"\" data-start=\"1690\" data-end=\"1777\"><p class=\"\" data-start=\"1692\" data-end=\"1777\">Vi leverer komplet eksportdokumentation for at opfylde dit lands importkrav<\/p><\/li><li class=\"\" data-start=\"1778\" data-end=\"1863\"><p class=\"\" data-start=\"1780\" data-end=\"1863\">Alle forsendelser er <strong data-start=\"1798\" data-end=\"1809\">sporet<\/strong>, <strong data-start=\"1811\" data-end=\"1822\">forsikret<\/strong>og <strong data-start=\"1828\" data-end=\"1847\">dobbelt-verificeret<\/strong> f\u00f8r afsendelse<\/p><\/li><\/ul><blockquote data-start=\"1865\" data-end=\"2018\"><p class=\"\" data-start=\"1867\" data-end=\"2018\">Hvis din ordre ikke kan leveres p\u00e5 grund af en dokumenteret forsendelsesfejl fra vores side, vil vi <strong data-start=\"1953\" data-end=\"1973\">Send igen eller f\u00e5 pengene tilbage<\/strong> i overensstemmelse med vores <a class=\"\" href=\"https:\/\/ultrabreakfluids.com\/da\/shipping-policy\/\" rel=\"noopener\" data-start=\"1997\" data-end=\"2017\">Forsendelsespolitik<\/a>.<\/p><\/blockquote><hr class=\"\" data-start=\"2020\" data-end=\"2023\" \/><h2 class=\"\" data-start=\"2025\" data-end=\"2076\">\u00a0<strong data-start=\"2031\" data-end=\"2076\">3. Garanti for fortrolighed og diskretion<\/strong><\/h2><p class=\"\" data-start=\"2078\" data-end=\"2216\">UltraBreak Fluids Inc. respekterer vores k\u00f8beres kommercielle f\u00f8lsomhed og juridiske overvejelser, is\u00e6r i specialiserede brancher.<\/p><ul data-start=\"2218\" data-end=\"2459\"><li class=\"\" data-start=\"2218\" data-end=\"2288\"><p class=\"\" data-start=\"2220\" data-end=\"2288\">Alle ordrer og kundeoplysninger h\u00e5ndteres <strong data-start=\"2262\" data-end=\"2286\">i streng fortrolighed<\/strong><\/p><\/li><li class=\"\" data-start=\"2289\" data-end=\"2375\"><p class=\"\" data-start=\"2291\" data-end=\"2375\">Dine data er beskyttet under vores <a class=\"\" href=\"https:\/\/ultrabreakfluids.com\/da\/fortrolighedspolitik\/\" rel=\"noopener\" data-start=\"2324\" data-end=\"2343\">Politik for beskyttelse af personlige oplysninger<\/a> og amerikanske databeskyttelseslove<\/p><\/li><li class=\"\" data-start=\"2376\" data-end=\"2459\"><p class=\"\" data-start=\"2378\" data-end=\"2459\">Ingen oplysninger bliver nogensinde solgt eller delt med tredjeparter uden juridisk forpligtelse.<\/p><\/li><\/ul><blockquote data-start=\"2461\" data-end=\"2557\"><p class=\"\" data-start=\"2463\" data-end=\"2557\">\u00a0Vores platform bruger SSL-kryptering og verificerede betalingsgateways til at sikre alle transaktioner.<\/p><\/blockquote><h2 class=\"\" data-start=\"2564\" data-end=\"2613\">\u00a0<strong data-start=\"2570\" data-end=\"2613\">4. Garanti for dokumentation og overholdelse<\/strong><\/h2><p class=\"\" data-start=\"2615\" data-end=\"2702\">Vi leverer juridisk bindende, eksportkompatibel dokumentation med hver ordre efter k\u00f8b, herunder:<\/p><ul data-start=\"2704\" data-end=\"2919\"><li class=\"\" data-start=\"2704\" data-end=\"2746\"><p class=\"\" data-start=\"2706\" data-end=\"2746\"><strong data-start=\"2706\" data-end=\"2744\">Sikkerhedsdatablade for materialer (MSDS)<\/strong><\/p><\/li><li class=\"\" data-start=\"2747\" data-end=\"2784\"><p class=\"\" data-start=\"2749\" data-end=\"2784\"><strong data-start=\"2749\" data-end=\"2782\">Analysecertifikat (COA)<\/strong><\/p><\/li><li class=\"\" data-start=\"2785\" data-end=\"2832\"><p class=\"\" data-start=\"2787\" data-end=\"2832\"><strong data-start=\"2787\" data-end=\"2830\">Handelsfaktura og Hazmat-erkl\u00e6ring<\/strong><\/p><\/li><li class=\"\" data-start=\"2833\" data-end=\"2919\"><p class=\"\" data-start=\"2835\" data-end=\"2919\">Yderligere overensstemmelsesdokumentation efter anmodning (f.eks. SDS, importgodkendelsesbreve)<\/p><\/li><\/ul><blockquote data-start=\"2921\" data-end=\"3008\"><p class=\"\" data-start=\"2923\" data-end=\"3008\">\u00a0Hvis et p\u00e5kr\u00e6vet dokument mangler, vil vi <strong data-start=\"2969\" data-end=\"3007\">udstede den digitalt inden for 24 timer<\/strong>.<\/p><\/blockquote><hr class=\"\" data-start=\"3010\" data-end=\"3013\" \/><h2 class=\"\" data-start=\"3015\" data-end=\"3063\">\u00a0<strong data-start=\"3021\" data-end=\"3063\">5. Tilfredsheds- og l\u00f8sningsgaranti<\/strong><\/h2><p class=\"\" data-start=\"3065\" data-end=\"3146\">Vi garanterer en hurtig og professionel l\u00f8sning p\u00e5 alle problemer i forbindelse med din ordre.<\/p><ul data-start=\"3148\" data-end=\"3356\"><li class=\"\" data-start=\"3148\" data-end=\"3210\"><p class=\"\" data-start=\"3150\" data-end=\"3210\"><strong data-start=\"3150\" data-end=\"3178\">7 dages returret<\/strong> p\u00e5 beskadigede eller forkerte varer<\/p><\/li><li class=\"\" data-start=\"3211\" data-end=\"3284\"><p class=\"\" data-start=\"3213\" data-end=\"3284\"><strong data-start=\"3213\" data-end=\"3244\">Hurtig h\u00e5ndtering af tvister<\/strong> via vores compliance- og logistikteam<\/p><\/li><li class=\"\" data-start=\"3285\" data-end=\"3356\"><p class=\"\" data-start=\"3287\" data-end=\"3356\">Personlig kundeservice - ingen automatiserede systemer, kun rigtige eksperter<\/p><\/li><\/ul><blockquote data-start=\"3358\" data-end=\"3485\"><p class=\"\" data-start=\"3360\" data-end=\"3485\">\u00a0Din tilfredshed er vores omd\u00f8mme. Hvis vi ikke lever op til forventningerne, vil vi g\u00f8re, hvad der er rimeligt og lovligt for at rette op p\u00e5 det.<\/p><\/blockquote><hr class=\"\" data-start=\"3487\" data-end=\"3490\" \/><h2 class=\"\" data-start=\"3492\" data-end=\"3522\">\u00a0<strong data-start=\"3498\" data-end=\"3522\">Vores juridiske forpligtelse<\/strong><\/h2><p class=\"\" data-start=\"3524\" data-end=\"3580\">UltraBreak Fluids Inc. arbejder i fuld overensstemmelse med:<\/p><ul data-start=\"3581\" data-end=\"3819\"><li class=\"\" data-start=\"3581\" data-end=\"3637\"><p class=\"\" data-start=\"3583\" data-end=\"3637\"><strong data-start=\"3583\" data-end=\"3635\">USA's f\u00f8derale love om distribution af kemikalier<\/strong><\/p><\/li><li class=\"\" data-start=\"3638\" data-end=\"3685\"><p class=\"\" data-start=\"3640\" data-end=\"3685\"><strong data-start=\"3640\" data-end=\"3683\">Forskrifter for eksportadministration (EAR)<\/strong><\/p><\/li><li class=\"\" data-start=\"3686\" data-end=\"3744\"><p class=\"\" data-start=\"3688\" data-end=\"3744\"><strong data-start=\"3688\" data-end=\"3712\">EPA- og OSHA-standarder<\/strong> for kemisk sikkerhed p\u00e5 arbejdspladsen<\/p><\/li><li class=\"\" data-start=\"3745\" data-end=\"3819\"><p class=\"\" data-start=\"3747\" data-end=\"3819\">Relevant <strong data-start=\"3756\" data-end=\"3785\">Handelslove p\u00e5 statsniveau<\/strong> g\u00e6lder for farlige materialer<\/p><\/li><\/ul><p class=\"\" data-start=\"3821\" data-end=\"3909\">Vi garanterer <strong data-start=\"3834\" data-end=\"3850\">Lovlig handel<\/strong> og <strong data-start=\"3855\" data-end=\"3887\">Etisk forvaltning af kemikalier<\/strong> i hver eneste transaktion.<\/p>\t\t\t\t\t\t\t\t<\/div>\n\t\t\t\t<\/div>\n\t\t\t\t\t<\/div>\n\t\t\t\t<\/div>\n\t\t\t\t<\/div>","protected":false},"excerpt":{"rendered":"<p>Our Guarantees UltraBreakFluids.com | UltraBreakFluids Inc. \u2013 USA At UltraBreakFluids Inc., we take pride in delivering not only the highest-grade Caluanie Muelear Oxidize in the world, but also total transparency, legal compliance, and ironclad customer confidence. Whether you&#8217;re ordering from within the U.S. or internationally, our guarantees are designed to protect your investment, your operation, [&hellip;]<\/p>\n","protected":false},"author":1,"featured_media":0,"parent":0,"menu_order":0,"comment_status":"closed","ping_status":"closed","template":"","meta":{"_acf_changed":false,"rs_blank_template":"","rs_page_bg_color":"","slide_template_v7":"","_monsterinsights_skip_tracking":false,"_monsterinsights_sitenote_active":false,"_monsterinsights_sitenote_note":"","_monsterinsights_sitenote_category":0,"footnotes":""},"class_list":["post-2121","page","type-page","status-publish","hentry"],"acf":[],"jetpack_sharing_enabled":true,"_links":{"self":[{"href":"https:\/\/ultrabreakfluids.com\/da\/wp-json\/wp\/v2\/pages\/2121","targetHints":{"allow":["GET"]}}],"collection":[{"href":"https:\/\/ultrabreakfluids.com\/da\/wp-json\/wp\/v2\/pages"}],"about":[{"href":"https:\/\/ultrabreakfluids.com\/da\/wp-json\/wp\/v2\/types\/page"}],"author":[{"embeddable":true,"href":"https:\/\/ultrabreakfluids.com\/da\/wp-json\/wp\/v2\/users\/1"}],"replies":[{"embeddable":true,"href":"https:\/\/ultrabreakfluids.com\/da\/wp-json\/wp\/v2\/comments?post=2121"}],"version-history":[{"count":5,"href":"https:\/\/ultrabreakfluids.com\/da\/wp-json\/wp\/v2\/pages\/2121\/revisions"}],"predecessor-version":[{"id":2321,"href":"https:\/\/ultrabreakfluids.com\/da\/wp-json\/wp\/v2\/pages\/2121\/revisions\/2321"}],"wp:attachment":[{"href":"https:\/\/ultrabreakfluids.com\/da\/wp-json\/wp\/v2\/media?parent=2121"}],"curies":[{"name":"wp","href":"https:\/\/api.w.org\/{rel}","templated":true}]}}