{"id":2154,"date":"2025-05-04T04:56:17","date_gmt":"2025-05-04T04:56:17","guid":{"rendered":"https:\/\/ultrabreakfluids.com\/?page_id=2154"},"modified":"2025-06-12T16:36:08","modified_gmt":"2025-06-12T16:36:08","slug":"casto-kladene-otazky-faqs","status":"publish","type":"page","link":"https:\/\/ultrabreakfluids.com\/cs\/casto-kladene-otazky-faqs\/","title":{"rendered":"\u010casto kladen\u00e9 ot\u00e1zky (FAQ)"},"content":{"rendered":"<div data-elementor-type=\"wp-page\" data-elementor-id=\"2154\" class=\"elementor elementor-2154\" data-elementor-post-type=\"page\">\n\t\t\t\t<div class=\"elementor-element elementor-element-9ce9cbf e-flex e-con-boxed e-con e-parent\" data-id=\"9ce9cbf\" data-element_type=\"container\" data-e-type=\"container\">\r\n\t\t\t\t\t<div class=\"e-con-inner\">\r\n\t\t\t\t<div data-plugin=\"mouse-parallax\" data-options=\"{&quot;invertX&quot;:false,&quot;invertY&quot;:false}\" data-floating-depth=\"0.5\" class=\"elementor-element elementor-element-d23e023 elementor-headline--style-highlight elementor-widget elementor-widget-animated-headline\" data-id=\"d23e023\" data-element_type=\"widget\" data-e-type=\"widget\" data-settings=\"{&quot;marker&quot;:&quot;underline_zigzag&quot;,&quot;highlighted_text&quot;:&quot;Frequently Asked Questions (FAQs)&quot;,&quot;headline_style&quot;:&quot;highlight&quot;,&quot;loop&quot;:&quot;yes&quot;,&quot;highlight_animation_duration&quot;:1200,&quot;highlight_iteration_delay&quot;:8000}\" data-widget_type=\"animated-headline.default\">\n\t\t\t\t<div class=\"elementor-widget-container\">\n\t\t\t\t\t\t\t<h3 class=\"elementor-headline\">\n\t\t\t\t<span class=\"elementor-headline-dynamic-wrapper elementor-headline-text-wrapper\">\n\t\t\t\t\t<span class=\"elementor-headline-dynamic-text elementor-headline-text-active\">\u010casto kladen\u00e9 ot\u00e1zky (FAQ)<\/span>\n\t\t\t\t<\/span>\n\t\t\t\t<\/h3>\n\t\t\t\t\t\t<\/div>\n\t\t\t\t<\/div>\n\t\t\t\t\t<\/div>\n\t\t\t\t<\/div>\n\t\t<div class=\"elementor-element elementor-element-5cba8fd e-flex e-con-boxed e-con e-parent\" data-id=\"5cba8fd\" data-element_type=\"container\" data-e-type=\"container\">\r\n\t\t\t\t\t<div class=\"e-con-inner\">\r\n\t\t\t\t<div class=\"elementor-element elementor-element-72f997d elementor-widget elementor-widget-text-editor\" data-id=\"72f997d\" data-element_type=\"widget\" data-e-type=\"widget\" data-widget_type=\"text-editor.default\">\n\t\t\t\t<div class=\"elementor-widget-container\">\n\t\t\t\t\t\t\t\t\t<h4 data-start=\"405\" data-end=\"497\"><strong data-start=\"405\" data-end=\"497\">UltraBreak Fluids Inc. - d\u016fv\u011bryhodn\u00fd americk\u00fd dodavatel pr\u00e9miov\u00fdch kalori\u00ed Muelear Oxidize<\/strong><\/h4><p class=\"\" data-start=\"499\" data-end=\"677\">Na\u0161\u00edm c\u00edlem je zajistit bezpe\u010dn\u00fd, leg\u00e1ln\u00ed a transparentn\u00ed p\u0159\u00edstup k pr\u016fmyslov\u00e9mu produktu Caluanie Muelear Oxidize. N\u00ed\u017ee jsou uvedeny na\u0161e nej\u010dast\u011bji kladen\u00e9 ot\u00e1zky, kter\u00e9 v\u00e1m pomohou p\u0159i n\u00e1kupu.<\/p>\t\t\t\t\t\t\t\t<\/div>\n\t\t\t\t<\/div>\n\t\t\t\t\t<\/div>\n\t\t\t\t<\/div>\n\t\t<div class=\"elementor-element elementor-element-29fcd00 e-flex e-con-boxed e-con e-parent\" data-id=\"29fcd00\" data-element_type=\"container\" data-e-type=\"container\">\r\n\t\t\t\t\t<div class=\"e-con-inner\">\r\n\t\t\t\t<div class=\"elementor-element elementor-element-f6e9035 elementor-widget elementor-widget-text-editor\" data-id=\"f6e9035\" data-element_type=\"widget\" data-e-type=\"widget\" data-widget_type=\"text-editor.default\">\n\t\t\t\t<div class=\"elementor-widget-container\">\n\t\t\t\t\t\t\t\t\t<h3 class=\"\" data-start=\"684\" data-end=\"770\">Kdo m\u016f\u017ee leg\u00e1ln\u011b zakoupit Caluanie Muelear Oxidize od spole\u010dnosti UltraBreakfluids Inc.?<\/h3><p class=\"\" data-start=\"771\" data-end=\"1137\"><strong data-start=\"771\" data-end=\"777\">A:<\/strong> Dod\u00e1v\u00e1me Caluanie Muelear Oxidize pouze kvalifikovan\u00fdm kupuj\u00edc\u00edm, v\u010detn\u011b <strong data-start=\"849\" data-end=\"917\">pr\u016fmyslov\u00e9 podniky, v\u00fdzkumn\u00e1 za\u0159\u00edzen\u00ed, licencovan\u00e9 laborato\u0159e.<\/strong>a dal\u0161\u00edmi ov\u011b\u0159en\u00fdmi odborn\u00edky. D\u011bl\u00e1me <strong data-start=\"959\" data-end=\"971\">neprod\u00e1vat<\/strong> soukrom\u00fdm osob\u00e1m nebo neov\u011b\u0159en\u00fdm u\u017eivatel\u016fm. V\u0161echny n\u00e1kupy podl\u00e9haj\u00ed <strong data-start=\"1045\" data-end=\"1097\">kontrola shody a ov\u011b\u0159ov\u00e1n\u00ed dokumentace<\/strong> podle americk\u00e9ho a mezin\u00e1rodn\u00edho obchodn\u00edho pr\u00e1va.<\/p><hr class=\"\" data-start=\"1139\" data-end=\"1142\" \/><h3 class=\"\" data-start=\"1144\" data-end=\"1219\">Je leg\u00e1ln\u00ed koupit Caluanie Muelear Oxidize z va\u0161ich webov\u00fdch str\u00e1nek?<\/h3><p class=\"\" data-start=\"1220\" data-end=\"1592\"><strong data-start=\"1220\" data-end=\"1226\">A:<\/strong> Ano - spole\u010dnost UltraBreakfluids Inc. pracuje v pln\u00e9m souladu se v\u0161emi pr\u00e1vn\u00edmi p\u0159edpisy. <strong data-start=\"1293\" data-end=\"1321\">Feder\u00e1ln\u00ed p\u0159edpisy USA<\/strong> upravuj\u00edc\u00ed prodej a v\u00fdvoz chemick\u00fdch l\u00e1tek s omezen\u00fdm pou\u017eit\u00edm. Kupuj\u00edc\u00ed jsou v\u0161ak odpov\u011bdn\u00ed za zaji\u0161t\u011bn\u00ed souladu se sv\u00fdmi vlastn\u00edmi p\u0159edpisy. <strong data-start=\"1452\" data-end=\"1466\">m\u00edstn\u00ed z\u00e1kony<\/strong> a <strong data-start=\"1471\" data-end=\"1493\">dovozn\u00ed p\u0159edpisy<\/strong>. Vyhrazujeme si pr\u00e1vo odm\u00edtnout nebo zru\u0161it objedn\u00e1vky, kter\u00e9 poru\u0161uj\u00ed pr\u00e1vn\u00ed, etick\u00e9 nebo bezpe\u010dnostn\u00ed normy.<\/p><hr class=\"\" data-start=\"1594\" data-end=\"1597\" \/><hr class=\"\" data-start=\"2010\" data-end=\"2013\" \/><h3 class=\"\" data-start=\"2015\" data-end=\"2051\">Zas\u00edl\u00e1te zbo\u017e\u00ed do zahrani\u010d\u00ed?<\/h3><p class=\"\" data-start=\"2052\" data-end=\"2244\"><strong data-start=\"2052\" data-end=\"2058\">A:<\/strong> Ano. Dod\u00e1v\u00e1me Caluanie Muelear Oxidize po cel\u00e9m sv\u011bt\u011b. <strong data-start=\"2129\" data-end=\"2176\">mezin\u00e1rodn\u00ed p\u0159edpisy pro p\u0159epravu chemick\u00fdch l\u00e1tek<\/strong> v\u010detn\u011b <strong data-start=\"2187\" data-end=\"2210\">IATA, DOT a IMDG<\/strong> normy. V\u0161echny v\u00fdvozy zahrnuj\u00ed:<\/p><ul data-start=\"2245\" data-end=\"2392\"><li class=\"\" data-start=\"2245\" data-end=\"2286\"><p class=\"\" data-start=\"2247\" data-end=\"2286\"><strong data-start=\"2247\" data-end=\"2284\">Bezpe\u010dnostn\u00ed list materi\u00e1lu (MSDS)<\/strong><\/p><\/li><li class=\"\" data-start=\"2287\" data-end=\"2324\"><p class=\"\" data-start=\"2289\" data-end=\"2324\"><strong data-start=\"2289\" data-end=\"2322\">Certifik\u00e1t o anal\u00fdze (COA)<\/strong><\/p><\/li><li class=\"\" data-start=\"2325\" data-end=\"2363\"><p class=\"\" data-start=\"2327\" data-end=\"2363\"><strong data-start=\"2327\" data-end=\"2361\">V\u00fdvozn\u00ed prohl\u00e1\u0161en\u00ed a faktura<\/strong><\/p><\/li><li class=\"\" data-start=\"2364\" data-end=\"2392\"><p class=\"\" data-start=\"2366\" data-end=\"2392\"><strong data-start=\"2366\" data-end=\"2392\">Sledov\u00e1n\u00ed a poji\u0161t\u011bn\u00ed<\/strong><\/p><\/li><\/ul><p class=\"\" data-start=\"2394\" data-end=\"2448\">V p\u0159\u00edpad\u011b pot\u0159eby v\u00e1m pom\u016f\u017eeme s vy\u0159\u00edzen\u00edm celn\u00edch po\u017eadavk\u016f.<\/p><hr class=\"\" data-start=\"2450\" data-end=\"2453\" \/><h3 class=\"\" data-start=\"2455\" data-end=\"2503\">Jak je v\u00fdrobek zabalen a ozna\u010den?<\/h3><p class=\"\" data-start=\"2504\" data-end=\"2858\"><strong data-start=\"2504\" data-end=\"2510\">A:<\/strong> V\u0161echny v\u00fdrobky jsou bezpe\u010dn\u011b zape\u010det\u011bny v <strong data-start=\"2547\" data-end=\"2598\">chemicky odoln\u00e9 kontejnery, kter\u00e9 se nedaj\u00ed otev\u0159\u00edt.<\/strong>, ozna\u010den\u00e9 podle <strong data-start=\"2621\" data-end=\"2648\">Normy OSHA GHS USA<\/strong>. Ka\u017ed\u00e9 balen\u00ed obsahuje bezpe\u010dnostn\u00ed upozorn\u011bn\u00ed, pokyny pro manipulaci a informace o sledov\u00e1n\u00ed \u0161ar\u017ee. Hromadn\u00e9 z\u00e1silky (10 l, 20 l, 50 l, 200 l) jsou baleny do <strong data-start=\"2793\" data-end=\"2825\">Pr\u016fmyslov\u00e9 sudy schv\u00e1len\u00e9 OSN<\/strong> se zes\u00edlen\u00fdm vn\u011bj\u0161\u00edm obalem.<\/p><hr class=\"\" data-start=\"2860\" data-end=\"2863\" \/><h3 class=\"\" data-start=\"2865\" data-end=\"2922\">Co kdy\u017e se z\u00e1silka zpozd\u00ed, zadr\u017e\u00ed nebo po\u0161kod\u00ed?<\/h3><p class=\"\" data-start=\"2923\" data-end=\"3028\"><strong data-start=\"2923\" data-end=\"2929\">A:<\/strong> V\u0161echny objedn\u00e1vky sledujeme od odesl\u00e1n\u00ed a\u017e po doru\u010den\u00ed. Pokud se z\u00e1silka zpozd\u00ed nebo po\u0161kod\u00ed p\u0159i p\u0159eprav\u011b:<\/p><ul data-start=\"3029\" data-end=\"3189\"><li class=\"\" data-start=\"3029\" data-end=\"3065\"><p class=\"\" data-start=\"3031\" data-end=\"3065\">Otev\u0159eme <strong data-start=\"3046\" data-end=\"3063\">reklamace dopravce<\/strong><\/p><\/li><li class=\"\" data-start=\"3066\" data-end=\"3111\"><p class=\"\" data-start=\"3068\" data-end=\"3111\">\u0160et\u0159en\u00ed s podp\u016frnou dokumentac\u00ed<\/p><\/li><li class=\"\" data-start=\"3112\" data-end=\"3189\"><p class=\"\" data-start=\"3114\" data-end=\"3189\">Nab\u00eddn\u011bte <strong data-start=\"3122\" data-end=\"3147\">v\u00fdm\u011bna nebo vr\u00e1cen\u00ed pen\u011bz<\/strong> p\u0159\u00edpadn\u011b (viz pokyny pro p\u0159epravu)<\/p><\/li><\/ul><p class=\"\" data-start=\"3191\" data-end=\"3272\">V\u0161echny z\u00e1silky jsou poji\u0161t\u011bny. Kontaktujte podporu v r\u00e1mci <strong data-start=\"3240\" data-end=\"3252\">72 hodin<\/strong> probl\u00e9m\u016f s doru\u010dov\u00e1n\u00edm.<\/p><hr class=\"\" data-start=\"3274\" data-end=\"3277\" \/><h3 class=\"\" data-start=\"3279\" data-end=\"3352\">\u00a0Jak si mohu b\u00fdt jist\u00fd, \u017ee dost\u00e1v\u00e1m origin\u00e1ln\u00ed Caluanie Muelear Oxidize?<\/h3><p class=\"\" data-start=\"3353\" data-end=\"3384\"><strong data-start=\"3353\" data-end=\"3359\">A:<\/strong> Ka\u017ed\u00e1 objedn\u00e1vka obsahuje:<\/p><ul data-start=\"3385\" data-end=\"3557\"><li class=\"\" data-start=\"3385\" data-end=\"3424\"><p class=\"\" data-start=\"3387\" data-end=\"3424\">A <strong data-start=\"3389\" data-end=\"3422\">Certifik\u00e1t o anal\u00fdze (COA)<\/strong><\/p><\/li><li class=\"\" data-start=\"3425\" data-end=\"3454\"><p class=\"\" data-start=\"3427\" data-end=\"3454\">A <strong data-start=\"3429\" data-end=\"3452\">jedine\u010dn\u00e9 \u010d\u00edslo \u0161ar\u017ee<\/strong><\/p><\/li><li class=\"\" data-start=\"3455\" data-end=\"3501\"><p class=\"\" data-start=\"3457\" data-end=\"3501\">\u00dapln\u00fd <strong data-start=\"3462\" data-end=\"3499\">Bezpe\u010dnostn\u00ed list materi\u00e1lu (MSDS)<\/strong><\/p><\/li><li class=\"\" data-start=\"3502\" data-end=\"3530\"><p class=\"\" data-start=\"3504\" data-end=\"3530\">Obal s ochranou proti neopr\u00e1vn\u011bn\u00e9 manipulaci<\/p><\/li><li class=\"\" data-start=\"3531\" data-end=\"3557\"><p class=\"\" data-start=\"3533\" data-end=\"3557\">Sledov\u00e1n\u00ed z\u00e1silek v USA<\/p><\/li><\/ul><p class=\"\" data-start=\"3559\" data-end=\"3723\">Jsme registrovan\u00fdm dodavatelem v USA a udr\u017eujeme plnou kontrolu kvality v\u0161ech \u0161ar\u017e\u00ed. Pravost objedn\u00e1vky si m\u016f\u017eete ov\u011b\u0159it prost\u0159ednictv\u00edm <strong data-start=\"3690\" data-end=\"3722\"><a rel=\"noopener\" data-start=\"3692\" data-end=\"3720\">sales@ultrabreakfluids.com<\/a><\/strong>.<\/p><hr class=\"\" data-start=\"3725\" data-end=\"3728\" \/><h3 class=\"\" data-start=\"3730\" data-end=\"3789\">Mohu svou objedn\u00e1vku po odesl\u00e1n\u00ed zru\u0161it nebo zm\u011bnit?<\/h3><p class=\"\" data-start=\"3790\" data-end=\"4017\"><strong data-start=\"3790\" data-end=\"3796\">A:<\/strong> Ano - ale pouze <strong data-start=\"3812\" data-end=\"3846\">p\u0159ed odesl\u00e1n\u00edm v\u00fdrobku<\/strong>. Po zah\u00e1jen\u00ed expedice a celn\u00edho \u0159\u00edzen\u00ed jsou storna <strong data-start=\"3911\" data-end=\"3928\">nen\u00ed povoleno<\/strong> kv\u016fli pr\u00e1vn\u00edm a bezpe\u010dnostn\u00edm p\u0159edpis\u016fm. P\u0159ed odesl\u00e1n\u00edm si pros\u00edm pe\u010dliv\u011b prohl\u00e9dn\u011bte v\u0161echny \u00fadaje.<\/p><hr class=\"\" data-start=\"4019\" data-end=\"4022\" \/><h3 class=\"\" data-start=\"4024\" data-end=\"4093\">Nab\u00edz\u00edte velkoobchodn\u00ed ceny nebo smlouvy na opakovan\u00e9 dod\u00e1vky?<\/h3><p class=\"\" data-start=\"4094\" data-end=\"4276\"><strong data-start=\"4094\" data-end=\"4100\">A:<\/strong> Ano. Nab\u00edz\u00edme <strong data-start=\"4115\" data-end=\"4135\">mno\u017estevn\u00ed slevy<\/strong>, <strong data-start=\"4137\" data-end=\"4160\">velkoobchodn\u00ed smlouvy<\/strong>a <strong data-start=\"4166\" data-end=\"4191\">pl\u00e1novan\u00e9 zad\u00e1v\u00e1n\u00ed ve\u0159ejn\u00fdch zak\u00e1zek<\/strong> pro kvalifikovan\u00e9 klienty B2B. Kontaktujte n\u00e1s p\u0159\u00edmo a uzav\u0159ete s n\u00e1mi podnikovou smlouvu.<\/p><p class=\"\" data-start=\"4278\" data-end=\"4311\"><strong data-start=\"4281\" data-end=\"4311\"><a rel=\"noopener\" data-start=\"4283\" data-end=\"4309\">sales@ultrabreakfluids.com<\/a><\/strong><\/p><hr class=\"\" data-start=\"4313\" data-end=\"4316\" \/><h3 class=\"\" data-start=\"4318\" data-end=\"4365\">\u00a0Jak\u00e9 jsou va\u0161e p\u0159ij\u00edman\u00e9 platebn\u00ed metody?<\/h3><p class=\"\" data-start=\"4366\" data-end=\"4385\"><strong data-start=\"4366\" data-end=\"4372\">A:<\/strong> P\u0159ij\u00edm\u00e1me:<\/p><ul data-start=\"4386\" data-end=\"4592\"><li class=\"\" data-start=\"4386\" data-end=\"4442\"><p class=\"\" data-start=\"4388\" data-end=\"4442\"><strong data-start=\"4388\" data-end=\"4411\">Bankovn\u00ed p\u0159evody<\/strong> (vnitrost\u00e1tn\u00ed a mezin\u00e1rodn\u00ed)<\/p><\/li><li class=\"\" data-start=\"4443\" data-end=\"4480\"><p class=\"\" data-start=\"4445\" data-end=\"4480\"><strong data-start=\"4445\" data-end=\"4455\">Zelle\u00ae\u00a0<\/strong><\/p><\/li><li data-start=\"4443\" data-end=\"4480\"><strong>cashapp<\/strong><\/li><li data-start=\"4443\" data-end=\"4480\"><strong>e-transfer<\/strong><\/li><li data-start=\"4443\" data-end=\"4480\"><strong>Apple Pay<\/strong><\/li><li data-start=\"4443\" data-end=\"4480\"><strong>gong<\/strong><\/li><li data-start=\"4443\" data-end=\"4480\"><strong>Bitcoin<\/strong><\/li><li data-start=\"4443\" data-end=\"4480\"><strong>Ethereum<\/strong><\/li><li data-start=\"4443\" data-end=\"4480\"><strong>Litecoin<\/strong><\/li><li class=\"\" data-start=\"4481\" data-end=\"4540\"><p class=\"\" data-start=\"4483\" data-end=\"4540\"><strong data-start=\"4483\" data-end=\"4504\">USDT (TRC20\/USDC)<\/strong> - na vy\u017e\u00e1d\u00e1n\u00ed pro schv\u00e1len\u00e9 klienty<\/p><\/li><li data-start=\"4481\" data-end=\"4540\"><strong data-start=\"4543\" data-end=\"4562\">Wise \/ Payoneer<\/strong><\/li><\/ul><p class=\"\" data-start=\"4594\" data-end=\"4733\">V\u0161echny platby jsou pr\u00e1vn\u011b vy\u00fa\u010dtov\u00e1ny a ov\u011b\u0159eny. Jsme <strong data-start=\"4645\" data-end=\"4707\">nep\u0159ij\u00edmaj\u00ed hotovost <\/strong>nebo platby t\u0159et\u00edch stran.<\/p><hr class=\"\" data-start=\"4735\" data-end=\"4738\" \/><h3 class=\"\" data-start=\"4740\" data-end=\"4769\">\u00a0M\u00e1te je\u0161t\u011b ot\u00e1zky?<\/h3><p class=\"\" data-start=\"4770\" data-end=\"4898\">Obra\u0165te se na n\u00e1\u0161 t\u00fdm pr\u00e1vn\u00ed podpory a podpory dodr\u017eov\u00e1n\u00ed p\u0159edpis\u016f:<br data-start=\"4816\" data-end=\"4819\" \/><strong><a rel=\"noopener\" data-start=\"4824\" data-end=\"4855\">sales@ultrabreakfluids.com<\/a><\/strong><\/p><hr class=\"\" data-start=\"4900\" data-end=\"4903\" \/><h3 class=\"\" data-start=\"4905\" data-end=\"4930\">\u00a0Pr\u00e1vn\u00ed prohl\u00e1\u0161en\u00ed o vylou\u010den\u00ed odpov\u011bdnosti<\/h3><p class=\"\" data-start=\"4931\" data-end=\"5238\">Spole\u010dnost UltraBreakfluids Inc. si vyhrazuje pr\u00e1vo odm\u00edtnout slu\u017ebu, vy\u017e\u00e1dat si dal\u0161\u00ed dokumentaci nebo zru\u0161it transakce, kter\u00e9 nejsou v souladu s feder\u00e1ln\u00edmi z\u00e1kony USA nebo mezin\u00e1rodn\u00edmi normami. Caluanie Muelear Oxidize je klasifikov\u00e1na jako <strong data-start=\"5162\" data-end=\"5185\">nebezpe\u010dn\u00e1 l\u00e1tka<\/strong> a mus\u00ed s nimi pracovat pouze kvalifikovan\u00ed odborn\u00edci.<\/p>\t\t\t\t\t\t\t\t<\/div>\n\t\t\t\t<\/div>\n\t\t\t\t\t<\/div>\n\t\t\t\t<\/div>\n\t\t\t\t<\/div>","protected":false},"excerpt":{"rendered":"<p>Frequently Asked Questions (FAQs) UltraBreak Fluids Inc. \u2014 Trusted U.S.-Based Supplier of Premium Caluanie Muelear Oxidize Our goal is to ensure safe, legal, and transparent access to industrial-grade Caluanie Muelear Oxidize. Below are our most frequently asked questions to help guide your purchase. Who can legally purchase Caluanie Muelear Oxidize from UltraBreakfluids Inc.? A: We [&hellip;]<\/p>\n","protected":false},"author":1,"featured_media":0,"parent":0,"menu_order":0,"comment_status":"closed","ping_status":"closed","template":"","meta":{"_acf_changed":false,"rs_blank_template":"","rs_page_bg_color":"","slide_template_v7":"","_monsterinsights_skip_tracking":false,"_monsterinsights_sitenote_active":false,"_monsterinsights_sitenote_note":"","_monsterinsights_sitenote_category":0,"footnotes":""},"class_list":["post-2154","page","type-page","status-publish","hentry"],"acf":[],"_hostinger_reach_plugin_has_subscription_block":false,"_hostinger_reach_plugin_is_elementor":false,"jetpack_sharing_enabled":true,"_links":{"self":[{"href":"https:\/\/ultrabreakfluids.com\/cs\/wp-json\/wp\/v2\/pages\/2154","targetHints":{"allow":["GET"]}}],"collection":[{"href":"https:\/\/ultrabreakfluids.com\/cs\/wp-json\/wp\/v2\/pages"}],"about":[{"href":"https:\/\/ultrabreakfluids.com\/cs\/wp-json\/wp\/v2\/types\/page"}],"author":[{"embeddable":true,"href":"https:\/\/ultrabreakfluids.com\/cs\/wp-json\/wp\/v2\/users\/1"}],"replies":[{"embeddable":true,"href":"https:\/\/ultrabreakfluids.com\/cs\/wp-json\/wp\/v2\/comments?post=2154"}],"version-history":[{"count":5,"href":"https:\/\/ultrabreakfluids.com\/cs\/wp-json\/wp\/v2\/pages\/2154\/revisions"}],"predecessor-version":[{"id":2318,"href":"https:\/\/ultrabreakfluids.com\/cs\/wp-json\/wp\/v2\/pages\/2154\/revisions\/2318"}],"wp:attachment":[{"href":"https:\/\/ultrabreakfluids.com\/cs\/wp-json\/wp\/v2\/media?parent=2154"}],"curies":[{"name":"wp","href":"https:\/\/api.w.org\/{rel}","templated":true}]}}