{"id":2142,"date":"2025-05-03T09:32:08","date_gmt":"2025-05-03T09:32:08","guid":{"rendered":"https:\/\/ultrabreakfluids.com\/?page_id=2142"},"modified":"2025-10-16T06:54:21","modified_gmt":"2025-10-16T06:54:21","slug":"prumyslove-aplikace","status":"publish","type":"page","link":"https:\/\/ultrabreakfluids.com\/cs\/prumyslove-aplikace\/","title":{"rendered":"Pr\u016fmyslov\u00e9 aplikace"},"content":{"rendered":"<div data-elementor-type=\"wp-page\" data-elementor-id=\"2142\" class=\"elementor elementor-2142\" data-elementor-post-type=\"page\">\n\t\t\t\t<div class=\"elementor-element elementor-element-37c7ffe e-flex e-con-boxed e-con e-parent\" data-id=\"37c7ffe\" data-element_type=\"container\" data-e-type=\"container\">\r\n\t\t\t\t\t<div class=\"e-con-inner\">\r\n\t\t\t\t<div class=\"elementor-element elementor-element-88ee09a elementor-headline--style-highlight elementor-widget elementor-widget-animated-headline\" data-id=\"88ee09a\" data-element_type=\"widget\" data-e-type=\"widget\" data-settings=\"{&quot;highlighted_text&quot;:&quot;Industrial Applications&quot;,&quot;headline_style&quot;:&quot;highlight&quot;,&quot;marker&quot;:&quot;circle&quot;,&quot;loop&quot;:&quot;yes&quot;,&quot;highlight_animation_duration&quot;:1200,&quot;highlight_iteration_delay&quot;:8000}\" data-widget_type=\"animated-headline.default\">\n\t\t\t\t<div class=\"elementor-widget-container\">\n\t\t\t\t\t\t\t<h3 class=\"elementor-headline\">\n\t\t\t\t<span class=\"elementor-headline-dynamic-wrapper elementor-headline-text-wrapper\">\n\t\t\t\t\t<span class=\"elementor-headline-dynamic-text elementor-headline-text-active\">Pr\u016fmyslov\u00e9 aplikace<\/span>\n\t\t\t\t<\/span>\n\t\t\t\t<\/h3>\n\t\t\t\t\t\t<\/div>\n\t\t\t\t<\/div>\n\t\t\t\t\t<\/div>\n\t\t\t\t<\/div>\n\t\t<div class=\"elementor-element elementor-element-88a2d66 e-con-full e-flex e-con e-parent\" data-id=\"88a2d66\" data-element_type=\"container\" data-e-type=\"container\">\r\n\t\t\t\t<div class=\"elementor-element elementor-element-172c7c2 elementor-widget elementor-widget-text-editor\" data-id=\"172c7c2\" data-element_type=\"widget\" data-e-type=\"widget\" data-widget_type=\"text-editor.default\">\n\t\t\t\t<div class=\"elementor-widget-container\">\n\t\t\t\t\t\t\t\t\t<h2 class=\"\" data-start=\"2259\" data-end=\"2322\"><strong data-start=\"2262\" data-end=\"2320\">Pr\u016fmyslov\u00e9 aplikace p\u0159\u00edpravku Caluanie Muelear Oxidize<\/strong><\/h2><p class=\"\" data-start=\"2324\" data-end=\"2510\">Caluanie Muelear Oxidize se pou\u017e\u00edv\u00e1 v r\u016fzn\u00fdch pr\u016fmyslov\u00fdch odv\u011btv\u00edch d\u00edky sv\u00e9 jedine\u010dn\u00e9 schopnosti rozkl\u00e1dat tuh\u00e9 materi\u00e1ly. N\u00ed\u017ee jsou uvedeny n\u011bkter\u00e9 z jeho nejv\u00fdznamn\u011bj\u0161\u00edch aplikac\u00ed:<\/p><h3 class=\"\" data-start=\"2512\" data-end=\"2555\"><strong data-start=\"2516\" data-end=\"2553\">Zpracov\u00e1n\u00ed a drcen\u00ed kov\u016f<\/strong><\/h3><p class=\"\" data-start=\"2556\" data-end=\"2676\">Jedn\u00edm z nejb\u011b\u017en\u011bj\u0161\u00edch pou\u017eit\u00ed p\u0159\u00edpravku Caluanie Muelear Oxidize je drcen\u00ed a zpracov\u00e1n\u00ed kov\u016f. Je \u0161iroce pou\u017e\u00edv\u00e1n v:<\/p><ul data-start=\"2677\" data-end=\"2950\"><li class=\"\" data-start=\"2677\" data-end=\"2780\"><p class=\"\" data-start=\"2679\" data-end=\"2780\"><strong data-start=\"2679\" data-end=\"2704\">Recyklace kovov\u00e9ho \u0161rotu<\/strong> - Oslabuje kovov\u00e9 struktury a usnad\u0148uje jejich rozklad a recyklaci.<\/p><\/li><li class=\"\" data-start=\"2781\" data-end=\"2869\"><p class=\"\" data-start=\"2783\" data-end=\"2869\"><strong data-start=\"2783\" data-end=\"2809\">Pr\u016fmyslov\u00e1 demont\u00e1\u017e<\/strong> - Pou\u017e\u00edv\u00e1 se p\u0159i demont\u00e1\u017ei automobil\u016f a stroj\u016f.<\/p><\/li><li class=\"\" data-start=\"2870\" data-end=\"2950\"><p class=\"\" data-start=\"2872\" data-end=\"2950\"><strong data-start=\"2872\" data-end=\"2897\">T\u011b\u017eba a hutnictv\u00ed<\/strong> - Pom\u00e1h\u00e1 p\u0159i rafinaci a zpracov\u00e1n\u00ed kov\u016f.<\/p><\/li><\/ul><h3 class=\"\" data-start=\"2952\" data-end=\"3001\"><strong data-start=\"2956\" data-end=\"2999\">Chemick\u00e9 rozpou\u0161t\u011bdlo pro pr\u016fmyslov\u00e9 pou\u017eit\u00ed<\/strong><\/h3><p class=\"\" data-start=\"3002\" data-end=\"3082\">D\u00edky sv\u00fdm siln\u00fdm rozpou\u0161t\u011bc\u00edm vlastnostem se Caluanie Muelear Oxidize pou\u017e\u00edv\u00e1 v:<\/p><ul data-start=\"3083\" data-end=\"3275\"><li class=\"\" data-start=\"3083\" data-end=\"3142\"><p class=\"\" data-start=\"3085\" data-end=\"3142\"><strong data-start=\"3085\" data-end=\"3102\">Odstran\u011bn\u00ed barvy<\/strong> - Pom\u00e1h\u00e1 odstra\u0148ovat n\u00e1t\u011bry z povrch\u016f.<\/p><\/li><li class=\"\" data-start=\"3143\" data-end=\"3211\"><p class=\"\" data-start=\"3145\" data-end=\"3211\"><strong data-start=\"3145\" data-end=\"3168\">Pr\u016fmyslov\u00e9 \u010di\u0161t\u011bn\u00ed<\/strong> - Rozb\u00edj\u00ed odoln\u00e9 skvrny a zbytky.<\/p><\/li><li class=\"\" data-start=\"3212\" data-end=\"3275\"><p class=\"\" data-start=\"3214\" data-end=\"3275\"><strong data-start=\"3214\" data-end=\"3236\">Zpracov\u00e1n\u00ed textilu<\/strong> - Pou\u017e\u00edv\u00e1 se p\u0159i n\u011bkter\u00fdch \u00faprav\u00e1ch tkanin.<\/p><\/li><\/ul><h3 class=\"\" data-start=\"3277\" data-end=\"3320\"><strong data-start=\"3281\" data-end=\"3318\">Chemick\u00fd v\u00fdzkum a testov\u00e1n\u00ed<\/strong><\/h3><p class=\"\" data-start=\"3321\" data-end=\"3510\">Laborato\u0159e pou\u017e\u00edvaj\u00ed <a href=\"http:\/\/ultrabreakfluids.com\/cs\/\"><strong data-start=\"3338\" data-end=\"3366\">Caluanie Muelear Oxidize<\/strong><\/a> pro r\u016fzn\u00e9 chemick\u00e9 reakce a experimenty, zejm\u00e9na ty, kter\u00e9 zahrnuj\u00ed oxidaci a degradaci materi\u00e1l\u016f. B\u011b\u017en\u011b se vyskytuje v:<\/p><ul data-start=\"3511\" data-end=\"3636\"><li class=\"\" data-start=\"3511\" data-end=\"3557\"><p class=\"\" data-start=\"3513\" data-end=\"3557\"><strong data-start=\"3513\" data-end=\"3555\">Univerzity a v\u00fdzkumn\u00e9 instituce<\/strong><\/p><\/li><li class=\"\" data-start=\"3558\" data-end=\"3585\"><p class=\"\" data-start=\"3560\" data-end=\"3585\"><strong data-start=\"3560\" data-end=\"3583\">Pr\u016fmyslov\u00e9 v\u00fdzkumn\u00e9 a v\u00fdvojov\u00e9 laborato\u0159e<\/strong><\/p><\/li><\/ul><h3 class=\"\" data-start=\"3638\" data-end=\"3687\"><strong data-start=\"3642\" data-end=\"3685\">Aplikace v petrochemick\u00e9m pr\u016fmyslu<\/strong><\/h3><p class=\"\" data-start=\"3688\" data-end=\"3782\">Ropn\u00fd a plyn\u00e1rensk\u00fd pr\u016fmysl pou\u017e\u00edv\u00e1 oxida\u010dn\u00ed \u010dinidla, jako je Caluanie Muelear Oxidize, k:<\/p><ul data-start=\"3783\" data-end=\"3955\"><li class=\"\" data-start=\"3783\" data-end=\"3843\"><p class=\"\" data-start=\"3785\" data-end=\"3843\"><strong>Zlep\u0161en\u00ed rozkladu uhlovod\u00edk\u016f v rafina\u010dn\u00edch procesech<\/strong>.<\/p><\/li><li class=\"\" data-start=\"3844\" data-end=\"3896\"><p class=\"\" data-start=\"3846\" data-end=\"3896\"><strong>asistence p\u0159i \u010di\u0161t\u011bn\u00ed a \u00fadr\u017eb\u011b potrub\u00ed<\/strong>.<\/p><\/li><li class=\"\" data-start=\"3897\" data-end=\"3955\"><p class=\"\" data-start=\"3899\" data-end=\"3955\"><strong>P\u016fsob\u00ed jako \u010dinidlo ve specializovan\u00fdch chemick\u00fdch reakc\u00edch<\/strong>.<\/p><\/li><\/ul><h3 class=\"\" data-start=\"3957\" data-end=\"3994\"><strong data-start=\"3961\" data-end=\"3992\">Pap\u00edrensk\u00fd a celul\u00f3zov\u00fd pr\u016fmysl<\/strong><\/h3><p class=\"\" data-start=\"3995\" data-end=\"4076\">Caluanie Muelear Oxidize hraje roli p\u0159i v\u00fdrob\u011b pap\u00edru, zejm\u00e9na v:<\/p><ul data-start=\"4077\" data-end=\"4178\"><li class=\"\" data-start=\"4077\" data-end=\"4120\"><p class=\"\" data-start=\"4079\" data-end=\"4120\"><strong data-start=\"4079\" data-end=\"4117\">\u00daprava a zpracov\u00e1n\u00ed celul\u00f3zy<\/strong>.<\/p><\/li><li class=\"\" data-start=\"4121\" data-end=\"4178\"><p class=\"\" data-start=\"4123\" data-end=\"4178\"><strong data-start=\"4123\" data-end=\"4175\">Odstra\u0148ov\u00e1n\u00ed ne\u017e\u00e1douc\u00edch slou\u010denin ze surovin<\/strong>.<\/p><\/li><\/ul><h3 class=\"\" data-start=\"4180\" data-end=\"4216\"><strong data-start=\"4184\" data-end=\"4214\">Dal\u0161\u00ed specializovan\u00e1 pou\u017eit\u00ed<\/strong><\/h3><ul data-start=\"4217\" data-end=\"4467\"><li class=\"\" data-start=\"4217\" data-end=\"4307\"><p class=\"\" data-start=\"4219\" data-end=\"4307\"><strong data-start=\"4219\" data-end=\"4260\">\u0160perka\u0159sk\u00fd pr\u016fmysl a pr\u016fmysl drah\u00fdch kov\u016f<\/strong> - Pom\u00e1h\u00e1 p\u0159i rafinaci zlata a dal\u0161\u00edch kov\u016f.<\/p><\/li><li class=\"\" data-start=\"4308\" data-end=\"4388\"><p class=\"\" data-start=\"4310\" data-end=\"4388\"><strong data-start=\"4310\" data-end=\"4335\">Automobilov\u00fd pr\u016fmysl<\/strong> - Pou\u017e\u00edv\u00e1 se p\u0159i odstra\u0148ov\u00e1n\u00ed n\u00e1t\u011br\u016f a p\u0159\u00edprav\u011b povrchu.<\/p><\/li><li class=\"\" data-start=\"4389\" data-end=\"4467\"><p class=\"\" data-start=\"4391\" data-end=\"4467\"><strong data-start=\"4391\" data-end=\"4423\">Zpracov\u00e1n\u00ed skla a keramiky<\/strong> - Pom\u00e1h\u00e1 p\u0159i zu\u0161lech\u0165ov\u00e1n\u00ed a tvarov\u00e1n\u00ed.<\/p><\/li><\/ul>\t\t\t\t\t\t\t\t<\/div>\n\t\t\t\t<\/div>\n\t\t\t\t<\/div>\n\t\t\t\t<\/div>","protected":false},"excerpt":{"rendered":"<p>Industrial Applications Industrial Applications of Caluanie Muelear Oxidize Caluanie Muelear Oxidize is utilized in diverse industrial sectors due to its unique ability to break down rigid materials. Below are some of its most significant applications: Metal Processing and Crushing One of the most common uses of Caluanie Muelear Oxidize is in metal crushing and processing. [&hellip;]<\/p>\n","protected":false},"author":1,"featured_media":322,"parent":0,"menu_order":0,"comment_status":"closed","ping_status":"closed","template":"","meta":{"_acf_changed":false,"rs_blank_template":"","rs_page_bg_color":"","slide_template_v7":"","_monsterinsights_skip_tracking":false,"_monsterinsights_sitenote_active":false,"_monsterinsights_sitenote_note":"","_monsterinsights_sitenote_category":0,"footnotes":""},"class_list":["post-2142","page","type-page","status-publish","has-post-thumbnail","hentry"],"acf":[],"_hostinger_reach_plugin_has_subscription_block":false,"_hostinger_reach_plugin_is_elementor":false,"jetpack_sharing_enabled":true,"_links":{"self":[{"href":"https:\/\/ultrabreakfluids.com\/cs\/wp-json\/wp\/v2\/pages\/2142","targetHints":{"allow":["GET"]}}],"collection":[{"href":"https:\/\/ultrabreakfluids.com\/cs\/wp-json\/wp\/v2\/pages"}],"about":[{"href":"https:\/\/ultrabreakfluids.com\/cs\/wp-json\/wp\/v2\/types\/page"}],"author":[{"embeddable":true,"href":"https:\/\/ultrabreakfluids.com\/cs\/wp-json\/wp\/v2\/users\/1"}],"replies":[{"embeddable":true,"href":"https:\/\/ultrabreakfluids.com\/cs\/wp-json\/wp\/v2\/comments?post=2142"}],"version-history":[{"count":11,"href":"https:\/\/ultrabreakfluids.com\/cs\/wp-json\/wp\/v2\/pages\/2142\/revisions"}],"predecessor-version":[{"id":2414,"href":"https:\/\/ultrabreakfluids.com\/cs\/wp-json\/wp\/v2\/pages\/2142\/revisions\/2414"}],"wp:featuredmedia":[{"embeddable":true,"href":"https:\/\/ultrabreakfluids.com\/cs\/wp-json\/wp\/v2\/media\/322"}],"wp:attachment":[{"href":"https:\/\/ultrabreakfluids.com\/cs\/wp-json\/wp\/v2\/media?parent=2142"}],"curies":[{"name":"wp","href":"https:\/\/api.w.org\/{rel}","templated":true}]}}