{"id":2129,"date":"2025-05-03T02:37:31","date_gmt":"2025-05-03T02:37:31","guid":{"rendered":"https:\/\/ultrabreakfluids.com\/?page_id=2129"},"modified":"2025-06-12T16:41:41","modified_gmt":"2025-06-12T16:41:41","slug":"nase-sluzby","status":"publish","type":"page","link":"https:\/\/ultrabreakfluids.com\/cs\/nase-sluzby\/","title":{"rendered":"Na\u0161e slu\u017eby"},"content":{"rendered":"<div data-elementor-type=\"wp-page\" data-elementor-id=\"2129\" class=\"elementor elementor-2129\" data-elementor-post-type=\"page\">\n\t\t\t\t<div class=\"elementor-element elementor-element-f6e8409 e-flex e-con-boxed e-con e-parent\" data-id=\"f6e8409\" data-element_type=\"container\" data-e-type=\"container\">\r\n\t\t\t\t\t<div class=\"e-con-inner\">\r\n\t\t\t\t<div class=\"elementor-element elementor-element-def0f3a elementor-headline--style-highlight elementor-widget elementor-widget-animated-headline\" data-id=\"def0f3a\" data-element_type=\"widget\" data-e-type=\"widget\" data-settings=\"{&quot;marker&quot;:&quot;double_underline&quot;,&quot;highlighted_text&quot;:&quot;Our Services&quot;,&quot;headline_style&quot;:&quot;highlight&quot;,&quot;loop&quot;:&quot;yes&quot;,&quot;highlight_animation_duration&quot;:1200,&quot;highlight_iteration_delay&quot;:8000}\" data-widget_type=\"animated-headline.default\">\n\t\t\t\t<div class=\"elementor-widget-container\">\n\t\t\t\t\t\t\t<h3 class=\"elementor-headline\">\n\t\t\t\t<span class=\"elementor-headline-dynamic-wrapper elementor-headline-text-wrapper\">\n\t\t\t\t\t<span class=\"elementor-headline-dynamic-text elementor-headline-text-active\">Na\u0161e slu\u017eby<\/span>\n\t\t\t\t<\/span>\n\t\t\t\t<\/h3>\n\t\t\t\t\t\t<\/div>\n\t\t\t\t<\/div>\n\t\t\t\t\t<\/div>\n\t\t\t\t<\/div>\n\t\t<div class=\"elementor-element elementor-element-e91bb44 e-flex e-con-boxed e-con e-parent\" data-id=\"e91bb44\" data-element_type=\"container\" data-e-type=\"container\">\r\n\t\t\t\t\t<div class=\"e-con-inner\">\r\n\t\t\t\t<div class=\"elementor-element elementor-element-a740189 elementor-widget elementor-widget-text-editor\" data-id=\"a740189\" data-element_type=\"widget\" data-e-type=\"widget\" data-widget_type=\"text-editor.default\">\n\t\t\t\t<div class=\"elementor-widget-container\">\n\t\t\t\t\t\t\t\t\t<h4 data-start=\"385\" data-end=\"469\"><strong data-start=\"385\" data-end=\"469\">UltraBreak Fluids Inc. - americk\u00fd dodavatel pr\u00e9miov\u00e9ho kaluanu Muelear Oxidize<\/strong><\/h4><p class=\"\" data-start=\"471\" data-end=\"690\">S hrdost\u00ed poskytujeme slu\u017eby regulovan\u00fdm pr\u016fmyslov\u00fdm odv\u011btv\u00edm, laborato\u0159\u00edm a profesion\u00e1l\u016fm v oblasti mezin\u00e1rodn\u00edho obchodu. <strong data-start=\"568\" data-end=\"596\">Caluanie Muelear Oxidize<\/strong>, s pln\u00fdm dodr\u017eov\u00e1n\u00edm pr\u00e1vn\u00edch p\u0159edpis\u016f a z\u00e1rukou pro z\u00e1kazn\u00edky. Klepn\u011bte na libovolnou \u010d\u00e1st n\u00ed\u017ee a dozv\u00edte se v\u00edce.<\/p>\t\t\t\t\t\t\t\t<\/div>\n\t\t\t\t<\/div>\n\t\t\t\t\t<\/div>\n\t\t\t\t<\/div>\n\t\t<div class=\"elementor-element elementor-element-0989718 e-flex e-con-boxed e-con e-parent\" data-id=\"0989718\" data-element_type=\"container\" data-e-type=\"container\">\r\n\t\t\t\t\t<div class=\"e-con-inner\">\r\n\t\t\t\t<div class=\"elementor-element elementor-element-0aa345e elementor-widget elementor-widget-text-editor\" data-id=\"0aa345e\" data-element_type=\"widget\" data-e-type=\"widget\" data-widget_type=\"text-editor.default\">\n\t\t\t\t<div class=\"elementor-widget-container\">\n\t\t\t\t\t\t\t\t\t<h3 class=\"\" data-start=\"697\" data-end=\"734\">1. Certifikovan\u00e9 dod\u00e1vky chemik\u00e1li\u00ed<\/h3><p class=\"\" data-start=\"735\" data-end=\"800\"><strong data-start=\"735\" data-end=\"754\">Dostupn\u00e9 velikosti<\/strong>: 1L | 5L | 10L | 20L | 50L | 100L<\/p><p>N\u00e1\u0161 p\u0159\u00edpravek Caluanie Muelear Oxidize je laboratorn\u011b testov\u00e1n na pr\u016fmyslovou \u010distotu.<\/p><ul><li><em data-start=\"885\" data-end=\"925\">Ov\u011b\u0159en\u00fd certifik\u00e1t COA (Certificate of Analysis)<\/em><\/li><li><em data-start=\"930\" data-end=\"971\">MSDS v souladu s normami OSHA USA<\/em><\/li><li><em data-start=\"976\" data-end=\"1010\">Zape\u010det\u011bn\u00e9 obaly, kter\u00e9 nelze otev\u0159\u00edt<\/em><\/li><\/ul><blockquote data-start=\"1012\" data-end=\"1097\"><p class=\"\" data-start=\"1014\" data-end=\"1097\"><strong data-start=\"1014\" data-end=\"1026\">P\u0159\u00edpad pou\u017eit\u00ed<\/strong>: Zpracov\u00e1n\u00ed kov\u016f, rozklad rozpou\u0161t\u011bdel, pr\u016fmyslov\u00e9 oxida\u010dn\u00ed postupy.<\/p><\/blockquote><hr class=\"\" data-start=\"1099\" data-end=\"1102\" \/><h3 class=\"\" data-start=\"1104\" data-end=\"1138\">\u00a02. Glob\u00e1ln\u00ed p\u0159eprava nebezpe\u010dn\u00fdch l\u00e1tek<\/h3><p>Dod\u00e1v\u00e1me celosv\u011btov\u011b podle norem IATA a americk\u00fdch norem pro nebezpe\u010dn\u00fd n\u00e1klad.<\/p><ul><li>Sledovan\u00e1 a poji\u0161t\u011bn\u00e1 p\u0159eprava<\/li><li>V\u00fdvozn\u00ed dokumentace je zahrnuta<\/li><li>Pomoc p\u0159i celn\u00edm odbaven\u00ed<\/li><\/ul><blockquote data-start=\"1296\" data-end=\"1361\"><p class=\"\" data-start=\"1298\" data-end=\"1361\"><em data-start=\"1298\" data-end=\"1359\">Slou\u017e\u00ed v\u0161em zem\u00edm s dokumentovan\u00fdm v\u00fdvozem chemick\u00fdch l\u00e1tek.<\/em><\/p><\/blockquote>\t\t\t\t\t\t\t\t<\/div>\n\t\t\t\t<\/div>\n\t\t\t\t\t<\/div>\n\t\t\t\t<\/div>\n\t\t<div class=\"elementor-element elementor-element-e17e42a e-flex e-con-boxed e-con e-parent\" data-id=\"e17e42a\" data-element_type=\"container\" data-e-type=\"container\">\r\n\t\t\t\t\t<div class=\"e-con-inner\">\r\n\t\t\t\t<div class=\"elementor-element elementor-element-9680110 elementor-widget elementor-widget-text-editor\" data-id=\"9680110\" data-element_type=\"widget\" data-e-type=\"widget\" data-widget_type=\"text-editor.default\">\n\t\t\t\t<div class=\"elementor-widget-container\">\n\t\t\t\t\t\t\t\t\t<h3 class=\"\" data-start=\"1368\" data-end=\"1411\">Podpora v oblasti regulace a dodr\u017eov\u00e1n\u00ed p\u0159edpis\u016f<\/h3><p class=\"\" data-start=\"1412\" data-end=\"1453\">Pln\u00e1 pr\u00e1vn\u00ed podpora s ka\u017edou z\u00e1silkou:<\/p><ul data-start=\"1454\" data-end=\"1581\"><li class=\"\" data-start=\"1454\" data-end=\"1468\"><p class=\"\" data-start=\"1456\" data-end=\"1468\">BEZPE\u010cNOSTN\u00cd LIST A COA<\/p><\/li><li class=\"\" data-start=\"1469\" data-end=\"1492\"><p class=\"\" data-start=\"1471\" data-end=\"1492\">Prohl\u00e1\u0161en\u00ed o nebezpe\u010dnosti<\/p><\/li><li class=\"\" data-start=\"1493\" data-end=\"1534\"><p class=\"\" data-start=\"1495\" data-end=\"1534\">Vlastn\u00ed faktura a soulad balen\u00ed<\/p><\/li><li class=\"\" data-start=\"1535\" data-end=\"1581\"><p class=\"\" data-start=\"1537\" data-end=\"1581\">Opr\u00e1vn\u011bn\u00ed k n\u00e1kupu pro kupuj\u00edc\u00ed podnikatele<\/p><\/li><\/ul><blockquote data-start=\"1583\" data-end=\"1658\"><p class=\"\" data-start=\"1585\" data-end=\"1658\">Pot\u0159ebujete m\u00edstn\u00ed dokumentaci? Sta\u010d\u00ed se zeptat - n\u00e1\u0161 t\u00fdm pro dodr\u017eov\u00e1n\u00ed p\u0159edpis\u016f se o v\u00e1s postar\u00e1.<\/p><\/blockquote><hr class=\"\" data-start=\"1660\" data-end=\"1663\" \/><h3 class=\"\" data-start=\"1665\" data-end=\"1715\">4. Pr\u016fmyslov\u00e9 zak\u00e1zky a B2B smlouvy<\/h3><p class=\"\" data-start=\"1716\" data-end=\"1774\">Pro rafinerie, tov\u00e1rny, v\u00fdzkumn\u00e9 a v\u00fdvojov\u00e9 laborato\u0159e a velkoobchodn\u00ed prodejce:<\/p><ul data-start=\"1775\" data-end=\"1863\"><li class=\"\" data-start=\"1775\" data-end=\"1799\"><p class=\"\" data-start=\"1777\" data-end=\"1799\">Stanoven\u00ed cen na z\u00e1klad\u011b objemu<\/p><\/li><li class=\"\" data-start=\"1800\" data-end=\"1828\"><p class=\"\" data-start=\"1802\" data-end=\"1828\">Smlouvy o dod\u00e1vk\u00e1ch na zak\u00e1zku<\/p><\/li><li class=\"\" data-start=\"1829\" data-end=\"1863\"><p class=\"\" data-start=\"1831\" data-end=\"1863\">D\u016fv\u011brn\u00e9 hromadn\u00e9 transakce<\/p><\/li><\/ul><blockquote data-start=\"1865\" data-end=\"1959\"><p class=\"\" data-start=\"1867\" data-end=\"1959\">Nab\u00edz\u00edme <strong data-start=\"1876\" data-end=\"1909\">dlouhodob\u00e1 dodavatelsk\u00e1 partnerstv\u00ed<\/strong> za bezpe\u010dn\u00fdch podm\u00ednek a sledovateln\u00fdch dodavatelsk\u00fdch \u0159et\u011bzc\u016f.<\/p><\/blockquote><hr class=\"\" data-start=\"1961\" data-end=\"1964\" \/><h3 class=\"\" data-start=\"1966\" data-end=\"1999\">\u00a05. Odborn\u00e1 podpora (24\/7)<\/h3><p class=\"\" data-start=\"2000\" data-end=\"2157\">Skute\u010dn\u00ed lid\u00e9. Rychl\u00e1 odezva. Glob\u00e1ln\u00ed dosah.<br data-start=\"2041\" data-end=\"2044\" \/>\u2705 Technick\u00e9 dotazy na produkty<br data-start=\"2073\" data-end=\"2076\" \/>\u2705 N\u00e1pov\u011bda k dokumentaci<br data-start=\"2096\" data-end=\"2099\" \/>\u2705 Pomoc p\u0159i opakov\u00e1n\u00ed objedn\u00e1vky<br data-start=\"2124\" data-end=\"2127\" \/>\u2705 P\u0159\u00edpady pro import\/export na zak\u00e1zku<\/p><p class=\"\" data-start=\"2159\" data-end=\"2236\"><a rel=\"noopener\" data-start=\"2162\" data-end=\"2190\">sales@ultrabreakfluids.com<\/a><br data-start=\"2190\" data-end=\"2193\" \/>Um\u00edst\u011bn\u00ed : Las Vegas , Nevada\u00a0<\/p><p class=\"\" data-start=\"2159\" data-end=\"2236\"><a class=\"\" href=\"https:\/\/ultrabreakfluids.com\/cs\/\" target=\"_new\" rel=\"noopener\" data-start=\"2212\" data-end=\"2236\">www.ultrabreakfluids.com<\/a><\/p>\t\t\t\t\t\t\t\t<\/div>\n\t\t\t\t<\/div>\n\t\t\t\t\t<\/div>\n\t\t\t\t<\/div>\n\t\t<div class=\"elementor-element elementor-element-386845b e-flex e-con-boxed e-con e-parent\" data-id=\"386845b\" data-element_type=\"container\" data-e-type=\"container\">\r\n\t\t\t\t\t<div class=\"e-con-inner\">\r\n\t\t\t\t<div class=\"elementor-element elementor-element-7f21b94 elementor-widget elementor-widget-spacer\" data-id=\"7f21b94\" data-element_type=\"widget\" data-e-type=\"widget\" data-widget_type=\"spacer.default\">\n\t\t\t\t<div class=\"elementor-widget-container\">\n\t\t\t\t\t\t\t<div class=\"elementor-spacer\">\n\t\t\t<div class=\"elementor-spacer-inner\"><\/div>\n\t\t<\/div>\n\t\t\t\t\t\t<\/div>\n\t\t\t\t<\/div>\n\t\t\t\t\t<\/div>\n\t\t\t\t<\/div>\n\t\t<div class=\"elementor-element elementor-element-f3911d6 e-flex e-con-boxed e-con e-parent\" data-id=\"f3911d6\" data-element_type=\"container\" data-e-type=\"container\">\r\n\t\t\t\t\t<div class=\"e-con-inner\">\r\n\t\t\t\t<div class=\"elementor-element elementor-element-6860efd elementor-headline--style-highlight elementor-widget elementor-widget-animated-headline\" data-id=\"6860efd\" data-element_type=\"widget\" data-e-type=\"widget\" data-settings=\"{&quot;marker&quot;:&quot;underline&quot;,&quot;highlighted_text&quot;:&quot;Legal Notice&quot;,&quot;headline_style&quot;:&quot;highlight&quot;,&quot;loop&quot;:&quot;yes&quot;,&quot;highlight_animation_duration&quot;:1200,&quot;highlight_iteration_delay&quot;:8000}\" data-widget_type=\"animated-headline.default\">\n\t\t\t\t<div class=\"elementor-widget-container\">\n\t\t\t\t\t\t\t<h3 class=\"elementor-headline\">\n\t\t\t\t<span class=\"elementor-headline-dynamic-wrapper elementor-headline-text-wrapper\">\n\t\t\t\t\t<span class=\"elementor-headline-dynamic-text elementor-headline-text-active\">Pr\u00e1vn\u00ed upozorn\u011bn\u00ed<\/span>\n\t\t\t\t<\/span>\n\t\t\t\t<\/h3>\n\t\t\t\t\t\t<\/div>\n\t\t\t\t<\/div>\n\t\t\t\t\t<\/div>\n\t\t\t\t<\/div>\n\t\t<div class=\"elementor-element elementor-element-9407981 e-flex e-con-boxed e-con e-parent\" data-id=\"9407981\" data-element_type=\"container\" data-e-type=\"container\">\r\n\t\t\t\t\t<div class=\"e-con-inner\">\r\n\t\t\t\t<div class=\"elementor-element elementor-element-3a89b38 elementor-widget elementor-widget-text-editor\" data-id=\"3a89b38\" data-element_type=\"widget\" data-e-type=\"widget\" data-widget_type=\"text-editor.default\">\n\t\t\t\t<div class=\"elementor-widget-container\">\n\t\t\t\t\t\t\t\t\t<p class=\"\" data-start=\"2265\" data-end=\"2477\">Dod\u00e1v\u00e1me pouze do jurisdikc\u00ed, kde je Caluanie Muelear Oxidize <strong data-start=\"2331\" data-end=\"2341\">z\u00e1konn\u00e9<\/strong>.<br data-start=\"2342\" data-end=\"2345\" \/>Nen\u00ed povolen dal\u0161\u00ed prodej, p\u0159ebalov\u00e1n\u00ed ani neschv\u00e1len\u00e9 pou\u017eit\u00ed. V\u0161echny objedn\u00e1vky podl\u00e9haj\u00ed kontrole a schv\u00e1len\u00ed podle v\u00fdvozn\u00edch p\u0159edpis\u016f USA.<\/p><hr class=\"\" data-start=\"2479\" data-end=\"2482\" \/><h5 data-start=\"2484\" data-end=\"2578\"><strong data-start=\"2484\" data-end=\"2510\">UltraBreak Fluids Inc.<\/strong><br data-start=\"2510\" data-end=\"2513\" \/><em data-start=\"2513\" data-end=\"2576\">Pr\u00e9miov\u00e9 chemik\u00e1lie. International Trust. Pr\u00e1vn\u00ed odpov\u011bdnost.<\/em><\/h5>\t\t\t\t\t\t\t\t<\/div>\n\t\t\t\t<\/div>\n\t\t\t\t\t<\/div>\n\t\t\t\t<\/div>\n\t\t\t\t<\/div>","protected":false},"excerpt":{"rendered":"<p>Our Services UltraBreak Fluids Inc. \u2013 U.S.-Based Supplier of Premium Caluanie Muelear Oxidize We proudly serve regulated industries, labs, and international trade professionals with top-tier Caluanie Muelear Oxidize, backed by full legal compliance and customer assurance. Tap any section below to learn more. 1. Certified Chemical Supply Available Sizes: 1L | 5L | 10L | [&hellip;]<\/p>\n","protected":false},"author":1,"featured_media":0,"parent":0,"menu_order":0,"comment_status":"closed","ping_status":"closed","template":"","meta":{"_acf_changed":false,"rs_blank_template":"","rs_page_bg_color":"","slide_template_v7":"","_monsterinsights_skip_tracking":false,"_monsterinsights_sitenote_active":false,"_monsterinsights_sitenote_note":"","_monsterinsights_sitenote_category":0,"footnotes":""},"class_list":["post-2129","page","type-page","status-publish","hentry"],"acf":[],"jetpack_sharing_enabled":true,"_links":{"self":[{"href":"https:\/\/ultrabreakfluids.com\/cs\/wp-json\/wp\/v2\/pages\/2129","targetHints":{"allow":["GET"]}}],"collection":[{"href":"https:\/\/ultrabreakfluids.com\/cs\/wp-json\/wp\/v2\/pages"}],"about":[{"href":"https:\/\/ultrabreakfluids.com\/cs\/wp-json\/wp\/v2\/types\/page"}],"author":[{"embeddable":true,"href":"https:\/\/ultrabreakfluids.com\/cs\/wp-json\/wp\/v2\/users\/1"}],"replies":[{"embeddable":true,"href":"https:\/\/ultrabreakfluids.com\/cs\/wp-json\/wp\/v2\/comments?post=2129"}],"version-history":[{"count":5,"href":"https:\/\/ultrabreakfluids.com\/cs\/wp-json\/wp\/v2\/pages\/2129\/revisions"}],"predecessor-version":[{"id":2322,"href":"https:\/\/ultrabreakfluids.com\/cs\/wp-json\/wp\/v2\/pages\/2129\/revisions\/2322"}],"wp:attachment":[{"href":"https:\/\/ultrabreakfluids.com\/cs\/wp-json\/wp\/v2\/media?parent=2129"}],"curies":[{"name":"wp","href":"https:\/\/api.w.org\/{rel}","templated":true}]}}