{"id":2099,"date":"2025-05-02T02:18:38","date_gmt":"2025-05-02T02:18:38","guid":{"rendered":"https:\/\/ultrabreakfluids.com\/?page_id=2099"},"modified":"2025-06-12T16:53:03","modified_gmt":"2025-06-12T16:53:03","slug":"vratit-zbozi","status":"publish","type":"page","link":"https:\/\/ultrabreakfluids.com\/cs\/vratit-zbozi\/","title":{"rendered":"Z\u00e1sady vr\u00e1cen\u00ed zbo\u017e\u00ed"},"content":{"rendered":"<div data-elementor-type=\"wp-page\" data-elementor-id=\"2099\" class=\"elementor elementor-2099\" data-elementor-post-type=\"page\">\n\t\t\t\t<div class=\"elementor-element elementor-element-3775030 e-flex e-con-boxed e-con e-parent\" data-id=\"3775030\" data-element_type=\"container\" data-e-type=\"container\">\r\n\t\t\t\t\t<div class=\"e-con-inner\">\r\n\t\t\t\t<div class=\"elementor-element elementor-element-9cd7cfc elementor-widget elementor-widget-porto_ultimate_heading\" data-id=\"9cd7cfc\" data-element_type=\"widget\" data-e-type=\"widget\" data-widget_type=\"porto_ultimate_heading.default\">\n\t\t\t\t<div class=\"elementor-widget-container\">\n\t\t\t\t\t<div class=\"porto-u-heading  porto-u-55ca8359258f9a412be7e73af65d2aac\"><div class=\"porto-u-main-heading\"><h2 data-plugin-animated-words data-plugin-options=\"{&quot;startDelay&quot;:0,&quot;minWindowWidth&quot;:0,&quot;animationName&quot;:&quot;fadeIn&quot;,&quot;contentType&quot;:&quot;word&quot;}\"  >Z\u00e1sady vr\u00e1cen\u00ed zbo\u017e\u00ed<\/h2><\/div><style>.porto-u-55ca8359258f9a412be7e73af65d2aac.porto-u-heading{text-align:center}<\/style><\/div>\t\t\t\t<\/div>\n\t\t\t\t<\/div>\n\t\t\t\t\t<\/div>\n\t\t\t\t<\/div>\n\t\t<div class=\"elementor-element elementor-element-80a37c5 e-flex e-con-boxed e-con e-parent\" data-id=\"80a37c5\" data-element_type=\"container\" data-e-type=\"container\">\r\n\t\t\t\t\t<div class=\"e-con-inner\">\r\n\t\t\t\t<div class=\"elementor-element elementor-element-139cd81 elementor-widget elementor-widget-text-editor\" data-id=\"139cd81\" data-element_type=\"widget\" data-e-type=\"widget\" data-widget_type=\"text-editor.default\">\n\t\t\t\t<div class=\"elementor-widget-container\">\n\t\t\t\t\t\t\t\t\t<p class=\"\" data-start=\"1734\" data-end=\"1913\">Vzhledem k <strong data-start=\"1745\" data-end=\"1792\">chemick\u00e1 povaha p\u0159\u00edpravku Caluanie Muelear Oxidize<\/strong> a p\u0159\u00edsn\u00e9 dodr\u017eov\u00e1n\u00ed <strong data-start=\"1820\" data-end=\"1857\">z\u00e1kony o p\u0159eprav\u011b nebezpe\u010dn\u00fdch materi\u00e1l\u016f<\/strong>, m\u00e1me <strong data-start=\"1869\" data-end=\"1894\">omezen\u00e9 podm\u00ednky pro vr\u00e1cen\u00ed zbo\u017e\u00ed<\/strong> jak je uvedeno n\u00ed\u017ee:<\/p><h3 class=\"\" data-start=\"1915\" data-end=\"1947\"><strong data-start=\"1919\" data-end=\"1945\">1. Zp\u016fsobilost k navr\u00e1cen\u00ed<\/strong><\/h3><p class=\"\" data-start=\"1948\" data-end=\"1978\">P\u0159ij\u00edm\u00e1me vr\u00e1cen\u00ed zbo\u017e\u00ed <strong data-start=\"1966\" data-end=\"1977\">pouze pokud<\/strong>:<\/p><ul data-start=\"1979\" data-end=\"2153\"><li class=\"\" data-start=\"1979\" data-end=\"2045\"><p class=\"\" data-start=\"1981\" data-end=\"2045\">V\u00fdrobek doraz\u00ed <strong data-start=\"2001\" data-end=\"2012\">po\u0161kozen\u00fd<\/strong>, <strong data-start=\"2014\" data-end=\"2025\">net\u011bsnost<\/strong>, nebo <strong data-start=\"2030\" data-end=\"2043\">vadn\u00fd<\/strong><\/p><\/li><li class=\"\" data-start=\"2046\" data-end=\"2090\"><p class=\"\" data-start=\"2048\" data-end=\"2090\">Byla odesl\u00e1na nespr\u00e1vn\u00e1 polo\u017eka nebo objem<\/p><\/li><li class=\"\" data-start=\"2091\" data-end=\"2153\"><p class=\"\" data-start=\"2093\" data-end=\"2153\">V\u00fdrobek je <strong data-start=\"2108\" data-end=\"2153\">nepou\u017eit\u00e9, zape\u010det\u011bn\u00e9 a v p\u016fvodn\u00edm obalu.<\/strong><\/p><\/li><\/ul><blockquote data-start=\"2155\" data-end=\"2223\"><p class=\"\" data-start=\"2157\" data-end=\"2223\"><strong data-start=\"2157\" data-end=\"2166\">Pozn\u00e1mka:<\/strong> Vr\u00e1cen\u00ed mus\u00ed b\u00fdt zah\u00e1jeno do <strong data-start=\"2200\" data-end=\"2210\">7 dn\u00ed<\/strong> doru\u010den\u00ed.<\/p><\/blockquote><h3 class=\"\" data-start=\"2225\" data-end=\"2261\"><strong data-start=\"2229\" data-end=\"2259\">2. Jak po\u017e\u00e1dat o vr\u00e1cen\u00ed zbo\u017e\u00ed<\/strong><\/h3><p class=\"\" data-start=\"2262\" data-end=\"2282\">\u017d\u00e1dost o vr\u00e1cen\u00ed:<\/p><ul data-start=\"2283\" data-end=\"2490\"><li class=\"\" data-start=\"2283\" data-end=\"2334\"><p class=\"\" data-start=\"2285\" data-end=\"2334\">Po\u0161lete n\u00e1m e-mail na adresu <strong>prodej<a rel=\"noopener\" data-start=\"2302\" data-end=\"2330\">@ultrabreakfluids.com<\/a><\/strong><\/p><\/li><li class=\"\" data-start=\"2335\" data-end=\"2427\"><p class=\"\" data-start=\"2337\" data-end=\"2427\">Zahr\u0148te sv\u00e9 <strong data-start=\"2350\" data-end=\"2385\">\u010d\u00edslo objedn\u00e1vky, d\u016fvod vr\u00e1cen\u00ed<\/strong>a <strong data-start=\"2391\" data-end=\"2409\">fotografick\u00fd d\u016fkaz<\/strong> (pokud je to relevantn\u00ed)<\/p><\/li><li class=\"\" data-start=\"2428\" data-end=\"2490\"><p class=\"\" data-start=\"2430\" data-end=\"2490\">N\u00e1\u0161 t\u00fdm va\u0161i \u017e\u00e1dost posoud\u00ed v r\u00e1mci <strong data-start=\"2471\" data-end=\"2490\">2 pracovn\u00ed dny<\/strong><\/p><\/li><\/ul><p class=\"\" data-start=\"2492\" data-end=\"2521\">V p\u0159\u00edpad\u011b schv\u00e1len\u00ed poskytneme:<\/p><ul data-start=\"2522\" data-end=\"2607\"><li class=\"\" data-start=\"2522\" data-end=\"2553\"><p class=\"\" data-start=\"2524\" data-end=\"2553\">k\u00f3d pro autorizaci vr\u00e1cen\u00ed<\/p><\/li><li class=\"\" data-start=\"2554\" data-end=\"2607\"><p class=\"\" data-start=\"2556\" data-end=\"2607\">Pokyny pro bezpe\u010dnou a vyhovuj\u00edc\u00ed p\u0159epravu zp\u011bt<\/p><\/li><\/ul><h3 class=\"\" data-start=\"2609\" data-end=\"2629\"><strong data-start=\"2613\" data-end=\"2627\">3. N\u00e1hrady<\/strong><\/h3><ul data-start=\"2630\" data-end=\"2871\"><li class=\"\" data-start=\"2630\" data-end=\"2725\"><p class=\"\" data-start=\"2632\" data-end=\"2725\">Schv\u00e1len\u00e9 n\u00e1hrady jsou zpracov\u00e1ny do <strong data-start=\"2670\" data-end=\"2691\">5-7 pracovn\u00edch dn\u016f<\/strong> na p\u016fvodn\u00ed zp\u016fsob platby<\/p><\/li><li class=\"\" data-start=\"2726\" data-end=\"2806\"><p class=\"\" data-start=\"2728\" data-end=\"2806\">P\u0159epravn\u00ed poplatky jsou <strong data-start=\"2746\" data-end=\"2764\">nevratn\u00e9<\/strong>, s v\u00fdjimkou p\u0159\u00edpad\u016f, kdy byla chyba na na\u0161\u00ed stran\u011b<\/p><\/li><li class=\"\" data-start=\"2807\" data-end=\"2871\"><p class=\"\" data-start=\"2809\" data-end=\"2871\">\u010c\u00e1ste\u010dn\u00e1 n\u00e1hrada m\u016f\u017ee b\u00fdt uplatn\u011bna, pokud byl v\u00fdrobek otev\u0159en nebo pou\u017eit.<\/p><\/li><\/ul><hr class=\"\" data-start=\"2873\" data-end=\"2876\" \/><h2 class=\"\" data-start=\"2878\" data-end=\"2903\"><img decoding=\"async\" class=\"emoji\" role=\"img\" draggable=\"false\" src=\"https:\/\/s.w.org\/images\/core\/emoji\/15.0.3\/svg\/274c.svg\" alt=\"\u274c\" title=\"\"> Nevratn\u00e9 polo\u017eky<\/h2><p class=\"\" data-start=\"2905\" data-end=\"2938\">My <strong data-start=\"2908\" data-end=\"2933\">nelze p\u0159ij\u00edmat vr\u00e1cen\u00e9 zbo\u017e\u00ed<\/strong> pro:<\/p><ul data-start=\"2939\" data-end=\"3132\"><li class=\"\" data-start=\"2939\" data-end=\"2968\"><p class=\"\" data-start=\"2941\" data-end=\"2968\">Otev\u0159en\u00e9 nebo pou\u017eit\u00e9 n\u00e1doby<\/p><\/li><li class=\"\" data-start=\"2969\" data-end=\"3032\"><p class=\"\" data-start=\"2971\" data-end=\"3032\">Zak\u00e1zkov\u00e9 nebo velkoobchodn\u00ed objedn\u00e1vky (nap\u0159. 50l nebo 100l sudy)<\/p><\/li><li class=\"\" data-start=\"3033\" data-end=\"3132\"><p class=\"\" data-start=\"3035\" data-end=\"3132\">Mezin\u00e1rodn\u00ed z\u00e1silky odm\u00edtnut\u00e9 celn\u00edmi org\u00e1ny z d\u016fvodu <strong data-start=\"3086\" data-end=\"3109\">dovozn\u00ed omezen\u00ed<\/strong> v zemi kupuj\u00edc\u00edho<\/p><\/li><\/ul><hr class=\"\" data-start=\"3134\" data-end=\"3137\" \/><h2 class=\"\" data-start=\"3139\" data-end=\"3155\"><img decoding=\"async\" class=\"emoji\" role=\"img\" draggable=\"false\" src=\"https:\/\/s.w.org\/images\/core\/emoji\/15.0.3\/svg\/1f4de.svg\" alt=\"\ud83d\udcde\" title=\"\"> M\u00e1te ot\u00e1zky?<\/h2><p class=\"\" data-start=\"3157\" data-end=\"3251\">M\u00e1te-li dotazy ohledn\u011b sv\u00e9 objedn\u00e1vky, stavu p\u0159epravy nebo n\u00e1roku na vr\u00e1cen\u00ed, kontaktujte n\u00e1s na adrese:<\/p><p class=\"\" data-start=\"3253\" data-end=\"3373\"><strong data-start=\"3253\" data-end=\"3279\">UltraBreak Fluids Inc.<\/strong><br data-start=\"3279\" data-end=\"3282\" \/><img decoding=\"async\" class=\"emoji\" role=\"img\" draggable=\"false\" src=\"https:\/\/s.w.org\/images\/core\/emoji\/15.0.3\/svg\/1f4e7.svg\" alt=\"\ud83d\udce7\" title=\"\"> <a rel=\"noopener\" data-start=\"3285\" data-end=\"3313\">sales@ultrabreakfluids.com<\/a><br data-start=\"3313\" data-end=\"3316\" \/><img decoding=\"async\" class=\"emoji\" role=\"img\" draggable=\"false\" src=\"https:\/\/s.w.org\/images\/core\/emoji\/15.0.3\/svg\/1f4cd.svg\" alt=\"\ud83d\udccd\" title=\"\"> Las Vegas, Nevada<br data-start=\"3343\" data-end=\"3346\" \/><img decoding=\"async\" class=\"emoji\" role=\"img\" draggable=\"false\" src=\"https:\/\/s.w.org\/images\/core\/emoji\/15.0.3\/svg\/1f310.svg\" alt=\"\ud83c\udf10\" title=\"\"> <a class=\"\" href=\"https:\/\/ultrabreakfluids.com\/cs\/\" target=\"_new\" rel=\"noopener\" data-start=\"3349\" data-end=\"3373\">www.ultrabreakfluids.com<\/a><\/p>\t\t\t\t\t\t\t\t<\/div>\n\t\t\t\t<\/div>\n\t\t\t\t\t<\/div>\n\t\t\t\t<\/div>\n\t\t\t\t<\/div>","protected":false},"excerpt":{"rendered":"<p>Return Policy Due to the chemical nature of Caluanie Muelear Oxidize and strict compliance with hazardous material transport laws, we have a limited return policy as outlined below: 1. Returns Eligibility We accept returns only if: The product arrives damaged, leaking, or defective The incorrect item or volume was shipped The product is unused, sealed, [&hellip;]<\/p>\n","protected":false},"author":1,"featured_media":0,"parent":0,"menu_order":0,"comment_status":"closed","ping_status":"closed","template":"","meta":{"_acf_changed":false,"rs_blank_template":"","rs_page_bg_color":"","slide_template_v7":"","_monsterinsights_skip_tracking":false,"_monsterinsights_sitenote_active":false,"_monsterinsights_sitenote_note":"","_monsterinsights_sitenote_category":0,"footnotes":""},"class_list":["post-2099","page","type-page","status-publish","hentry"],"acf":[],"_hostinger_reach_plugin_has_subscription_block":false,"_hostinger_reach_plugin_is_elementor":false,"jetpack_sharing_enabled":true,"_links":{"self":[{"href":"https:\/\/ultrabreakfluids.com\/cs\/wp-json\/wp\/v2\/pages\/2099","targetHints":{"allow":["GET"]}}],"collection":[{"href":"https:\/\/ultrabreakfluids.com\/cs\/wp-json\/wp\/v2\/pages"}],"about":[{"href":"https:\/\/ultrabreakfluids.com\/cs\/wp-json\/wp\/v2\/types\/page"}],"author":[{"embeddable":true,"href":"https:\/\/ultrabreakfluids.com\/cs\/wp-json\/wp\/v2\/users\/1"}],"replies":[{"embeddable":true,"href":"https:\/\/ultrabreakfluids.com\/cs\/wp-json\/wp\/v2\/comments?post=2099"}],"version-history":[{"count":8,"href":"https:\/\/ultrabreakfluids.com\/cs\/wp-json\/wp\/v2\/pages\/2099\/revisions"}],"predecessor-version":[{"id":2325,"href":"https:\/\/ultrabreakfluids.com\/cs\/wp-json\/wp\/v2\/pages\/2099\/revisions\/2325"}],"wp:attachment":[{"href":"https:\/\/ultrabreakfluids.com\/cs\/wp-json\/wp\/v2\/media?parent=2099"}],"curies":[{"name":"wp","href":"https:\/\/api.w.org\/{rel}","templated":true}]}}